{"id":50696,"date":"2025-09-23T18:20:56","date_gmt":"2025-09-23T16:20:56","guid":{"rendered":"https:\/\/my-french-grocery.com\/?post_type=product&#038;p=50696"},"modified":"2025-09-23T18:36:55","modified_gmt":"2025-09-23T16:36:55","slug":"aceite-de-ducha-coco-cottage-copy","status":"publish","type":"product","link":"https:\/\/my-french-grocery.com\/es\/producto\/aceite-de-ducha-coco-cottage-copy\/","title":{"rendered":"Gel de ducha Active Start 3 en 1 Para Hombre Adidas"},"content":{"rendered":"<p>Gel de ducha Active Start 3 en 1 Para Hombre Adidas<\/p>\n<p>botella de 250 ml<\/p>\n<p>Para deportistas o personas con un estilo de vida activo que buscan una experiencia refrescante y envolvente despu\u00e9s del entrenamiento. Gel de ducha adidas Active Start 3 en 1 para cuerpo, cabello y rostro con un aroma arom\u00e1tico y especiado. Dermatol\u00f3gicamente probado y vegano.<\/p>\n","protected":false},"excerpt":{"rendered":"<p>Gel de ducha Active Start 3 en 1 Para Hombre Adidas<\/p>\n<p>botella de 250 ml<\/p>\n<p>&nbsp;<\/p>\n","protected":false},"featured_media":50705,"comment_status":"open","ping_status":"closed","template":"","meta":[],"product_brand":[],"product_cat":[1653,1672],"product_tag":[4167,1991],"class_list":{"0":"post-50696","1":"product","2":"type-product","3":"status-publish","4":"has-post-thumbnail","6":"product_cat-gel-de-ducha","7":"product_cat-jabon-gel-de-ducha","8":"product_tag-adidas-es","9":"product_tag-gel-de-ducha","11":"first","12":"instock","13":"taxable","14":"shipping-taxable","15":"purchasable","16":"product-type-simple"},"_links":{"self":[{"href":"https:\/\/my-french-grocery.com\/es\/wp-json\/wp\/v2\/product\/50696","targetHints":{"allow":["GET"]}}],"collection":[{"href":"https:\/\/my-french-grocery.com\/es\/wp-json\/wp\/v2\/product"}],"about":[{"href":"https:\/\/my-french-grocery.com\/es\/wp-json\/wp\/v2\/types\/product"}],"replies":[{"embeddable":true,"href":"https:\/\/my-french-grocery.com\/es\/wp-json\/wp\/v2\/comments?post=50696"}],"wp:featuredmedia":[{"embeddable":true,"href":"https:\/\/my-french-grocery.com\/es\/wp-json\/wp\/v2\/media\/50705"}],"wp:attachment":[{"href":"https:\/\/my-french-grocery.com\/es\/wp-json\/wp\/v2\/media?parent=50696"}],"wp:term":[{"taxonomy":"product_brand","embeddable":true,"href":"https:\/\/my-french-grocery.com\/es\/wp-json\/wp\/v2\/product_brand?post=50696"},{"taxonomy":"product_cat","embeddable":true,"href":"https:\/\/my-french-grocery.com\/es\/wp-json\/wp\/v2\/product_cat?post=50696"},{"taxonomy":"product_tag","embeddable":true,"href":"https:\/\/my-french-grocery.com\/es\/wp-json\/wp\/v2\/product_tag?post=50696"}],"curies":[{"name":"wp","href":"https:\/\/api.w.org\/{rel}","templated":true}]}}