{"id":51285,"date":"2023-07-01T12:59:57","date_gmt":"2023-07-01T10:59:57","guid":{"rendered":"https:\/\/my-french-grocery.com\/?post_type=product&#038;p=51285"},"modified":"2025-10-30T20:51:20","modified_gmt":"2025-10-30T18:51:20","slug":"salsa-argelina-carrefour-sensation","status":"publish","type":"product","link":"https:\/\/my-french-grocery.com\/es\/producto\/salsa-argelina-carrefour-sensation\/","title":{"rendered":"Salsa Argelina Carrefour Sensation"},"content":{"rendered":"<p>Salsa Argelina Carrefour Sensation<\/p>\n<p>Botella de 505 g<\/p>\n<p>Deliciosamente picante, realzado con cebolla finamente picada y delicadamente dulce, acompa\u00f1ar\u00e1 todos tus platos (patatas fritas, hamburguesas, carnes a la parrilla, etc.) y dar\u00e1 ese toque de originalidad a tus preparaciones culinarias.<\/p>\n","protected":false},"excerpt":{"rendered":"<p>Salsa Argelina Carrefour Sensation<\/p>\n<p>Botella de 505 g<\/p>\n","protected":false},"featured_media":51294,"comment_status":"open","ping_status":"closed","template":"","meta":[],"pwb-brand":[3352],"product_brand":[],"product_cat":[1657],"product_tag":[4187,4188,1914],"class_list":{"0":"post-51285","1":"product","2":"type-product","3":"status-publish","4":"has-post-thumbnail","6":"pwb-brand-carrefour-es","7":"product_cat-salsas","8":"product_tag-argelina","9":"product_tag-carrefour","10":"product_tag-salsas","11":"product_shipping_class-expedicion-mundial","13":"first","14":"instock","15":"taxable","16":"shipping-taxable","17":"purchasable","18":"product-type-simple"},"yoast_head":"<!-- This site is optimized with the Yoast SEO plugin v27.4 - https:\/\/yoast.com\/product\/yoast-seo-wordpress\/ -->\n<title>Salsa Argelina Carrefour Sensation | Comprar En Linea | My French Grocery<\/title>\n<meta name=\"description\" content=\"Salsa Argelina Carrefour Sensation - Botella de 505 g - Deliciosamente picante, realzado con cebolla finamente picada y delicadamente dulce, acompa\u00f1ar\u00e1 todos tus platos (patatas fritas, hamburguesas, carnes a la parrilla, etc.)\" \/>\n<meta name=\"robots\" content=\"index, follow, max-snippet:-1, max-image-preview:large, max-video-preview:-1\" \/>\n<link rel=\"canonical\" href=\"https:\/\/my-french-grocery.com\/es\/producto\/salsa-argelina-carrefour-sensation\/\" \/>\n<meta property=\"og:locale\" content=\"es_ES\" \/>\n<meta property=\"og:type\" content=\"article\" \/>\n<meta property=\"og:title\" content=\"Salsa Argelina Carrefour Sensation | Comprar En Linea | My French Grocery\" \/>\n<meta property=\"og:description\" content=\"Salsa Argelina Carrefour Sensation - Botella de 505 g - Deliciosamente picante, realzado con cebolla finamente picada y delicadamente dulce, acompa\u00f1ar\u00e1 todos tus platos (patatas fritas, hamburguesas, carnes a la parrilla, etc.)\" \/>\n<meta property=\"og:url\" content=\"https:\/\/my-french-grocery.com\/es\/producto\/salsa-argelina-carrefour-sensation\/\" \/>\n<meta property=\"og:site_name\" content=\"My French Grocery\" \/>\n<meta property=\"article:publisher\" content=\"https:\/\/www.facebook.com\/myfrenchgrocery\/\" \/>\n<meta property=\"article:modified_time\" content=\"2025-10-30T18:51:20+00:00\" \/>\n<meta property=\"og:image\" content=\"https:\/\/my-french-grocery.com\/wp-content\/uploads\/2025\/10\/CARREFOUR-SENSATION-Algerian-Sauce.webp\" \/>\n\t<meta property=\"og:image:width\" content=\"1500\" \/>\n\t<meta property=\"og:image:height\" content=\"1500\" \/>\n\t<meta property=\"og:image:type\" content=\"image\/webp\" \/>\n<meta name=\"twitter:card\" content=\"summary_large_image\" \/>\n<meta name=\"twitter:label1\" content=\"Tiempo de lectura\" \/>\n\t<meta name=\"twitter:data1\" content=\"1 minute\" \/>\n<script type=\"application\/ld+json\" class=\"yoast-schema-graph\">{\"@context\":\"https:\\\/\\\/schema.org\",\"@graph\":[{\"@type\":\"WebPage\",\"@id\":\"https:\\\/\\\/my-french-grocery.com\\\/es\\\/producto\\\/salsa-argelina-carrefour-sensation\\\/\",\"url\":\"https:\\\/\\\/my-french-grocery.com\\\/es\\\/producto\\\/salsa-argelina-carrefour-sensation\\\/\",\"name\":\"Salsa Argelina Carrefour Sensation | Comprar En Linea | My French Grocery\",\"isPartOf\":{\"@id\":\"https:\\\/\\\/my-french-grocery.com\\\/es\\\/#website\"},\"primaryImageOfPage\":{\"@id\":\"https:\\\/\\\/my-french-grocery.com\\\/es\\\/producto\\\/salsa-argelina-carrefour-sensation\\\/#primaryimage\"},\"image\":{\"@id\":\"https:\\\/\\\/my-french-grocery.com\\\/es\\\/producto\\\/salsa-argelina-carrefour-sensation\\\/#primaryimage\"},\"thumbnailUrl\":\"https:\\\/\\\/my-french-grocery.com\\\/wp-content\\\/uploads\\\/2025\\\/10\\\/CARREFOUR-SENSATION-Algerian-Sauce.webp\",\"datePublished\":\"2023-07-01T10:59:57+00:00\",\"dateModified\":\"2025-10-30T18:51:20+00:00\",\"description\":\"Salsa Argelina Carrefour Sensation - Botella de 505 g - Deliciosamente picante, realzado con cebolla finamente picada y delicadamente dulce, acompa\u00f1ar\u00e1 todos tus platos (patatas fritas, hamburguesas, carnes a la parrilla, etc.)\",\"breadcrumb\":{\"@id\":\"https:\\\/\\\/my-french-grocery.com\\\/es\\\/producto\\\/salsa-argelina-carrefour-sensation\\\/#breadcrumb\"},\"inLanguage\":\"es-ES\",\"potentialAction\":[{\"@type\":\"ReadAction\",\"target\":[\"https:\\\/\\\/my-french-grocery.com\\\/es\\\/producto\\\/salsa-argelina-carrefour-sensation\\\/\"]}]},{\"@type\":\"ImageObject\",\"inLanguage\":\"es-ES\",\"@id\":\"https:\\\/\\\/my-french-grocery.com\\\/es\\\/producto\\\/salsa-argelina-carrefour-sensation\\\/#primaryimage\",\"url\":\"https:\\\/\\\/my-french-grocery.com\\\/wp-content\\\/uploads\\\/2025\\\/10\\\/CARREFOUR-SENSATION-Algerian-Sauce.webp\",\"contentUrl\":\"https:\\\/\\\/my-french-grocery.com\\\/wp-content\\\/uploads\\\/2025\\\/10\\\/CARREFOUR-SENSATION-Algerian-Sauce.webp\",\"width\":1500,\"height\":1500,\"caption\":\"Salsa Argelina Carrefour Sensation\"},{\"@type\":\"BreadcrumbList\",\"@id\":\"https:\\\/\\\/my-french-grocery.com\\\/es\\\/producto\\\/salsa-argelina-carrefour-sensation\\\/#breadcrumb\",\"itemListElement\":[{\"@type\":\"ListItem\",\"position\":1,\"name\":\"Home\",\"item\":\"https:\\\/\\\/my-french-grocery.com\\\/es\\\/tienda-2\\\/\"},{\"@type\":\"ListItem\",\"position\":2,\"name\":\"Shop\",\"item\":\"https:\\\/\\\/my-french-grocery.com\\\/shop\\\/\"},{\"@type\":\"ListItem\",\"position\":3,\"name\":\"Comida\",\"item\":\"https:\\\/\\\/my-french-grocery.com\\\/es\\\/categoria-producto\\\/comida\\\/\"},{\"@type\":\"ListItem\",\"position\":4,\"name\":\"Salsas\",\"item\":\"https:\\\/\\\/my-french-grocery.com\\\/es\\\/categoria-producto\\\/comida\\\/salsas\\\/\"},{\"@type\":\"ListItem\",\"position\":5,\"name\":\"Salsa Argelina Carrefour Sensation\"}]},{\"@type\":\"WebSite\",\"@id\":\"https:\\\/\\\/my-french-grocery.com\\\/es\\\/#website\",\"url\":\"https:\\\/\\\/my-french-grocery.com\\\/es\\\/\",\"name\":\"My French Grocery\",\"description\":\"Your Online French Grocery  !\",\"publisher\":{\"@id\":\"https:\\\/\\\/my-french-grocery.com\\\/es\\\/#organization\"},\"potentialAction\":[{\"@type\":\"SearchAction\",\"target\":{\"@type\":\"EntryPoint\",\"urlTemplate\":\"https:\\\/\\\/my-french-grocery.com\\\/es\\\/?s={search_term_string}\"},\"query-input\":{\"@type\":\"PropertyValueSpecification\",\"valueRequired\":true,\"valueName\":\"search_term_string\"}}],\"inLanguage\":\"es-ES\"},{\"@type\":\"Organization\",\"@id\":\"https:\\\/\\\/my-french-grocery.com\\\/es\\\/#organization\",\"name\":\"MY FRENCH GROCERY\",\"url\":\"https:\\\/\\\/my-french-grocery.com\\\/es\\\/\",\"logo\":{\"@type\":\"ImageObject\",\"inLanguage\":\"es-ES\",\"@id\":\"https:\\\/\\\/my-french-grocery.com\\\/es\\\/#\\\/schema\\\/logo\\\/image\\\/\",\"url\":\"https:\\\/\\\/my-french-grocery.com\\\/wp-content\\\/uploads\\\/2021\\\/11\\\/My-French-Grocery-Online-French-Grocery.png\",\"contentUrl\":\"https:\\\/\\\/my-french-grocery.com\\\/wp-content\\\/uploads\\\/2021\\\/11\\\/My-French-Grocery-Online-French-Grocery.png\",\"width\":100,\"height\":100,\"caption\":\"MY FRENCH GROCERY\"},\"image\":{\"@id\":\"https:\\\/\\\/my-french-grocery.com\\\/es\\\/#\\\/schema\\\/logo\\\/image\\\/\"},\"sameAs\":[\"https:\\\/\\\/www.facebook.com\\\/myfrenchgrocery\\\/\"]}]}<\/script>\n<!-- \/ Yoast SEO plugin. -->","yoast_head_json":{"title":"Salsa Argelina Carrefour Sensation | Comprar En Linea | My French Grocery","description":"Salsa Argelina Carrefour Sensation - Botella de 505 g - Deliciosamente picante, realzado con cebolla finamente picada y delicadamente dulce, acompa\u00f1ar\u00e1 todos tus platos (patatas fritas, hamburguesas, carnes a la parrilla, etc.)","robots":{"index":"index","follow":"follow","max-snippet":"max-snippet:-1","max-image-preview":"max-image-preview:large","max-video-preview":"max-video-preview:-1"},"canonical":"https:\/\/my-french-grocery.com\/es\/producto\/salsa-argelina-carrefour-sensation\/","og_locale":"es_ES","og_type":"article","og_title":"Salsa Argelina Carrefour Sensation | Comprar En Linea | My French Grocery","og_description":"Salsa Argelina Carrefour Sensation - Botella de 505 g - Deliciosamente picante, realzado con cebolla finamente picada y delicadamente dulce, acompa\u00f1ar\u00e1 todos tus platos (patatas fritas, hamburguesas, carnes a la parrilla, etc.)","og_url":"https:\/\/my-french-grocery.com\/es\/producto\/salsa-argelina-carrefour-sensation\/","og_site_name":"My French Grocery","article_publisher":"https:\/\/www.facebook.com\/myfrenchgrocery\/","article_modified_time":"2025-10-30T18:51:20+00:00","og_image":[{"width":1500,"height":1500,"url":"https:\/\/my-french-grocery.com\/wp-content\/uploads\/2025\/10\/CARREFOUR-SENSATION-Algerian-Sauce.webp","type":"image\/webp"}],"twitter_card":"summary_large_image","twitter_misc":{"Tiempo de lectura":"1 minute"},"schema":{"@context":"https:\/\/schema.org","@graph":[{"@type":"WebPage","@id":"https:\/\/my-french-grocery.com\/es\/producto\/salsa-argelina-carrefour-sensation\/","url":"https:\/\/my-french-grocery.com\/es\/producto\/salsa-argelina-carrefour-sensation\/","name":"Salsa Argelina Carrefour Sensation | Comprar En Linea | My French Grocery","isPartOf":{"@id":"https:\/\/my-french-grocery.com\/es\/#website"},"primaryImageOfPage":{"@id":"https:\/\/my-french-grocery.com\/es\/producto\/salsa-argelina-carrefour-sensation\/#primaryimage"},"image":{"@id":"https:\/\/my-french-grocery.com\/es\/producto\/salsa-argelina-carrefour-sensation\/#primaryimage"},"thumbnailUrl":"https:\/\/my-french-grocery.com\/wp-content\/uploads\/2025\/10\/CARREFOUR-SENSATION-Algerian-Sauce.webp","datePublished":"2023-07-01T10:59:57+00:00","dateModified":"2025-10-30T18:51:20+00:00","description":"Salsa Argelina Carrefour Sensation - Botella de 505 g - Deliciosamente picante, realzado con cebolla finamente picada y delicadamente dulce, acompa\u00f1ar\u00e1 todos tus platos (patatas fritas, hamburguesas, carnes a la parrilla, etc.)","breadcrumb":{"@id":"https:\/\/my-french-grocery.com\/es\/producto\/salsa-argelina-carrefour-sensation\/#breadcrumb"},"inLanguage":"es-ES","potentialAction":[{"@type":"ReadAction","target":["https:\/\/my-french-grocery.com\/es\/producto\/salsa-argelina-carrefour-sensation\/"]}]},{"@type":"ImageObject","inLanguage":"es-ES","@id":"https:\/\/my-french-grocery.com\/es\/producto\/salsa-argelina-carrefour-sensation\/#primaryimage","url":"https:\/\/my-french-grocery.com\/wp-content\/uploads\/2025\/10\/CARREFOUR-SENSATION-Algerian-Sauce.webp","contentUrl":"https:\/\/my-french-grocery.com\/wp-content\/uploads\/2025\/10\/CARREFOUR-SENSATION-Algerian-Sauce.webp","width":1500,"height":1500,"caption":"Salsa Argelina Carrefour Sensation"},{"@type":"BreadcrumbList","@id":"https:\/\/my-french-grocery.com\/es\/producto\/salsa-argelina-carrefour-sensation\/#breadcrumb","itemListElement":[{"@type":"ListItem","position":1,"name":"Home","item":"https:\/\/my-french-grocery.com\/es\/tienda-2\/"},{"@type":"ListItem","position":2,"name":"Shop","item":"https:\/\/my-french-grocery.com\/shop\/"},{"@type":"ListItem","position":3,"name":"Comida","item":"https:\/\/my-french-grocery.com\/es\/categoria-producto\/comida\/"},{"@type":"ListItem","position":4,"name":"Salsas","item":"https:\/\/my-french-grocery.com\/es\/categoria-producto\/comida\/salsas\/"},{"@type":"ListItem","position":5,"name":"Salsa Argelina Carrefour Sensation"}]},{"@type":"WebSite","@id":"https:\/\/my-french-grocery.com\/es\/#website","url":"https:\/\/my-french-grocery.com\/es\/","name":"My French Grocery","description":"Your Online French Grocery  !","publisher":{"@id":"https:\/\/my-french-grocery.com\/es\/#organization"},"potentialAction":[{"@type":"SearchAction","target":{"@type":"EntryPoint","urlTemplate":"https:\/\/my-french-grocery.com\/es\/?s={search_term_string}"},"query-input":{"@type":"PropertyValueSpecification","valueRequired":true,"valueName":"search_term_string"}}],"inLanguage":"es-ES"},{"@type":"Organization","@id":"https:\/\/my-french-grocery.com\/es\/#organization","name":"MY FRENCH GROCERY","url":"https:\/\/my-french-grocery.com\/es\/","logo":{"@type":"ImageObject","inLanguage":"es-ES","@id":"https:\/\/my-french-grocery.com\/es\/#\/schema\/logo\/image\/","url":"https:\/\/my-french-grocery.com\/wp-content\/uploads\/2021\/11\/My-French-Grocery-Online-French-Grocery.png","contentUrl":"https:\/\/my-french-grocery.com\/wp-content\/uploads\/2021\/11\/My-French-Grocery-Online-French-Grocery.png","width":100,"height":100,"caption":"MY FRENCH GROCERY"},"image":{"@id":"https:\/\/my-french-grocery.com\/es\/#\/schema\/logo\/image\/"},"sameAs":["https:\/\/www.facebook.com\/myfrenchgrocery\/"]}]}},"brands":[{"id":3352,"name":"Carrefour","slug":"carrefour-es"}],"_links":{"self":[{"href":"https:\/\/my-french-grocery.com\/es\/wp-json\/wp\/v2\/product\/51285","targetHints":{"allow":["GET"]}}],"collection":[{"href":"https:\/\/my-french-grocery.com\/es\/wp-json\/wp\/v2\/product"}],"about":[{"href":"https:\/\/my-french-grocery.com\/es\/wp-json\/wp\/v2\/types\/product"}],"replies":[{"embeddable":true,"href":"https:\/\/my-french-grocery.com\/es\/wp-json\/wp\/v2\/comments?post=51285"}],"wp:featuredmedia":[{"embeddable":true,"href":"https:\/\/my-french-grocery.com\/es\/wp-json\/wp\/v2\/media\/51294"}],"wp:attachment":[{"href":"https:\/\/my-french-grocery.com\/es\/wp-json\/wp\/v2\/media?parent=51285"}],"wp:term":[{"taxonomy":"pwb-brand","embeddable":true,"href":"https:\/\/my-french-grocery.com\/es\/wp-json\/wp\/v2\/pwb-brand?post=51285"},{"taxonomy":"product_brand","embeddable":true,"href":"https:\/\/my-french-grocery.com\/es\/wp-json\/wp\/v2\/product_brand?post=51285"},{"taxonomy":"product_cat","embeddable":true,"href":"https:\/\/my-french-grocery.com\/es\/wp-json\/wp\/v2\/product_cat?post=51285"},{"taxonomy":"product_tag","embeddable":true,"href":"https:\/\/my-french-grocery.com\/es\/wp-json\/wp\/v2\/product_tag?post=51285"}],"curies":[{"name":"wp","href":"https:\/\/api.w.org\/{rel}","templated":true}]}}