{"id":52984,"date":"2026-03-12T20:59:25","date_gmt":"2026-03-12T18:59:25","guid":{"rendered":"https:\/\/my-french-grocery.com\/?post_type=product&#038;p=52984"},"modified":"2026-03-12T21:13:43","modified_gmt":"2026-03-12T19:13:43","slug":"desodorante-dry-comfort-nivea-copy","status":"publish","type":"product","link":"https:\/\/my-french-grocery.com\/es\/producto\/desodorante-dry-comfort-nivea-copy\/","title":{"rendered":"Desodorante Antitranspirante En Barra &#8220;Confidence&#8221; Rexona"},"content":{"rendered":"<p>Desodorante Antitranspirante En Barra &#8220;Confidence&#8221; Rexona<\/p>\n<p>Roll-on de 45 ml<\/p>\n<p>Cuando tienes confianza, nada puede detenerte. Desde la tarea m\u00e1s peque\u00f1a hasta el mayor desaf\u00edo, puedes con todo. \u00bfUna presentaci\u00f3n estresante? \u00a1F\u00e1cil! \u00bfUna cita? Mant\u00e9n la calma. Mant\u00e9n la confianza d\u00eda tras d\u00eda con el desodorante REXONA Maximum Protection Confidence para mujer.<\/p>\n","protected":false},"excerpt":{"rendered":"<p>Desodorante Antitranspirante En Barra &#8220;Confidence&#8221; Rexona<\/p>\n<p>Roll-on de 45 ml<\/p>\n","protected":false},"featured_media":52993,"comment_status":"open","ping_status":"closed","template":"","meta":[],"pwb-brand":[4223],"product_brand":[],"product_cat":[1669],"product_tag":[1755,4222],"class_list":{"0":"post-52984","1":"product","2":"type-product","3":"status-publish","4":"has-post-thumbnail","6":"pwb-brand-rexona","7":"product_cat-desodorantes-antitranspirantes","8":"product_tag-desodorante","9":"product_tag-rexona","10":"product_shipping_class-expedicion-mundial","12":"first","13":"instock","14":"taxable","15":"shipping-taxable","16":"purchasable","17":"product-type-simple"},"yoast_head":"<!-- This site is optimized with the Yoast SEO plugin v27.3 - https:\/\/yoast.com\/product\/yoast-seo-wordpress\/ -->\n<title>Desodorante Antitranspirante En Barra &quot;Confidence&quot; Rexona | Comprar En Linea | My French Grocery<\/title>\n<meta name=\"description\" content=\"Desodorante Antitranspirante En Barra &quot;Confidence&quot; Rexona - Roll-on de 45 ml - Cuando tienes confianza, nada puede detenerte. Desde\" \/>\n<meta name=\"robots\" content=\"index, follow, max-snippet:-1, max-image-preview:large, max-video-preview:-1\" \/>\n<link rel=\"canonical\" href=\"https:\/\/my-french-grocery.com\/es\/producto\/desodorante-dry-comfort-nivea-copy\/\" \/>\n<meta property=\"og:locale\" content=\"es_ES\" \/>\n<meta property=\"og:type\" content=\"article\" \/>\n<meta property=\"og:title\" content=\"Desodorante Antitranspirante En Barra &quot;Confidence&quot; Rexona | Comprar En Linea | My French Grocery\" \/>\n<meta property=\"og:description\" content=\"Desodorante Antitranspirante En Barra &quot;Confidence&quot; Rexona - Roll-on de 45 ml - Cuando tienes confianza, nada puede detenerte. Desde\" \/>\n<meta property=\"og:url\" content=\"https:\/\/my-french-grocery.com\/es\/producto\/desodorante-dry-comfort-nivea-copy\/\" \/>\n<meta property=\"og:site_name\" content=\"My French Grocery\" \/>\n<meta property=\"article:publisher\" content=\"https:\/\/www.facebook.com\/myfrenchgrocery\/\" \/>\n<meta property=\"article:modified_time\" content=\"2026-03-12T19:13:43+00:00\" \/>\n<meta property=\"og:image\" content=\"https:\/\/my-french-grocery.com\/wp-content\/uploads\/2026\/03\/REXONA-Confidence-96h-Antiperspirant-Deodorant-Stick.webp\" \/>\n\t<meta property=\"og:image:width\" content=\"1500\" \/>\n\t<meta property=\"og:image:height\" content=\"1500\" \/>\n\t<meta property=\"og:image:type\" content=\"image\/webp\" \/>\n<meta name=\"twitter:card\" content=\"summary_large_image\" \/>\n<script type=\"application\/ld+json\" class=\"yoast-schema-graph\">{\"@context\":\"https:\\\/\\\/schema.org\",\"@graph\":[{\"@type\":\"WebPage\",\"@id\":\"https:\\\/\\\/my-french-grocery.com\\\/es\\\/producto\\\/desodorante-dry-comfort-nivea-copy\\\/\",\"url\":\"https:\\\/\\\/my-french-grocery.com\\\/es\\\/producto\\\/desodorante-dry-comfort-nivea-copy\\\/\",\"name\":\"Desodorante Antitranspirante En Barra \\\"Confidence\\\" Rexona | Comprar En Linea | My French Grocery\",\"isPartOf\":{\"@id\":\"https:\\\/\\\/my-french-grocery.com\\\/es\\\/#website\"},\"primaryImageOfPage\":{\"@id\":\"https:\\\/\\\/my-french-grocery.com\\\/es\\\/producto\\\/desodorante-dry-comfort-nivea-copy\\\/#primaryimage\"},\"image\":{\"@id\":\"https:\\\/\\\/my-french-grocery.com\\\/es\\\/producto\\\/desodorante-dry-comfort-nivea-copy\\\/#primaryimage\"},\"thumbnailUrl\":\"https:\\\/\\\/my-french-grocery.com\\\/wp-content\\\/uploads\\\/2026\\\/03\\\/REXONA-Confidence-96h-Antiperspirant-Deodorant-Stick.webp\",\"datePublished\":\"2026-03-12T18:59:25+00:00\",\"dateModified\":\"2026-03-12T19:13:43+00:00\",\"description\":\"Desodorante Antitranspirante En Barra \\\"Confidence\\\" Rexona - Roll-on de 45 ml - Cuando tienes confianza, nada puede detenerte. Desde\",\"breadcrumb\":{\"@id\":\"https:\\\/\\\/my-french-grocery.com\\\/es\\\/producto\\\/desodorante-dry-comfort-nivea-copy\\\/#breadcrumb\"},\"inLanguage\":\"es-ES\",\"potentialAction\":[{\"@type\":\"ReadAction\",\"target\":[\"https:\\\/\\\/my-french-grocery.com\\\/es\\\/producto\\\/desodorante-dry-comfort-nivea-copy\\\/\"]}]},{\"@type\":\"ImageObject\",\"inLanguage\":\"es-ES\",\"@id\":\"https:\\\/\\\/my-french-grocery.com\\\/es\\\/producto\\\/desodorante-dry-comfort-nivea-copy\\\/#primaryimage\",\"url\":\"https:\\\/\\\/my-french-grocery.com\\\/wp-content\\\/uploads\\\/2026\\\/03\\\/REXONA-Confidence-96h-Antiperspirant-Deodorant-Stick.webp\",\"contentUrl\":\"https:\\\/\\\/my-french-grocery.com\\\/wp-content\\\/uploads\\\/2026\\\/03\\\/REXONA-Confidence-96h-Antiperspirant-Deodorant-Stick.webp\",\"width\":1500,\"height\":1500,\"caption\":\"Desodorante Antitranspirante En Barra \\\"Confidence\\\" Rexona\"},{\"@type\":\"BreadcrumbList\",\"@id\":\"https:\\\/\\\/my-french-grocery.com\\\/es\\\/producto\\\/desodorante-dry-comfort-nivea-copy\\\/#breadcrumb\",\"itemListElement\":[{\"@type\":\"ListItem\",\"position\":1,\"name\":\"Home\",\"item\":\"https:\\\/\\\/my-french-grocery.com\\\/es\\\/tienda-2\\\/\"},{\"@type\":\"ListItem\",\"position\":2,\"name\":\"Shop\",\"item\":\"https:\\\/\\\/my-french-grocery.com\\\/shop\\\/\"},{\"@type\":\"ListItem\",\"position\":3,\"name\":\"cosm\u00e9ticos\",\"item\":\"https:\\\/\\\/my-french-grocery.com\\\/es\\\/categoria-producto\\\/cosmeticos\\\/\"},{\"@type\":\"ListItem\",\"position\":4,\"name\":\"desodorantes &amp; antitranspirantes\",\"item\":\"https:\\\/\\\/my-french-grocery.com\\\/es\\\/categoria-producto\\\/cosmeticos\\\/desodorantes-antitranspirantes\\\/\"},{\"@type\":\"ListItem\",\"position\":5,\"name\":\"Desodorante Antitranspirante En Barra &#8220;Confidence&#8221; Rexona\"}]},{\"@type\":\"WebSite\",\"@id\":\"https:\\\/\\\/my-french-grocery.com\\\/es\\\/#website\",\"url\":\"https:\\\/\\\/my-french-grocery.com\\\/es\\\/\",\"name\":\"My French Grocery\",\"description\":\"Your Online French Grocery  !\",\"publisher\":{\"@id\":\"https:\\\/\\\/my-french-grocery.com\\\/es\\\/#organization\"},\"potentialAction\":[{\"@type\":\"SearchAction\",\"target\":{\"@type\":\"EntryPoint\",\"urlTemplate\":\"https:\\\/\\\/my-french-grocery.com\\\/es\\\/?s={search_term_string}\"},\"query-input\":{\"@type\":\"PropertyValueSpecification\",\"valueRequired\":true,\"valueName\":\"search_term_string\"}}],\"inLanguage\":\"es-ES\"},{\"@type\":\"Organization\",\"@id\":\"https:\\\/\\\/my-french-grocery.com\\\/es\\\/#organization\",\"name\":\"MY FRENCH GROCERY\",\"url\":\"https:\\\/\\\/my-french-grocery.com\\\/es\\\/\",\"logo\":{\"@type\":\"ImageObject\",\"inLanguage\":\"es-ES\",\"@id\":\"https:\\\/\\\/my-french-grocery.com\\\/es\\\/#\\\/schema\\\/logo\\\/image\\\/\",\"url\":\"https:\\\/\\\/my-french-grocery.com\\\/wp-content\\\/uploads\\\/2021\\\/11\\\/My-French-Grocery-Online-French-Grocery.png\",\"contentUrl\":\"https:\\\/\\\/my-french-grocery.com\\\/wp-content\\\/uploads\\\/2021\\\/11\\\/My-French-Grocery-Online-French-Grocery.png\",\"width\":100,\"height\":100,\"caption\":\"MY FRENCH GROCERY\"},\"image\":{\"@id\":\"https:\\\/\\\/my-french-grocery.com\\\/es\\\/#\\\/schema\\\/logo\\\/image\\\/\"},\"sameAs\":[\"https:\\\/\\\/www.facebook.com\\\/myfrenchgrocery\\\/\"]}]}<\/script>\n<!-- \/ Yoast SEO plugin. -->","yoast_head_json":{"title":"Desodorante Antitranspirante En Barra \"Confidence\" Rexona | Comprar En Linea | My French Grocery","description":"Desodorante Antitranspirante En Barra \"Confidence\" Rexona - Roll-on de 45 ml - Cuando tienes confianza, nada puede detenerte. Desde","robots":{"index":"index","follow":"follow","max-snippet":"max-snippet:-1","max-image-preview":"max-image-preview:large","max-video-preview":"max-video-preview:-1"},"canonical":"https:\/\/my-french-grocery.com\/es\/producto\/desodorante-dry-comfort-nivea-copy\/","og_locale":"es_ES","og_type":"article","og_title":"Desodorante Antitranspirante En Barra \"Confidence\" Rexona | Comprar En Linea | My French Grocery","og_description":"Desodorante Antitranspirante En Barra \"Confidence\" Rexona - Roll-on de 45 ml - Cuando tienes confianza, nada puede detenerte. Desde","og_url":"https:\/\/my-french-grocery.com\/es\/producto\/desodorante-dry-comfort-nivea-copy\/","og_site_name":"My French Grocery","article_publisher":"https:\/\/www.facebook.com\/myfrenchgrocery\/","article_modified_time":"2026-03-12T19:13:43+00:00","og_image":[{"width":1500,"height":1500,"url":"https:\/\/my-french-grocery.com\/wp-content\/uploads\/2026\/03\/REXONA-Confidence-96h-Antiperspirant-Deodorant-Stick.webp","type":"image\/webp"}],"twitter_card":"summary_large_image","schema":{"@context":"https:\/\/schema.org","@graph":[{"@type":"WebPage","@id":"https:\/\/my-french-grocery.com\/es\/producto\/desodorante-dry-comfort-nivea-copy\/","url":"https:\/\/my-french-grocery.com\/es\/producto\/desodorante-dry-comfort-nivea-copy\/","name":"Desodorante Antitranspirante En Barra \"Confidence\" Rexona | Comprar En Linea | My French Grocery","isPartOf":{"@id":"https:\/\/my-french-grocery.com\/es\/#website"},"primaryImageOfPage":{"@id":"https:\/\/my-french-grocery.com\/es\/producto\/desodorante-dry-comfort-nivea-copy\/#primaryimage"},"image":{"@id":"https:\/\/my-french-grocery.com\/es\/producto\/desodorante-dry-comfort-nivea-copy\/#primaryimage"},"thumbnailUrl":"https:\/\/my-french-grocery.com\/wp-content\/uploads\/2026\/03\/REXONA-Confidence-96h-Antiperspirant-Deodorant-Stick.webp","datePublished":"2026-03-12T18:59:25+00:00","dateModified":"2026-03-12T19:13:43+00:00","description":"Desodorante Antitranspirante En Barra \"Confidence\" Rexona - Roll-on de 45 ml - Cuando tienes confianza, nada puede detenerte. Desde","breadcrumb":{"@id":"https:\/\/my-french-grocery.com\/es\/producto\/desodorante-dry-comfort-nivea-copy\/#breadcrumb"},"inLanguage":"es-ES","potentialAction":[{"@type":"ReadAction","target":["https:\/\/my-french-grocery.com\/es\/producto\/desodorante-dry-comfort-nivea-copy\/"]}]},{"@type":"ImageObject","inLanguage":"es-ES","@id":"https:\/\/my-french-grocery.com\/es\/producto\/desodorante-dry-comfort-nivea-copy\/#primaryimage","url":"https:\/\/my-french-grocery.com\/wp-content\/uploads\/2026\/03\/REXONA-Confidence-96h-Antiperspirant-Deodorant-Stick.webp","contentUrl":"https:\/\/my-french-grocery.com\/wp-content\/uploads\/2026\/03\/REXONA-Confidence-96h-Antiperspirant-Deodorant-Stick.webp","width":1500,"height":1500,"caption":"Desodorante Antitranspirante En Barra \"Confidence\" Rexona"},{"@type":"BreadcrumbList","@id":"https:\/\/my-french-grocery.com\/es\/producto\/desodorante-dry-comfort-nivea-copy\/#breadcrumb","itemListElement":[{"@type":"ListItem","position":1,"name":"Home","item":"https:\/\/my-french-grocery.com\/es\/tienda-2\/"},{"@type":"ListItem","position":2,"name":"Shop","item":"https:\/\/my-french-grocery.com\/shop\/"},{"@type":"ListItem","position":3,"name":"cosm\u00e9ticos","item":"https:\/\/my-french-grocery.com\/es\/categoria-producto\/cosmeticos\/"},{"@type":"ListItem","position":4,"name":"desodorantes &amp; antitranspirantes","item":"https:\/\/my-french-grocery.com\/es\/categoria-producto\/cosmeticos\/desodorantes-antitranspirantes\/"},{"@type":"ListItem","position":5,"name":"Desodorante Antitranspirante En Barra &#8220;Confidence&#8221; Rexona"}]},{"@type":"WebSite","@id":"https:\/\/my-french-grocery.com\/es\/#website","url":"https:\/\/my-french-grocery.com\/es\/","name":"My French Grocery","description":"Your Online French Grocery  !","publisher":{"@id":"https:\/\/my-french-grocery.com\/es\/#organization"},"potentialAction":[{"@type":"SearchAction","target":{"@type":"EntryPoint","urlTemplate":"https:\/\/my-french-grocery.com\/es\/?s={search_term_string}"},"query-input":{"@type":"PropertyValueSpecification","valueRequired":true,"valueName":"search_term_string"}}],"inLanguage":"es-ES"},{"@type":"Organization","@id":"https:\/\/my-french-grocery.com\/es\/#organization","name":"MY FRENCH GROCERY","url":"https:\/\/my-french-grocery.com\/es\/","logo":{"@type":"ImageObject","inLanguage":"es-ES","@id":"https:\/\/my-french-grocery.com\/es\/#\/schema\/logo\/image\/","url":"https:\/\/my-french-grocery.com\/wp-content\/uploads\/2021\/11\/My-French-Grocery-Online-French-Grocery.png","contentUrl":"https:\/\/my-french-grocery.com\/wp-content\/uploads\/2021\/11\/My-French-Grocery-Online-French-Grocery.png","width":100,"height":100,"caption":"MY FRENCH GROCERY"},"image":{"@id":"https:\/\/my-french-grocery.com\/es\/#\/schema\/logo\/image\/"},"sameAs":["https:\/\/www.facebook.com\/myfrenchgrocery\/"]}]}},"brands":[{"id":4223,"name":"Rexona","slug":"rexona"}],"_links":{"self":[{"href":"https:\/\/my-french-grocery.com\/es\/wp-json\/wp\/v2\/product\/52984","targetHints":{"allow":["GET"]}}],"collection":[{"href":"https:\/\/my-french-grocery.com\/es\/wp-json\/wp\/v2\/product"}],"about":[{"href":"https:\/\/my-french-grocery.com\/es\/wp-json\/wp\/v2\/types\/product"}],"replies":[{"embeddable":true,"href":"https:\/\/my-french-grocery.com\/es\/wp-json\/wp\/v2\/comments?post=52984"}],"wp:featuredmedia":[{"embeddable":true,"href":"https:\/\/my-french-grocery.com\/es\/wp-json\/wp\/v2\/media\/52993"}],"wp:attachment":[{"href":"https:\/\/my-french-grocery.com\/es\/wp-json\/wp\/v2\/media?parent=52984"}],"wp:term":[{"taxonomy":"pwb-brand","embeddable":true,"href":"https:\/\/my-french-grocery.com\/es\/wp-json\/wp\/v2\/pwb-brand?post=52984"},{"taxonomy":"product_brand","embeddable":true,"href":"https:\/\/my-french-grocery.com\/es\/wp-json\/wp\/v2\/product_brand?post=52984"},{"taxonomy":"product_cat","embeddable":true,"href":"https:\/\/my-french-grocery.com\/es\/wp-json\/wp\/v2\/product_cat?post=52984"},{"taxonomy":"product_tag","embeddable":true,"href":"https:\/\/my-french-grocery.com\/es\/wp-json\/wp\/v2\/product_tag?post=52984"}],"curies":[{"name":"wp","href":"https:\/\/api.w.org\/{rel}","templated":true}]}}