{"id":53399,"date":"2026-03-30T11:36:53","date_gmt":"2026-03-30T09:36:53","guid":{"rendered":"https:\/\/my-french-grocery.com\/?post_type=product&#038;p=53399"},"modified":"2026-03-30T11:59:12","modified_gmt":"2026-03-30T09:59:12","slug":"pollo-al-curry-coco-arroz-blanco-garbit-copy","status":"publish","type":"product","link":"https:\/\/my-french-grocery.com\/es\/producto\/pollo-al-curry-coco-arroz-blanco-garbit-copy\/","title":{"rendered":"Plato Preparado Con Quinotto, Verduras Verdes &#038; Queso Parmesano  Jardin Bio"},"content":{"rendered":"<p>Plato Preparado Con Quinotto, Verduras Verdes &amp; Queso Parmesano Jardin Bio<\/p>\n<div class=\"pdp-card__header--text\"><span class=\"pl-text pl-text--size-m pl-text--style-p pl-text--bold\">Bolsa de 220 g<\/span><\/div>\n<div class=\"regulated-name\">\n<div class=\"regulated-name\">\n<p class=\"pl-text pl-text--size-m pl-text--style-p\">Porque tu tiempo es valioso, y tu comida tambi\u00e9n, Jardin BiO \u00e9tic te ofrece men\u00fas expr\u00e9s originales y org\u00e1nicos, \u00a1listos en minutos! Descubre esta deliciosa receta de quinoa cocinada con verduras verdes al estilo risotto, con un toque de parmesano y crema espesa para un mayor placer.<\/p>\n<\/div>\n<\/div>\n","protected":false},"excerpt":{"rendered":"<p>Plato Preparado Con Quinotto, Verduras Verdes &amp; Queso Parmesano Jardin Bio<\/p>\n<div class=\"pdp-card__header--text\"><span class=\"pl-text pl-text--size-m pl-text--style-p pl-text--bold\">Bolsa de 220 g<\/span><\/div>\n","protected":false},"featured_media":53408,"comment_status":"open","ping_status":"closed","template":"","meta":[],"pwb-brand":[4238],"product_brand":[],"product_cat":[1724,1998,2029],"product_tag":[4237,4236],"class_list":{"0":"post-53399","1":"product","2":"type-product","3":"status-publish","4":"has-post-thumbnail","6":"pwb-brand-jardin-bio","7":"product_cat-comidas-preparadas","8":"product_cat-productos-organicos-enlatados-comidas-preparadas","9":"product_cat-vegetales-enlatados","10":"product_tag-jardin-bio","11":"product_tag-quinoa","12":"product_shipping_class-expedicion-mundial","14":"first","15":"instock","16":"taxable","17":"shipping-taxable","18":"purchasable","19":"product-type-simple"},"yoast_head":"<!-- This site is optimized with the Yoast SEO plugin v27.4 - https:\/\/yoast.com\/product\/yoast-seo-wordpress\/ -->\n<title>Plato Preparado Con Quinotto, Verduras Verdes &amp; Queso Parmesano Jardin Bio | Buy Online | My French Grocery<\/title>\n<meta name=\"description\" content=\"Plato Preparado Con Quinotto, Verduras Verdes &amp; Queso Parmesano Jardin Bio - Bolsa de 220 g - Porque tu tiempo es valioso, y tu comida tambi\u00e9n, Jardin BiO \u00e9tic te ofrece men\u00fas expr\u00e9s originales y org\u00e1nicos, \u00a1listos en minutos!\" \/>\n<meta name=\"robots\" content=\"index, follow, max-snippet:-1, max-image-preview:large, max-video-preview:-1\" \/>\n<link rel=\"canonical\" href=\"https:\/\/my-french-grocery.com\/es\/producto\/pollo-al-curry-coco-arroz-blanco-garbit-copy\/\" \/>\n<meta property=\"og:locale\" content=\"es_ES\" \/>\n<meta property=\"og:type\" content=\"article\" \/>\n<meta property=\"og:title\" content=\"Plato Preparado Con Quinotto, Verduras Verdes &amp; Queso Parmesano Jardin Bio | Buy Online | My French Grocery\" \/>\n<meta property=\"og:description\" content=\"Plato Preparado Con Quinotto, Verduras Verdes &amp; Queso Parmesano Jardin Bio - Bolsa de 220 g - Porque tu tiempo es valioso, y tu comida tambi\u00e9n, Jardin BiO \u00e9tic te ofrece men\u00fas expr\u00e9s originales y org\u00e1nicos, \u00a1listos en minutos!\" \/>\n<meta property=\"og:url\" content=\"https:\/\/my-french-grocery.com\/es\/producto\/pollo-al-curry-coco-arroz-blanco-garbit-copy\/\" \/>\n<meta property=\"og:site_name\" content=\"My French Grocery\" \/>\n<meta property=\"article:publisher\" content=\"https:\/\/www.facebook.com\/myfrenchgrocery\/\" \/>\n<meta property=\"article:modified_time\" content=\"2026-03-30T09:59:12+00:00\" \/>\n<meta property=\"og:image\" content=\"https:\/\/my-french-grocery.com\/wp-content\/uploads\/2026\/03\/Prepared-dish-with-quinotto-green-vegetables-and-parmesan-cheese.jpg\" \/>\n\t<meta property=\"og:image:width\" content=\"1500\" \/>\n\t<meta property=\"og:image:height\" content=\"1500\" \/>\n\t<meta property=\"og:image:type\" content=\"image\/jpeg\" \/>\n<meta name=\"twitter:card\" content=\"summary_large_image\" \/>\n<script type=\"application\/ld+json\" class=\"yoast-schema-graph\">{\"@context\":\"https:\\\/\\\/schema.org\",\"@graph\":[{\"@type\":\"WebPage\",\"@id\":\"https:\\\/\\\/my-french-grocery.com\\\/es\\\/producto\\\/pollo-al-curry-coco-arroz-blanco-garbit-copy\\\/\",\"url\":\"https:\\\/\\\/my-french-grocery.com\\\/es\\\/producto\\\/pollo-al-curry-coco-arroz-blanco-garbit-copy\\\/\",\"name\":\"Plato Preparado Con Quinotto, Verduras Verdes & Queso Parmesano Jardin Bio | Buy Online | My French Grocery\",\"isPartOf\":{\"@id\":\"https:\\\/\\\/my-french-grocery.com\\\/es\\\/#website\"},\"primaryImageOfPage\":{\"@id\":\"https:\\\/\\\/my-french-grocery.com\\\/es\\\/producto\\\/pollo-al-curry-coco-arroz-blanco-garbit-copy\\\/#primaryimage\"},\"image\":{\"@id\":\"https:\\\/\\\/my-french-grocery.com\\\/es\\\/producto\\\/pollo-al-curry-coco-arroz-blanco-garbit-copy\\\/#primaryimage\"},\"thumbnailUrl\":\"https:\\\/\\\/my-french-grocery.com\\\/wp-content\\\/uploads\\\/2026\\\/03\\\/Prepared-dish-with-quinotto-green-vegetables-and-parmesan-cheese.jpg\",\"datePublished\":\"2026-03-30T09:36:53+00:00\",\"dateModified\":\"2026-03-30T09:59:12+00:00\",\"description\":\"Plato Preparado Con Quinotto, Verduras Verdes & Queso Parmesano Jardin Bio - Bolsa de 220 g - Porque tu tiempo es valioso, y tu comida tambi\u00e9n, Jardin BiO \u00e9tic te ofrece men\u00fas expr\u00e9s originales y org\u00e1nicos, \u00a1listos en minutos!\",\"breadcrumb\":{\"@id\":\"https:\\\/\\\/my-french-grocery.com\\\/es\\\/producto\\\/pollo-al-curry-coco-arroz-blanco-garbit-copy\\\/#breadcrumb\"},\"inLanguage\":\"es-ES\",\"potentialAction\":[{\"@type\":\"ReadAction\",\"target\":[\"https:\\\/\\\/my-french-grocery.com\\\/es\\\/producto\\\/pollo-al-curry-coco-arroz-blanco-garbit-copy\\\/\"]}]},{\"@type\":\"ImageObject\",\"inLanguage\":\"es-ES\",\"@id\":\"https:\\\/\\\/my-french-grocery.com\\\/es\\\/producto\\\/pollo-al-curry-coco-arroz-blanco-garbit-copy\\\/#primaryimage\",\"url\":\"https:\\\/\\\/my-french-grocery.com\\\/wp-content\\\/uploads\\\/2026\\\/03\\\/Prepared-dish-with-quinotto-green-vegetables-and-parmesan-cheese.jpg\",\"contentUrl\":\"https:\\\/\\\/my-french-grocery.com\\\/wp-content\\\/uploads\\\/2026\\\/03\\\/Prepared-dish-with-quinotto-green-vegetables-and-parmesan-cheese.jpg\",\"width\":1500,\"height\":1500,\"caption\":\"Plato Preparado Con Quinotto, Verduras Verdes & Queso Parmesano Jardin Bio\"},{\"@type\":\"BreadcrumbList\",\"@id\":\"https:\\\/\\\/my-french-grocery.com\\\/es\\\/producto\\\/pollo-al-curry-coco-arroz-blanco-garbit-copy\\\/#breadcrumb\",\"itemListElement\":[{\"@type\":\"ListItem\",\"position\":1,\"name\":\"Home\",\"item\":\"https:\\\/\\\/my-french-grocery.com\\\/es\\\/tienda-2\\\/\"},{\"@type\":\"ListItem\",\"position\":2,\"name\":\"Shop\",\"item\":\"https:\\\/\\\/my-french-grocery.com\\\/shop\\\/\"},{\"@type\":\"ListItem\",\"position\":3,\"name\":\"Comida\",\"item\":\"https:\\\/\\\/my-french-grocery.com\\\/es\\\/categoria-producto\\\/comida\\\/\"},{\"@type\":\"ListItem\",\"position\":4,\"name\":\"Conservas &amp; Comidas Preparadas\",\"item\":\"https:\\\/\\\/my-french-grocery.com\\\/es\\\/categoria-producto\\\/comida\\\/conservas-comidas-preparadas\\\/\"},{\"@type\":\"ListItem\",\"position\":5,\"name\":\"Comidas Preparadas\",\"item\":\"https:\\\/\\\/my-french-grocery.com\\\/es\\\/categoria-producto\\\/comida\\\/conservas-comidas-preparadas\\\/comidas-preparadas\\\/\"},{\"@type\":\"ListItem\",\"position\":6,\"name\":\"Plato Preparado Con Quinotto, Verduras Verdes &#038; Queso Parmesano Jardin Bio\"}]},{\"@type\":\"WebSite\",\"@id\":\"https:\\\/\\\/my-french-grocery.com\\\/es\\\/#website\",\"url\":\"https:\\\/\\\/my-french-grocery.com\\\/es\\\/\",\"name\":\"My French Grocery\",\"description\":\"Your Online French Grocery  !\",\"publisher\":{\"@id\":\"https:\\\/\\\/my-french-grocery.com\\\/es\\\/#organization\"},\"potentialAction\":[{\"@type\":\"SearchAction\",\"target\":{\"@type\":\"EntryPoint\",\"urlTemplate\":\"https:\\\/\\\/my-french-grocery.com\\\/es\\\/?s={search_term_string}\"},\"query-input\":{\"@type\":\"PropertyValueSpecification\",\"valueRequired\":true,\"valueName\":\"search_term_string\"}}],\"inLanguage\":\"es-ES\"},{\"@type\":\"Organization\",\"@id\":\"https:\\\/\\\/my-french-grocery.com\\\/es\\\/#organization\",\"name\":\"MY FRENCH GROCERY\",\"url\":\"https:\\\/\\\/my-french-grocery.com\\\/es\\\/\",\"logo\":{\"@type\":\"ImageObject\",\"inLanguage\":\"es-ES\",\"@id\":\"https:\\\/\\\/my-french-grocery.com\\\/es\\\/#\\\/schema\\\/logo\\\/image\\\/\",\"url\":\"https:\\\/\\\/my-french-grocery.com\\\/wp-content\\\/uploads\\\/2021\\\/11\\\/My-French-Grocery-Online-French-Grocery.png\",\"contentUrl\":\"https:\\\/\\\/my-french-grocery.com\\\/wp-content\\\/uploads\\\/2021\\\/11\\\/My-French-Grocery-Online-French-Grocery.png\",\"width\":100,\"height\":100,\"caption\":\"MY FRENCH GROCERY\"},\"image\":{\"@id\":\"https:\\\/\\\/my-french-grocery.com\\\/es\\\/#\\\/schema\\\/logo\\\/image\\\/\"},\"sameAs\":[\"https:\\\/\\\/www.facebook.com\\\/myfrenchgrocery\\\/\"]}]}<\/script>\n<!-- \/ Yoast SEO plugin. -->","yoast_head_json":{"title":"Plato Preparado Con Quinotto, Verduras Verdes & Queso Parmesano Jardin Bio | Buy Online | My French Grocery","description":"Plato Preparado Con Quinotto, Verduras Verdes & Queso Parmesano Jardin Bio - Bolsa de 220 g - Porque tu tiempo es valioso, y tu comida tambi\u00e9n, Jardin BiO \u00e9tic te ofrece men\u00fas expr\u00e9s originales y org\u00e1nicos, \u00a1listos en minutos!","robots":{"index":"index","follow":"follow","max-snippet":"max-snippet:-1","max-image-preview":"max-image-preview:large","max-video-preview":"max-video-preview:-1"},"canonical":"https:\/\/my-french-grocery.com\/es\/producto\/pollo-al-curry-coco-arroz-blanco-garbit-copy\/","og_locale":"es_ES","og_type":"article","og_title":"Plato Preparado Con Quinotto, Verduras Verdes & Queso Parmesano Jardin Bio | Buy Online | My French Grocery","og_description":"Plato Preparado Con Quinotto, Verduras Verdes & Queso Parmesano Jardin Bio - Bolsa de 220 g - Porque tu tiempo es valioso, y tu comida tambi\u00e9n, Jardin BiO \u00e9tic te ofrece men\u00fas expr\u00e9s originales y org\u00e1nicos, \u00a1listos en minutos!","og_url":"https:\/\/my-french-grocery.com\/es\/producto\/pollo-al-curry-coco-arroz-blanco-garbit-copy\/","og_site_name":"My French Grocery","article_publisher":"https:\/\/www.facebook.com\/myfrenchgrocery\/","article_modified_time":"2026-03-30T09:59:12+00:00","og_image":[{"width":1500,"height":1500,"url":"https:\/\/my-french-grocery.com\/wp-content\/uploads\/2026\/03\/Prepared-dish-with-quinotto-green-vegetables-and-parmesan-cheese.jpg","type":"image\/jpeg"}],"twitter_card":"summary_large_image","schema":{"@context":"https:\/\/schema.org","@graph":[{"@type":"WebPage","@id":"https:\/\/my-french-grocery.com\/es\/producto\/pollo-al-curry-coco-arroz-blanco-garbit-copy\/","url":"https:\/\/my-french-grocery.com\/es\/producto\/pollo-al-curry-coco-arroz-blanco-garbit-copy\/","name":"Plato Preparado Con Quinotto, Verduras Verdes & Queso Parmesano Jardin Bio | Buy Online | My French Grocery","isPartOf":{"@id":"https:\/\/my-french-grocery.com\/es\/#website"},"primaryImageOfPage":{"@id":"https:\/\/my-french-grocery.com\/es\/producto\/pollo-al-curry-coco-arroz-blanco-garbit-copy\/#primaryimage"},"image":{"@id":"https:\/\/my-french-grocery.com\/es\/producto\/pollo-al-curry-coco-arroz-blanco-garbit-copy\/#primaryimage"},"thumbnailUrl":"https:\/\/my-french-grocery.com\/wp-content\/uploads\/2026\/03\/Prepared-dish-with-quinotto-green-vegetables-and-parmesan-cheese.jpg","datePublished":"2026-03-30T09:36:53+00:00","dateModified":"2026-03-30T09:59:12+00:00","description":"Plato Preparado Con Quinotto, Verduras Verdes & Queso Parmesano Jardin Bio - Bolsa de 220 g - Porque tu tiempo es valioso, y tu comida tambi\u00e9n, Jardin BiO \u00e9tic te ofrece men\u00fas expr\u00e9s originales y org\u00e1nicos, \u00a1listos en minutos!","breadcrumb":{"@id":"https:\/\/my-french-grocery.com\/es\/producto\/pollo-al-curry-coco-arroz-blanco-garbit-copy\/#breadcrumb"},"inLanguage":"es-ES","potentialAction":[{"@type":"ReadAction","target":["https:\/\/my-french-grocery.com\/es\/producto\/pollo-al-curry-coco-arroz-blanco-garbit-copy\/"]}]},{"@type":"ImageObject","inLanguage":"es-ES","@id":"https:\/\/my-french-grocery.com\/es\/producto\/pollo-al-curry-coco-arroz-blanco-garbit-copy\/#primaryimage","url":"https:\/\/my-french-grocery.com\/wp-content\/uploads\/2026\/03\/Prepared-dish-with-quinotto-green-vegetables-and-parmesan-cheese.jpg","contentUrl":"https:\/\/my-french-grocery.com\/wp-content\/uploads\/2026\/03\/Prepared-dish-with-quinotto-green-vegetables-and-parmesan-cheese.jpg","width":1500,"height":1500,"caption":"Plato Preparado Con Quinotto, Verduras Verdes & Queso Parmesano Jardin Bio"},{"@type":"BreadcrumbList","@id":"https:\/\/my-french-grocery.com\/es\/producto\/pollo-al-curry-coco-arroz-blanco-garbit-copy\/#breadcrumb","itemListElement":[{"@type":"ListItem","position":1,"name":"Home","item":"https:\/\/my-french-grocery.com\/es\/tienda-2\/"},{"@type":"ListItem","position":2,"name":"Shop","item":"https:\/\/my-french-grocery.com\/shop\/"},{"@type":"ListItem","position":3,"name":"Comida","item":"https:\/\/my-french-grocery.com\/es\/categoria-producto\/comida\/"},{"@type":"ListItem","position":4,"name":"Conservas &amp; Comidas Preparadas","item":"https:\/\/my-french-grocery.com\/es\/categoria-producto\/comida\/conservas-comidas-preparadas\/"},{"@type":"ListItem","position":5,"name":"Comidas Preparadas","item":"https:\/\/my-french-grocery.com\/es\/categoria-producto\/comida\/conservas-comidas-preparadas\/comidas-preparadas\/"},{"@type":"ListItem","position":6,"name":"Plato Preparado Con Quinotto, Verduras Verdes &#038; Queso Parmesano Jardin Bio"}]},{"@type":"WebSite","@id":"https:\/\/my-french-grocery.com\/es\/#website","url":"https:\/\/my-french-grocery.com\/es\/","name":"My French Grocery","description":"Your Online French Grocery  !","publisher":{"@id":"https:\/\/my-french-grocery.com\/es\/#organization"},"potentialAction":[{"@type":"SearchAction","target":{"@type":"EntryPoint","urlTemplate":"https:\/\/my-french-grocery.com\/es\/?s={search_term_string}"},"query-input":{"@type":"PropertyValueSpecification","valueRequired":true,"valueName":"search_term_string"}}],"inLanguage":"es-ES"},{"@type":"Organization","@id":"https:\/\/my-french-grocery.com\/es\/#organization","name":"MY FRENCH GROCERY","url":"https:\/\/my-french-grocery.com\/es\/","logo":{"@type":"ImageObject","inLanguage":"es-ES","@id":"https:\/\/my-french-grocery.com\/es\/#\/schema\/logo\/image\/","url":"https:\/\/my-french-grocery.com\/wp-content\/uploads\/2021\/11\/My-French-Grocery-Online-French-Grocery.png","contentUrl":"https:\/\/my-french-grocery.com\/wp-content\/uploads\/2021\/11\/My-French-Grocery-Online-French-Grocery.png","width":100,"height":100,"caption":"MY FRENCH GROCERY"},"image":{"@id":"https:\/\/my-french-grocery.com\/es\/#\/schema\/logo\/image\/"},"sameAs":["https:\/\/www.facebook.com\/myfrenchgrocery\/"]}]}},"brands":[{"id":4238,"name":"Jardin Bio","slug":"jardin-bio"}],"_links":{"self":[{"href":"https:\/\/my-french-grocery.com\/es\/wp-json\/wp\/v2\/product\/53399","targetHints":{"allow":["GET"]}}],"collection":[{"href":"https:\/\/my-french-grocery.com\/es\/wp-json\/wp\/v2\/product"}],"about":[{"href":"https:\/\/my-french-grocery.com\/es\/wp-json\/wp\/v2\/types\/product"}],"replies":[{"embeddable":true,"href":"https:\/\/my-french-grocery.com\/es\/wp-json\/wp\/v2\/comments?post=53399"}],"wp:featuredmedia":[{"embeddable":true,"href":"https:\/\/my-french-grocery.com\/es\/wp-json\/wp\/v2\/media\/53408"}],"wp:attachment":[{"href":"https:\/\/my-french-grocery.com\/es\/wp-json\/wp\/v2\/media?parent=53399"}],"wp:term":[{"taxonomy":"pwb-brand","embeddable":true,"href":"https:\/\/my-french-grocery.com\/es\/wp-json\/wp\/v2\/pwb-brand?post=53399"},{"taxonomy":"product_brand","embeddable":true,"href":"https:\/\/my-french-grocery.com\/es\/wp-json\/wp\/v2\/product_brand?post=53399"},{"taxonomy":"product_cat","embeddable":true,"href":"https:\/\/my-french-grocery.com\/es\/wp-json\/wp\/v2\/product_cat?post=53399"},{"taxonomy":"product_tag","embeddable":true,"href":"https:\/\/my-french-grocery.com\/es\/wp-json\/wp\/v2\/product_tag?post=53399"}],"curies":[{"name":"wp","href":"https:\/\/api.w.org\/{rel}","templated":true}]}}