{"id":10013,"date":"2020-06-25T17:35:11","date_gmt":"2020-06-25T15:35:11","guid":{"rendered":"https:\/\/my-french-grocery.com\/?post_type=product&#038;p=10013"},"modified":"2020-06-26T14:22:30","modified_gmt":"2020-06-26T12:22:30","slug":"savon-fleur-de-figuier-roger-gallet","status":"publish","type":"product","link":"https:\/\/my-french-grocery.com\/fr\/produit\/savon-fleur-de-figuier-roger-gallet\/","title":{"rendered":"Savon Fleur De Figuier Roger &#038; Gallet"},"content":{"rendered":"<p>Savon Fleur De Figuier Roger &amp; Gallet<\/p>\n<p>Savon de 100 g<\/p>\n<p>Avec sa recette ancestrale fid\u00e8le \u00e0 la technique artisanale du parfumage \u00e0 coeur, le savon Fleur de Figuier respecte votre peau et la nettoie avec beaucoup de douceur. Sa base v\u00e9g\u00e9tale alli\u00e9e \u00e0 une mousse tendre, d\u00e9licatement parfum\u00e9e, laisse la peau velout\u00e9e et soyeuse. Il offre une extr\u00eame douceur tout en pr\u00e9servant le pouvoir lavant du savon.<\/p>\n","protected":false},"excerpt":{"rendered":"<p>Savon Fleur De Figuier Roger &amp; Gallet<\/p>\n<p>Savon de 100 g<\/p>\n","protected":false},"featured_media":10023,"comment_status":"open","ping_status":"closed","template":"","meta":[],"pwb-brand":[1643],"product_brand":[],"product_cat":[994],"product_tag":[],"class_list":{"0":"post-10013","1":"product","2":"type-product","3":"status-publish","4":"has-post-thumbnail","6":"pwb-brand-roger-gallet-fr-2","7":"product_cat-savon","8":"product_shipping_class-expedition-dans-le-monde-entier","10":"first","11":"outofstock","12":"taxable","13":"shipping-taxable","14":"purchasable","15":"product-type-simple"},"yoast_head":"<!-- This site is optimized with the Yoast SEO plugin v27.3 - https:\/\/yoast.com\/product\/yoast-seo-wordpress\/ -->\n<title>Savon Fleur De Figuier Roger &amp; Gallet | Acheter En Ligne | My French Grocery<\/title>\n<meta name=\"description\" content=\"Savon Fleur De Figuier Roger &amp; Gallet - Savon de 100 g\" \/>\n<meta name=\"robots\" content=\"index, follow, max-snippet:-1, max-image-preview:large, max-video-preview:-1\" \/>\n<link rel=\"canonical\" href=\"https:\/\/my-french-grocery.com\/fr\/produit\/savon-fleur-de-figuier-roger-gallet\/\" \/>\n<meta property=\"og:locale\" content=\"fr_FR\" \/>\n<meta property=\"og:type\" content=\"article\" \/>\n<meta property=\"og:title\" content=\"Savon Fleur De Figuier Roger &amp; Gallet | Acheter En Ligne | My French Grocery\" \/>\n<meta property=\"og:description\" content=\"Savon Fleur De Figuier Roger &amp; Gallet - Savon de 100 g\" \/>\n<meta property=\"og:url\" content=\"https:\/\/my-french-grocery.com\/fr\/produit\/savon-fleur-de-figuier-roger-gallet\/\" \/>\n<meta property=\"og:site_name\" content=\"My French Grocery\" \/>\n<meta property=\"article:publisher\" content=\"https:\/\/www.facebook.com\/myfrenchgrocery\/\" \/>\n<meta property=\"article:modified_time\" content=\"2020-06-26T12:22:30+00:00\" \/>\n<meta property=\"og:image\" content=\"https:\/\/my-french-grocery.com\/wp-content\/uploads\/2020\/06\/SOAP-FIG-FLOWER-ROGER-GALLET.jpg\" \/>\n\t<meta property=\"og:image:width\" content=\"1500\" \/>\n\t<meta property=\"og:image:height\" content=\"1500\" \/>\n\t<meta property=\"og:image:type\" content=\"image\/jpeg\" \/>\n<meta name=\"twitter:card\" content=\"summary_large_image\" \/>\n<script type=\"application\/ld+json\" class=\"yoast-schema-graph\">{\"@context\":\"https:\\\/\\\/schema.org\",\"@graph\":[{\"@type\":\"WebPage\",\"@id\":\"https:\\\/\\\/my-french-grocery.com\\\/fr\\\/produit\\\/savon-fleur-de-figuier-roger-gallet\\\/\",\"url\":\"https:\\\/\\\/my-french-grocery.com\\\/fr\\\/produit\\\/savon-fleur-de-figuier-roger-gallet\\\/\",\"name\":\"Savon Fleur De Figuier Roger & Gallet | Acheter En Ligne | My French Grocery\",\"isPartOf\":{\"@id\":\"https:\\\/\\\/my-french-grocery.com\\\/fr\\\/#website\"},\"primaryImageOfPage\":{\"@id\":\"https:\\\/\\\/my-french-grocery.com\\\/fr\\\/produit\\\/savon-fleur-de-figuier-roger-gallet\\\/#primaryimage\"},\"image\":{\"@id\":\"https:\\\/\\\/my-french-grocery.com\\\/fr\\\/produit\\\/savon-fleur-de-figuier-roger-gallet\\\/#primaryimage\"},\"thumbnailUrl\":\"https:\\\/\\\/my-french-grocery.com\\\/wp-content\\\/uploads\\\/2020\\\/06\\\/SOAP-FIG-FLOWER-ROGER-GALLET.jpg\",\"datePublished\":\"2020-06-25T15:35:11+00:00\",\"dateModified\":\"2020-06-26T12:22:30+00:00\",\"description\":\"Savon Fleur De Figuier Roger & Gallet - Savon de 100 g\",\"breadcrumb\":{\"@id\":\"https:\\\/\\\/my-french-grocery.com\\\/fr\\\/produit\\\/savon-fleur-de-figuier-roger-gallet\\\/#breadcrumb\"},\"inLanguage\":\"fr-FR\",\"potentialAction\":[{\"@type\":\"ReadAction\",\"target\":[\"https:\\\/\\\/my-french-grocery.com\\\/fr\\\/produit\\\/savon-fleur-de-figuier-roger-gallet\\\/\"]}]},{\"@type\":\"ImageObject\",\"inLanguage\":\"fr-FR\",\"@id\":\"https:\\\/\\\/my-french-grocery.com\\\/fr\\\/produit\\\/savon-fleur-de-figuier-roger-gallet\\\/#primaryimage\",\"url\":\"https:\\\/\\\/my-french-grocery.com\\\/wp-content\\\/uploads\\\/2020\\\/06\\\/SOAP-FIG-FLOWER-ROGER-GALLET.jpg\",\"contentUrl\":\"https:\\\/\\\/my-french-grocery.com\\\/wp-content\\\/uploads\\\/2020\\\/06\\\/SOAP-FIG-FLOWER-ROGER-GALLET.jpg\",\"width\":1500,\"height\":1500,\"caption\":\"Savon Fleur De Figuier Roger & Gallet\"},{\"@type\":\"BreadcrumbList\",\"@id\":\"https:\\\/\\\/my-french-grocery.com\\\/fr\\\/produit\\\/savon-fleur-de-figuier-roger-gallet\\\/#breadcrumb\",\"itemListElement\":[{\"@type\":\"ListItem\",\"position\":1,\"name\":\"Home\",\"item\":\"https:\\\/\\\/my-french-grocery.com\\\/fr\\\/\"},{\"@type\":\"ListItem\",\"position\":2,\"name\":\"Shop\",\"item\":\"https:\\\/\\\/my-french-grocery.com\\\/shop\\\/\"},{\"@type\":\"ListItem\",\"position\":3,\"name\":\"Cosm\u00e9tiques\",\"item\":\"https:\\\/\\\/my-french-grocery.com\\\/fr\\\/categorie-produit\\\/cosmetiques\\\/\"},{\"@type\":\"ListItem\",\"position\":4,\"name\":\"Savon &amp; Gel Douche\",\"item\":\"https:\\\/\\\/my-french-grocery.com\\\/fr\\\/categorie-produit\\\/cosmetiques\\\/savon-gel-douche\\\/\"},{\"@type\":\"ListItem\",\"position\":5,\"name\":\"Savon\",\"item\":\"https:\\\/\\\/my-french-grocery.com\\\/fr\\\/categorie-produit\\\/cosmetiques\\\/savon-gel-douche\\\/savon\\\/\"},{\"@type\":\"ListItem\",\"position\":6,\"name\":\"Savon Fleur De Figuier Roger &#038; Gallet\"}]},{\"@type\":\"WebSite\",\"@id\":\"https:\\\/\\\/my-french-grocery.com\\\/fr\\\/#website\",\"url\":\"https:\\\/\\\/my-french-grocery.com\\\/fr\\\/\",\"name\":\"My French Grocery\",\"description\":\"Your Online French Grocery  !\",\"publisher\":{\"@id\":\"https:\\\/\\\/my-french-grocery.com\\\/fr\\\/#organization\"},\"potentialAction\":[{\"@type\":\"SearchAction\",\"target\":{\"@type\":\"EntryPoint\",\"urlTemplate\":\"https:\\\/\\\/my-french-grocery.com\\\/fr\\\/?s={search_term_string}\"},\"query-input\":{\"@type\":\"PropertyValueSpecification\",\"valueRequired\":true,\"valueName\":\"search_term_string\"}}],\"inLanguage\":\"fr-FR\"},{\"@type\":\"Organization\",\"@id\":\"https:\\\/\\\/my-french-grocery.com\\\/fr\\\/#organization\",\"name\":\"MY FRENCH GROCERY\",\"url\":\"https:\\\/\\\/my-french-grocery.com\\\/fr\\\/\",\"logo\":{\"@type\":\"ImageObject\",\"inLanguage\":\"fr-FR\",\"@id\":\"https:\\\/\\\/my-french-grocery.com\\\/fr\\\/#\\\/schema\\\/logo\\\/image\\\/\",\"url\":\"https:\\\/\\\/my-french-grocery.com\\\/wp-content\\\/uploads\\\/2021\\\/11\\\/My-French-Grocery-Online-French-Grocery.png\",\"contentUrl\":\"https:\\\/\\\/my-french-grocery.com\\\/wp-content\\\/uploads\\\/2021\\\/11\\\/My-French-Grocery-Online-French-Grocery.png\",\"width\":100,\"height\":100,\"caption\":\"MY FRENCH GROCERY\"},\"image\":{\"@id\":\"https:\\\/\\\/my-french-grocery.com\\\/fr\\\/#\\\/schema\\\/logo\\\/image\\\/\"},\"sameAs\":[\"https:\\\/\\\/www.facebook.com\\\/myfrenchgrocery\\\/\"]}]}<\/script>\n<!-- \/ Yoast SEO plugin. -->","yoast_head_json":{"title":"Savon Fleur De Figuier Roger & Gallet | Acheter En Ligne | My French Grocery","description":"Savon Fleur De Figuier Roger & Gallet - Savon de 100 g","robots":{"index":"index","follow":"follow","max-snippet":"max-snippet:-1","max-image-preview":"max-image-preview:large","max-video-preview":"max-video-preview:-1"},"canonical":"https:\/\/my-french-grocery.com\/fr\/produit\/savon-fleur-de-figuier-roger-gallet\/","og_locale":"fr_FR","og_type":"article","og_title":"Savon Fleur De Figuier Roger & Gallet | Acheter En Ligne | My French Grocery","og_description":"Savon Fleur De Figuier Roger & Gallet - Savon de 100 g","og_url":"https:\/\/my-french-grocery.com\/fr\/produit\/savon-fleur-de-figuier-roger-gallet\/","og_site_name":"My French Grocery","article_publisher":"https:\/\/www.facebook.com\/myfrenchgrocery\/","article_modified_time":"2020-06-26T12:22:30+00:00","og_image":[{"width":1500,"height":1500,"url":"https:\/\/my-french-grocery.com\/wp-content\/uploads\/2020\/06\/SOAP-FIG-FLOWER-ROGER-GALLET.jpg","type":"image\/jpeg"}],"twitter_card":"summary_large_image","schema":{"@context":"https:\/\/schema.org","@graph":[{"@type":"WebPage","@id":"https:\/\/my-french-grocery.com\/fr\/produit\/savon-fleur-de-figuier-roger-gallet\/","url":"https:\/\/my-french-grocery.com\/fr\/produit\/savon-fleur-de-figuier-roger-gallet\/","name":"Savon Fleur De Figuier Roger & Gallet | Acheter En Ligne | My French Grocery","isPartOf":{"@id":"https:\/\/my-french-grocery.com\/fr\/#website"},"primaryImageOfPage":{"@id":"https:\/\/my-french-grocery.com\/fr\/produit\/savon-fleur-de-figuier-roger-gallet\/#primaryimage"},"image":{"@id":"https:\/\/my-french-grocery.com\/fr\/produit\/savon-fleur-de-figuier-roger-gallet\/#primaryimage"},"thumbnailUrl":"https:\/\/my-french-grocery.com\/wp-content\/uploads\/2020\/06\/SOAP-FIG-FLOWER-ROGER-GALLET.jpg","datePublished":"2020-06-25T15:35:11+00:00","dateModified":"2020-06-26T12:22:30+00:00","description":"Savon Fleur De Figuier Roger & Gallet - Savon de 100 g","breadcrumb":{"@id":"https:\/\/my-french-grocery.com\/fr\/produit\/savon-fleur-de-figuier-roger-gallet\/#breadcrumb"},"inLanguage":"fr-FR","potentialAction":[{"@type":"ReadAction","target":["https:\/\/my-french-grocery.com\/fr\/produit\/savon-fleur-de-figuier-roger-gallet\/"]}]},{"@type":"ImageObject","inLanguage":"fr-FR","@id":"https:\/\/my-french-grocery.com\/fr\/produit\/savon-fleur-de-figuier-roger-gallet\/#primaryimage","url":"https:\/\/my-french-grocery.com\/wp-content\/uploads\/2020\/06\/SOAP-FIG-FLOWER-ROGER-GALLET.jpg","contentUrl":"https:\/\/my-french-grocery.com\/wp-content\/uploads\/2020\/06\/SOAP-FIG-FLOWER-ROGER-GALLET.jpg","width":1500,"height":1500,"caption":"Savon Fleur De Figuier Roger & Gallet"},{"@type":"BreadcrumbList","@id":"https:\/\/my-french-grocery.com\/fr\/produit\/savon-fleur-de-figuier-roger-gallet\/#breadcrumb","itemListElement":[{"@type":"ListItem","position":1,"name":"Home","item":"https:\/\/my-french-grocery.com\/fr\/"},{"@type":"ListItem","position":2,"name":"Shop","item":"https:\/\/my-french-grocery.com\/shop\/"},{"@type":"ListItem","position":3,"name":"Cosm\u00e9tiques","item":"https:\/\/my-french-grocery.com\/fr\/categorie-produit\/cosmetiques\/"},{"@type":"ListItem","position":4,"name":"Savon &amp; Gel Douche","item":"https:\/\/my-french-grocery.com\/fr\/categorie-produit\/cosmetiques\/savon-gel-douche\/"},{"@type":"ListItem","position":5,"name":"Savon","item":"https:\/\/my-french-grocery.com\/fr\/categorie-produit\/cosmetiques\/savon-gel-douche\/savon\/"},{"@type":"ListItem","position":6,"name":"Savon Fleur De Figuier Roger &#038; Gallet"}]},{"@type":"WebSite","@id":"https:\/\/my-french-grocery.com\/fr\/#website","url":"https:\/\/my-french-grocery.com\/fr\/","name":"My French Grocery","description":"Your Online French Grocery  !","publisher":{"@id":"https:\/\/my-french-grocery.com\/fr\/#organization"},"potentialAction":[{"@type":"SearchAction","target":{"@type":"EntryPoint","urlTemplate":"https:\/\/my-french-grocery.com\/fr\/?s={search_term_string}"},"query-input":{"@type":"PropertyValueSpecification","valueRequired":true,"valueName":"search_term_string"}}],"inLanguage":"fr-FR"},{"@type":"Organization","@id":"https:\/\/my-french-grocery.com\/fr\/#organization","name":"MY FRENCH GROCERY","url":"https:\/\/my-french-grocery.com\/fr\/","logo":{"@type":"ImageObject","inLanguage":"fr-FR","@id":"https:\/\/my-french-grocery.com\/fr\/#\/schema\/logo\/image\/","url":"https:\/\/my-french-grocery.com\/wp-content\/uploads\/2021\/11\/My-French-Grocery-Online-French-Grocery.png","contentUrl":"https:\/\/my-french-grocery.com\/wp-content\/uploads\/2021\/11\/My-French-Grocery-Online-French-Grocery.png","width":100,"height":100,"caption":"MY FRENCH GROCERY"},"image":{"@id":"https:\/\/my-french-grocery.com\/fr\/#\/schema\/logo\/image\/"},"sameAs":["https:\/\/www.facebook.com\/myfrenchgrocery\/"]}]}},"brands":[{"id":1643,"name":"Roger &amp; Gallet","slug":"roger-gallet-fr-2"}],"_links":{"self":[{"href":"https:\/\/my-french-grocery.com\/fr\/wp-json\/wp\/v2\/product\/10013","targetHints":{"allow":["GET"]}}],"collection":[{"href":"https:\/\/my-french-grocery.com\/fr\/wp-json\/wp\/v2\/product"}],"about":[{"href":"https:\/\/my-french-grocery.com\/fr\/wp-json\/wp\/v2\/types\/product"}],"replies":[{"embeddable":true,"href":"https:\/\/my-french-grocery.com\/fr\/wp-json\/wp\/v2\/comments?post=10013"}],"wp:featuredmedia":[{"embeddable":true,"href":"https:\/\/my-french-grocery.com\/fr\/wp-json\/wp\/v2\/media\/10023"}],"wp:attachment":[{"href":"https:\/\/my-french-grocery.com\/fr\/wp-json\/wp\/v2\/media?parent=10013"}],"wp:term":[{"taxonomy":"pwb-brand","embeddable":true,"href":"https:\/\/my-french-grocery.com\/fr\/wp-json\/wp\/v2\/pwb-brand?post=10013"},{"taxonomy":"product_brand","embeddable":true,"href":"https:\/\/my-french-grocery.com\/fr\/wp-json\/wp\/v2\/product_brand?post=10013"},{"taxonomy":"product_cat","embeddable":true,"href":"https:\/\/my-french-grocery.com\/fr\/wp-json\/wp\/v2\/product_cat?post=10013"},{"taxonomy":"product_tag","embeddable":true,"href":"https:\/\/my-french-grocery.com\/fr\/wp-json\/wp\/v2\/product_tag?post=10013"}],"curies":[{"name":"wp","href":"https:\/\/api.w.org\/{rel}","templated":true}]}}