{"id":10197,"date":"2020-06-27T15:08:00","date_gmt":"2020-06-27T13:08:01","guid":{"rendered":"https:\/\/my-french-grocery.com\/?post_type=product&#038;p=10197"},"modified":"2020-06-27T16:19:42","modified_gmt":"2020-06-27T14:19:42","slug":"deodorant-a-lhuile-de-monoi-fleur-de-tiare-ushuaia","status":"publish","type":"product","link":"https:\/\/my-french-grocery.com\/fr\/produit\/deodorant-a-lhuile-de-monoi-fleur-de-tiare-ushuaia\/","title":{"rendered":"D\u00e9odorant \u00e0 l&rsquo;Huile de Mono\u00ef &#038; Fleur de Tiar\u00e9 Ushuaia"},"content":{"rendered":"<p>D\u00e9odorant \u00e0 l&rsquo;Huile de Mono\u00ef &amp; Fleur de Tiar\u00e9 Ushuaia<\/p>\n<p>roll-on de 50ml<\/p>\n<div class=\"secondary-details__description\">\n<p class=\"paragraph\">Ushua\u00efa D\u00e9odorant Soin Polyn\u00e9sie Huile de Mono\u00ef &amp; Fleur de Tiar\u00e9 50 ml<\/p>\n<\/div>\n<p>&nbsp;<\/p>\n","protected":false},"excerpt":{"rendered":"<p>D\u00e9odorant \u00e0 l&rsquo;Huile de Mono\u00ef &amp; Fleur de Tiar\u00e9 Ushuaia<\/p>\n<p>roll-on de 50ml<\/p>\n","protected":false},"featured_media":42053,"comment_status":"open","ping_status":"closed","template":"","meta":[],"pwb-brand":[961],"product_brand":[],"product_cat":[1651],"product_tag":[1466],"class_list":{"0":"post-10197","1":"product","2":"type-product","3":"status-publish","4":"has-post-thumbnail","6":"pwb-brand-ushuaia-fr","7":"product_cat-deodorants-anti-transpirants","8":"product_tag-ushuaia-fr","9":"product_shipping_class-expedition-dans-le-monde-entier","11":"first","12":"instock","13":"taxable","14":"shipping-taxable","15":"purchasable","16":"product-type-simple"},"yoast_head":"<!-- This site is optimized with the Yoast SEO plugin v27.3 - https:\/\/yoast.com\/product\/yoast-seo-wordpress\/ -->\n<title>D\u00e9odorant \u00e0 l&#039;Huile de Mono\u00ef &amp; Fleur de Tiar\u00e9 Ushuaia | Acheter En Ligne | My French Grocery<\/title>\n<meta name=\"description\" content=\"D\u00e9odorant \u00e0 l&#039;Huile de Mono\u00ef &amp; Fleur de Tiar\u00e9 Ushuaia - Roll-on de 50ml\" \/>\n<meta name=\"robots\" content=\"index, follow, max-snippet:-1, max-image-preview:large, max-video-preview:-1\" \/>\n<link rel=\"canonical\" href=\"https:\/\/my-french-grocery.com\/fr\/produit\/deodorant-a-lhuile-de-monoi-fleur-de-tiare-ushuaia\/\" \/>\n<meta property=\"og:locale\" content=\"fr_FR\" \/>\n<meta property=\"og:type\" content=\"article\" \/>\n<meta property=\"og:title\" content=\"D\u00e9odorant \u00e0 l&#039;Huile de Mono\u00ef &amp; Fleur de Tiar\u00e9 Ushuaia | Acheter En Ligne | My French Grocery\" \/>\n<meta property=\"og:description\" content=\"D\u00e9odorant \u00e0 l&#039;Huile de Mono\u00ef &amp; Fleur de Tiar\u00e9 Ushuaia - Roll-on de 50ml\" \/>\n<meta property=\"og:url\" content=\"https:\/\/my-french-grocery.com\/fr\/produit\/deodorant-a-lhuile-de-monoi-fleur-de-tiare-ushuaia\/\" \/>\n<meta property=\"og:site_name\" content=\"My French Grocery\" \/>\n<meta property=\"article:publisher\" content=\"https:\/\/www.facebook.com\/myfrenchgrocery\/\" \/>\n<meta property=\"article:modified_time\" content=\"2020-06-27T14:19:42+00:00\" \/>\n<meta property=\"og:image\" content=\"https:\/\/my-french-grocery.com\/wp-content\/uploads\/2020\/06\/DEO-Mono\u00cf-USHUAIA.jpg\" \/>\n\t<meta property=\"og:image:width\" content=\"1500\" \/>\n\t<meta property=\"og:image:height\" content=\"1500\" \/>\n\t<meta property=\"og:image:type\" content=\"image\/jpeg\" \/>\n<meta name=\"twitter:card\" content=\"summary_large_image\" \/>\n<script type=\"application\/ld+json\" class=\"yoast-schema-graph\">{\"@context\":\"https:\\\/\\\/schema.org\",\"@graph\":[{\"@type\":\"WebPage\",\"@id\":\"https:\\\/\\\/my-french-grocery.com\\\/fr\\\/produit\\\/deodorant-a-lhuile-de-monoi-fleur-de-tiare-ushuaia\\\/\",\"url\":\"https:\\\/\\\/my-french-grocery.com\\\/fr\\\/produit\\\/deodorant-a-lhuile-de-monoi-fleur-de-tiare-ushuaia\\\/\",\"name\":\"D\u00e9odorant \u00e0 l'Huile de Mono\u00ef & Fleur de Tiar\u00e9 Ushuaia | Acheter En Ligne | My French Grocery\",\"isPartOf\":{\"@id\":\"https:\\\/\\\/my-french-grocery.com\\\/fr\\\/#website\"},\"primaryImageOfPage\":{\"@id\":\"https:\\\/\\\/my-french-grocery.com\\\/fr\\\/produit\\\/deodorant-a-lhuile-de-monoi-fleur-de-tiare-ushuaia\\\/#primaryimage\"},\"image\":{\"@id\":\"https:\\\/\\\/my-french-grocery.com\\\/fr\\\/produit\\\/deodorant-a-lhuile-de-monoi-fleur-de-tiare-ushuaia\\\/#primaryimage\"},\"thumbnailUrl\":\"https:\\\/\\\/my-french-grocery.com\\\/wp-content\\\/uploads\\\/2020\\\/06\\\/ushuaia-roll-on-monoi-tiare.webp\",\"datePublished\":\"2020-06-27T13:08:01+00:00\",\"dateModified\":\"2020-06-27T14:19:42+00:00\",\"description\":\"D\u00e9odorant \u00e0 l'Huile de Mono\u00ef & Fleur de Tiar\u00e9 Ushuaia - Roll-on de 50ml\",\"breadcrumb\":{\"@id\":\"https:\\\/\\\/my-french-grocery.com\\\/fr\\\/produit\\\/deodorant-a-lhuile-de-monoi-fleur-de-tiare-ushuaia\\\/#breadcrumb\"},\"inLanguage\":\"fr-FR\",\"potentialAction\":[{\"@type\":\"ReadAction\",\"target\":[\"https:\\\/\\\/my-french-grocery.com\\\/fr\\\/produit\\\/deodorant-a-lhuile-de-monoi-fleur-de-tiare-ushuaia\\\/\"]}]},{\"@type\":\"ImageObject\",\"inLanguage\":\"fr-FR\",\"@id\":\"https:\\\/\\\/my-french-grocery.com\\\/fr\\\/produit\\\/deodorant-a-lhuile-de-monoi-fleur-de-tiare-ushuaia\\\/#primaryimage\",\"url\":\"https:\\\/\\\/my-french-grocery.com\\\/wp-content\\\/uploads\\\/2020\\\/06\\\/ushuaia-roll-on-monoi-tiare.webp\",\"contentUrl\":\"https:\\\/\\\/my-french-grocery.com\\\/wp-content\\\/uploads\\\/2020\\\/06\\\/ushuaia-roll-on-monoi-tiare.webp\",\"width\":1500,\"height\":1500},{\"@type\":\"BreadcrumbList\",\"@id\":\"https:\\\/\\\/my-french-grocery.com\\\/fr\\\/produit\\\/deodorant-a-lhuile-de-monoi-fleur-de-tiare-ushuaia\\\/#breadcrumb\",\"itemListElement\":[{\"@type\":\"ListItem\",\"position\":1,\"name\":\"Home\",\"item\":\"https:\\\/\\\/my-french-grocery.com\\\/fr\\\/\"},{\"@type\":\"ListItem\",\"position\":2,\"name\":\"Shop\",\"item\":\"https:\\\/\\\/my-french-grocery.com\\\/shop\\\/\"},{\"@type\":\"ListItem\",\"position\":3,\"name\":\"Cosm\u00e9tiques\",\"item\":\"https:\\\/\\\/my-french-grocery.com\\\/fr\\\/categorie-produit\\\/cosmetiques\\\/\"},{\"@type\":\"ListItem\",\"position\":4,\"name\":\"D\u00e9odorants &amp; Anti-Transpirants\",\"item\":\"https:\\\/\\\/my-french-grocery.com\\\/fr\\\/categorie-produit\\\/cosmetiques\\\/deodorants-anti-transpirants\\\/\"},{\"@type\":\"ListItem\",\"position\":5,\"name\":\"D\u00e9odorant \u00e0 l&#8217;Huile de Mono\u00ef &#038; Fleur de Tiar\u00e9 Ushuaia\"}]},{\"@type\":\"WebSite\",\"@id\":\"https:\\\/\\\/my-french-grocery.com\\\/fr\\\/#website\",\"url\":\"https:\\\/\\\/my-french-grocery.com\\\/fr\\\/\",\"name\":\"My French Grocery\",\"description\":\"Your Online French Grocery  !\",\"publisher\":{\"@id\":\"https:\\\/\\\/my-french-grocery.com\\\/fr\\\/#organization\"},\"potentialAction\":[{\"@type\":\"SearchAction\",\"target\":{\"@type\":\"EntryPoint\",\"urlTemplate\":\"https:\\\/\\\/my-french-grocery.com\\\/fr\\\/?s={search_term_string}\"},\"query-input\":{\"@type\":\"PropertyValueSpecification\",\"valueRequired\":true,\"valueName\":\"search_term_string\"}}],\"inLanguage\":\"fr-FR\"},{\"@type\":\"Organization\",\"@id\":\"https:\\\/\\\/my-french-grocery.com\\\/fr\\\/#organization\",\"name\":\"MY FRENCH GROCERY\",\"url\":\"https:\\\/\\\/my-french-grocery.com\\\/fr\\\/\",\"logo\":{\"@type\":\"ImageObject\",\"inLanguage\":\"fr-FR\",\"@id\":\"https:\\\/\\\/my-french-grocery.com\\\/fr\\\/#\\\/schema\\\/logo\\\/image\\\/\",\"url\":\"https:\\\/\\\/my-french-grocery.com\\\/wp-content\\\/uploads\\\/2021\\\/11\\\/My-French-Grocery-Online-French-Grocery.png\",\"contentUrl\":\"https:\\\/\\\/my-french-grocery.com\\\/wp-content\\\/uploads\\\/2021\\\/11\\\/My-French-Grocery-Online-French-Grocery.png\",\"width\":100,\"height\":100,\"caption\":\"MY FRENCH GROCERY\"},\"image\":{\"@id\":\"https:\\\/\\\/my-french-grocery.com\\\/fr\\\/#\\\/schema\\\/logo\\\/image\\\/\"},\"sameAs\":[\"https:\\\/\\\/www.facebook.com\\\/myfrenchgrocery\\\/\"]}]}<\/script>\n<!-- \/ Yoast SEO plugin. -->","yoast_head_json":{"title":"D\u00e9odorant \u00e0 l'Huile de Mono\u00ef & Fleur de Tiar\u00e9 Ushuaia | Acheter En Ligne | My French Grocery","description":"D\u00e9odorant \u00e0 l'Huile de Mono\u00ef & Fleur de Tiar\u00e9 Ushuaia - Roll-on de 50ml","robots":{"index":"index","follow":"follow","max-snippet":"max-snippet:-1","max-image-preview":"max-image-preview:large","max-video-preview":"max-video-preview:-1"},"canonical":"https:\/\/my-french-grocery.com\/fr\/produit\/deodorant-a-lhuile-de-monoi-fleur-de-tiare-ushuaia\/","og_locale":"fr_FR","og_type":"article","og_title":"D\u00e9odorant \u00e0 l'Huile de Mono\u00ef & Fleur de Tiar\u00e9 Ushuaia | Acheter En Ligne | My French Grocery","og_description":"D\u00e9odorant \u00e0 l'Huile de Mono\u00ef & Fleur de Tiar\u00e9 Ushuaia - Roll-on de 50ml","og_url":"https:\/\/my-french-grocery.com\/fr\/produit\/deodorant-a-lhuile-de-monoi-fleur-de-tiare-ushuaia\/","og_site_name":"My French Grocery","article_publisher":"https:\/\/www.facebook.com\/myfrenchgrocery\/","article_modified_time":"2020-06-27T14:19:42+00:00","og_image":[{"width":1500,"height":1500,"url":"https:\/\/my-french-grocery.com\/wp-content\/uploads\/2020\/06\/DEO-Mono\u00cf-USHUAIA.jpg","type":"image\/jpeg"}],"twitter_card":"summary_large_image","schema":{"@context":"https:\/\/schema.org","@graph":[{"@type":"WebPage","@id":"https:\/\/my-french-grocery.com\/fr\/produit\/deodorant-a-lhuile-de-monoi-fleur-de-tiare-ushuaia\/","url":"https:\/\/my-french-grocery.com\/fr\/produit\/deodorant-a-lhuile-de-monoi-fleur-de-tiare-ushuaia\/","name":"D\u00e9odorant \u00e0 l'Huile de Mono\u00ef & Fleur de Tiar\u00e9 Ushuaia | Acheter En Ligne | My French Grocery","isPartOf":{"@id":"https:\/\/my-french-grocery.com\/fr\/#website"},"primaryImageOfPage":{"@id":"https:\/\/my-french-grocery.com\/fr\/produit\/deodorant-a-lhuile-de-monoi-fleur-de-tiare-ushuaia\/#primaryimage"},"image":{"@id":"https:\/\/my-french-grocery.com\/fr\/produit\/deodorant-a-lhuile-de-monoi-fleur-de-tiare-ushuaia\/#primaryimage"},"thumbnailUrl":"https:\/\/my-french-grocery.com\/wp-content\/uploads\/2020\/06\/ushuaia-roll-on-monoi-tiare.webp","datePublished":"2020-06-27T13:08:01+00:00","dateModified":"2020-06-27T14:19:42+00:00","description":"D\u00e9odorant \u00e0 l'Huile de Mono\u00ef & Fleur de Tiar\u00e9 Ushuaia - Roll-on de 50ml","breadcrumb":{"@id":"https:\/\/my-french-grocery.com\/fr\/produit\/deodorant-a-lhuile-de-monoi-fleur-de-tiare-ushuaia\/#breadcrumb"},"inLanguage":"fr-FR","potentialAction":[{"@type":"ReadAction","target":["https:\/\/my-french-grocery.com\/fr\/produit\/deodorant-a-lhuile-de-monoi-fleur-de-tiare-ushuaia\/"]}]},{"@type":"ImageObject","inLanguage":"fr-FR","@id":"https:\/\/my-french-grocery.com\/fr\/produit\/deodorant-a-lhuile-de-monoi-fleur-de-tiare-ushuaia\/#primaryimage","url":"https:\/\/my-french-grocery.com\/wp-content\/uploads\/2020\/06\/ushuaia-roll-on-monoi-tiare.webp","contentUrl":"https:\/\/my-french-grocery.com\/wp-content\/uploads\/2020\/06\/ushuaia-roll-on-monoi-tiare.webp","width":1500,"height":1500},{"@type":"BreadcrumbList","@id":"https:\/\/my-french-grocery.com\/fr\/produit\/deodorant-a-lhuile-de-monoi-fleur-de-tiare-ushuaia\/#breadcrumb","itemListElement":[{"@type":"ListItem","position":1,"name":"Home","item":"https:\/\/my-french-grocery.com\/fr\/"},{"@type":"ListItem","position":2,"name":"Shop","item":"https:\/\/my-french-grocery.com\/shop\/"},{"@type":"ListItem","position":3,"name":"Cosm\u00e9tiques","item":"https:\/\/my-french-grocery.com\/fr\/categorie-produit\/cosmetiques\/"},{"@type":"ListItem","position":4,"name":"D\u00e9odorants &amp; Anti-Transpirants","item":"https:\/\/my-french-grocery.com\/fr\/categorie-produit\/cosmetiques\/deodorants-anti-transpirants\/"},{"@type":"ListItem","position":5,"name":"D\u00e9odorant \u00e0 l&#8217;Huile de Mono\u00ef &#038; Fleur de Tiar\u00e9 Ushuaia"}]},{"@type":"WebSite","@id":"https:\/\/my-french-grocery.com\/fr\/#website","url":"https:\/\/my-french-grocery.com\/fr\/","name":"My French Grocery","description":"Your Online French Grocery  !","publisher":{"@id":"https:\/\/my-french-grocery.com\/fr\/#organization"},"potentialAction":[{"@type":"SearchAction","target":{"@type":"EntryPoint","urlTemplate":"https:\/\/my-french-grocery.com\/fr\/?s={search_term_string}"},"query-input":{"@type":"PropertyValueSpecification","valueRequired":true,"valueName":"search_term_string"}}],"inLanguage":"fr-FR"},{"@type":"Organization","@id":"https:\/\/my-french-grocery.com\/fr\/#organization","name":"MY FRENCH GROCERY","url":"https:\/\/my-french-grocery.com\/fr\/","logo":{"@type":"ImageObject","inLanguage":"fr-FR","@id":"https:\/\/my-french-grocery.com\/fr\/#\/schema\/logo\/image\/","url":"https:\/\/my-french-grocery.com\/wp-content\/uploads\/2021\/11\/My-French-Grocery-Online-French-Grocery.png","contentUrl":"https:\/\/my-french-grocery.com\/wp-content\/uploads\/2021\/11\/My-French-Grocery-Online-French-Grocery.png","width":100,"height":100,"caption":"MY FRENCH GROCERY"},"image":{"@id":"https:\/\/my-french-grocery.com\/fr\/#\/schema\/logo\/image\/"},"sameAs":["https:\/\/www.facebook.com\/myfrenchgrocery\/"]}]}},"brands":[{"id":961,"name":"Ushua\u00efa","slug":"ushuaia-fr"}],"_links":{"self":[{"href":"https:\/\/my-french-grocery.com\/fr\/wp-json\/wp\/v2\/product\/10197","targetHints":{"allow":["GET"]}}],"collection":[{"href":"https:\/\/my-french-grocery.com\/fr\/wp-json\/wp\/v2\/product"}],"about":[{"href":"https:\/\/my-french-grocery.com\/fr\/wp-json\/wp\/v2\/types\/product"}],"replies":[{"embeddable":true,"href":"https:\/\/my-french-grocery.com\/fr\/wp-json\/wp\/v2\/comments?post=10197"}],"wp:featuredmedia":[{"embeddable":true,"href":"https:\/\/my-french-grocery.com\/fr\/wp-json\/wp\/v2\/media\/42053"}],"wp:attachment":[{"href":"https:\/\/my-french-grocery.com\/fr\/wp-json\/wp\/v2\/media?parent=10197"}],"wp:term":[{"taxonomy":"pwb-brand","embeddable":true,"href":"https:\/\/my-french-grocery.com\/fr\/wp-json\/wp\/v2\/pwb-brand?post=10197"},{"taxonomy":"product_brand","embeddable":true,"href":"https:\/\/my-french-grocery.com\/fr\/wp-json\/wp\/v2\/product_brand?post=10197"},{"taxonomy":"product_cat","embeddable":true,"href":"https:\/\/my-french-grocery.com\/fr\/wp-json\/wp\/v2\/product_cat?post=10197"},{"taxonomy":"product_tag","embeddable":true,"href":"https:\/\/my-french-grocery.com\/fr\/wp-json\/wp\/v2\/product_tag?post=10197"}],"curies":[{"name":"wp","href":"https:\/\/api.w.org\/{rel}","templated":true}]}}