{"id":10205,"date":"2020-06-27T15:11:39","date_gmt":"2020-06-27T13:11:40","guid":{"rendered":"https:\/\/my-french-grocery.com\/?post_type=product&#038;p=10205"},"modified":"2020-06-27T16:22:25","modified_gmt":"2020-06-27T14:22:25","slug":"deodorant-bio-vanille-de-madagascar-ushuaia","status":"publish","type":"product","link":"https:\/\/my-french-grocery.com\/fr\/produit\/deodorant-bio-vanille-de-madagascar-ushuaia\/","title":{"rendered":"D\u00e9odorant Bio Vanille de Madagascar Ushuaia"},"content":{"rendered":"<p>D\u00e9odorant Bio Vanille de Madagascar Ushuaia<\/p>\n<p>roll-on de 50 ml<\/p>\n<div class=\"regulated-name\">\n<p class=\"paragraph\">Ushua\u00efa Rituel de Polyn\u00e9sie D\u00e9odorant Bille Certifi\u00e9 Bio Vanille 24h<\/p>\n<\/div>\n","protected":false},"excerpt":{"rendered":"<p>D\u00e9odorant Bio Vanille de Madagascar Ushuaia<\/p>\n<p>roll-on de 50 ml<\/p>\n","protected":false},"featured_media":38141,"comment_status":"open","ping_status":"closed","template":"","meta":[],"pwb-brand":[961],"product_brand":[],"product_cat":[1651],"product_tag":[1466],"class_list":{"0":"post-10205","1":"product","2":"type-product","3":"status-publish","4":"has-post-thumbnail","6":"pwb-brand-ushuaia-fr","7":"product_cat-deodorants-anti-transpirants","8":"product_tag-ushuaia-fr","9":"product_shipping_class-expedition-dans-le-monde-entier","11":"first","12":"instock","13":"taxable","14":"shipping-taxable","15":"purchasable","16":"product-type-simple"},"brands":[{"id":961,"name":"Ushua\u00efa","slug":"ushuaia-fr"}],"_links":{"self":[{"href":"https:\/\/my-french-grocery.com\/fr\/wp-json\/wp\/v2\/product\/10205","targetHints":{"allow":["GET"]}}],"collection":[{"href":"https:\/\/my-french-grocery.com\/fr\/wp-json\/wp\/v2\/product"}],"about":[{"href":"https:\/\/my-french-grocery.com\/fr\/wp-json\/wp\/v2\/types\/product"}],"replies":[{"embeddable":true,"href":"https:\/\/my-french-grocery.com\/fr\/wp-json\/wp\/v2\/comments?post=10205"}],"wp:featuredmedia":[{"embeddable":true,"href":"https:\/\/my-french-grocery.com\/fr\/wp-json\/wp\/v2\/media\/38141"}],"wp:attachment":[{"href":"https:\/\/my-french-grocery.com\/fr\/wp-json\/wp\/v2\/media?parent=10205"}],"wp:term":[{"taxonomy":"pwb-brand","embeddable":true,"href":"https:\/\/my-french-grocery.com\/fr\/wp-json\/wp\/v2\/pwb-brand?post=10205"},{"taxonomy":"product_brand","embeddable":true,"href":"https:\/\/my-french-grocery.com\/fr\/wp-json\/wp\/v2\/product_brand?post=10205"},{"taxonomy":"product_cat","embeddable":true,"href":"https:\/\/my-french-grocery.com\/fr\/wp-json\/wp\/v2\/product_cat?post=10205"},{"taxonomy":"product_tag","embeddable":true,"href":"https:\/\/my-french-grocery.com\/fr\/wp-json\/wp\/v2\/product_tag?post=10205"}],"curies":[{"name":"wp","href":"https:\/\/api.w.org\/{rel}","templated":true}]}}