{"id":10221,"date":"2020-06-27T15:19:39","date_gmt":"2020-06-27T13:19:40","guid":{"rendered":"https:\/\/my-french-grocery.com\/?post_type=product&#038;p=10221"},"modified":"2020-06-27T16:27:11","modified_gmt":"2020-06-27T14:27:11","slug":"deodorant-a-la-fleur-doranger-bio-ushuaia","status":"publish","type":"product","link":"https:\/\/my-french-grocery.com\/fr\/produit\/deodorant-a-la-fleur-doranger-bio-ushuaia\/","title":{"rendered":"D\u00e9odorant \u00e0 la fleur d&rsquo;oranger Bio Ushuaia"},"content":{"rendered":"<p>D\u00e9odorant \u00e0 la fleur d&rsquo;oranger Bio Ushuaia<\/p>\n<p>roll-on de 50mL<\/p>\n<p>D\u00e9odorant bille certifi\u00e9 bio aux Fleurs d\u2019Oranger du Maroc et de Tunisie, efficace 48h contre les odeurs. Formule sans alcool*, id\u00e9al peaux \u00e9pil\u00e9es. Votre peau reste douce et prot\u00e9g\u00e9e toute la journ\u00e9e<\/p>\n","protected":false},"excerpt":{"rendered":"<p>D\u00e9odorant \u00e0 la fleur d&rsquo;oranger Bio Ushuaia<\/p>\n<p>roll-on de 50mL<\/p>\n","protected":false},"featured_media":38053,"comment_status":"open","ping_status":"closed","template":"","meta":[],"pwb-brand":[961],"product_brand":[],"product_cat":[1651],"product_tag":[1466],"class_list":{"0":"post-10221","1":"product","2":"type-product","3":"status-publish","4":"has-post-thumbnail","6":"pwb-brand-ushuaia-fr","7":"product_cat-deodorants-anti-transpirants","8":"product_tag-ushuaia-fr","9":"product_shipping_class-expedition-dans-le-monde-entier","11":"first","12":"outofstock","13":"taxable","14":"shipping-taxable","15":"purchasable","16":"product-type-simple"},"yoast_head":"<!-- This site is optimized with the Yoast SEO plugin v27.3 - https:\/\/yoast.com\/product\/yoast-seo-wordpress\/ -->\n<title>D\u00e9odorant \u00e0 la fleur d&#039;oranger Bio Ushuaia | Acheter En Ligne | My French Grocery<\/title>\n<meta name=\"description\" content=\"D\u00e9odorant \u00e0 la fleur d&#039;oranger Bio Ushuaia - Roll-on de 50mL\" \/>\n<meta name=\"robots\" content=\"index, follow, max-snippet:-1, max-image-preview:large, max-video-preview:-1\" \/>\n<link rel=\"canonical\" href=\"https:\/\/my-french-grocery.com\/fr\/produit\/deodorant-a-la-fleur-doranger-bio-ushuaia\/\" \/>\n<meta property=\"og:locale\" content=\"fr_FR\" \/>\n<meta property=\"og:type\" content=\"article\" \/>\n<meta property=\"og:title\" content=\"D\u00e9odorant \u00e0 la fleur d&#039;oranger Bio Ushuaia | Acheter En Ligne | My French Grocery\" \/>\n<meta property=\"og:description\" content=\"D\u00e9odorant \u00e0 la fleur d&#039;oranger Bio Ushuaia - Roll-on de 50mL\" \/>\n<meta property=\"og:url\" content=\"https:\/\/my-french-grocery.com\/fr\/produit\/deodorant-a-la-fleur-doranger-bio-ushuaia\/\" \/>\n<meta property=\"og:site_name\" content=\"My French Grocery\" \/>\n<meta property=\"article:publisher\" content=\"https:\/\/www.facebook.com\/myfrenchgrocery\/\" \/>\n<meta property=\"article:modified_time\" content=\"2020-06-27T14:27:11+00:00\" \/>\n<meta property=\"og:image\" content=\"https:\/\/my-french-grocery.com\/wp-content\/uploads\/2020\/06\/DEO-ORANGER-BIO-USHUAIA.jpg\" \/>\n\t<meta property=\"og:image:width\" content=\"1500\" \/>\n\t<meta property=\"og:image:height\" content=\"1500\" \/>\n\t<meta property=\"og:image:type\" content=\"image\/jpeg\" \/>\n<meta name=\"twitter:card\" content=\"summary_large_image\" \/>\n<script type=\"application\/ld+json\" class=\"yoast-schema-graph\">{\"@context\":\"https:\\\/\\\/schema.org\",\"@graph\":[{\"@type\":\"WebPage\",\"@id\":\"https:\\\/\\\/my-french-grocery.com\\\/fr\\\/produit\\\/deodorant-a-la-fleur-doranger-bio-ushuaia\\\/\",\"url\":\"https:\\\/\\\/my-french-grocery.com\\\/fr\\\/produit\\\/deodorant-a-la-fleur-doranger-bio-ushuaia\\\/\",\"name\":\"D\u00e9odorant \u00e0 la fleur d'oranger Bio Ushuaia | Acheter En Ligne | My French Grocery\",\"isPartOf\":{\"@id\":\"https:\\\/\\\/my-french-grocery.com\\\/#website\"},\"primaryImageOfPage\":{\"@id\":\"https:\\\/\\\/my-french-grocery.com\\\/fr\\\/produit\\\/deodorant-a-la-fleur-doranger-bio-ushuaia\\\/#primaryimage\"},\"image\":{\"@id\":\"https:\\\/\\\/my-french-grocery.com\\\/fr\\\/produit\\\/deodorant-a-la-fleur-doranger-bio-ushuaia\\\/#primaryimage\"},\"thumbnailUrl\":\"https:\\\/\\\/my-french-grocery.com\\\/wp-content\\\/uploads\\\/2020\\\/06\\\/5956101-sdeq54w9i0-ecommint.wjpg_.webp\",\"datePublished\":\"2020-06-27T13:19:40+00:00\",\"dateModified\":\"2020-06-27T14:27:11+00:00\",\"description\":\"D\u00e9odorant \u00e0 la fleur d'oranger Bio Ushuaia - Roll-on de 50mL\",\"breadcrumb\":{\"@id\":\"https:\\\/\\\/my-french-grocery.com\\\/fr\\\/produit\\\/deodorant-a-la-fleur-doranger-bio-ushuaia\\\/#breadcrumb\"},\"inLanguage\":\"fr-FR\",\"potentialAction\":[{\"@type\":\"ReadAction\",\"target\":[\"https:\\\/\\\/my-french-grocery.com\\\/fr\\\/produit\\\/deodorant-a-la-fleur-doranger-bio-ushuaia\\\/\"]}]},{\"@type\":\"ImageObject\",\"inLanguage\":\"fr-FR\",\"@id\":\"https:\\\/\\\/my-french-grocery.com\\\/fr\\\/produit\\\/deodorant-a-la-fleur-doranger-bio-ushuaia\\\/#primaryimage\",\"url\":\"https:\\\/\\\/my-french-grocery.com\\\/wp-content\\\/uploads\\\/2020\\\/06\\\/5956101-sdeq54w9i0-ecommint.wjpg_.webp\",\"contentUrl\":\"https:\\\/\\\/my-french-grocery.com\\\/wp-content\\\/uploads\\\/2020\\\/06\\\/5956101-sdeq54w9i0-ecommint.wjpg_.webp\",\"width\":1048,\"height\":1048},{\"@type\":\"BreadcrumbList\",\"@id\":\"https:\\\/\\\/my-french-grocery.com\\\/fr\\\/produit\\\/deodorant-a-la-fleur-doranger-bio-ushuaia\\\/#breadcrumb\",\"itemListElement\":[{\"@type\":\"ListItem\",\"position\":1,\"name\":\"Home\",\"item\":\"https:\\\/\\\/my-french-grocery.com\\\/fr\\\/\"},{\"@type\":\"ListItem\",\"position\":2,\"name\":\"Shop\",\"item\":\"https:\\\/\\\/my-french-grocery.com\\\/shop\\\/\"},{\"@type\":\"ListItem\",\"position\":3,\"name\":\"Cosmetics\",\"item\":\"https:\\\/\\\/my-french-grocery.com\\\/product-category\\\/cosmetics\\\/\"},{\"@type\":\"ListItem\",\"position\":4,\"name\":\"Deodorants &amp; Anti-Perspirants\",\"item\":\"https:\\\/\\\/my-french-grocery.com\\\/product-category\\\/cosmetics\\\/deodorants-anti-perspirants\\\/\"},{\"@type\":\"ListItem\",\"position\":5,\"name\":\"D\u00e9odorant \u00e0 la fleur d&#8217;oranger Bio Ushuaia\"}]},{\"@type\":\"WebSite\",\"@id\":\"https:\\\/\\\/my-french-grocery.com\\\/#website\",\"url\":\"https:\\\/\\\/my-french-grocery.com\\\/\",\"name\":\"My French Grocery\",\"description\":\"Your Online French Grocery  !\",\"publisher\":{\"@id\":\"https:\\\/\\\/my-french-grocery.com\\\/#organization\"},\"potentialAction\":[{\"@type\":\"SearchAction\",\"target\":{\"@type\":\"EntryPoint\",\"urlTemplate\":\"https:\\\/\\\/my-french-grocery.com\\\/?s={search_term_string}\"},\"query-input\":{\"@type\":\"PropertyValueSpecification\",\"valueRequired\":true,\"valueName\":\"search_term_string\"}}],\"inLanguage\":\"fr-FR\"},{\"@type\":\"Organization\",\"@id\":\"https:\\\/\\\/my-french-grocery.com\\\/#organization\",\"name\":\"MY FRENCH GROCERY\",\"url\":\"https:\\\/\\\/my-french-grocery.com\\\/\",\"logo\":{\"@type\":\"ImageObject\",\"inLanguage\":\"fr-FR\",\"@id\":\"https:\\\/\\\/my-french-grocery.com\\\/#\\\/schema\\\/logo\\\/image\\\/\",\"url\":\"https:\\\/\\\/my-french-grocery.com\\\/wp-content\\\/uploads\\\/2021\\\/11\\\/My-French-Grocery-Online-French-Grocery.png\",\"contentUrl\":\"https:\\\/\\\/my-french-grocery.com\\\/wp-content\\\/uploads\\\/2021\\\/11\\\/My-French-Grocery-Online-French-Grocery.png\",\"width\":100,\"height\":100,\"caption\":\"MY FRENCH GROCERY\"},\"image\":{\"@id\":\"https:\\\/\\\/my-french-grocery.com\\\/#\\\/schema\\\/logo\\\/image\\\/\"},\"sameAs\":[\"https:\\\/\\\/www.facebook.com\\\/myfrenchgrocery\\\/\"]}]}<\/script>\n<!-- \/ Yoast SEO plugin. -->","yoast_head_json":{"title":"D\u00e9odorant \u00e0 la fleur d'oranger Bio Ushuaia | Acheter En Ligne | My French Grocery","description":"D\u00e9odorant \u00e0 la fleur d'oranger Bio Ushuaia - Roll-on de 50mL","robots":{"index":"index","follow":"follow","max-snippet":"max-snippet:-1","max-image-preview":"max-image-preview:large","max-video-preview":"max-video-preview:-1"},"canonical":"https:\/\/my-french-grocery.com\/fr\/produit\/deodorant-a-la-fleur-doranger-bio-ushuaia\/","og_locale":"fr_FR","og_type":"article","og_title":"D\u00e9odorant \u00e0 la fleur d'oranger Bio Ushuaia | Acheter En Ligne | My French Grocery","og_description":"D\u00e9odorant \u00e0 la fleur d'oranger Bio Ushuaia - Roll-on de 50mL","og_url":"https:\/\/my-french-grocery.com\/fr\/produit\/deodorant-a-la-fleur-doranger-bio-ushuaia\/","og_site_name":"My French Grocery","article_publisher":"https:\/\/www.facebook.com\/myfrenchgrocery\/","article_modified_time":"2020-06-27T14:27:11+00:00","og_image":[{"width":1500,"height":1500,"url":"https:\/\/my-french-grocery.com\/wp-content\/uploads\/2020\/06\/DEO-ORANGER-BIO-USHUAIA.jpg","type":"image\/jpeg"}],"twitter_card":"summary_large_image","schema":{"@context":"https:\/\/schema.org","@graph":[{"@type":"WebPage","@id":"https:\/\/my-french-grocery.com\/fr\/produit\/deodorant-a-la-fleur-doranger-bio-ushuaia\/","url":"https:\/\/my-french-grocery.com\/fr\/produit\/deodorant-a-la-fleur-doranger-bio-ushuaia\/","name":"D\u00e9odorant \u00e0 la fleur d'oranger Bio Ushuaia | Acheter En Ligne | My French Grocery","isPartOf":{"@id":"https:\/\/my-french-grocery.com\/#website"},"primaryImageOfPage":{"@id":"https:\/\/my-french-grocery.com\/fr\/produit\/deodorant-a-la-fleur-doranger-bio-ushuaia\/#primaryimage"},"image":{"@id":"https:\/\/my-french-grocery.com\/fr\/produit\/deodorant-a-la-fleur-doranger-bio-ushuaia\/#primaryimage"},"thumbnailUrl":"https:\/\/my-french-grocery.com\/wp-content\/uploads\/2020\/06\/5956101-sdeq54w9i0-ecommint.wjpg_.webp","datePublished":"2020-06-27T13:19:40+00:00","dateModified":"2020-06-27T14:27:11+00:00","description":"D\u00e9odorant \u00e0 la fleur d'oranger Bio Ushuaia - Roll-on de 50mL","breadcrumb":{"@id":"https:\/\/my-french-grocery.com\/fr\/produit\/deodorant-a-la-fleur-doranger-bio-ushuaia\/#breadcrumb"},"inLanguage":"fr-FR","potentialAction":[{"@type":"ReadAction","target":["https:\/\/my-french-grocery.com\/fr\/produit\/deodorant-a-la-fleur-doranger-bio-ushuaia\/"]}]},{"@type":"ImageObject","inLanguage":"fr-FR","@id":"https:\/\/my-french-grocery.com\/fr\/produit\/deodorant-a-la-fleur-doranger-bio-ushuaia\/#primaryimage","url":"https:\/\/my-french-grocery.com\/wp-content\/uploads\/2020\/06\/5956101-sdeq54w9i0-ecommint.wjpg_.webp","contentUrl":"https:\/\/my-french-grocery.com\/wp-content\/uploads\/2020\/06\/5956101-sdeq54w9i0-ecommint.wjpg_.webp","width":1048,"height":1048},{"@type":"BreadcrumbList","@id":"https:\/\/my-french-grocery.com\/fr\/produit\/deodorant-a-la-fleur-doranger-bio-ushuaia\/#breadcrumb","itemListElement":[{"@type":"ListItem","position":1,"name":"Home","item":"https:\/\/my-french-grocery.com\/fr\/"},{"@type":"ListItem","position":2,"name":"Shop","item":"https:\/\/my-french-grocery.com\/shop\/"},{"@type":"ListItem","position":3,"name":"Cosmetics","item":"https:\/\/my-french-grocery.com\/product-category\/cosmetics\/"},{"@type":"ListItem","position":4,"name":"Deodorants &amp; Anti-Perspirants","item":"https:\/\/my-french-grocery.com\/product-category\/cosmetics\/deodorants-anti-perspirants\/"},{"@type":"ListItem","position":5,"name":"D\u00e9odorant \u00e0 la fleur d&#8217;oranger Bio Ushuaia"}]},{"@type":"WebSite","@id":"https:\/\/my-french-grocery.com\/#website","url":"https:\/\/my-french-grocery.com\/","name":"My French Grocery","description":"Your Online French Grocery  !","publisher":{"@id":"https:\/\/my-french-grocery.com\/#organization"},"potentialAction":[{"@type":"SearchAction","target":{"@type":"EntryPoint","urlTemplate":"https:\/\/my-french-grocery.com\/?s={search_term_string}"},"query-input":{"@type":"PropertyValueSpecification","valueRequired":true,"valueName":"search_term_string"}}],"inLanguage":"fr-FR"},{"@type":"Organization","@id":"https:\/\/my-french-grocery.com\/#organization","name":"MY FRENCH GROCERY","url":"https:\/\/my-french-grocery.com\/","logo":{"@type":"ImageObject","inLanguage":"fr-FR","@id":"https:\/\/my-french-grocery.com\/#\/schema\/logo\/image\/","url":"https:\/\/my-french-grocery.com\/wp-content\/uploads\/2021\/11\/My-French-Grocery-Online-French-Grocery.png","contentUrl":"https:\/\/my-french-grocery.com\/wp-content\/uploads\/2021\/11\/My-French-Grocery-Online-French-Grocery.png","width":100,"height":100,"caption":"MY FRENCH GROCERY"},"image":{"@id":"https:\/\/my-french-grocery.com\/#\/schema\/logo\/image\/"},"sameAs":["https:\/\/www.facebook.com\/myfrenchgrocery\/"]}]}},"brands":[{"id":961,"name":"Ushua\u00efa","slug":"ushuaia-fr"}],"_links":{"self":[{"href":"https:\/\/my-french-grocery.com\/fr\/wp-json\/wp\/v2\/product\/10221","targetHints":{"allow":["GET"]}}],"collection":[{"href":"https:\/\/my-french-grocery.com\/fr\/wp-json\/wp\/v2\/product"}],"about":[{"href":"https:\/\/my-french-grocery.com\/fr\/wp-json\/wp\/v2\/types\/product"}],"replies":[{"embeddable":true,"href":"https:\/\/my-french-grocery.com\/fr\/wp-json\/wp\/v2\/comments?post=10221"}],"wp:featuredmedia":[{"embeddable":true,"href":"https:\/\/my-french-grocery.com\/fr\/wp-json\/wp\/v2\/media\/38053"}],"wp:attachment":[{"href":"https:\/\/my-french-grocery.com\/fr\/wp-json\/wp\/v2\/media?parent=10221"}],"wp:term":[{"taxonomy":"pwb-brand","embeddable":true,"href":"https:\/\/my-french-grocery.com\/fr\/wp-json\/wp\/v2\/pwb-brand?post=10221"},{"taxonomy":"product_brand","embeddable":true,"href":"https:\/\/my-french-grocery.com\/fr\/wp-json\/wp\/v2\/product_brand?post=10221"},{"taxonomy":"product_cat","embeddable":true,"href":"https:\/\/my-french-grocery.com\/fr\/wp-json\/wp\/v2\/product_cat?post=10221"},{"taxonomy":"product_tag","embeddable":true,"href":"https:\/\/my-french-grocery.com\/fr\/wp-json\/wp\/v2\/product_tag?post=10221"}],"curies":[{"name":"wp","href":"https:\/\/api.w.org\/{rel}","templated":true}]}}