{"id":10479,"date":"2020-06-29T15:09:40","date_gmt":"2020-06-29T13:09:40","guid":{"rendered":"https:\/\/my-french-grocery.com\/?post_type=product&#038;p=10479"},"modified":"2020-07-02T17:04:36","modified_gmt":"2020-07-02T15:04:36","slug":"deodorant-dermo-efficacite-48h-narta","status":"publish","type":"product","link":"https:\/\/my-french-grocery.com\/fr\/produit\/deodorant-dermo-efficacite-48h-narta\/","title":{"rendered":"D\u00e9odorant Dermo Efficacit\u00e9 48H Narta"},"content":{"rendered":"<p>D\u00e9odorant Dermo Efficacit\u00e9 48H Narta<\/p>\n<p>Roll-on de 50mL<\/p>\n<div class=\"secondary-details__description\">\n<p class=\"paragraph\">Un d\u00e9odorant sans anti transpirant synth\u00e9tique efficace 48h.<\/p>\n<\/div>\n<div class=\"secondary-details-blocks\"><\/div>\n","protected":false},"excerpt":{"rendered":"<p>D\u00e9odorant Dermo Efficacit\u00e9 48H Narta<\/p>\n<p>Roll-on de 50mL<\/p>\n","protected":false},"featured_media":10482,"comment_status":"open","ping_status":"closed","template":"","meta":[],"pwb-brand":[1660],"product_brand":[],"product_cat":[1651],"product_tag":[1661],"class_list":{"0":"post-10479","1":"product","2":"type-product","3":"status-publish","4":"has-post-thumbnail","6":"pwb-brand-narta-fr-2","7":"product_cat-deodorants-anti-transpirants","8":"product_tag-deodorant-fr","9":"product_shipping_class-expedition-dans-le-monde-entier","11":"first","12":"instock","13":"taxable","14":"shipping-taxable","15":"purchasable","16":"product-type-simple"},"brands":[{"id":1660,"name":"Narta","slug":"narta-fr-2"}],"_links":{"self":[{"href":"https:\/\/my-french-grocery.com\/fr\/wp-json\/wp\/v2\/product\/10479","targetHints":{"allow":["GET"]}}],"collection":[{"href":"https:\/\/my-french-grocery.com\/fr\/wp-json\/wp\/v2\/product"}],"about":[{"href":"https:\/\/my-french-grocery.com\/fr\/wp-json\/wp\/v2\/types\/product"}],"replies":[{"embeddable":true,"href":"https:\/\/my-french-grocery.com\/fr\/wp-json\/wp\/v2\/comments?post=10479"}],"wp:featuredmedia":[{"embeddable":true,"href":"https:\/\/my-french-grocery.com\/fr\/wp-json\/wp\/v2\/media\/10482"}],"wp:attachment":[{"href":"https:\/\/my-french-grocery.com\/fr\/wp-json\/wp\/v2\/media?parent=10479"}],"wp:term":[{"taxonomy":"pwb-brand","embeddable":true,"href":"https:\/\/my-french-grocery.com\/fr\/wp-json\/wp\/v2\/pwb-brand?post=10479"},{"taxonomy":"product_brand","embeddable":true,"href":"https:\/\/my-french-grocery.com\/fr\/wp-json\/wp\/v2\/product_brand?post=10479"},{"taxonomy":"product_cat","embeddable":true,"href":"https:\/\/my-french-grocery.com\/fr\/wp-json\/wp\/v2\/product_cat?post=10479"},{"taxonomy":"product_tag","embeddable":true,"href":"https:\/\/my-french-grocery.com\/fr\/wp-json\/wp\/v2\/product_tag?post=10479"}],"curies":[{"name":"wp","href":"https:\/\/api.w.org\/{rel}","templated":true}]}}