{"id":11985,"date":"2020-09-12T15:38:05","date_gmt":"2020-09-12T13:38:06","guid":{"rendered":"https:\/\/my-french-grocery.com\/?post_type=product&#038;p=11985"},"modified":"2026-03-13T22:19:41","modified_gmt":"2026-03-13T20:19:41","slug":"biscuits-figolu-lu","status":"publish","type":"product","link":"https:\/\/my-french-grocery.com\/fr\/produit\/biscuits-figolu-lu\/","title":{"rendered":"Biscuits Figolu Lu"},"content":{"rendered":"<p>Biscuits Figolu Lu<br \/>\npaquet de 192 g<\/p>\n<p>Cr\u00e9\u00e9 en 1961, Figolu, le biscuit iconique \u00e0 la figue, a accompagn\u00e9 de nombreuses g\u00e9n\u00e9rations. En 2020, il est de retour, pour le plus grand plaisir de tous !<\/p>\n<p>Retrouvez toute l\u2019intensit\u00e9 et le bon go\u00fbt de la figue dans un biscuit \u00e0 la texture d\u00e9licieusement sabl\u00e9e !<\/p>\n","protected":false},"excerpt":{"rendered":"<p>Biscuits Figolu Lu<br \/>\npaquet de 192 g<\/p>\n","protected":false},"featured_media":11988,"comment_status":"open","ping_status":"closed","template":"","meta":[],"pwb-brand":[754],"product_brand":[],"product_cat":[1025],"product_tag":[1861],"class_list":{"0":"post-11985","1":"product","2":"type-product","3":"status-publish","4":"has-post-thumbnail","6":"pwb-brand-lu-fr","7":"product_cat-gateaux-biscuits","8":"product_tag-lu-fr","9":"product_shipping_class-expedition-dans-le-monde-entier","11":"first","12":"instock","13":"taxable","14":"shipping-taxable","15":"purchasable","16":"product-type-simple"},"yoast_head":"<!-- This site is optimized with the Yoast SEO plugin v27.3 - https:\/\/yoast.com\/product\/yoast-seo-wordpress\/ -->\n<title>Biscuits Figolu Lu | Acheter En Ligne | My French Grocery<\/title>\n<meta name=\"description\" content=\"Biscuits Figolu Lu - paquet de 192 g - Cr\u00e9\u00e9 en 1961, Figolu, le biscuit iconique \u00e0 la figue, a accompagn\u00e9 de nombreuses g\u00e9n\u00e9rations. En 2020, il est de retour, pour le plus grand plaisir de tous !\" \/>\n<meta name=\"robots\" content=\"index, follow, max-snippet:-1, max-image-preview:large, max-video-preview:-1\" \/>\n<link rel=\"canonical\" href=\"https:\/\/my-french-grocery.com\/fr\/produit\/biscuits-figolu-lu\/\" \/>\n<meta property=\"og:locale\" content=\"fr_FR\" \/>\n<meta property=\"og:type\" content=\"article\" \/>\n<meta property=\"og:title\" content=\"Biscuits Figolu Lu | Acheter En Ligne | My French Grocery\" \/>\n<meta property=\"og:description\" content=\"Biscuits Figolu Lu - paquet de 192 g - Cr\u00e9\u00e9 en 1961, Figolu, le biscuit iconique \u00e0 la figue, a accompagn\u00e9 de nombreuses g\u00e9n\u00e9rations. En 2020, il est de retour, pour le plus grand plaisir de tous !\" \/>\n<meta property=\"og:url\" content=\"https:\/\/my-french-grocery.com\/fr\/produit\/biscuits-figolu-lu\/\" \/>\n<meta property=\"og:site_name\" content=\"My French Grocery\" \/>\n<meta property=\"article:publisher\" content=\"https:\/\/www.facebook.com\/myfrenchgrocery\/\" \/>\n<meta property=\"article:modified_time\" content=\"2026-03-13T20:19:41+00:00\" \/>\n<meta property=\"og:image\" content=\"https:\/\/my-french-grocery.com\/wp-content\/uploads\/2020\/09\/FIGOLU.jpg\" \/>\n\t<meta property=\"og:image:width\" content=\"1500\" \/>\n\t<meta property=\"og:image:height\" content=\"1500\" \/>\n\t<meta property=\"og:image:type\" content=\"image\/jpeg\" \/>\n<meta name=\"twitter:card\" content=\"summary_large_image\" \/>\n<script type=\"application\/ld+json\" class=\"yoast-schema-graph\">{\"@context\":\"https:\\\/\\\/schema.org\",\"@graph\":[{\"@type\":\"WebPage\",\"@id\":\"https:\\\/\\\/my-french-grocery.com\\\/fr\\\/produit\\\/biscuits-figolu-lu\\\/\",\"url\":\"https:\\\/\\\/my-french-grocery.com\\\/fr\\\/produit\\\/biscuits-figolu-lu\\\/\",\"name\":\"Biscuits Figolu Lu | Acheter En Ligne | My French Grocery\",\"isPartOf\":{\"@id\":\"https:\\\/\\\/my-french-grocery.com\\\/fr\\\/#website\"},\"primaryImageOfPage\":{\"@id\":\"https:\\\/\\\/my-french-grocery.com\\\/fr\\\/produit\\\/biscuits-figolu-lu\\\/#primaryimage\"},\"image\":{\"@id\":\"https:\\\/\\\/my-french-grocery.com\\\/fr\\\/produit\\\/biscuits-figolu-lu\\\/#primaryimage\"},\"thumbnailUrl\":\"https:\\\/\\\/my-french-grocery.com\\\/wp-content\\\/uploads\\\/2020\\\/09\\\/FIGOLU.jpg\",\"datePublished\":\"2020-09-12T13:38:06+00:00\",\"dateModified\":\"2026-03-13T20:19:41+00:00\",\"description\":\"Biscuits Figolu Lu - paquet de 192 g - Cr\u00e9\u00e9 en 1961, Figolu, le biscuit iconique \u00e0 la figue, a accompagn\u00e9 de nombreuses g\u00e9n\u00e9rations. En 2020, il est de retour, pour le plus grand plaisir de tous !\",\"breadcrumb\":{\"@id\":\"https:\\\/\\\/my-french-grocery.com\\\/fr\\\/produit\\\/biscuits-figolu-lu\\\/#breadcrumb\"},\"inLanguage\":\"fr-FR\",\"potentialAction\":[{\"@type\":\"ReadAction\",\"target\":[\"https:\\\/\\\/my-french-grocery.com\\\/fr\\\/produit\\\/biscuits-figolu-lu\\\/\"]}]},{\"@type\":\"ImageObject\",\"inLanguage\":\"fr-FR\",\"@id\":\"https:\\\/\\\/my-french-grocery.com\\\/fr\\\/produit\\\/biscuits-figolu-lu\\\/#primaryimage\",\"url\":\"https:\\\/\\\/my-french-grocery.com\\\/wp-content\\\/uploads\\\/2020\\\/09\\\/FIGOLU.jpg\",\"contentUrl\":\"https:\\\/\\\/my-french-grocery.com\\\/wp-content\\\/uploads\\\/2020\\\/09\\\/FIGOLU.jpg\",\"width\":1500,\"height\":1500,\"caption\":\"Biscuits Figolu Lu\"},{\"@type\":\"BreadcrumbList\",\"@id\":\"https:\\\/\\\/my-french-grocery.com\\\/fr\\\/produit\\\/biscuits-figolu-lu\\\/#breadcrumb\",\"itemListElement\":[{\"@type\":\"ListItem\",\"position\":1,\"name\":\"Home\",\"item\":\"https:\\\/\\\/my-french-grocery.com\\\/fr\\\/\"},{\"@type\":\"ListItem\",\"position\":2,\"name\":\"Shop\",\"item\":\"https:\\\/\\\/my-french-grocery.com\\\/shop\\\/\"},{\"@type\":\"ListItem\",\"position\":3,\"name\":\"Alimentation\",\"item\":\"https:\\\/\\\/my-french-grocery.com\\\/fr\\\/categorie-produit\\\/alimentation\\\/\"},{\"@type\":\"ListItem\",\"position\":4,\"name\":\"G\u00e2teaux &amp; Biscuits\",\"item\":\"https:\\\/\\\/my-french-grocery.com\\\/fr\\\/categorie-produit\\\/alimentation\\\/gateaux-biscuits\\\/\"},{\"@type\":\"ListItem\",\"position\":5,\"name\":\"Biscuits Figolu Lu\"}]},{\"@type\":\"WebSite\",\"@id\":\"https:\\\/\\\/my-french-grocery.com\\\/fr\\\/#website\",\"url\":\"https:\\\/\\\/my-french-grocery.com\\\/fr\\\/\",\"name\":\"My French Grocery\",\"description\":\"Your Online French Grocery  !\",\"publisher\":{\"@id\":\"https:\\\/\\\/my-french-grocery.com\\\/fr\\\/#organization\"},\"potentialAction\":[{\"@type\":\"SearchAction\",\"target\":{\"@type\":\"EntryPoint\",\"urlTemplate\":\"https:\\\/\\\/my-french-grocery.com\\\/fr\\\/?s={search_term_string}\"},\"query-input\":{\"@type\":\"PropertyValueSpecification\",\"valueRequired\":true,\"valueName\":\"search_term_string\"}}],\"inLanguage\":\"fr-FR\"},{\"@type\":\"Organization\",\"@id\":\"https:\\\/\\\/my-french-grocery.com\\\/fr\\\/#organization\",\"name\":\"MY FRENCH GROCERY\",\"url\":\"https:\\\/\\\/my-french-grocery.com\\\/fr\\\/\",\"logo\":{\"@type\":\"ImageObject\",\"inLanguage\":\"fr-FR\",\"@id\":\"https:\\\/\\\/my-french-grocery.com\\\/fr\\\/#\\\/schema\\\/logo\\\/image\\\/\",\"url\":\"https:\\\/\\\/my-french-grocery.com\\\/wp-content\\\/uploads\\\/2021\\\/11\\\/My-French-Grocery-Online-French-Grocery.png\",\"contentUrl\":\"https:\\\/\\\/my-french-grocery.com\\\/wp-content\\\/uploads\\\/2021\\\/11\\\/My-French-Grocery-Online-French-Grocery.png\",\"width\":100,\"height\":100,\"caption\":\"MY FRENCH GROCERY\"},\"image\":{\"@id\":\"https:\\\/\\\/my-french-grocery.com\\\/fr\\\/#\\\/schema\\\/logo\\\/image\\\/\"},\"sameAs\":[\"https:\\\/\\\/www.facebook.com\\\/myfrenchgrocery\\\/\"]}]}<\/script>\n<!-- \/ Yoast SEO plugin. -->","yoast_head_json":{"title":"Biscuits Figolu Lu | Acheter En Ligne | My French Grocery","description":"Biscuits Figolu Lu - paquet de 192 g - Cr\u00e9\u00e9 en 1961, Figolu, le biscuit iconique \u00e0 la figue, a accompagn\u00e9 de nombreuses g\u00e9n\u00e9rations. En 2020, il est de retour, pour le plus grand plaisir de tous !","robots":{"index":"index","follow":"follow","max-snippet":"max-snippet:-1","max-image-preview":"max-image-preview:large","max-video-preview":"max-video-preview:-1"},"canonical":"https:\/\/my-french-grocery.com\/fr\/produit\/biscuits-figolu-lu\/","og_locale":"fr_FR","og_type":"article","og_title":"Biscuits Figolu Lu | Acheter En Ligne | My French Grocery","og_description":"Biscuits Figolu Lu - paquet de 192 g - Cr\u00e9\u00e9 en 1961, Figolu, le biscuit iconique \u00e0 la figue, a accompagn\u00e9 de nombreuses g\u00e9n\u00e9rations. En 2020, il est de retour, pour le plus grand plaisir de tous !","og_url":"https:\/\/my-french-grocery.com\/fr\/produit\/biscuits-figolu-lu\/","og_site_name":"My French Grocery","article_publisher":"https:\/\/www.facebook.com\/myfrenchgrocery\/","article_modified_time":"2026-03-13T20:19:41+00:00","og_image":[{"width":1500,"height":1500,"url":"https:\/\/my-french-grocery.com\/wp-content\/uploads\/2020\/09\/FIGOLU.jpg","type":"image\/jpeg"}],"twitter_card":"summary_large_image","schema":{"@context":"https:\/\/schema.org","@graph":[{"@type":"WebPage","@id":"https:\/\/my-french-grocery.com\/fr\/produit\/biscuits-figolu-lu\/","url":"https:\/\/my-french-grocery.com\/fr\/produit\/biscuits-figolu-lu\/","name":"Biscuits Figolu Lu | Acheter En Ligne | My French Grocery","isPartOf":{"@id":"https:\/\/my-french-grocery.com\/fr\/#website"},"primaryImageOfPage":{"@id":"https:\/\/my-french-grocery.com\/fr\/produit\/biscuits-figolu-lu\/#primaryimage"},"image":{"@id":"https:\/\/my-french-grocery.com\/fr\/produit\/biscuits-figolu-lu\/#primaryimage"},"thumbnailUrl":"https:\/\/my-french-grocery.com\/wp-content\/uploads\/2020\/09\/FIGOLU.jpg","datePublished":"2020-09-12T13:38:06+00:00","dateModified":"2026-03-13T20:19:41+00:00","description":"Biscuits Figolu Lu - paquet de 192 g - Cr\u00e9\u00e9 en 1961, Figolu, le biscuit iconique \u00e0 la figue, a accompagn\u00e9 de nombreuses g\u00e9n\u00e9rations. En 2020, il est de retour, pour le plus grand plaisir de tous !","breadcrumb":{"@id":"https:\/\/my-french-grocery.com\/fr\/produit\/biscuits-figolu-lu\/#breadcrumb"},"inLanguage":"fr-FR","potentialAction":[{"@type":"ReadAction","target":["https:\/\/my-french-grocery.com\/fr\/produit\/biscuits-figolu-lu\/"]}]},{"@type":"ImageObject","inLanguage":"fr-FR","@id":"https:\/\/my-french-grocery.com\/fr\/produit\/biscuits-figolu-lu\/#primaryimage","url":"https:\/\/my-french-grocery.com\/wp-content\/uploads\/2020\/09\/FIGOLU.jpg","contentUrl":"https:\/\/my-french-grocery.com\/wp-content\/uploads\/2020\/09\/FIGOLU.jpg","width":1500,"height":1500,"caption":"Biscuits Figolu Lu"},{"@type":"BreadcrumbList","@id":"https:\/\/my-french-grocery.com\/fr\/produit\/biscuits-figolu-lu\/#breadcrumb","itemListElement":[{"@type":"ListItem","position":1,"name":"Home","item":"https:\/\/my-french-grocery.com\/fr\/"},{"@type":"ListItem","position":2,"name":"Shop","item":"https:\/\/my-french-grocery.com\/shop\/"},{"@type":"ListItem","position":3,"name":"Alimentation","item":"https:\/\/my-french-grocery.com\/fr\/categorie-produit\/alimentation\/"},{"@type":"ListItem","position":4,"name":"G\u00e2teaux &amp; Biscuits","item":"https:\/\/my-french-grocery.com\/fr\/categorie-produit\/alimentation\/gateaux-biscuits\/"},{"@type":"ListItem","position":5,"name":"Biscuits Figolu Lu"}]},{"@type":"WebSite","@id":"https:\/\/my-french-grocery.com\/fr\/#website","url":"https:\/\/my-french-grocery.com\/fr\/","name":"My French Grocery","description":"Your Online French Grocery  !","publisher":{"@id":"https:\/\/my-french-grocery.com\/fr\/#organization"},"potentialAction":[{"@type":"SearchAction","target":{"@type":"EntryPoint","urlTemplate":"https:\/\/my-french-grocery.com\/fr\/?s={search_term_string}"},"query-input":{"@type":"PropertyValueSpecification","valueRequired":true,"valueName":"search_term_string"}}],"inLanguage":"fr-FR"},{"@type":"Organization","@id":"https:\/\/my-french-grocery.com\/fr\/#organization","name":"MY FRENCH GROCERY","url":"https:\/\/my-french-grocery.com\/fr\/","logo":{"@type":"ImageObject","inLanguage":"fr-FR","@id":"https:\/\/my-french-grocery.com\/fr\/#\/schema\/logo\/image\/","url":"https:\/\/my-french-grocery.com\/wp-content\/uploads\/2021\/11\/My-French-Grocery-Online-French-Grocery.png","contentUrl":"https:\/\/my-french-grocery.com\/wp-content\/uploads\/2021\/11\/My-French-Grocery-Online-French-Grocery.png","width":100,"height":100,"caption":"MY FRENCH GROCERY"},"image":{"@id":"https:\/\/my-french-grocery.com\/fr\/#\/schema\/logo\/image\/"},"sameAs":["https:\/\/www.facebook.com\/myfrenchgrocery\/"]}]}},"brands":[{"id":754,"name":"Lu","slug":"lu-fr"}],"_links":{"self":[{"href":"https:\/\/my-french-grocery.com\/fr\/wp-json\/wp\/v2\/product\/11985","targetHints":{"allow":["GET"]}}],"collection":[{"href":"https:\/\/my-french-grocery.com\/fr\/wp-json\/wp\/v2\/product"}],"about":[{"href":"https:\/\/my-french-grocery.com\/fr\/wp-json\/wp\/v2\/types\/product"}],"replies":[{"embeddable":true,"href":"https:\/\/my-french-grocery.com\/fr\/wp-json\/wp\/v2\/comments?post=11985"}],"wp:featuredmedia":[{"embeddable":true,"href":"https:\/\/my-french-grocery.com\/fr\/wp-json\/wp\/v2\/media\/11988"}],"wp:attachment":[{"href":"https:\/\/my-french-grocery.com\/fr\/wp-json\/wp\/v2\/media?parent=11985"}],"wp:term":[{"taxonomy":"pwb-brand","embeddable":true,"href":"https:\/\/my-french-grocery.com\/fr\/wp-json\/wp\/v2\/pwb-brand?post=11985"},{"taxonomy":"product_brand","embeddable":true,"href":"https:\/\/my-french-grocery.com\/fr\/wp-json\/wp\/v2\/product_brand?post=11985"},{"taxonomy":"product_cat","embeddable":true,"href":"https:\/\/my-french-grocery.com\/fr\/wp-json\/wp\/v2\/product_cat?post=11985"},{"taxonomy":"product_tag","embeddable":true,"href":"https:\/\/my-french-grocery.com\/fr\/wp-json\/wp\/v2\/product_tag?post=11985"}],"curies":[{"name":"wp","href":"https:\/\/api.w.org\/{rel}","templated":true}]}}