{"id":12500,"date":"2020-10-03T11:54:58","date_gmt":"2020-10-03T09:54:59","guid":{"rendered":"https:\/\/my-french-grocery.com\/?post_type=product&#038;p=12500"},"modified":"2025-04-16T10:28:15","modified_gmt":"2025-04-16T08:28:15","slug":"couscous-royal-poulet-boeuf-garbit","status":"publish","type":"product","link":"https:\/\/my-french-grocery.com\/fr\/produit\/couscous-royal-poulet-boeuf-garbit\/","title":{"rendered":"Couscous Oriental Poulet &#038; Boeuf Garbit"},"content":{"rendered":"<p>Couscous Oriental Poulet & Boeuf Garbit<\/p>\n<p>Boite de 980 g<\/p>\n<p>D\u00e9couvrez toute l\u2019\u00e9vasion du Couscous Poulet Boeuf Garbit : sa semoule l\u00e9g\u00e8re et a\u00e9r\u00e9e, ses carottes, courgettes, navets, pois chiches et poivrons cuisin\u00e9s dans un bouillon parfum\u00e9, le tout relev\u00e9 par une pointe de cumin et une touche de coriandre.<\/p>\n<p>\u00a0<\/p>\n","protected":false},"excerpt":{"rendered":"<p>Couscous Oriental Poulet &amp; Boeuf Garbit<\/p>\n<p>Boite de 980 g<\/p>\n","protected":false},"featured_media":47958,"comment_status":"open","ping_status":"closed","template":"","meta":[],"pwb-brand":[627],"product_brand":[],"product_cat":[1053],"product_tag":[1763],"class_list":{"0":"post-12500","1":"product","2":"type-product","3":"status-publish","4":"has-post-thumbnail","6":"pwb-brand-garbit-fr","7":"product_cat-plats-prepares","8":"product_tag-taboule","9":"product_shipping_class-expedition-dans-le-monde-entier","11":"first","12":"instock","13":"taxable","14":"shipping-taxable","15":"purchasable","16":"product-type-simple"},"brands":[{"id":627,"name":"Garbit","slug":"garbit-fr"}],"_links":{"self":[{"href":"https:\/\/my-french-grocery.com\/fr\/wp-json\/wp\/v2\/product\/12500","targetHints":{"allow":["GET"]}}],"collection":[{"href":"https:\/\/my-french-grocery.com\/fr\/wp-json\/wp\/v2\/product"}],"about":[{"href":"https:\/\/my-french-grocery.com\/fr\/wp-json\/wp\/v2\/types\/product"}],"replies":[{"embeddable":true,"href":"https:\/\/my-french-grocery.com\/fr\/wp-json\/wp\/v2\/comments?post=12500"}],"wp:featuredmedia":[{"embeddable":true,"href":"https:\/\/my-french-grocery.com\/fr\/wp-json\/wp\/v2\/media\/47958"}],"wp:attachment":[{"href":"https:\/\/my-french-grocery.com\/fr\/wp-json\/wp\/v2\/media?parent=12500"}],"wp:term":[{"taxonomy":"pwb-brand","embeddable":true,"href":"https:\/\/my-french-grocery.com\/fr\/wp-json\/wp\/v2\/pwb-brand?post=12500"},{"taxonomy":"product_brand","embeddable":true,"href":"https:\/\/my-french-grocery.com\/fr\/wp-json\/wp\/v2\/product_brand?post=12500"},{"taxonomy":"product_cat","embeddable":true,"href":"https:\/\/my-french-grocery.com\/fr\/wp-json\/wp\/v2\/product_cat?post=12500"},{"taxonomy":"product_tag","embeddable":true,"href":"https:\/\/my-french-grocery.com\/fr\/wp-json\/wp\/v2\/product_tag?post=12500"}],"curies":[{"name":"wp","href":"https:\/\/api.w.org\/{rel}","templated":true}]}}