{"id":12529,"date":"2020-10-03T13:49:59","date_gmt":"2020-10-03T11:50:00","guid":{"rendered":"https:\/\/my-french-grocery.com\/?post_type=product&#038;p=12529"},"modified":"2020-10-03T13:59:48","modified_gmt":"2020-10-03T11:59:48","slug":"paella-volaille-fruits-de-mer-chorizo-garbit","status":"publish","type":"product","link":"https:\/\/my-french-grocery.com\/fr\/produit\/paella-volaille-fruits-de-mer-chorizo-garbit\/","title":{"rendered":"Pa\u00eblla Volaille &#8211; Fruits De Mer &#8211; Chorizo Garbit"},"content":{"rendered":"<p>Pa\u00eblla Volaille &#8211; Fruits De Mer &#8211; Chorizo Garbit<\/p>\n<p>Boite de 940 g<\/p>\n<p>D\u00e9couvrez tout le soleil de la Paella Volaille Moules &amp; Chorizo Garbit : son riz long parfum\u00e9, ses carottes, petits pois, poivrons, ses moules et son chorizo, son bouillon cuisin\u00e9 rehauss\u00e9 par une touche de curcuma.<\/p>\n<p>&nbsp;<\/p>\n","protected":false},"excerpt":{"rendered":"<p>Pa\u00eblla Volaille &#8211; Fruits De Mer &#8211; Chorizo Garbit<\/p>\n<p>Boite de 940 g<\/p>\n","protected":false},"featured_media":12532,"comment_status":"open","ping_status":"closed","template":"","meta":[],"pwb-brand":[627],"product_brand":[],"product_cat":[1053],"product_tag":[1763],"class_list":{"0":"post-12529","1":"product","2":"type-product","3":"status-publish","4":"has-post-thumbnail","6":"pwb-brand-garbit-fr","7":"product_cat-plats-prepares","8":"product_tag-taboule","9":"product_shipping_class-expedition-dans-le-monde-entier","11":"first","12":"instock","13":"taxable","14":"shipping-taxable","15":"purchasable","16":"product-type-simple"},"yoast_head":"<!-- This site is optimized with the Yoast SEO plugin v27.3 - https:\/\/yoast.com\/product\/yoast-seo-wordpress\/ -->\n<title>Pa\u00eblla Volaille - Fruits De Mer - Chorizo Garbit | Acheter En Ligne | My French Grocery<\/title>\n<meta name=\"description\" content=\"Pa\u00eblla Volaille - Fruits De Mer - Chorizo Garbit - Boite de 940 g - D\u00e9couvrez tout le soleil de la Paella Volaille Moules &amp; Chorizo Garbit : son riz long parfum\u00e9, ses carottes, petits pois, poivrons, ses moules et son chorizo, son bouillon cuisin\u00e9 rehauss\u00e9 par une touche de curcuma.\" \/>\n<meta name=\"robots\" content=\"index, follow, max-snippet:-1, max-image-preview:large, max-video-preview:-1\" \/>\n<link rel=\"canonical\" href=\"https:\/\/my-french-grocery.com\/fr\/produit\/paella-volaille-fruits-de-mer-chorizo-garbit\/\" \/>\n<meta property=\"og:locale\" content=\"fr_FR\" \/>\n<meta property=\"og:type\" content=\"article\" \/>\n<meta property=\"og:title\" content=\"Pa\u00eblla Volaille - Fruits De Mer - Chorizo Garbit | Acheter En Ligne | My French Grocery\" \/>\n<meta property=\"og:description\" content=\"Pa\u00eblla Volaille - Fruits De Mer - Chorizo Garbit - Boite de 940 g - D\u00e9couvrez tout le soleil de la Paella Volaille Moules &amp; Chorizo Garbit : son riz long parfum\u00e9, ses carottes, petits pois, poivrons, ses moules et son chorizo, son bouillon cuisin\u00e9 rehauss\u00e9 par une touche de curcuma.\" \/>\n<meta property=\"og:url\" content=\"https:\/\/my-french-grocery.com\/fr\/produit\/paella-volaille-fruits-de-mer-chorizo-garbit\/\" \/>\n<meta property=\"og:site_name\" content=\"My French Grocery\" \/>\n<meta property=\"article:publisher\" content=\"https:\/\/www.facebook.com\/myfrenchgrocery\/\" \/>\n<meta property=\"article:modified_time\" content=\"2020-10-03T11:59:48+00:00\" \/>\n<meta property=\"og:image\" content=\"https:\/\/my-french-grocery.com\/wp-content\/uploads\/2020\/10\/PAELLA-GARBIT.png\" \/>\n\t<meta property=\"og:image:width\" content=\"576\" \/>\n\t<meta property=\"og:image:height\" content=\"576\" \/>\n\t<meta property=\"og:image:type\" content=\"image\/png\" \/>\n<meta name=\"twitter:card\" content=\"summary_large_image\" \/>\n<script type=\"application\/ld+json\" class=\"yoast-schema-graph\">{\"@context\":\"https:\\\/\\\/schema.org\",\"@graph\":[{\"@type\":\"WebPage\",\"@id\":\"https:\\\/\\\/my-french-grocery.com\\\/fr\\\/produit\\\/paella-volaille-fruits-de-mer-chorizo-garbit\\\/\",\"url\":\"https:\\\/\\\/my-french-grocery.com\\\/fr\\\/produit\\\/paella-volaille-fruits-de-mer-chorizo-garbit\\\/\",\"name\":\"Pa\u00eblla Volaille - Fruits De Mer - Chorizo Garbit | Acheter En Ligne | My French Grocery\",\"isPartOf\":{\"@id\":\"https:\\\/\\\/my-french-grocery.com\\\/fr\\\/#website\"},\"primaryImageOfPage\":{\"@id\":\"https:\\\/\\\/my-french-grocery.com\\\/fr\\\/produit\\\/paella-volaille-fruits-de-mer-chorizo-garbit\\\/#primaryimage\"},\"image\":{\"@id\":\"https:\\\/\\\/my-french-grocery.com\\\/fr\\\/produit\\\/paella-volaille-fruits-de-mer-chorizo-garbit\\\/#primaryimage\"},\"thumbnailUrl\":\"https:\\\/\\\/my-french-grocery.com\\\/wp-content\\\/uploads\\\/2020\\\/10\\\/PAELLA-GARBIT.png\",\"datePublished\":\"2020-10-03T11:50:00+00:00\",\"dateModified\":\"2020-10-03T11:59:48+00:00\",\"description\":\"Pa\u00eblla Volaille - Fruits De Mer - Chorizo Garbit - Boite de 940 g - D\u00e9couvrez tout le soleil de la Paella Volaille Moules & Chorizo Garbit : son riz long parfum\u00e9, ses carottes, petits pois, poivrons, ses moules et son chorizo, son bouillon cuisin\u00e9 rehauss\u00e9 par une touche de curcuma.\",\"breadcrumb\":{\"@id\":\"https:\\\/\\\/my-french-grocery.com\\\/fr\\\/produit\\\/paella-volaille-fruits-de-mer-chorizo-garbit\\\/#breadcrumb\"},\"inLanguage\":\"fr-FR\",\"potentialAction\":[{\"@type\":\"ReadAction\",\"target\":[\"https:\\\/\\\/my-french-grocery.com\\\/fr\\\/produit\\\/paella-volaille-fruits-de-mer-chorizo-garbit\\\/\"]}]},{\"@type\":\"ImageObject\",\"inLanguage\":\"fr-FR\",\"@id\":\"https:\\\/\\\/my-french-grocery.com\\\/fr\\\/produit\\\/paella-volaille-fruits-de-mer-chorizo-garbit\\\/#primaryimage\",\"url\":\"https:\\\/\\\/my-french-grocery.com\\\/wp-content\\\/uploads\\\/2020\\\/10\\\/PAELLA-GARBIT.png\",\"contentUrl\":\"https:\\\/\\\/my-french-grocery.com\\\/wp-content\\\/uploads\\\/2020\\\/10\\\/PAELLA-GARBIT.png\",\"width\":576,\"height\":576,\"caption\":\"Pa\u00eblla Volaille - Fruits De Mer - Chorizo Garbit\"},{\"@type\":\"BreadcrumbList\",\"@id\":\"https:\\\/\\\/my-french-grocery.com\\\/fr\\\/produit\\\/paella-volaille-fruits-de-mer-chorizo-garbit\\\/#breadcrumb\",\"itemListElement\":[{\"@type\":\"ListItem\",\"position\":1,\"name\":\"Home\",\"item\":\"https:\\\/\\\/my-french-grocery.com\\\/fr\\\/\"},{\"@type\":\"ListItem\",\"position\":2,\"name\":\"Shop\",\"item\":\"https:\\\/\\\/my-french-grocery.com\\\/shop\\\/\"},{\"@type\":\"ListItem\",\"position\":3,\"name\":\"Alimentation\",\"item\":\"https:\\\/\\\/my-french-grocery.com\\\/fr\\\/categorie-produit\\\/alimentation\\\/\"},{\"@type\":\"ListItem\",\"position\":4,\"name\":\"Conserves &amp; Plats Pr\u00e9par\u00e9s\",\"item\":\"https:\\\/\\\/my-french-grocery.com\\\/fr\\\/categorie-produit\\\/alimentation\\\/conserves-plats-prepares\\\/\"},{\"@type\":\"ListItem\",\"position\":5,\"name\":\"Plats Pr\u00e9par\u00e9s\",\"item\":\"https:\\\/\\\/my-french-grocery.com\\\/fr\\\/categorie-produit\\\/alimentation\\\/conserves-plats-prepares\\\/plats-prepares\\\/\"},{\"@type\":\"ListItem\",\"position\":6,\"name\":\"Pa\u00eblla Volaille &#8211; Fruits De Mer &#8211; Chorizo Garbit\"}]},{\"@type\":\"WebSite\",\"@id\":\"https:\\\/\\\/my-french-grocery.com\\\/fr\\\/#website\",\"url\":\"https:\\\/\\\/my-french-grocery.com\\\/fr\\\/\",\"name\":\"My French Grocery\",\"description\":\"Your Online French Grocery  !\",\"publisher\":{\"@id\":\"https:\\\/\\\/my-french-grocery.com\\\/fr\\\/#organization\"},\"potentialAction\":[{\"@type\":\"SearchAction\",\"target\":{\"@type\":\"EntryPoint\",\"urlTemplate\":\"https:\\\/\\\/my-french-grocery.com\\\/fr\\\/?s={search_term_string}\"},\"query-input\":{\"@type\":\"PropertyValueSpecification\",\"valueRequired\":true,\"valueName\":\"search_term_string\"}}],\"inLanguage\":\"fr-FR\"},{\"@type\":\"Organization\",\"@id\":\"https:\\\/\\\/my-french-grocery.com\\\/fr\\\/#organization\",\"name\":\"MY FRENCH GROCERY\",\"url\":\"https:\\\/\\\/my-french-grocery.com\\\/fr\\\/\",\"logo\":{\"@type\":\"ImageObject\",\"inLanguage\":\"fr-FR\",\"@id\":\"https:\\\/\\\/my-french-grocery.com\\\/fr\\\/#\\\/schema\\\/logo\\\/image\\\/\",\"url\":\"https:\\\/\\\/my-french-grocery.com\\\/wp-content\\\/uploads\\\/2021\\\/11\\\/My-French-Grocery-Online-French-Grocery.png\",\"contentUrl\":\"https:\\\/\\\/my-french-grocery.com\\\/wp-content\\\/uploads\\\/2021\\\/11\\\/My-French-Grocery-Online-French-Grocery.png\",\"width\":100,\"height\":100,\"caption\":\"MY FRENCH GROCERY\"},\"image\":{\"@id\":\"https:\\\/\\\/my-french-grocery.com\\\/fr\\\/#\\\/schema\\\/logo\\\/image\\\/\"},\"sameAs\":[\"https:\\\/\\\/www.facebook.com\\\/myfrenchgrocery\\\/\"]}]}<\/script>\n<!-- \/ Yoast SEO plugin. -->","yoast_head_json":{"title":"Pa\u00eblla Volaille - Fruits De Mer - Chorizo Garbit | Acheter En Ligne | My French Grocery","description":"Pa\u00eblla Volaille - Fruits De Mer - Chorizo Garbit - Boite de 940 g - D\u00e9couvrez tout le soleil de la Paella Volaille Moules & Chorizo Garbit : son riz long parfum\u00e9, ses carottes, petits pois, poivrons, ses moules et son chorizo, son bouillon cuisin\u00e9 rehauss\u00e9 par une touche de curcuma.","robots":{"index":"index","follow":"follow","max-snippet":"max-snippet:-1","max-image-preview":"max-image-preview:large","max-video-preview":"max-video-preview:-1"},"canonical":"https:\/\/my-french-grocery.com\/fr\/produit\/paella-volaille-fruits-de-mer-chorizo-garbit\/","og_locale":"fr_FR","og_type":"article","og_title":"Pa\u00eblla Volaille - Fruits De Mer - Chorizo Garbit | Acheter En Ligne | My French Grocery","og_description":"Pa\u00eblla Volaille - Fruits De Mer - Chorizo Garbit - Boite de 940 g - D\u00e9couvrez tout le soleil de la Paella Volaille Moules & Chorizo Garbit : son riz long parfum\u00e9, ses carottes, petits pois, poivrons, ses moules et son chorizo, son bouillon cuisin\u00e9 rehauss\u00e9 par une touche de curcuma.","og_url":"https:\/\/my-french-grocery.com\/fr\/produit\/paella-volaille-fruits-de-mer-chorizo-garbit\/","og_site_name":"My French Grocery","article_publisher":"https:\/\/www.facebook.com\/myfrenchgrocery\/","article_modified_time":"2020-10-03T11:59:48+00:00","og_image":[{"width":576,"height":576,"url":"https:\/\/my-french-grocery.com\/wp-content\/uploads\/2020\/10\/PAELLA-GARBIT.png","type":"image\/png"}],"twitter_card":"summary_large_image","schema":{"@context":"https:\/\/schema.org","@graph":[{"@type":"WebPage","@id":"https:\/\/my-french-grocery.com\/fr\/produit\/paella-volaille-fruits-de-mer-chorizo-garbit\/","url":"https:\/\/my-french-grocery.com\/fr\/produit\/paella-volaille-fruits-de-mer-chorizo-garbit\/","name":"Pa\u00eblla Volaille - Fruits De Mer - Chorizo Garbit | Acheter En Ligne | My French Grocery","isPartOf":{"@id":"https:\/\/my-french-grocery.com\/fr\/#website"},"primaryImageOfPage":{"@id":"https:\/\/my-french-grocery.com\/fr\/produit\/paella-volaille-fruits-de-mer-chorizo-garbit\/#primaryimage"},"image":{"@id":"https:\/\/my-french-grocery.com\/fr\/produit\/paella-volaille-fruits-de-mer-chorizo-garbit\/#primaryimage"},"thumbnailUrl":"https:\/\/my-french-grocery.com\/wp-content\/uploads\/2020\/10\/PAELLA-GARBIT.png","datePublished":"2020-10-03T11:50:00+00:00","dateModified":"2020-10-03T11:59:48+00:00","description":"Pa\u00eblla Volaille - Fruits De Mer - Chorizo Garbit - Boite de 940 g - D\u00e9couvrez tout le soleil de la Paella Volaille Moules & Chorizo Garbit : son riz long parfum\u00e9, ses carottes, petits pois, poivrons, ses moules et son chorizo, son bouillon cuisin\u00e9 rehauss\u00e9 par une touche de curcuma.","breadcrumb":{"@id":"https:\/\/my-french-grocery.com\/fr\/produit\/paella-volaille-fruits-de-mer-chorizo-garbit\/#breadcrumb"},"inLanguage":"fr-FR","potentialAction":[{"@type":"ReadAction","target":["https:\/\/my-french-grocery.com\/fr\/produit\/paella-volaille-fruits-de-mer-chorizo-garbit\/"]}]},{"@type":"ImageObject","inLanguage":"fr-FR","@id":"https:\/\/my-french-grocery.com\/fr\/produit\/paella-volaille-fruits-de-mer-chorizo-garbit\/#primaryimage","url":"https:\/\/my-french-grocery.com\/wp-content\/uploads\/2020\/10\/PAELLA-GARBIT.png","contentUrl":"https:\/\/my-french-grocery.com\/wp-content\/uploads\/2020\/10\/PAELLA-GARBIT.png","width":576,"height":576,"caption":"Pa\u00eblla Volaille - Fruits De Mer - Chorizo Garbit"},{"@type":"BreadcrumbList","@id":"https:\/\/my-french-grocery.com\/fr\/produit\/paella-volaille-fruits-de-mer-chorizo-garbit\/#breadcrumb","itemListElement":[{"@type":"ListItem","position":1,"name":"Home","item":"https:\/\/my-french-grocery.com\/fr\/"},{"@type":"ListItem","position":2,"name":"Shop","item":"https:\/\/my-french-grocery.com\/shop\/"},{"@type":"ListItem","position":3,"name":"Alimentation","item":"https:\/\/my-french-grocery.com\/fr\/categorie-produit\/alimentation\/"},{"@type":"ListItem","position":4,"name":"Conserves &amp; Plats Pr\u00e9par\u00e9s","item":"https:\/\/my-french-grocery.com\/fr\/categorie-produit\/alimentation\/conserves-plats-prepares\/"},{"@type":"ListItem","position":5,"name":"Plats Pr\u00e9par\u00e9s","item":"https:\/\/my-french-grocery.com\/fr\/categorie-produit\/alimentation\/conserves-plats-prepares\/plats-prepares\/"},{"@type":"ListItem","position":6,"name":"Pa\u00eblla Volaille &#8211; Fruits De Mer &#8211; Chorizo Garbit"}]},{"@type":"WebSite","@id":"https:\/\/my-french-grocery.com\/fr\/#website","url":"https:\/\/my-french-grocery.com\/fr\/","name":"My French Grocery","description":"Your Online French Grocery  !","publisher":{"@id":"https:\/\/my-french-grocery.com\/fr\/#organization"},"potentialAction":[{"@type":"SearchAction","target":{"@type":"EntryPoint","urlTemplate":"https:\/\/my-french-grocery.com\/fr\/?s={search_term_string}"},"query-input":{"@type":"PropertyValueSpecification","valueRequired":true,"valueName":"search_term_string"}}],"inLanguage":"fr-FR"},{"@type":"Organization","@id":"https:\/\/my-french-grocery.com\/fr\/#organization","name":"MY FRENCH GROCERY","url":"https:\/\/my-french-grocery.com\/fr\/","logo":{"@type":"ImageObject","inLanguage":"fr-FR","@id":"https:\/\/my-french-grocery.com\/fr\/#\/schema\/logo\/image\/","url":"https:\/\/my-french-grocery.com\/wp-content\/uploads\/2021\/11\/My-French-Grocery-Online-French-Grocery.png","contentUrl":"https:\/\/my-french-grocery.com\/wp-content\/uploads\/2021\/11\/My-French-Grocery-Online-French-Grocery.png","width":100,"height":100,"caption":"MY FRENCH GROCERY"},"image":{"@id":"https:\/\/my-french-grocery.com\/fr\/#\/schema\/logo\/image\/"},"sameAs":["https:\/\/www.facebook.com\/myfrenchgrocery\/"]}]}},"brands":[{"id":627,"name":"Garbit","slug":"garbit-fr"}],"_links":{"self":[{"href":"https:\/\/my-french-grocery.com\/fr\/wp-json\/wp\/v2\/product\/12529","targetHints":{"allow":["GET"]}}],"collection":[{"href":"https:\/\/my-french-grocery.com\/fr\/wp-json\/wp\/v2\/product"}],"about":[{"href":"https:\/\/my-french-grocery.com\/fr\/wp-json\/wp\/v2\/types\/product"}],"replies":[{"embeddable":true,"href":"https:\/\/my-french-grocery.com\/fr\/wp-json\/wp\/v2\/comments?post=12529"}],"wp:featuredmedia":[{"embeddable":true,"href":"https:\/\/my-french-grocery.com\/fr\/wp-json\/wp\/v2\/media\/12532"}],"wp:attachment":[{"href":"https:\/\/my-french-grocery.com\/fr\/wp-json\/wp\/v2\/media?parent=12529"}],"wp:term":[{"taxonomy":"pwb-brand","embeddable":true,"href":"https:\/\/my-french-grocery.com\/fr\/wp-json\/wp\/v2\/pwb-brand?post=12529"},{"taxonomy":"product_brand","embeddable":true,"href":"https:\/\/my-french-grocery.com\/fr\/wp-json\/wp\/v2\/product_brand?post=12529"},{"taxonomy":"product_cat","embeddable":true,"href":"https:\/\/my-french-grocery.com\/fr\/wp-json\/wp\/v2\/product_cat?post=12529"},{"taxonomy":"product_tag","embeddable":true,"href":"https:\/\/my-french-grocery.com\/fr\/wp-json\/wp\/v2\/product_tag?post=12529"}],"curies":[{"name":"wp","href":"https:\/\/api.w.org\/{rel}","templated":true}]}}