{"id":13368,"date":"2018-08-17T15:33:55","date_gmt":"2018-08-17T13:33:55","guid":{"rendered":"https:\/\/my-french-grocery.com\/product\/boisson-a-lorange-oasis\/"},"modified":"2018-08-17T15:33:55","modified_gmt":"2018-08-17T13:33:55","slug":"boisson-a-lorange-oasis","status":"publish","type":"product","link":"https:\/\/my-french-grocery.com\/fr\/produit\/boisson-a-lorange-oasis\/","title":{"rendered":"Boisson \u00e0 L&rsquo;Orange Oasis"},"content":{"rendered":"<p>Boisson \u00e0 L\u2019Orange Oasis<\/p>\n<p>Bouteille de 2L<\/p>\n<p>Une rencontre fruit\u00e9e entre une orange douce et une orange plus acidul\u00e9e pour un pur plaisir rafra\u00eechissant, sans conservateur, sans colorant ni ar\u00f4me artificiels, et sans \u00e9dulcorant<\/p>\n","protected":false},"excerpt":{"rendered":"<p>Boisson \u00e0 L&rsquo;Orange Oasis<\/p>\n<p>Bouteille de 2L<\/p>\n","protected":false},"featured_media":13369,"comment_status":"open","ping_status":"closed","template":"","meta":[],"pwb-brand":[832],"product_brand":[],"product_cat":[1015],"product_tag":[1338],"class_list":{"0":"post-13368","1":"product","2":"type-product","3":"status-publish","4":"has-post-thumbnail","6":"pwb-brand-oasis-fr","7":"product_cat-eau-jus-de-fruits-sodas-sirops","8":"product_tag-oasis","9":"product_shipping_class-expedition-dans-le-monde-entier","11":"first","12":"instock","13":"taxable","14":"shipping-taxable","15":"purchasable","16":"product-type-simple"},"brands":[{"id":832,"name":"Oasis","slug":"oasis-fr"}],"_links":{"self":[{"href":"https:\/\/my-french-grocery.com\/fr\/wp-json\/wp\/v2\/product\/13368","targetHints":{"allow":["GET"]}}],"collection":[{"href":"https:\/\/my-french-grocery.com\/fr\/wp-json\/wp\/v2\/product"}],"about":[{"href":"https:\/\/my-french-grocery.com\/fr\/wp-json\/wp\/v2\/types\/product"}],"replies":[{"embeddable":true,"href":"https:\/\/my-french-grocery.com\/fr\/wp-json\/wp\/v2\/comments?post=13368"}],"wp:featuredmedia":[{"embeddable":true,"href":"https:\/\/my-french-grocery.com\/fr\/wp-json\/wp\/v2\/media\/13369"}],"wp:attachment":[{"href":"https:\/\/my-french-grocery.com\/fr\/wp-json\/wp\/v2\/media?parent=13368"}],"wp:term":[{"taxonomy":"pwb-brand","embeddable":true,"href":"https:\/\/my-french-grocery.com\/fr\/wp-json\/wp\/v2\/pwb-brand?post=13368"},{"taxonomy":"product_brand","embeddable":true,"href":"https:\/\/my-french-grocery.com\/fr\/wp-json\/wp\/v2\/product_brand?post=13368"},{"taxonomy":"product_cat","embeddable":true,"href":"https:\/\/my-french-grocery.com\/fr\/wp-json\/wp\/v2\/product_cat?post=13368"},{"taxonomy":"product_tag","embeddable":true,"href":"https:\/\/my-french-grocery.com\/fr\/wp-json\/wp\/v2\/product_tag?post=13368"}],"curies":[{"name":"wp","href":"https:\/\/api.w.org\/{rel}","templated":true}]}}