{"id":13439,"date":"2020-10-24T14:35:17","date_gmt":"2020-10-24T12:35:17","guid":{"rendered":"https:\/\/my-french-grocery.com\/?post_type=product&#038;p=13439"},"modified":"2024-03-05T10:35:17","modified_gmt":"2024-03-05T08:35:17","slug":"arome-patrelle","status":"publish","type":"product","link":"https:\/\/my-french-grocery.com\/fr\/produit\/arome-patrelle\/","title":{"rendered":"Ar\u00f4me Patrelle"},"content":{"rendered":"<p>Ar\u00f4me Patrelle<\/p>\n<p>Bouteille de 140 g<\/p>\n<p align=\"justify\">Le \u00ab\u00a0Saveur des Potages<sup>\u00ae\u00a0<\/sup>Patrelle\u00a0\u00bb est un colorant alimentaire pour potages, bouillons, charcuterie, sauces.<\/p>\n<p align=\"justify\">De par sa taille, cette petite bouteille trouvera tr\u00e8s facilement sa place dans vos placards de cuisine et deviendra l&rsquo;ingr\u00e9dient indispensable \u00e0 tous vos plats.<\/p>\n","protected":false},"excerpt":{"rendered":"<p>Ar\u00f4me Patrelle<\/p>\n<p>Bouteille de 140 g<\/p>\n","protected":false},"featured_media":13442,"comment_status":"open","ping_status":"closed","template":"","meta":[],"pwb-brand":[],"product_brand":[],"product_cat":[1033,1045],"product_tag":[1833],"class_list":{"0":"post-13439","1":"product","2":"type-product","3":"status-publish","4":"has-post-thumbnail","6":"product_cat-condiments-fr","7":"product_cat-sauces-fr","8":"product_tag-patrelle-fr","9":"product_shipping_class-expedition-dans-le-monde-entier","11":"first","12":"instock","13":"taxable","14":"shipping-taxable","15":"purchasable","16":"product-type-simple"},"yoast_head":"<!-- This site is optimized with the Yoast SEO plugin v27.3 - https:\/\/yoast.com\/product\/yoast-seo-wordpress\/ -->\n<title>Ar\u00f4me Patrelle | Acheter En Ligne | My French Grocery<\/title>\n<meta name=\"description\" content=\"Ar\u00f4me Patrelle - Bouteille de 140 g - Le &quot;Saveur des Potages\u00ae\u00a0Patrelle&quot; est un colorant alimentaire pour potages, bouillons, charcuterie, sauces. De par sa taille, cette petite bouteille trouvera tr\u00e8s facilement sa place dans vos placards de cuisine et deviendra l&#039;ingr\u00e9dient indispensable \u00e0 tous vos plats.\" \/>\n<meta name=\"robots\" content=\"index, follow, max-snippet:-1, max-image-preview:large, max-video-preview:-1\" \/>\n<link rel=\"canonical\" href=\"https:\/\/my-french-grocery.com\/fr\/produit\/arome-patrelle\/\" \/>\n<meta property=\"og:locale\" content=\"fr_FR\" \/>\n<meta property=\"og:type\" content=\"article\" \/>\n<meta property=\"og:title\" content=\"Ar\u00f4me Patrelle | Acheter En Ligne | My French Grocery\" \/>\n<meta property=\"og:description\" content=\"Ar\u00f4me Patrelle - Bouteille de 140 g - Le &quot;Saveur des Potages\u00ae\u00a0Patrelle&quot; est un colorant alimentaire pour potages, bouillons, charcuterie, sauces. De par sa taille, cette petite bouteille trouvera tr\u00e8s facilement sa place dans vos placards de cuisine et deviendra l&#039;ingr\u00e9dient indispensable \u00e0 tous vos plats.\" \/>\n<meta property=\"og:url\" content=\"https:\/\/my-french-grocery.com\/fr\/produit\/arome-patrelle\/\" \/>\n<meta property=\"og:site_name\" content=\"My French Grocery\" \/>\n<meta property=\"article:publisher\" content=\"https:\/\/www.facebook.com\/myfrenchgrocery\/\" \/>\n<meta property=\"article:modified_time\" content=\"2024-03-05T08:35:17+00:00\" \/>\n<meta property=\"og:image\" content=\"https:\/\/my-french-grocery.com\/wp-content\/uploads\/2020\/10\/PATRELLE.jpg\" \/>\n\t<meta property=\"og:image:width\" content=\"1200\" \/>\n\t<meta property=\"og:image:height\" content=\"1200\" \/>\n\t<meta property=\"og:image:type\" content=\"image\/jpeg\" \/>\n<meta name=\"twitter:card\" content=\"summary_large_image\" \/>\n<script type=\"application\/ld+json\" class=\"yoast-schema-graph\">{\"@context\":\"https:\\\/\\\/schema.org\",\"@graph\":[{\"@type\":\"WebPage\",\"@id\":\"https:\\\/\\\/my-french-grocery.com\\\/fr\\\/produit\\\/arome-patrelle\\\/\",\"url\":\"https:\\\/\\\/my-french-grocery.com\\\/fr\\\/produit\\\/arome-patrelle\\\/\",\"name\":\"Ar\u00f4me Patrelle | Acheter En Ligne | My French Grocery\",\"isPartOf\":{\"@id\":\"https:\\\/\\\/my-french-grocery.com\\\/fr\\\/#website\"},\"primaryImageOfPage\":{\"@id\":\"https:\\\/\\\/my-french-grocery.com\\\/fr\\\/produit\\\/arome-patrelle\\\/#primaryimage\"},\"image\":{\"@id\":\"https:\\\/\\\/my-french-grocery.com\\\/fr\\\/produit\\\/arome-patrelle\\\/#primaryimage\"},\"thumbnailUrl\":\"https:\\\/\\\/my-french-grocery.com\\\/wp-content\\\/uploads\\\/2020\\\/10\\\/PATRELLE.jpg\",\"datePublished\":\"2020-10-24T12:35:17+00:00\",\"dateModified\":\"2024-03-05T08:35:17+00:00\",\"description\":\"Ar\u00f4me Patrelle - Bouteille de 140 g - Le \\\"Saveur des Potages\u00ae\u00a0Patrelle\\\" est un colorant alimentaire pour potages, bouillons, charcuterie, sauces. De par sa taille, cette petite bouteille trouvera tr\u00e8s facilement sa place dans vos placards de cuisine et deviendra l'ingr\u00e9dient indispensable \u00e0 tous vos plats.\",\"breadcrumb\":{\"@id\":\"https:\\\/\\\/my-french-grocery.com\\\/fr\\\/produit\\\/arome-patrelle\\\/#breadcrumb\"},\"inLanguage\":\"fr-FR\",\"potentialAction\":[{\"@type\":\"ReadAction\",\"target\":[\"https:\\\/\\\/my-french-grocery.com\\\/fr\\\/produit\\\/arome-patrelle\\\/\"]}]},{\"@type\":\"ImageObject\",\"inLanguage\":\"fr-FR\",\"@id\":\"https:\\\/\\\/my-french-grocery.com\\\/fr\\\/produit\\\/arome-patrelle\\\/#primaryimage\",\"url\":\"https:\\\/\\\/my-french-grocery.com\\\/wp-content\\\/uploads\\\/2020\\\/10\\\/PATRELLE.jpg\",\"contentUrl\":\"https:\\\/\\\/my-french-grocery.com\\\/wp-content\\\/uploads\\\/2020\\\/10\\\/PATRELLE.jpg\",\"width\":1200,\"height\":1200,\"caption\":\"Ar\u00f4me Patrelle - My French Grocery\"},{\"@type\":\"BreadcrumbList\",\"@id\":\"https:\\\/\\\/my-french-grocery.com\\\/fr\\\/produit\\\/arome-patrelle\\\/#breadcrumb\",\"itemListElement\":[{\"@type\":\"ListItem\",\"position\":1,\"name\":\"Home\",\"item\":\"https:\\\/\\\/my-french-grocery.com\\\/fr\\\/\"},{\"@type\":\"ListItem\",\"position\":2,\"name\":\"Shop\",\"item\":\"https:\\\/\\\/my-french-grocery.com\\\/shop\\\/\"},{\"@type\":\"ListItem\",\"position\":3,\"name\":\"Alimentation\",\"item\":\"https:\\\/\\\/my-french-grocery.com\\\/fr\\\/categorie-produit\\\/alimentation\\\/\"},{\"@type\":\"ListItem\",\"position\":4,\"name\":\"Condiments\",\"item\":\"https:\\\/\\\/my-french-grocery.com\\\/fr\\\/categorie-produit\\\/alimentation\\\/condiments-fr\\\/\"},{\"@type\":\"ListItem\",\"position\":5,\"name\":\"Ar\u00f4me Patrelle\"}]},{\"@type\":\"WebSite\",\"@id\":\"https:\\\/\\\/my-french-grocery.com\\\/fr\\\/#website\",\"url\":\"https:\\\/\\\/my-french-grocery.com\\\/fr\\\/\",\"name\":\"My French Grocery\",\"description\":\"Your Online French Grocery  !\",\"publisher\":{\"@id\":\"https:\\\/\\\/my-french-grocery.com\\\/fr\\\/#organization\"},\"potentialAction\":[{\"@type\":\"SearchAction\",\"target\":{\"@type\":\"EntryPoint\",\"urlTemplate\":\"https:\\\/\\\/my-french-grocery.com\\\/fr\\\/?s={search_term_string}\"},\"query-input\":{\"@type\":\"PropertyValueSpecification\",\"valueRequired\":true,\"valueName\":\"search_term_string\"}}],\"inLanguage\":\"fr-FR\"},{\"@type\":\"Organization\",\"@id\":\"https:\\\/\\\/my-french-grocery.com\\\/fr\\\/#organization\",\"name\":\"MY FRENCH GROCERY\",\"url\":\"https:\\\/\\\/my-french-grocery.com\\\/fr\\\/\",\"logo\":{\"@type\":\"ImageObject\",\"inLanguage\":\"fr-FR\",\"@id\":\"https:\\\/\\\/my-french-grocery.com\\\/fr\\\/#\\\/schema\\\/logo\\\/image\\\/\",\"url\":\"https:\\\/\\\/my-french-grocery.com\\\/wp-content\\\/uploads\\\/2021\\\/11\\\/My-French-Grocery-Online-French-Grocery.png\",\"contentUrl\":\"https:\\\/\\\/my-french-grocery.com\\\/wp-content\\\/uploads\\\/2021\\\/11\\\/My-French-Grocery-Online-French-Grocery.png\",\"width\":100,\"height\":100,\"caption\":\"MY FRENCH GROCERY\"},\"image\":{\"@id\":\"https:\\\/\\\/my-french-grocery.com\\\/fr\\\/#\\\/schema\\\/logo\\\/image\\\/\"},\"sameAs\":[\"https:\\\/\\\/www.facebook.com\\\/myfrenchgrocery\\\/\"]}]}<\/script>\n<!-- \/ Yoast SEO plugin. -->","yoast_head_json":{"title":"Ar\u00f4me Patrelle | Acheter En Ligne | My French Grocery","description":"Ar\u00f4me Patrelle - Bouteille de 140 g - Le \"Saveur des Potages\u00ae\u00a0Patrelle\" est un colorant alimentaire pour potages, bouillons, charcuterie, sauces. De par sa taille, cette petite bouteille trouvera tr\u00e8s facilement sa place dans vos placards de cuisine et deviendra l'ingr\u00e9dient indispensable \u00e0 tous vos plats.","robots":{"index":"index","follow":"follow","max-snippet":"max-snippet:-1","max-image-preview":"max-image-preview:large","max-video-preview":"max-video-preview:-1"},"canonical":"https:\/\/my-french-grocery.com\/fr\/produit\/arome-patrelle\/","og_locale":"fr_FR","og_type":"article","og_title":"Ar\u00f4me Patrelle | Acheter En Ligne | My French Grocery","og_description":"Ar\u00f4me Patrelle - Bouteille de 140 g - Le \"Saveur des Potages\u00ae\u00a0Patrelle\" est un colorant alimentaire pour potages, bouillons, charcuterie, sauces. De par sa taille, cette petite bouteille trouvera tr\u00e8s facilement sa place dans vos placards de cuisine et deviendra l'ingr\u00e9dient indispensable \u00e0 tous vos plats.","og_url":"https:\/\/my-french-grocery.com\/fr\/produit\/arome-patrelle\/","og_site_name":"My French Grocery","article_publisher":"https:\/\/www.facebook.com\/myfrenchgrocery\/","article_modified_time":"2024-03-05T08:35:17+00:00","og_image":[{"width":1200,"height":1200,"url":"https:\/\/my-french-grocery.com\/wp-content\/uploads\/2020\/10\/PATRELLE.jpg","type":"image\/jpeg"}],"twitter_card":"summary_large_image","schema":{"@context":"https:\/\/schema.org","@graph":[{"@type":"WebPage","@id":"https:\/\/my-french-grocery.com\/fr\/produit\/arome-patrelle\/","url":"https:\/\/my-french-grocery.com\/fr\/produit\/arome-patrelle\/","name":"Ar\u00f4me Patrelle | Acheter En Ligne | My French Grocery","isPartOf":{"@id":"https:\/\/my-french-grocery.com\/fr\/#website"},"primaryImageOfPage":{"@id":"https:\/\/my-french-grocery.com\/fr\/produit\/arome-patrelle\/#primaryimage"},"image":{"@id":"https:\/\/my-french-grocery.com\/fr\/produit\/arome-patrelle\/#primaryimage"},"thumbnailUrl":"https:\/\/my-french-grocery.com\/wp-content\/uploads\/2020\/10\/PATRELLE.jpg","datePublished":"2020-10-24T12:35:17+00:00","dateModified":"2024-03-05T08:35:17+00:00","description":"Ar\u00f4me Patrelle - Bouteille de 140 g - Le \"Saveur des Potages\u00ae\u00a0Patrelle\" est un colorant alimentaire pour potages, bouillons, charcuterie, sauces. De par sa taille, cette petite bouteille trouvera tr\u00e8s facilement sa place dans vos placards de cuisine et deviendra l'ingr\u00e9dient indispensable \u00e0 tous vos plats.","breadcrumb":{"@id":"https:\/\/my-french-grocery.com\/fr\/produit\/arome-patrelle\/#breadcrumb"},"inLanguage":"fr-FR","potentialAction":[{"@type":"ReadAction","target":["https:\/\/my-french-grocery.com\/fr\/produit\/arome-patrelle\/"]}]},{"@type":"ImageObject","inLanguage":"fr-FR","@id":"https:\/\/my-french-grocery.com\/fr\/produit\/arome-patrelle\/#primaryimage","url":"https:\/\/my-french-grocery.com\/wp-content\/uploads\/2020\/10\/PATRELLE.jpg","contentUrl":"https:\/\/my-french-grocery.com\/wp-content\/uploads\/2020\/10\/PATRELLE.jpg","width":1200,"height":1200,"caption":"Ar\u00f4me Patrelle - My French Grocery"},{"@type":"BreadcrumbList","@id":"https:\/\/my-french-grocery.com\/fr\/produit\/arome-patrelle\/#breadcrumb","itemListElement":[{"@type":"ListItem","position":1,"name":"Home","item":"https:\/\/my-french-grocery.com\/fr\/"},{"@type":"ListItem","position":2,"name":"Shop","item":"https:\/\/my-french-grocery.com\/shop\/"},{"@type":"ListItem","position":3,"name":"Alimentation","item":"https:\/\/my-french-grocery.com\/fr\/categorie-produit\/alimentation\/"},{"@type":"ListItem","position":4,"name":"Condiments","item":"https:\/\/my-french-grocery.com\/fr\/categorie-produit\/alimentation\/condiments-fr\/"},{"@type":"ListItem","position":5,"name":"Ar\u00f4me Patrelle"}]},{"@type":"WebSite","@id":"https:\/\/my-french-grocery.com\/fr\/#website","url":"https:\/\/my-french-grocery.com\/fr\/","name":"My French Grocery","description":"Your Online French Grocery  !","publisher":{"@id":"https:\/\/my-french-grocery.com\/fr\/#organization"},"potentialAction":[{"@type":"SearchAction","target":{"@type":"EntryPoint","urlTemplate":"https:\/\/my-french-grocery.com\/fr\/?s={search_term_string}"},"query-input":{"@type":"PropertyValueSpecification","valueRequired":true,"valueName":"search_term_string"}}],"inLanguage":"fr-FR"},{"@type":"Organization","@id":"https:\/\/my-french-grocery.com\/fr\/#organization","name":"MY FRENCH GROCERY","url":"https:\/\/my-french-grocery.com\/fr\/","logo":{"@type":"ImageObject","inLanguage":"fr-FR","@id":"https:\/\/my-french-grocery.com\/fr\/#\/schema\/logo\/image\/","url":"https:\/\/my-french-grocery.com\/wp-content\/uploads\/2021\/11\/My-French-Grocery-Online-French-Grocery.png","contentUrl":"https:\/\/my-french-grocery.com\/wp-content\/uploads\/2021\/11\/My-French-Grocery-Online-French-Grocery.png","width":100,"height":100,"caption":"MY FRENCH GROCERY"},"image":{"@id":"https:\/\/my-french-grocery.com\/fr\/#\/schema\/logo\/image\/"},"sameAs":["https:\/\/www.facebook.com\/myfrenchgrocery\/"]}]}},"brands":[],"_links":{"self":[{"href":"https:\/\/my-french-grocery.com\/fr\/wp-json\/wp\/v2\/product\/13439","targetHints":{"allow":["GET"]}}],"collection":[{"href":"https:\/\/my-french-grocery.com\/fr\/wp-json\/wp\/v2\/product"}],"about":[{"href":"https:\/\/my-french-grocery.com\/fr\/wp-json\/wp\/v2\/types\/product"}],"replies":[{"embeddable":true,"href":"https:\/\/my-french-grocery.com\/fr\/wp-json\/wp\/v2\/comments?post=13439"}],"wp:featuredmedia":[{"embeddable":true,"href":"https:\/\/my-french-grocery.com\/fr\/wp-json\/wp\/v2\/media\/13442"}],"wp:attachment":[{"href":"https:\/\/my-french-grocery.com\/fr\/wp-json\/wp\/v2\/media?parent=13439"}],"wp:term":[{"taxonomy":"pwb-brand","embeddable":true,"href":"https:\/\/my-french-grocery.com\/fr\/wp-json\/wp\/v2\/pwb-brand?post=13439"},{"taxonomy":"product_brand","embeddable":true,"href":"https:\/\/my-french-grocery.com\/fr\/wp-json\/wp\/v2\/product_brand?post=13439"},{"taxonomy":"product_cat","embeddable":true,"href":"https:\/\/my-french-grocery.com\/fr\/wp-json\/wp\/v2\/product_cat?post=13439"},{"taxonomy":"product_tag","embeddable":true,"href":"https:\/\/my-french-grocery.com\/fr\/wp-json\/wp\/v2\/product_tag?post=13439"}],"curies":[{"name":"wp","href":"https:\/\/api.w.org\/{rel}","templated":true}]}}