{"id":13980,"date":"2020-11-21T17:42:15","date_gmt":"2020-11-21T15:42:15","guid":{"rendered":"https:\/\/my-french-grocery.com\/?post_type=product&#038;p=13980"},"modified":"2024-11-21T18:54:06","modified_gmt":"2024-11-21T16:54:06","slug":"beaujolais-nouveau-2021-georges-duboeuf","status":"publish","type":"product","link":"https:\/\/my-french-grocery.com\/fr\/produit\/beaujolais-nouveau-2021-georges-duboeuf\/","title":{"rendered":"Vin Rouge Beaujolais Village Nouveau 2024 LA CAVE D&rsquo;AUGUSTIN FLORENT"},"content":{"rendered":"<p class=\"product-title__title c-text c-text--size-m c-text--style-h3 c-text--spacing-default\">Vin Rouge Beaujolais Village Nouveau 2024 LA CAVE D&rsquo;AUGUSTIN FLORENT<\/p>\n<p>Bouteille De 75 Cl<\/p>\n<p>D\u00e9couvrez ce Beaujolais Villages AOP issu du c\u00e9page Gamay, avec sa robe rubis \u00e9clatante et ses ar\u00f4mes de fruits rouges. En bouche, il est \u00e9l\u00e9gant et accompagnera parfaitement vos charcuteries, viandes rouges et fromages. \u00c0 servir frais pour une d\u00e9gustation optimale.<\/p>\n","protected":false},"excerpt":{"rendered":"<p class=\"product-title__title c-text c-text--size-m c-text--style-h3 c-text--spacing-default\">Vin Rouge Beaujolais Village Nouveau 2024 LA CAVE D&rsquo;AUGUSTIN FLORENT<\/p>\n<p>Bouteille De 75 Cl<\/p>\n<p>Le justement c\u00e9l\u00e8bre breuvage nomm\u00e9 Beaujolais repr\u00e9sente l&rsquo;alpha des vins de sa r\u00e9gion \u00e9ponyme situ\u00e9e entre Saint-Amour au nord et les avant postes de Lyon au sud. D\u00e9licieusement fruit\u00e9, franc et volubile, le Beaujolais est le vin de l&rsquo;amiti\u00e9. Inimitable enfin, car c&rsquo;est seulement au coeur de son aire de production que le Gamay donne la pleine mesure de son charme.<\/p>\n<p>Robe rouge cerise avec des reflets violac\u00e9s. Nez tr\u00e8s aromatique de petits fruits rouges (fraise et cerise bien m\u00fbre). Bonne fra\u00eecheur, vin tr\u00e8s friand. A boire mais peut se garder 1 \u00e0 2 ans. Nous recommandons de d\u00e9guster ce vin \u00e0 14-16 \u00b0C.<\/p>\n","protected":false},"featured_media":45207,"comment_status":"open","ping_status":"closed","template":"","meta":[],"pwb-brand":[],"product_brand":[],"product_cat":[1010],"product_tag":[1528,1589,1583],"class_list":{"0":"post-13980","1":"product","2":"type-product","3":"status-publish","4":"has-post-thumbnail","6":"product_cat-vallee-du-rhone","7":"product_tag-francais","8":"product_tag-vallee-du-rhone-fr","9":"product_tag-vin-rouge","10":"product_shipping_class-expedition-dans-le-monde-entier","12":"first","13":"outofstock","14":"taxable","15":"shipping-taxable","16":"purchasable","17":"product-type-simple"},"yoast_head":"<!-- This site is optimized with the Yoast SEO plugin v27.3 - https:\/\/yoast.com\/product\/yoast-seo-wordpress\/ -->\n<title>Vin Rouge Beaujolais Village Nouveau 2024 LA CAVE D&#039;AUGUSTIN FLORENT | Acheter En Ligne | My French Grocery<\/title>\n<meta name=\"description\" content=\"Vin Rouge Beaujolais Village Nouveau 2024 LA CAVE D&#039;AUGUSTIN FLORENT - Bouteille De 75 Cl - D\u00e9couvrez ce Beaujolais Villages AOP issu du c\u00e9page Gamay, avec sa robe rubis \u00e9clatante et ses ar\u00f4mes de fruits rouges.\" \/>\n<meta name=\"robots\" content=\"index, follow, max-snippet:-1, max-image-preview:large, max-video-preview:-1\" \/>\n<link rel=\"canonical\" href=\"https:\/\/my-french-grocery.com\/fr\/produit\/beaujolais-nouveau-2021-georges-duboeuf\/\" \/>\n<meta property=\"og:locale\" content=\"fr_FR\" \/>\n<meta property=\"og:type\" content=\"article\" \/>\n<meta property=\"og:title\" content=\"Vin Rouge Beaujolais Village Nouveau 2024 LA CAVE D&#039;AUGUSTIN FLORENT | Acheter En Ligne | My French Grocery\" \/>\n<meta property=\"og:description\" content=\"Vin Rouge Beaujolais Village Nouveau 2024 LA CAVE D&#039;AUGUSTIN FLORENT - Bouteille De 75 Cl - D\u00e9couvrez ce Beaujolais Villages AOP issu du c\u00e9page Gamay, avec sa robe rubis \u00e9clatante et ses ar\u00f4mes de fruits rouges.\" \/>\n<meta property=\"og:url\" content=\"https:\/\/my-french-grocery.com\/fr\/produit\/beaujolais-nouveau-2021-georges-duboeuf\/\" \/>\n<meta property=\"og:site_name\" content=\"My French Grocery\" \/>\n<meta property=\"article:publisher\" content=\"https:\/\/www.facebook.com\/myfrenchgrocery\/\" \/>\n<meta property=\"article:modified_time\" content=\"2024-11-21T16:54:06+00:00\" \/>\n<meta property=\"og:image\" content=\"https:\/\/my-french-grocery.com\/wp-content\/uploads\/2020\/11\/Beaujolais-nouveau-2024-cave-augustin-Florent.webp\" \/>\n\t<meta property=\"og:image:width\" content=\"1500\" \/>\n\t<meta property=\"og:image:height\" content=\"1500\" \/>\n\t<meta property=\"og:image:type\" content=\"image\/webp\" \/>\n<meta name=\"twitter:card\" content=\"summary_large_image\" \/>\n<script type=\"application\/ld+json\" class=\"yoast-schema-graph\">{\"@context\":\"https:\\\/\\\/schema.org\",\"@graph\":[{\"@type\":\"WebPage\",\"@id\":\"https:\\\/\\\/my-french-grocery.com\\\/fr\\\/produit\\\/beaujolais-nouveau-2021-georges-duboeuf\\\/\",\"url\":\"https:\\\/\\\/my-french-grocery.com\\\/fr\\\/produit\\\/beaujolais-nouveau-2021-georges-duboeuf\\\/\",\"name\":\"Vin Rouge Beaujolais Village Nouveau 2024 LA CAVE D'AUGUSTIN FLORENT | Acheter En Ligne | My French Grocery\",\"isPartOf\":{\"@id\":\"https:\\\/\\\/my-french-grocery.com\\\/fr\\\/#website\"},\"primaryImageOfPage\":{\"@id\":\"https:\\\/\\\/my-french-grocery.com\\\/fr\\\/produit\\\/beaujolais-nouveau-2021-georges-duboeuf\\\/#primaryimage\"},\"image\":{\"@id\":\"https:\\\/\\\/my-french-grocery.com\\\/fr\\\/produit\\\/beaujolais-nouveau-2021-georges-duboeuf\\\/#primaryimage\"},\"thumbnailUrl\":\"https:\\\/\\\/my-french-grocery.com\\\/wp-content\\\/uploads\\\/2020\\\/11\\\/Beaujolais-nouveau-2024-cave-augustin-Florent.webp\",\"datePublished\":\"2020-11-21T15:42:15+00:00\",\"dateModified\":\"2024-11-21T16:54:06+00:00\",\"description\":\"Vin Rouge Beaujolais Village Nouveau 2024 LA CAVE D'AUGUSTIN FLORENT - Bouteille De 75 Cl - D\u00e9couvrez ce Beaujolais Villages AOP issu du c\u00e9page Gamay, avec sa robe rubis \u00e9clatante et ses ar\u00f4mes de fruits rouges.\",\"breadcrumb\":{\"@id\":\"https:\\\/\\\/my-french-grocery.com\\\/fr\\\/produit\\\/beaujolais-nouveau-2021-georges-duboeuf\\\/#breadcrumb\"},\"inLanguage\":\"fr-FR\",\"potentialAction\":[{\"@type\":\"ReadAction\",\"target\":[\"https:\\\/\\\/my-french-grocery.com\\\/fr\\\/produit\\\/beaujolais-nouveau-2021-georges-duboeuf\\\/\"]}]},{\"@type\":\"ImageObject\",\"inLanguage\":\"fr-FR\",\"@id\":\"https:\\\/\\\/my-french-grocery.com\\\/fr\\\/produit\\\/beaujolais-nouveau-2021-georges-duboeuf\\\/#primaryimage\",\"url\":\"https:\\\/\\\/my-french-grocery.com\\\/wp-content\\\/uploads\\\/2020\\\/11\\\/Beaujolais-nouveau-2024-cave-augustin-Florent.webp\",\"contentUrl\":\"https:\\\/\\\/my-french-grocery.com\\\/wp-content\\\/uploads\\\/2020\\\/11\\\/Beaujolais-nouveau-2024-cave-augustin-Florent.webp\",\"width\":1500,\"height\":1500,\"caption\":\"Vin Rouge Beaujolais Village Nouveau 2024 LA CAVE D'AUGUSTIN FLORENT\"},{\"@type\":\"BreadcrumbList\",\"@id\":\"https:\\\/\\\/my-french-grocery.com\\\/fr\\\/produit\\\/beaujolais-nouveau-2021-georges-duboeuf\\\/#breadcrumb\",\"itemListElement\":[{\"@type\":\"ListItem\",\"position\":1,\"name\":\"Home\",\"item\":\"https:\\\/\\\/my-french-grocery.com\\\/fr\\\/\"},{\"@type\":\"ListItem\",\"position\":2,\"name\":\"Shop\",\"item\":\"https:\\\/\\\/my-french-grocery.com\\\/shop\\\/\"},{\"@type\":\"ListItem\",\"position\":3,\"name\":\"Boissons - Vins - Champagnes\",\"item\":\"https:\\\/\\\/my-french-grocery.com\\\/fr\\\/categorie-produit\\\/boissons-vins-champagnes\\\/\"},{\"@type\":\"ListItem\",\"position\":4,\"name\":\"Vins Rouges\",\"item\":\"https:\\\/\\\/my-french-grocery.com\\\/fr\\\/categorie-produit\\\/boissons-vins-champagnes\\\/vins-rouges\\\/\"},{\"@type\":\"ListItem\",\"position\":5,\"name\":\"Vall\u00e9e Du Rh\u00f4ne\",\"item\":\"https:\\\/\\\/my-french-grocery.com\\\/fr\\\/categorie-produit\\\/boissons-vins-champagnes\\\/vins-rouges\\\/vallee-du-rhone\\\/\"},{\"@type\":\"ListItem\",\"position\":6,\"name\":\"Vin Rouge Beaujolais Village Nouveau 2024 LA CAVE D&#8217;AUGUSTIN FLORENT\"}]},{\"@type\":\"WebSite\",\"@id\":\"https:\\\/\\\/my-french-grocery.com\\\/fr\\\/#website\",\"url\":\"https:\\\/\\\/my-french-grocery.com\\\/fr\\\/\",\"name\":\"My French Grocery\",\"description\":\"Your Online French Grocery  !\",\"publisher\":{\"@id\":\"https:\\\/\\\/my-french-grocery.com\\\/fr\\\/#organization\"},\"potentialAction\":[{\"@type\":\"SearchAction\",\"target\":{\"@type\":\"EntryPoint\",\"urlTemplate\":\"https:\\\/\\\/my-french-grocery.com\\\/fr\\\/?s={search_term_string}\"},\"query-input\":{\"@type\":\"PropertyValueSpecification\",\"valueRequired\":true,\"valueName\":\"search_term_string\"}}],\"inLanguage\":\"fr-FR\"},{\"@type\":\"Organization\",\"@id\":\"https:\\\/\\\/my-french-grocery.com\\\/fr\\\/#organization\",\"name\":\"MY FRENCH GROCERY\",\"url\":\"https:\\\/\\\/my-french-grocery.com\\\/fr\\\/\",\"logo\":{\"@type\":\"ImageObject\",\"inLanguage\":\"fr-FR\",\"@id\":\"https:\\\/\\\/my-french-grocery.com\\\/fr\\\/#\\\/schema\\\/logo\\\/image\\\/\",\"url\":\"https:\\\/\\\/my-french-grocery.com\\\/wp-content\\\/uploads\\\/2021\\\/11\\\/My-French-Grocery-Online-French-Grocery.png\",\"contentUrl\":\"https:\\\/\\\/my-french-grocery.com\\\/wp-content\\\/uploads\\\/2021\\\/11\\\/My-French-Grocery-Online-French-Grocery.png\",\"width\":100,\"height\":100,\"caption\":\"MY FRENCH GROCERY\"},\"image\":{\"@id\":\"https:\\\/\\\/my-french-grocery.com\\\/fr\\\/#\\\/schema\\\/logo\\\/image\\\/\"},\"sameAs\":[\"https:\\\/\\\/www.facebook.com\\\/myfrenchgrocery\\\/\"]}]}<\/script>\n<!-- \/ Yoast SEO plugin. -->","yoast_head_json":{"title":"Vin Rouge Beaujolais Village Nouveau 2024 LA CAVE D'AUGUSTIN FLORENT | Acheter En Ligne | My French Grocery","description":"Vin Rouge Beaujolais Village Nouveau 2024 LA CAVE D'AUGUSTIN FLORENT - Bouteille De 75 Cl - D\u00e9couvrez ce Beaujolais Villages AOP issu du c\u00e9page Gamay, avec sa robe rubis \u00e9clatante et ses ar\u00f4mes de fruits rouges.","robots":{"index":"index","follow":"follow","max-snippet":"max-snippet:-1","max-image-preview":"max-image-preview:large","max-video-preview":"max-video-preview:-1"},"canonical":"https:\/\/my-french-grocery.com\/fr\/produit\/beaujolais-nouveau-2021-georges-duboeuf\/","og_locale":"fr_FR","og_type":"article","og_title":"Vin Rouge Beaujolais Village Nouveau 2024 LA CAVE D'AUGUSTIN FLORENT | Acheter En Ligne | My French Grocery","og_description":"Vin Rouge Beaujolais Village Nouveau 2024 LA CAVE D'AUGUSTIN FLORENT - Bouteille De 75 Cl - D\u00e9couvrez ce Beaujolais Villages AOP issu du c\u00e9page Gamay, avec sa robe rubis \u00e9clatante et ses ar\u00f4mes de fruits rouges.","og_url":"https:\/\/my-french-grocery.com\/fr\/produit\/beaujolais-nouveau-2021-georges-duboeuf\/","og_site_name":"My French Grocery","article_publisher":"https:\/\/www.facebook.com\/myfrenchgrocery\/","article_modified_time":"2024-11-21T16:54:06+00:00","og_image":[{"width":1500,"height":1500,"url":"https:\/\/my-french-grocery.com\/wp-content\/uploads\/2020\/11\/Beaujolais-nouveau-2024-cave-augustin-Florent.webp","type":"image\/webp"}],"twitter_card":"summary_large_image","schema":{"@context":"https:\/\/schema.org","@graph":[{"@type":"WebPage","@id":"https:\/\/my-french-grocery.com\/fr\/produit\/beaujolais-nouveau-2021-georges-duboeuf\/","url":"https:\/\/my-french-grocery.com\/fr\/produit\/beaujolais-nouveau-2021-georges-duboeuf\/","name":"Vin Rouge Beaujolais Village Nouveau 2024 LA CAVE D'AUGUSTIN FLORENT | Acheter En Ligne | My French Grocery","isPartOf":{"@id":"https:\/\/my-french-grocery.com\/fr\/#website"},"primaryImageOfPage":{"@id":"https:\/\/my-french-grocery.com\/fr\/produit\/beaujolais-nouveau-2021-georges-duboeuf\/#primaryimage"},"image":{"@id":"https:\/\/my-french-grocery.com\/fr\/produit\/beaujolais-nouveau-2021-georges-duboeuf\/#primaryimage"},"thumbnailUrl":"https:\/\/my-french-grocery.com\/wp-content\/uploads\/2020\/11\/Beaujolais-nouveau-2024-cave-augustin-Florent.webp","datePublished":"2020-11-21T15:42:15+00:00","dateModified":"2024-11-21T16:54:06+00:00","description":"Vin Rouge Beaujolais Village Nouveau 2024 LA CAVE D'AUGUSTIN FLORENT - Bouteille De 75 Cl - D\u00e9couvrez ce Beaujolais Villages AOP issu du c\u00e9page Gamay, avec sa robe rubis \u00e9clatante et ses ar\u00f4mes de fruits rouges.","breadcrumb":{"@id":"https:\/\/my-french-grocery.com\/fr\/produit\/beaujolais-nouveau-2021-georges-duboeuf\/#breadcrumb"},"inLanguage":"fr-FR","potentialAction":[{"@type":"ReadAction","target":["https:\/\/my-french-grocery.com\/fr\/produit\/beaujolais-nouveau-2021-georges-duboeuf\/"]}]},{"@type":"ImageObject","inLanguage":"fr-FR","@id":"https:\/\/my-french-grocery.com\/fr\/produit\/beaujolais-nouveau-2021-georges-duboeuf\/#primaryimage","url":"https:\/\/my-french-grocery.com\/wp-content\/uploads\/2020\/11\/Beaujolais-nouveau-2024-cave-augustin-Florent.webp","contentUrl":"https:\/\/my-french-grocery.com\/wp-content\/uploads\/2020\/11\/Beaujolais-nouveau-2024-cave-augustin-Florent.webp","width":1500,"height":1500,"caption":"Vin Rouge Beaujolais Village Nouveau 2024 LA CAVE D'AUGUSTIN FLORENT"},{"@type":"BreadcrumbList","@id":"https:\/\/my-french-grocery.com\/fr\/produit\/beaujolais-nouveau-2021-georges-duboeuf\/#breadcrumb","itemListElement":[{"@type":"ListItem","position":1,"name":"Home","item":"https:\/\/my-french-grocery.com\/fr\/"},{"@type":"ListItem","position":2,"name":"Shop","item":"https:\/\/my-french-grocery.com\/shop\/"},{"@type":"ListItem","position":3,"name":"Boissons - Vins - Champagnes","item":"https:\/\/my-french-grocery.com\/fr\/categorie-produit\/boissons-vins-champagnes\/"},{"@type":"ListItem","position":4,"name":"Vins Rouges","item":"https:\/\/my-french-grocery.com\/fr\/categorie-produit\/boissons-vins-champagnes\/vins-rouges\/"},{"@type":"ListItem","position":5,"name":"Vall\u00e9e Du Rh\u00f4ne","item":"https:\/\/my-french-grocery.com\/fr\/categorie-produit\/boissons-vins-champagnes\/vins-rouges\/vallee-du-rhone\/"},{"@type":"ListItem","position":6,"name":"Vin Rouge Beaujolais Village Nouveau 2024 LA CAVE D&#8217;AUGUSTIN FLORENT"}]},{"@type":"WebSite","@id":"https:\/\/my-french-grocery.com\/fr\/#website","url":"https:\/\/my-french-grocery.com\/fr\/","name":"My French Grocery","description":"Your Online French Grocery  !","publisher":{"@id":"https:\/\/my-french-grocery.com\/fr\/#organization"},"potentialAction":[{"@type":"SearchAction","target":{"@type":"EntryPoint","urlTemplate":"https:\/\/my-french-grocery.com\/fr\/?s={search_term_string}"},"query-input":{"@type":"PropertyValueSpecification","valueRequired":true,"valueName":"search_term_string"}}],"inLanguage":"fr-FR"},{"@type":"Organization","@id":"https:\/\/my-french-grocery.com\/fr\/#organization","name":"MY FRENCH GROCERY","url":"https:\/\/my-french-grocery.com\/fr\/","logo":{"@type":"ImageObject","inLanguage":"fr-FR","@id":"https:\/\/my-french-grocery.com\/fr\/#\/schema\/logo\/image\/","url":"https:\/\/my-french-grocery.com\/wp-content\/uploads\/2021\/11\/My-French-Grocery-Online-French-Grocery.png","contentUrl":"https:\/\/my-french-grocery.com\/wp-content\/uploads\/2021\/11\/My-French-Grocery-Online-French-Grocery.png","width":100,"height":100,"caption":"MY FRENCH GROCERY"},"image":{"@id":"https:\/\/my-french-grocery.com\/fr\/#\/schema\/logo\/image\/"},"sameAs":["https:\/\/www.facebook.com\/myfrenchgrocery\/"]}]}},"brands":[],"_links":{"self":[{"href":"https:\/\/my-french-grocery.com\/fr\/wp-json\/wp\/v2\/product\/13980","targetHints":{"allow":["GET"]}}],"collection":[{"href":"https:\/\/my-french-grocery.com\/fr\/wp-json\/wp\/v2\/product"}],"about":[{"href":"https:\/\/my-french-grocery.com\/fr\/wp-json\/wp\/v2\/types\/product"}],"replies":[{"embeddable":true,"href":"https:\/\/my-french-grocery.com\/fr\/wp-json\/wp\/v2\/comments?post=13980"}],"wp:featuredmedia":[{"embeddable":true,"href":"https:\/\/my-french-grocery.com\/fr\/wp-json\/wp\/v2\/media\/45207"}],"wp:attachment":[{"href":"https:\/\/my-french-grocery.com\/fr\/wp-json\/wp\/v2\/media?parent=13980"}],"wp:term":[{"taxonomy":"pwb-brand","embeddable":true,"href":"https:\/\/my-french-grocery.com\/fr\/wp-json\/wp\/v2\/pwb-brand?post=13980"},{"taxonomy":"product_brand","embeddable":true,"href":"https:\/\/my-french-grocery.com\/fr\/wp-json\/wp\/v2\/product_brand?post=13980"},{"taxonomy":"product_cat","embeddable":true,"href":"https:\/\/my-french-grocery.com\/fr\/wp-json\/wp\/v2\/product_cat?post=13980"},{"taxonomy":"product_tag","embeddable":true,"href":"https:\/\/my-french-grocery.com\/fr\/wp-json\/wp\/v2\/product_tag?post=13980"}],"curies":[{"name":"wp","href":"https:\/\/api.w.org\/{rel}","templated":true}]}}