{"id":14359,"date":"2020-12-16T20:31:21","date_gmt":"2020-12-16T18:31:22","guid":{"rendered":"https:\/\/my-french-grocery.com\/?post_type=product&#038;p=14359"},"modified":"2020-12-16T20:38:47","modified_gmt":"2020-12-16T18:38:47","slug":"safran-en-poudre-ducros","status":"publish","type":"product","link":"https:\/\/my-french-grocery.com\/fr\/produit\/safran-en-poudre-ducros\/","title":{"rendered":"Safran En Poudre Ducros"},"content":{"rendered":"<p>Safran En Poudre Ducros<\/p>\n<p>4 doses de 0,1 g<\/p>\n<p>Tr\u00e8s cosmopolite, le safran se retrouve dans de nombreux pays : en Espagne dans la pa\u00eblla, en Italie dans le risotto, \u00e0 Marseille dans la bouillabaisse. Sa raret\u00e9 et la finesse de son go\u00fbt en font une \u00e9pice exceptionnelle.<\/p>\n","protected":false},"excerpt":{"rendered":"<p>Safran En Poudre Ducros<\/p>\n<p>4 doses de 0,1 g<\/p>\n","protected":false},"featured_media":14362,"comment_status":"open","ping_status":"closed","template":"","meta":[],"pwb-brand":[607],"product_brand":[],"product_cat":[1033],"product_tag":[1857],"class_list":{"0":"post-14359","1":"product","2":"type-product","3":"status-publish","4":"has-post-thumbnail","6":"pwb-brand-ducros-fr","7":"product_cat-condiments-fr","8":"product_tag-safran","9":"product_shipping_class-expedition-dans-le-monde-entier","11":"first","12":"instock","13":"taxable","14":"shipping-taxable","15":"purchasable","16":"product-type-simple"},"yoast_head":"<!-- This site is optimized with the Yoast SEO plugin v27.3 - https:\/\/yoast.com\/product\/yoast-seo-wordpress\/ -->\n<title>Safran En Poudre Ducros | Acheter En Ligne | My French Grocery<\/title>\n<meta name=\"description\" content=\"Safran En Poudre Ducros - 4 doses de 0,1 g - Tr\u00e8s cosmopolite, le safran se retrouve dans de nombreux pays : en Espagne dans la pa\u00eblla, en Italie dans le risotto, \u00e0 Marseille dans la bouillabaisse. Sa raret\u00e9 et la finesse de son go\u00fbt en font une \u00e9pice exceptionnelle.\" \/>\n<meta name=\"robots\" content=\"index, follow, max-snippet:-1, max-image-preview:large, max-video-preview:-1\" \/>\n<link rel=\"canonical\" href=\"https:\/\/my-french-grocery.com\/fr\/produit\/safran-en-poudre-ducros\/\" \/>\n<meta property=\"og:locale\" content=\"fr_FR\" \/>\n<meta property=\"og:type\" content=\"article\" \/>\n<meta property=\"og:title\" content=\"Safran En Poudre Ducros | Acheter En Ligne | My French Grocery\" \/>\n<meta property=\"og:description\" content=\"Safran En Poudre Ducros - 4 doses de 0,1 g - Tr\u00e8s cosmopolite, le safran se retrouve dans de nombreux pays : en Espagne dans la pa\u00eblla, en Italie dans le risotto, \u00e0 Marseille dans la bouillabaisse. Sa raret\u00e9 et la finesse de son go\u00fbt en font une \u00e9pice exceptionnelle.\" \/>\n<meta property=\"og:url\" content=\"https:\/\/my-french-grocery.com\/fr\/produit\/safran-en-poudre-ducros\/\" \/>\n<meta property=\"og:site_name\" content=\"My French Grocery\" \/>\n<meta property=\"article:publisher\" content=\"https:\/\/www.facebook.com\/myfrenchgrocery\/\" \/>\n<meta property=\"article:modified_time\" content=\"2020-12-16T18:38:47+00:00\" \/>\n<meta property=\"og:image\" content=\"https:\/\/my-french-grocery.com\/wp-content\/uploads\/2020\/12\/SAFRAN-DUCROS.jpg\" \/>\n\t<meta property=\"og:image:width\" content=\"1500\" \/>\n\t<meta property=\"og:image:height\" content=\"1500\" \/>\n\t<meta property=\"og:image:type\" content=\"image\/jpeg\" \/>\n<meta name=\"twitter:card\" content=\"summary_large_image\" \/>\n<script type=\"application\/ld+json\" class=\"yoast-schema-graph\">{\"@context\":\"https:\\\/\\\/schema.org\",\"@graph\":[{\"@type\":\"WebPage\",\"@id\":\"https:\\\/\\\/my-french-grocery.com\\\/fr\\\/produit\\\/safran-en-poudre-ducros\\\/\",\"url\":\"https:\\\/\\\/my-french-grocery.com\\\/fr\\\/produit\\\/safran-en-poudre-ducros\\\/\",\"name\":\"Safran En Poudre Ducros | Acheter En Ligne | My French Grocery\",\"isPartOf\":{\"@id\":\"https:\\\/\\\/my-french-grocery.com\\\/fr\\\/#website\"},\"primaryImageOfPage\":{\"@id\":\"https:\\\/\\\/my-french-grocery.com\\\/fr\\\/produit\\\/safran-en-poudre-ducros\\\/#primaryimage\"},\"image\":{\"@id\":\"https:\\\/\\\/my-french-grocery.com\\\/fr\\\/produit\\\/safran-en-poudre-ducros\\\/#primaryimage\"},\"thumbnailUrl\":\"https:\\\/\\\/my-french-grocery.com\\\/wp-content\\\/uploads\\\/2020\\\/12\\\/SAFRAN-DUCROS.jpg\",\"datePublished\":\"2020-12-16T18:31:22+00:00\",\"dateModified\":\"2020-12-16T18:38:47+00:00\",\"description\":\"Safran En Poudre Ducros - 4 doses de 0,1 g - Tr\u00e8s cosmopolite, le safran se retrouve dans de nombreux pays : en Espagne dans la pa\u00eblla, en Italie dans le risotto, \u00e0 Marseille dans la bouillabaisse. Sa raret\u00e9 et la finesse de son go\u00fbt en font une \u00e9pice exceptionnelle.\",\"breadcrumb\":{\"@id\":\"https:\\\/\\\/my-french-grocery.com\\\/fr\\\/produit\\\/safran-en-poudre-ducros\\\/#breadcrumb\"},\"inLanguage\":\"fr-FR\",\"potentialAction\":[{\"@type\":\"ReadAction\",\"target\":[\"https:\\\/\\\/my-french-grocery.com\\\/fr\\\/produit\\\/safran-en-poudre-ducros\\\/\"]}]},{\"@type\":\"ImageObject\",\"inLanguage\":\"fr-FR\",\"@id\":\"https:\\\/\\\/my-french-grocery.com\\\/fr\\\/produit\\\/safran-en-poudre-ducros\\\/#primaryimage\",\"url\":\"https:\\\/\\\/my-french-grocery.com\\\/wp-content\\\/uploads\\\/2020\\\/12\\\/SAFRAN-DUCROS.jpg\",\"contentUrl\":\"https:\\\/\\\/my-french-grocery.com\\\/wp-content\\\/uploads\\\/2020\\\/12\\\/SAFRAN-DUCROS.jpg\",\"width\":1500,\"height\":1500},{\"@type\":\"BreadcrumbList\",\"@id\":\"https:\\\/\\\/my-french-grocery.com\\\/fr\\\/produit\\\/safran-en-poudre-ducros\\\/#breadcrumb\",\"itemListElement\":[{\"@type\":\"ListItem\",\"position\":1,\"name\":\"Home\",\"item\":\"https:\\\/\\\/my-french-grocery.com\\\/fr\\\/\"},{\"@type\":\"ListItem\",\"position\":2,\"name\":\"Shop\",\"item\":\"https:\\\/\\\/my-french-grocery.com\\\/shop\\\/\"},{\"@type\":\"ListItem\",\"position\":3,\"name\":\"Alimentation\",\"item\":\"https:\\\/\\\/my-french-grocery.com\\\/fr\\\/categorie-produit\\\/alimentation\\\/\"},{\"@type\":\"ListItem\",\"position\":4,\"name\":\"Condiments\",\"item\":\"https:\\\/\\\/my-french-grocery.com\\\/fr\\\/categorie-produit\\\/alimentation\\\/condiments-fr\\\/\"},{\"@type\":\"ListItem\",\"position\":5,\"name\":\"Safran En Poudre Ducros\"}]},{\"@type\":\"WebSite\",\"@id\":\"https:\\\/\\\/my-french-grocery.com\\\/fr\\\/#website\",\"url\":\"https:\\\/\\\/my-french-grocery.com\\\/fr\\\/\",\"name\":\"My French Grocery\",\"description\":\"Your Online French Grocery  !\",\"publisher\":{\"@id\":\"https:\\\/\\\/my-french-grocery.com\\\/fr\\\/#organization\"},\"potentialAction\":[{\"@type\":\"SearchAction\",\"target\":{\"@type\":\"EntryPoint\",\"urlTemplate\":\"https:\\\/\\\/my-french-grocery.com\\\/fr\\\/?s={search_term_string}\"},\"query-input\":{\"@type\":\"PropertyValueSpecification\",\"valueRequired\":true,\"valueName\":\"search_term_string\"}}],\"inLanguage\":\"fr-FR\"},{\"@type\":\"Organization\",\"@id\":\"https:\\\/\\\/my-french-grocery.com\\\/fr\\\/#organization\",\"name\":\"MY FRENCH GROCERY\",\"url\":\"https:\\\/\\\/my-french-grocery.com\\\/fr\\\/\",\"logo\":{\"@type\":\"ImageObject\",\"inLanguage\":\"fr-FR\",\"@id\":\"https:\\\/\\\/my-french-grocery.com\\\/fr\\\/#\\\/schema\\\/logo\\\/image\\\/\",\"url\":\"https:\\\/\\\/my-french-grocery.com\\\/wp-content\\\/uploads\\\/2021\\\/11\\\/My-French-Grocery-Online-French-Grocery.png\",\"contentUrl\":\"https:\\\/\\\/my-french-grocery.com\\\/wp-content\\\/uploads\\\/2021\\\/11\\\/My-French-Grocery-Online-French-Grocery.png\",\"width\":100,\"height\":100,\"caption\":\"MY FRENCH GROCERY\"},\"image\":{\"@id\":\"https:\\\/\\\/my-french-grocery.com\\\/fr\\\/#\\\/schema\\\/logo\\\/image\\\/\"},\"sameAs\":[\"https:\\\/\\\/www.facebook.com\\\/myfrenchgrocery\\\/\"]}]}<\/script>\n<!-- \/ Yoast SEO plugin. -->","yoast_head_json":{"title":"Safran En Poudre Ducros | Acheter En Ligne | My French Grocery","description":"Safran En Poudre Ducros - 4 doses de 0,1 g - Tr\u00e8s cosmopolite, le safran se retrouve dans de nombreux pays : en Espagne dans la pa\u00eblla, en Italie dans le risotto, \u00e0 Marseille dans la bouillabaisse. Sa raret\u00e9 et la finesse de son go\u00fbt en font une \u00e9pice exceptionnelle.","robots":{"index":"index","follow":"follow","max-snippet":"max-snippet:-1","max-image-preview":"max-image-preview:large","max-video-preview":"max-video-preview:-1"},"canonical":"https:\/\/my-french-grocery.com\/fr\/produit\/safran-en-poudre-ducros\/","og_locale":"fr_FR","og_type":"article","og_title":"Safran En Poudre Ducros | Acheter En Ligne | My French Grocery","og_description":"Safran En Poudre Ducros - 4 doses de 0,1 g - Tr\u00e8s cosmopolite, le safran se retrouve dans de nombreux pays : en Espagne dans la pa\u00eblla, en Italie dans le risotto, \u00e0 Marseille dans la bouillabaisse. Sa raret\u00e9 et la finesse de son go\u00fbt en font une \u00e9pice exceptionnelle.","og_url":"https:\/\/my-french-grocery.com\/fr\/produit\/safran-en-poudre-ducros\/","og_site_name":"My French Grocery","article_publisher":"https:\/\/www.facebook.com\/myfrenchgrocery\/","article_modified_time":"2020-12-16T18:38:47+00:00","og_image":[{"width":1500,"height":1500,"url":"https:\/\/my-french-grocery.com\/wp-content\/uploads\/2020\/12\/SAFRAN-DUCROS.jpg","type":"image\/jpeg"}],"twitter_card":"summary_large_image","schema":{"@context":"https:\/\/schema.org","@graph":[{"@type":"WebPage","@id":"https:\/\/my-french-grocery.com\/fr\/produit\/safran-en-poudre-ducros\/","url":"https:\/\/my-french-grocery.com\/fr\/produit\/safran-en-poudre-ducros\/","name":"Safran En Poudre Ducros | Acheter En Ligne | My French Grocery","isPartOf":{"@id":"https:\/\/my-french-grocery.com\/fr\/#website"},"primaryImageOfPage":{"@id":"https:\/\/my-french-grocery.com\/fr\/produit\/safran-en-poudre-ducros\/#primaryimage"},"image":{"@id":"https:\/\/my-french-grocery.com\/fr\/produit\/safran-en-poudre-ducros\/#primaryimage"},"thumbnailUrl":"https:\/\/my-french-grocery.com\/wp-content\/uploads\/2020\/12\/SAFRAN-DUCROS.jpg","datePublished":"2020-12-16T18:31:22+00:00","dateModified":"2020-12-16T18:38:47+00:00","description":"Safran En Poudre Ducros - 4 doses de 0,1 g - Tr\u00e8s cosmopolite, le safran se retrouve dans de nombreux pays : en Espagne dans la pa\u00eblla, en Italie dans le risotto, \u00e0 Marseille dans la bouillabaisse. Sa raret\u00e9 et la finesse de son go\u00fbt en font une \u00e9pice exceptionnelle.","breadcrumb":{"@id":"https:\/\/my-french-grocery.com\/fr\/produit\/safran-en-poudre-ducros\/#breadcrumb"},"inLanguage":"fr-FR","potentialAction":[{"@type":"ReadAction","target":["https:\/\/my-french-grocery.com\/fr\/produit\/safran-en-poudre-ducros\/"]}]},{"@type":"ImageObject","inLanguage":"fr-FR","@id":"https:\/\/my-french-grocery.com\/fr\/produit\/safran-en-poudre-ducros\/#primaryimage","url":"https:\/\/my-french-grocery.com\/wp-content\/uploads\/2020\/12\/SAFRAN-DUCROS.jpg","contentUrl":"https:\/\/my-french-grocery.com\/wp-content\/uploads\/2020\/12\/SAFRAN-DUCROS.jpg","width":1500,"height":1500},{"@type":"BreadcrumbList","@id":"https:\/\/my-french-grocery.com\/fr\/produit\/safran-en-poudre-ducros\/#breadcrumb","itemListElement":[{"@type":"ListItem","position":1,"name":"Home","item":"https:\/\/my-french-grocery.com\/fr\/"},{"@type":"ListItem","position":2,"name":"Shop","item":"https:\/\/my-french-grocery.com\/shop\/"},{"@type":"ListItem","position":3,"name":"Alimentation","item":"https:\/\/my-french-grocery.com\/fr\/categorie-produit\/alimentation\/"},{"@type":"ListItem","position":4,"name":"Condiments","item":"https:\/\/my-french-grocery.com\/fr\/categorie-produit\/alimentation\/condiments-fr\/"},{"@type":"ListItem","position":5,"name":"Safran En Poudre Ducros"}]},{"@type":"WebSite","@id":"https:\/\/my-french-grocery.com\/fr\/#website","url":"https:\/\/my-french-grocery.com\/fr\/","name":"My French Grocery","description":"Your Online French Grocery  !","publisher":{"@id":"https:\/\/my-french-grocery.com\/fr\/#organization"},"potentialAction":[{"@type":"SearchAction","target":{"@type":"EntryPoint","urlTemplate":"https:\/\/my-french-grocery.com\/fr\/?s={search_term_string}"},"query-input":{"@type":"PropertyValueSpecification","valueRequired":true,"valueName":"search_term_string"}}],"inLanguage":"fr-FR"},{"@type":"Organization","@id":"https:\/\/my-french-grocery.com\/fr\/#organization","name":"MY FRENCH GROCERY","url":"https:\/\/my-french-grocery.com\/fr\/","logo":{"@type":"ImageObject","inLanguage":"fr-FR","@id":"https:\/\/my-french-grocery.com\/fr\/#\/schema\/logo\/image\/","url":"https:\/\/my-french-grocery.com\/wp-content\/uploads\/2021\/11\/My-French-Grocery-Online-French-Grocery.png","contentUrl":"https:\/\/my-french-grocery.com\/wp-content\/uploads\/2021\/11\/My-French-Grocery-Online-French-Grocery.png","width":100,"height":100,"caption":"MY FRENCH GROCERY"},"image":{"@id":"https:\/\/my-french-grocery.com\/fr\/#\/schema\/logo\/image\/"},"sameAs":["https:\/\/www.facebook.com\/myfrenchgrocery\/"]}]}},"brands":[{"id":607,"name":"Ducros","slug":"ducros-fr"}],"_links":{"self":[{"href":"https:\/\/my-french-grocery.com\/fr\/wp-json\/wp\/v2\/product\/14359","targetHints":{"allow":["GET"]}}],"collection":[{"href":"https:\/\/my-french-grocery.com\/fr\/wp-json\/wp\/v2\/product"}],"about":[{"href":"https:\/\/my-french-grocery.com\/fr\/wp-json\/wp\/v2\/types\/product"}],"replies":[{"embeddable":true,"href":"https:\/\/my-french-grocery.com\/fr\/wp-json\/wp\/v2\/comments?post=14359"}],"wp:featuredmedia":[{"embeddable":true,"href":"https:\/\/my-french-grocery.com\/fr\/wp-json\/wp\/v2\/media\/14362"}],"wp:attachment":[{"href":"https:\/\/my-french-grocery.com\/fr\/wp-json\/wp\/v2\/media?parent=14359"}],"wp:term":[{"taxonomy":"pwb-brand","embeddable":true,"href":"https:\/\/my-french-grocery.com\/fr\/wp-json\/wp\/v2\/pwb-brand?post=14359"},{"taxonomy":"product_brand","embeddable":true,"href":"https:\/\/my-french-grocery.com\/fr\/wp-json\/wp\/v2\/product_brand?post=14359"},{"taxonomy":"product_cat","embeddable":true,"href":"https:\/\/my-french-grocery.com\/fr\/wp-json\/wp\/v2\/product_cat?post=14359"},{"taxonomy":"product_tag","embeddable":true,"href":"https:\/\/my-french-grocery.com\/fr\/wp-json\/wp\/v2\/product_tag?post=14359"}],"curies":[{"name":"wp","href":"https:\/\/api.w.org\/{rel}","templated":true}]}}