{"id":14850,"date":"2021-02-10T19:58:18","date_gmt":"2021-02-10T17:58:18","guid":{"rendered":"https:\/\/my-french-grocery.com\/?post_type=product&#038;p=14850"},"modified":"2021-02-10T20:07:41","modified_gmt":"2021-02-10T18:07:41","slug":"savon-liquide-lait-hydrate-nourrit-le-petit-marseillais-copy","status":"publish","type":"product","link":"https:\/\/my-french-grocery.com\/fr\/produit\/savon-liquide-lait-hydrate-nourrit-le-petit-marseillais-copy\/","title":{"rendered":"Shampooing Solide Aux Oeufs &#8211; Cheveux Normaux &#8211; Dop"},"content":{"rendered":"<p>Shampooing Solide Aux Oeufs &#8211; Cheveux Normaux &#8211; Dop<\/p>\n<p>Boite de 65 ml<\/p>\n<p>Shampooing solide DOP aux \u0152ufs pour tous types de cheveux.<br \/>\nAussi efficace qu\u2019un shampoing classique, le shampooing solide mousse super bien et lave vos cheveux tout en douceur. Formule est sans sulfate, sans savon, sans silicone, sans conservateur et avec une base lavante d\u2019origine v\u00e9g\u00e9tale. Bon pour la plan\u00e8te :<br \/>\nSa formule est biod\u00e9gradable \u00e0 99%, et son packaging est 100% en carton recyclable, z\u00e9ro plastique assur\u00e9 ! Fabrication fran\u00e7aise !<br \/>\nLe shampooing solide \u00e9quivaut \u00e0 jusqu&rsquo;\u00e0 2 bouteilles de shampooings classiques de 250ml (selon la longueur de vos cheveux). Nettoie et renforce vos cheveux des racines aux pointes et leur donne souplesse et brillance. Adapt\u00e9 \u00e0 tous types de cheveux. Mousse rapidement et se rince tr\u00e8s facilement.<\/p>\n","protected":false},"excerpt":{"rendered":"<p>Shampooing Solide Aux Oeufs &#8211; Cheveux Normaux &#8211; Dop<\/p>\n<p>Boite de 65 ml<\/p>\n<p>&nbsp;<\/p>\n","protected":false},"featured_media":14853,"comment_status":"open","ping_status":"closed","template":"","meta":[],"pwb-brand":[1899],"product_brand":[],"product_cat":[454,2121],"product_tag":[1900,1427],"class_list":{"0":"post-14850","1":"product","2":"type-product","3":"status-publish","4":"has-post-thumbnail","6":"pwb-brand-dop-fr","7":"product_cat-shampoing-apres-shampoing","8":"product_cat-shampooing","9":"product_tag-dop-fr","10":"product_tag-shampoing","11":"product_shipping_class-expedition-dans-le-monde-entier","13":"first","14":"instock","15":"taxable","16":"shipping-taxable","17":"purchasable","18":"product-type-simple"},"yoast_head":"<!-- This site is optimized with the Yoast SEO plugin v27.3 - https:\/\/yoast.com\/product\/yoast-seo-wordpress\/ -->\n<title>Shampooing Solide Aux Oeufs - Cheveux Normaux - Dop | Acheter En Ligne | My French Grocery<\/title>\n<meta name=\"description\" content=\"Shampooing Solide Aux Oeufs - Cheveux Normaux - Dop - Boite de 65 ml - Shampooing solide DOP aux \u0152ufs pour tous types de cheveux. Aussi efficace qu\u2019un shampoing classique, le shampooing solide mousse super bien et lave vos cheveux tout en douceur.\" \/>\n<meta name=\"robots\" content=\"index, follow, max-snippet:-1, max-image-preview:large, max-video-preview:-1\" \/>\n<link rel=\"canonical\" href=\"https:\/\/my-french-grocery.com\/fr\/produit\/savon-liquide-lait-hydrate-nourrit-le-petit-marseillais-copy\/\" \/>\n<meta property=\"og:locale\" content=\"fr_FR\" \/>\n<meta property=\"og:type\" content=\"article\" \/>\n<meta property=\"og:title\" content=\"Shampooing Solide Aux Oeufs - Cheveux Normaux - Dop | Acheter En Ligne | My French Grocery\" \/>\n<meta property=\"og:description\" content=\"Shampooing Solide Aux Oeufs - Cheveux Normaux - Dop - Boite de 65 ml - Shampooing solide DOP aux \u0152ufs pour tous types de cheveux. Aussi efficace qu\u2019un shampoing classique, le shampooing solide mousse super bien et lave vos cheveux tout en douceur.\" \/>\n<meta property=\"og:url\" content=\"https:\/\/my-french-grocery.com\/fr\/produit\/savon-liquide-lait-hydrate-nourrit-le-petit-marseillais-copy\/\" \/>\n<meta property=\"og:site_name\" content=\"My French Grocery\" \/>\n<meta property=\"article:publisher\" content=\"https:\/\/www.facebook.com\/myfrenchgrocery\/\" \/>\n<meta property=\"article:modified_time\" content=\"2021-02-10T18:07:41+00:00\" \/>\n<meta property=\"og:image\" content=\"https:\/\/my-french-grocery.com\/wp-content\/uploads\/2021\/02\/DOP-DRY-SHAMPOO.jpg\" \/>\n\t<meta property=\"og:image:width\" content=\"1500\" \/>\n\t<meta property=\"og:image:height\" content=\"1500\" \/>\n\t<meta property=\"og:image:type\" content=\"image\/jpeg\" \/>\n<meta name=\"twitter:card\" content=\"summary_large_image\" \/>\n<meta name=\"twitter:label1\" content=\"Dur\u00e9e de lecture estim\u00e9e\" \/>\n\t<meta name=\"twitter:data1\" content=\"1 minute\" \/>\n<script type=\"application\/ld+json\" class=\"yoast-schema-graph\">{\"@context\":\"https:\\\/\\\/schema.org\",\"@graph\":[{\"@type\":\"WebPage\",\"@id\":\"https:\\\/\\\/my-french-grocery.com\\\/fr\\\/produit\\\/savon-liquide-lait-hydrate-nourrit-le-petit-marseillais-copy\\\/\",\"url\":\"https:\\\/\\\/my-french-grocery.com\\\/fr\\\/produit\\\/savon-liquide-lait-hydrate-nourrit-le-petit-marseillais-copy\\\/\",\"name\":\"Shampooing Solide Aux Oeufs - Cheveux Normaux - Dop | Acheter En Ligne | My French Grocery\",\"isPartOf\":{\"@id\":\"https:\\\/\\\/my-french-grocery.com\\\/fr\\\/#website\"},\"primaryImageOfPage\":{\"@id\":\"https:\\\/\\\/my-french-grocery.com\\\/fr\\\/produit\\\/savon-liquide-lait-hydrate-nourrit-le-petit-marseillais-copy\\\/#primaryimage\"},\"image\":{\"@id\":\"https:\\\/\\\/my-french-grocery.com\\\/fr\\\/produit\\\/savon-liquide-lait-hydrate-nourrit-le-petit-marseillais-copy\\\/#primaryimage\"},\"thumbnailUrl\":\"https:\\\/\\\/my-french-grocery.com\\\/wp-content\\\/uploads\\\/2021\\\/02\\\/DOP-DRY-SHAMPOO.jpg\",\"datePublished\":\"2021-02-10T17:58:18+00:00\",\"dateModified\":\"2021-02-10T18:07:41+00:00\",\"description\":\"Shampooing Solide Aux Oeufs - Cheveux Normaux - Dop - Boite de 65 ml - Shampooing solide DOP aux \u0152ufs pour tous types de cheveux. Aussi efficace qu\u2019un shampoing classique, le shampooing solide mousse super bien et lave vos cheveux tout en douceur.\",\"breadcrumb\":{\"@id\":\"https:\\\/\\\/my-french-grocery.com\\\/fr\\\/produit\\\/savon-liquide-lait-hydrate-nourrit-le-petit-marseillais-copy\\\/#breadcrumb\"},\"inLanguage\":\"fr-FR\",\"potentialAction\":[{\"@type\":\"ReadAction\",\"target\":[\"https:\\\/\\\/my-french-grocery.com\\\/fr\\\/produit\\\/savon-liquide-lait-hydrate-nourrit-le-petit-marseillais-copy\\\/\"]}]},{\"@type\":\"ImageObject\",\"inLanguage\":\"fr-FR\",\"@id\":\"https:\\\/\\\/my-french-grocery.com\\\/fr\\\/produit\\\/savon-liquide-lait-hydrate-nourrit-le-petit-marseillais-copy\\\/#primaryimage\",\"url\":\"https:\\\/\\\/my-french-grocery.com\\\/wp-content\\\/uploads\\\/2021\\\/02\\\/DOP-DRY-SHAMPOO.jpg\",\"contentUrl\":\"https:\\\/\\\/my-french-grocery.com\\\/wp-content\\\/uploads\\\/2021\\\/02\\\/DOP-DRY-SHAMPOO.jpg\",\"width\":1500,\"height\":1500,\"caption\":\"Shampooing Solide Aux Oeufs - Cheveux Normaux - Dop\"},{\"@type\":\"BreadcrumbList\",\"@id\":\"https:\\\/\\\/my-french-grocery.com\\\/fr\\\/produit\\\/savon-liquide-lait-hydrate-nourrit-le-petit-marseillais-copy\\\/#breadcrumb\",\"itemListElement\":[{\"@type\":\"ListItem\",\"position\":1,\"name\":\"Home\",\"item\":\"https:\\\/\\\/my-french-grocery.com\\\/fr\\\/\"},{\"@type\":\"ListItem\",\"position\":2,\"name\":\"Shop\",\"item\":\"https:\\\/\\\/my-french-grocery.com\\\/shop\\\/\"},{\"@type\":\"ListItem\",\"position\":3,\"name\":\"Cosm\u00e9tiques\",\"item\":\"https:\\\/\\\/my-french-grocery.com\\\/fr\\\/categorie-produit\\\/cosmetiques\\\/\"},{\"@type\":\"ListItem\",\"position\":4,\"name\":\"Shampoing, Apr\u00e8s-Shampoing, Soin Des Cheveux\",\"item\":\"https:\\\/\\\/my-french-grocery.com\\\/fr\\\/categorie-produit\\\/cosmetiques\\\/shampoing-apres-shampoing\\\/\"},{\"@type\":\"ListItem\",\"position\":5,\"name\":\"Shampooing Solide Aux Oeufs &#8211; Cheveux Normaux &#8211; Dop\"}]},{\"@type\":\"WebSite\",\"@id\":\"https:\\\/\\\/my-french-grocery.com\\\/fr\\\/#website\",\"url\":\"https:\\\/\\\/my-french-grocery.com\\\/fr\\\/\",\"name\":\"My French Grocery\",\"description\":\"Your Online French Grocery  !\",\"publisher\":{\"@id\":\"https:\\\/\\\/my-french-grocery.com\\\/fr\\\/#organization\"},\"potentialAction\":[{\"@type\":\"SearchAction\",\"target\":{\"@type\":\"EntryPoint\",\"urlTemplate\":\"https:\\\/\\\/my-french-grocery.com\\\/fr\\\/?s={search_term_string}\"},\"query-input\":{\"@type\":\"PropertyValueSpecification\",\"valueRequired\":true,\"valueName\":\"search_term_string\"}}],\"inLanguage\":\"fr-FR\"},{\"@type\":\"Organization\",\"@id\":\"https:\\\/\\\/my-french-grocery.com\\\/fr\\\/#organization\",\"name\":\"MY FRENCH GROCERY\",\"url\":\"https:\\\/\\\/my-french-grocery.com\\\/fr\\\/\",\"logo\":{\"@type\":\"ImageObject\",\"inLanguage\":\"fr-FR\",\"@id\":\"https:\\\/\\\/my-french-grocery.com\\\/fr\\\/#\\\/schema\\\/logo\\\/image\\\/\",\"url\":\"https:\\\/\\\/my-french-grocery.com\\\/wp-content\\\/uploads\\\/2021\\\/11\\\/My-French-Grocery-Online-French-Grocery.png\",\"contentUrl\":\"https:\\\/\\\/my-french-grocery.com\\\/wp-content\\\/uploads\\\/2021\\\/11\\\/My-French-Grocery-Online-French-Grocery.png\",\"width\":100,\"height\":100,\"caption\":\"MY FRENCH GROCERY\"},\"image\":{\"@id\":\"https:\\\/\\\/my-french-grocery.com\\\/fr\\\/#\\\/schema\\\/logo\\\/image\\\/\"},\"sameAs\":[\"https:\\\/\\\/www.facebook.com\\\/myfrenchgrocery\\\/\"]}]}<\/script>\n<!-- \/ Yoast SEO plugin. -->","yoast_head_json":{"title":"Shampooing Solide Aux Oeufs - Cheveux Normaux - Dop | Acheter En Ligne | My French Grocery","description":"Shampooing Solide Aux Oeufs - Cheveux Normaux - Dop - Boite de 65 ml - Shampooing solide DOP aux \u0152ufs pour tous types de cheveux. Aussi efficace qu\u2019un shampoing classique, le shampooing solide mousse super bien et lave vos cheveux tout en douceur.","robots":{"index":"index","follow":"follow","max-snippet":"max-snippet:-1","max-image-preview":"max-image-preview:large","max-video-preview":"max-video-preview:-1"},"canonical":"https:\/\/my-french-grocery.com\/fr\/produit\/savon-liquide-lait-hydrate-nourrit-le-petit-marseillais-copy\/","og_locale":"fr_FR","og_type":"article","og_title":"Shampooing Solide Aux Oeufs - Cheveux Normaux - Dop | Acheter En Ligne | My French Grocery","og_description":"Shampooing Solide Aux Oeufs - Cheveux Normaux - Dop - Boite de 65 ml - Shampooing solide DOP aux \u0152ufs pour tous types de cheveux. Aussi efficace qu\u2019un shampoing classique, le shampooing solide mousse super bien et lave vos cheveux tout en douceur.","og_url":"https:\/\/my-french-grocery.com\/fr\/produit\/savon-liquide-lait-hydrate-nourrit-le-petit-marseillais-copy\/","og_site_name":"My French Grocery","article_publisher":"https:\/\/www.facebook.com\/myfrenchgrocery\/","article_modified_time":"2021-02-10T18:07:41+00:00","og_image":[{"width":1500,"height":1500,"url":"https:\/\/my-french-grocery.com\/wp-content\/uploads\/2021\/02\/DOP-DRY-SHAMPOO.jpg","type":"image\/jpeg"}],"twitter_card":"summary_large_image","twitter_misc":{"Dur\u00e9e de lecture estim\u00e9e":"1 minute"},"schema":{"@context":"https:\/\/schema.org","@graph":[{"@type":"WebPage","@id":"https:\/\/my-french-grocery.com\/fr\/produit\/savon-liquide-lait-hydrate-nourrit-le-petit-marseillais-copy\/","url":"https:\/\/my-french-grocery.com\/fr\/produit\/savon-liquide-lait-hydrate-nourrit-le-petit-marseillais-copy\/","name":"Shampooing Solide Aux Oeufs - Cheveux Normaux - Dop | Acheter En Ligne | My French Grocery","isPartOf":{"@id":"https:\/\/my-french-grocery.com\/fr\/#website"},"primaryImageOfPage":{"@id":"https:\/\/my-french-grocery.com\/fr\/produit\/savon-liquide-lait-hydrate-nourrit-le-petit-marseillais-copy\/#primaryimage"},"image":{"@id":"https:\/\/my-french-grocery.com\/fr\/produit\/savon-liquide-lait-hydrate-nourrit-le-petit-marseillais-copy\/#primaryimage"},"thumbnailUrl":"https:\/\/my-french-grocery.com\/wp-content\/uploads\/2021\/02\/DOP-DRY-SHAMPOO.jpg","datePublished":"2021-02-10T17:58:18+00:00","dateModified":"2021-02-10T18:07:41+00:00","description":"Shampooing Solide Aux Oeufs - Cheveux Normaux - Dop - Boite de 65 ml - Shampooing solide DOP aux \u0152ufs pour tous types de cheveux. Aussi efficace qu\u2019un shampoing classique, le shampooing solide mousse super bien et lave vos cheveux tout en douceur.","breadcrumb":{"@id":"https:\/\/my-french-grocery.com\/fr\/produit\/savon-liquide-lait-hydrate-nourrit-le-petit-marseillais-copy\/#breadcrumb"},"inLanguage":"fr-FR","potentialAction":[{"@type":"ReadAction","target":["https:\/\/my-french-grocery.com\/fr\/produit\/savon-liquide-lait-hydrate-nourrit-le-petit-marseillais-copy\/"]}]},{"@type":"ImageObject","inLanguage":"fr-FR","@id":"https:\/\/my-french-grocery.com\/fr\/produit\/savon-liquide-lait-hydrate-nourrit-le-petit-marseillais-copy\/#primaryimage","url":"https:\/\/my-french-grocery.com\/wp-content\/uploads\/2021\/02\/DOP-DRY-SHAMPOO.jpg","contentUrl":"https:\/\/my-french-grocery.com\/wp-content\/uploads\/2021\/02\/DOP-DRY-SHAMPOO.jpg","width":1500,"height":1500,"caption":"Shampooing Solide Aux Oeufs - Cheveux Normaux - Dop"},{"@type":"BreadcrumbList","@id":"https:\/\/my-french-grocery.com\/fr\/produit\/savon-liquide-lait-hydrate-nourrit-le-petit-marseillais-copy\/#breadcrumb","itemListElement":[{"@type":"ListItem","position":1,"name":"Home","item":"https:\/\/my-french-grocery.com\/fr\/"},{"@type":"ListItem","position":2,"name":"Shop","item":"https:\/\/my-french-grocery.com\/shop\/"},{"@type":"ListItem","position":3,"name":"Cosm\u00e9tiques","item":"https:\/\/my-french-grocery.com\/fr\/categorie-produit\/cosmetiques\/"},{"@type":"ListItem","position":4,"name":"Shampoing, Apr\u00e8s-Shampoing, Soin Des Cheveux","item":"https:\/\/my-french-grocery.com\/fr\/categorie-produit\/cosmetiques\/shampoing-apres-shampoing\/"},{"@type":"ListItem","position":5,"name":"Shampooing Solide Aux Oeufs &#8211; Cheveux Normaux &#8211; Dop"}]},{"@type":"WebSite","@id":"https:\/\/my-french-grocery.com\/fr\/#website","url":"https:\/\/my-french-grocery.com\/fr\/","name":"My French Grocery","description":"Your Online French Grocery  !","publisher":{"@id":"https:\/\/my-french-grocery.com\/fr\/#organization"},"potentialAction":[{"@type":"SearchAction","target":{"@type":"EntryPoint","urlTemplate":"https:\/\/my-french-grocery.com\/fr\/?s={search_term_string}"},"query-input":{"@type":"PropertyValueSpecification","valueRequired":true,"valueName":"search_term_string"}}],"inLanguage":"fr-FR"},{"@type":"Organization","@id":"https:\/\/my-french-grocery.com\/fr\/#organization","name":"MY FRENCH GROCERY","url":"https:\/\/my-french-grocery.com\/fr\/","logo":{"@type":"ImageObject","inLanguage":"fr-FR","@id":"https:\/\/my-french-grocery.com\/fr\/#\/schema\/logo\/image\/","url":"https:\/\/my-french-grocery.com\/wp-content\/uploads\/2021\/11\/My-French-Grocery-Online-French-Grocery.png","contentUrl":"https:\/\/my-french-grocery.com\/wp-content\/uploads\/2021\/11\/My-French-Grocery-Online-French-Grocery.png","width":100,"height":100,"caption":"MY FRENCH GROCERY"},"image":{"@id":"https:\/\/my-french-grocery.com\/fr\/#\/schema\/logo\/image\/"},"sameAs":["https:\/\/www.facebook.com\/myfrenchgrocery\/"]}]}},"brands":[{"id":1899,"name":"Dop","slug":"dop-fr"}],"_links":{"self":[{"href":"https:\/\/my-french-grocery.com\/fr\/wp-json\/wp\/v2\/product\/14850","targetHints":{"allow":["GET"]}}],"collection":[{"href":"https:\/\/my-french-grocery.com\/fr\/wp-json\/wp\/v2\/product"}],"about":[{"href":"https:\/\/my-french-grocery.com\/fr\/wp-json\/wp\/v2\/types\/product"}],"replies":[{"embeddable":true,"href":"https:\/\/my-french-grocery.com\/fr\/wp-json\/wp\/v2\/comments?post=14850"}],"wp:featuredmedia":[{"embeddable":true,"href":"https:\/\/my-french-grocery.com\/fr\/wp-json\/wp\/v2\/media\/14853"}],"wp:attachment":[{"href":"https:\/\/my-french-grocery.com\/fr\/wp-json\/wp\/v2\/media?parent=14850"}],"wp:term":[{"taxonomy":"pwb-brand","embeddable":true,"href":"https:\/\/my-french-grocery.com\/fr\/wp-json\/wp\/v2\/pwb-brand?post=14850"},{"taxonomy":"product_brand","embeddable":true,"href":"https:\/\/my-french-grocery.com\/fr\/wp-json\/wp\/v2\/product_brand?post=14850"},{"taxonomy":"product_cat","embeddable":true,"href":"https:\/\/my-french-grocery.com\/fr\/wp-json\/wp\/v2\/product_cat?post=14850"},{"taxonomy":"product_tag","embeddable":true,"href":"https:\/\/my-french-grocery.com\/fr\/wp-json\/wp\/v2\/product_tag?post=14850"}],"curies":[{"name":"wp","href":"https:\/\/api.w.org\/{rel}","templated":true}]}}