{"id":15573,"date":"2021-03-21T20:29:34","date_gmt":"2021-03-21T18:29:35","guid":{"rendered":"https:\/\/my-french-grocery.com\/?post_type=product&#038;p=15573"},"modified":"2023-12-13T20:21:50","modified_gmt":"2023-12-13T18:21:50","slug":"gel-douche-haribo-tagada-dop","status":"publish","type":"product","link":"https:\/\/my-french-grocery.com\/fr\/produit\/gel-douche-haribo-tagada-dop\/","title":{"rendered":"Gel douche Parfum Fraise &#8211; Dop"},"content":{"rendered":"<p>Gel douche Parfum Fraise &#8211; Dop<\/p>\n<p>Flacon de 290ml<\/p>\n<p>Gel Douche Cr\u00e8me Au Parfum de la Fraise Tagada Haribo formul\u00e9 avec 1\/4 de cr\u00e8me hydratante pour une peau parfum\u00e9e et hydrat\u00e9e pendant 24h. Sa mousse onctueuse et l\u00e9g\u00e8re fera de votre douche un v\u00e9ritable moment de plaisir.<\/p>\n","protected":false},"excerpt":{"rendered":"<p>Gel douche Parfum Fraise &#8211; Dop<\/p>\n<p>Flacon de 290ml<\/p>\n<p>&nbsp;<\/p>\n","protected":false},"featured_media":15576,"comment_status":"open","ping_status":"closed","template":"","meta":[],"pwb-brand":[1899],"product_brand":[],"product_cat":[993],"product_tag":[1900,1427],"class_list":{"0":"post-15573","1":"product","2":"type-product","3":"status-publish","4":"has-post-thumbnail","6":"pwb-brand-dop-fr","7":"product_cat-gel-douche","8":"product_tag-dop-fr","9":"product_tag-shampoing","10":"product_shipping_class-expedition-dans-le-monde-entier","12":"first","13":"instock","14":"taxable","15":"shipping-taxable","16":"purchasable","17":"product-type-simple"},"yoast_head":"<!-- This site is optimized with the Yoast SEO plugin v27.3 - https:\/\/yoast.com\/product\/yoast-seo-wordpress\/ -->\n<title>Gel douche Parfum Fraise - Dop | Acheter En Ligne | My French Grocery<\/title>\n<meta name=\"description\" content=\"Gel douche Parfum Fraise - Dop Flacon de 290ml - Gel Douche Cr\u00e8me Au Parfum de la Fraise Tagada Haribo formul\u00e9 avec 1\/4 de cr\u00e8me hydratante pour une peau parfum\u00e9e et hydrat\u00e9e pendant 24h.\" \/>\n<meta name=\"robots\" content=\"index, follow, max-snippet:-1, max-image-preview:large, max-video-preview:-1\" \/>\n<link rel=\"canonical\" href=\"https:\/\/my-french-grocery.com\/fr\/produit\/gel-douche-haribo-tagada-dop\/\" \/>\n<meta property=\"og:locale\" content=\"fr_FR\" \/>\n<meta property=\"og:type\" content=\"article\" \/>\n<meta property=\"og:title\" content=\"Gel douche Parfum Fraise - Dop | Acheter En Ligne | My French Grocery\" \/>\n<meta property=\"og:description\" content=\"Gel douche Parfum Fraise - Dop Flacon de 290ml - Gel Douche Cr\u00e8me Au Parfum de la Fraise Tagada Haribo formul\u00e9 avec 1\/4 de cr\u00e8me hydratante pour une peau parfum\u00e9e et hydrat\u00e9e pendant 24h.\" \/>\n<meta property=\"og:url\" content=\"https:\/\/my-french-grocery.com\/fr\/produit\/gel-douche-haribo-tagada-dop\/\" \/>\n<meta property=\"og:site_name\" content=\"My French Grocery\" \/>\n<meta property=\"article:publisher\" content=\"https:\/\/www.facebook.com\/myfrenchgrocery\/\" \/>\n<meta property=\"article:modified_time\" content=\"2023-12-13T18:21:50+00:00\" \/>\n<meta property=\"og:image\" content=\"https:\/\/my-french-grocery.com\/wp-content\/uploads\/2021\/03\/DOP-TAGADA-HARIBO.jpg\" \/>\n\t<meta property=\"og:image:width\" content=\"1500\" \/>\n\t<meta property=\"og:image:height\" content=\"1500\" \/>\n\t<meta property=\"og:image:type\" content=\"image\/jpeg\" \/>\n<meta name=\"twitter:card\" content=\"summary_large_image\" \/>\n<script type=\"application\/ld+json\" class=\"yoast-schema-graph\">{\"@context\":\"https:\\\/\\\/schema.org\",\"@graph\":[{\"@type\":\"WebPage\",\"@id\":\"https:\\\/\\\/my-french-grocery.com\\\/fr\\\/produit\\\/gel-douche-haribo-tagada-dop\\\/\",\"url\":\"https:\\\/\\\/my-french-grocery.com\\\/fr\\\/produit\\\/gel-douche-haribo-tagada-dop\\\/\",\"name\":\"Gel douche Parfum Fraise - Dop | Acheter En Ligne | My French Grocery\",\"isPartOf\":{\"@id\":\"https:\\\/\\\/my-french-grocery.com\\\/fr\\\/#website\"},\"primaryImageOfPage\":{\"@id\":\"https:\\\/\\\/my-french-grocery.com\\\/fr\\\/produit\\\/gel-douche-haribo-tagada-dop\\\/#primaryimage\"},\"image\":{\"@id\":\"https:\\\/\\\/my-french-grocery.com\\\/fr\\\/produit\\\/gel-douche-haribo-tagada-dop\\\/#primaryimage\"},\"thumbnailUrl\":\"https:\\\/\\\/my-french-grocery.com\\\/wp-content\\\/uploads\\\/2021\\\/03\\\/DOP-TAGADA-HARIBO.jpg\",\"datePublished\":\"2021-03-21T18:29:35+00:00\",\"dateModified\":\"2023-12-13T18:21:50+00:00\",\"description\":\"Gel douche Parfum Fraise - Dop Flacon de 290ml - Gel Douche Cr\u00e8me Au Parfum de la Fraise Tagada Haribo formul\u00e9 avec 1\\\/4 de cr\u00e8me hydratante pour une peau parfum\u00e9e et hydrat\u00e9e pendant 24h.\",\"breadcrumb\":{\"@id\":\"https:\\\/\\\/my-french-grocery.com\\\/fr\\\/produit\\\/gel-douche-haribo-tagada-dop\\\/#breadcrumb\"},\"inLanguage\":\"fr-FR\",\"potentialAction\":[{\"@type\":\"ReadAction\",\"target\":[\"https:\\\/\\\/my-french-grocery.com\\\/fr\\\/produit\\\/gel-douche-haribo-tagada-dop\\\/\"]}]},{\"@type\":\"ImageObject\",\"inLanguage\":\"fr-FR\",\"@id\":\"https:\\\/\\\/my-french-grocery.com\\\/fr\\\/produit\\\/gel-douche-haribo-tagada-dop\\\/#primaryimage\",\"url\":\"https:\\\/\\\/my-french-grocery.com\\\/wp-content\\\/uploads\\\/2021\\\/03\\\/DOP-TAGADA-HARIBO.jpg\",\"contentUrl\":\"https:\\\/\\\/my-french-grocery.com\\\/wp-content\\\/uploads\\\/2021\\\/03\\\/DOP-TAGADA-HARIBO.jpg\",\"width\":1500,\"height\":1500,\"caption\":\"Gel douche Haribo Tagada - Dop\"},{\"@type\":\"BreadcrumbList\",\"@id\":\"https:\\\/\\\/my-french-grocery.com\\\/fr\\\/produit\\\/gel-douche-haribo-tagada-dop\\\/#breadcrumb\",\"itemListElement\":[{\"@type\":\"ListItem\",\"position\":1,\"name\":\"Home\",\"item\":\"https:\\\/\\\/my-french-grocery.com\\\/fr\\\/\"},{\"@type\":\"ListItem\",\"position\":2,\"name\":\"Shop\",\"item\":\"https:\\\/\\\/my-french-grocery.com\\\/shop\\\/\"},{\"@type\":\"ListItem\",\"position\":3,\"name\":\"Cosm\u00e9tiques\",\"item\":\"https:\\\/\\\/my-french-grocery.com\\\/fr\\\/categorie-produit\\\/cosmetiques\\\/\"},{\"@type\":\"ListItem\",\"position\":4,\"name\":\"Savon &amp; Gel Douche\",\"item\":\"https:\\\/\\\/my-french-grocery.com\\\/fr\\\/categorie-produit\\\/cosmetiques\\\/savon-gel-douche\\\/\"},{\"@type\":\"ListItem\",\"position\":5,\"name\":\"Gel Douche\",\"item\":\"https:\\\/\\\/my-french-grocery.com\\\/fr\\\/categorie-produit\\\/cosmetiques\\\/savon-gel-douche\\\/gel-douche\\\/\"},{\"@type\":\"ListItem\",\"position\":6,\"name\":\"Gel douche Parfum Fraise &#8211; Dop\"}]},{\"@type\":\"WebSite\",\"@id\":\"https:\\\/\\\/my-french-grocery.com\\\/fr\\\/#website\",\"url\":\"https:\\\/\\\/my-french-grocery.com\\\/fr\\\/\",\"name\":\"My French Grocery\",\"description\":\"Your Online French Grocery  !\",\"publisher\":{\"@id\":\"https:\\\/\\\/my-french-grocery.com\\\/fr\\\/#organization\"},\"potentialAction\":[{\"@type\":\"SearchAction\",\"target\":{\"@type\":\"EntryPoint\",\"urlTemplate\":\"https:\\\/\\\/my-french-grocery.com\\\/fr\\\/?s={search_term_string}\"},\"query-input\":{\"@type\":\"PropertyValueSpecification\",\"valueRequired\":true,\"valueName\":\"search_term_string\"}}],\"inLanguage\":\"fr-FR\"},{\"@type\":\"Organization\",\"@id\":\"https:\\\/\\\/my-french-grocery.com\\\/fr\\\/#organization\",\"name\":\"MY FRENCH GROCERY\",\"url\":\"https:\\\/\\\/my-french-grocery.com\\\/fr\\\/\",\"logo\":{\"@type\":\"ImageObject\",\"inLanguage\":\"fr-FR\",\"@id\":\"https:\\\/\\\/my-french-grocery.com\\\/fr\\\/#\\\/schema\\\/logo\\\/image\\\/\",\"url\":\"https:\\\/\\\/my-french-grocery.com\\\/wp-content\\\/uploads\\\/2021\\\/11\\\/My-French-Grocery-Online-French-Grocery.png\",\"contentUrl\":\"https:\\\/\\\/my-french-grocery.com\\\/wp-content\\\/uploads\\\/2021\\\/11\\\/My-French-Grocery-Online-French-Grocery.png\",\"width\":100,\"height\":100,\"caption\":\"MY FRENCH GROCERY\"},\"image\":{\"@id\":\"https:\\\/\\\/my-french-grocery.com\\\/fr\\\/#\\\/schema\\\/logo\\\/image\\\/\"},\"sameAs\":[\"https:\\\/\\\/www.facebook.com\\\/myfrenchgrocery\\\/\"]}]}<\/script>\n<!-- \/ Yoast SEO plugin. -->","yoast_head_json":{"title":"Gel douche Parfum Fraise - Dop | Acheter En Ligne | My French Grocery","description":"Gel douche Parfum Fraise - Dop Flacon de 290ml - Gel Douche Cr\u00e8me Au Parfum de la Fraise Tagada Haribo formul\u00e9 avec 1\/4 de cr\u00e8me hydratante pour une peau parfum\u00e9e et hydrat\u00e9e pendant 24h.","robots":{"index":"index","follow":"follow","max-snippet":"max-snippet:-1","max-image-preview":"max-image-preview:large","max-video-preview":"max-video-preview:-1"},"canonical":"https:\/\/my-french-grocery.com\/fr\/produit\/gel-douche-haribo-tagada-dop\/","og_locale":"fr_FR","og_type":"article","og_title":"Gel douche Parfum Fraise - Dop | Acheter En Ligne | My French Grocery","og_description":"Gel douche Parfum Fraise - Dop Flacon de 290ml - Gel Douche Cr\u00e8me Au Parfum de la Fraise Tagada Haribo formul\u00e9 avec 1\/4 de cr\u00e8me hydratante pour une peau parfum\u00e9e et hydrat\u00e9e pendant 24h.","og_url":"https:\/\/my-french-grocery.com\/fr\/produit\/gel-douche-haribo-tagada-dop\/","og_site_name":"My French Grocery","article_publisher":"https:\/\/www.facebook.com\/myfrenchgrocery\/","article_modified_time":"2023-12-13T18:21:50+00:00","og_image":[{"width":1500,"height":1500,"url":"https:\/\/my-french-grocery.com\/wp-content\/uploads\/2021\/03\/DOP-TAGADA-HARIBO.jpg","type":"image\/jpeg"}],"twitter_card":"summary_large_image","schema":{"@context":"https:\/\/schema.org","@graph":[{"@type":"WebPage","@id":"https:\/\/my-french-grocery.com\/fr\/produit\/gel-douche-haribo-tagada-dop\/","url":"https:\/\/my-french-grocery.com\/fr\/produit\/gel-douche-haribo-tagada-dop\/","name":"Gel douche Parfum Fraise - Dop | Acheter En Ligne | My French Grocery","isPartOf":{"@id":"https:\/\/my-french-grocery.com\/fr\/#website"},"primaryImageOfPage":{"@id":"https:\/\/my-french-grocery.com\/fr\/produit\/gel-douche-haribo-tagada-dop\/#primaryimage"},"image":{"@id":"https:\/\/my-french-grocery.com\/fr\/produit\/gel-douche-haribo-tagada-dop\/#primaryimage"},"thumbnailUrl":"https:\/\/my-french-grocery.com\/wp-content\/uploads\/2021\/03\/DOP-TAGADA-HARIBO.jpg","datePublished":"2021-03-21T18:29:35+00:00","dateModified":"2023-12-13T18:21:50+00:00","description":"Gel douche Parfum Fraise - Dop Flacon de 290ml - Gel Douche Cr\u00e8me Au Parfum de la Fraise Tagada Haribo formul\u00e9 avec 1\/4 de cr\u00e8me hydratante pour une peau parfum\u00e9e et hydrat\u00e9e pendant 24h.","breadcrumb":{"@id":"https:\/\/my-french-grocery.com\/fr\/produit\/gel-douche-haribo-tagada-dop\/#breadcrumb"},"inLanguage":"fr-FR","potentialAction":[{"@type":"ReadAction","target":["https:\/\/my-french-grocery.com\/fr\/produit\/gel-douche-haribo-tagada-dop\/"]}]},{"@type":"ImageObject","inLanguage":"fr-FR","@id":"https:\/\/my-french-grocery.com\/fr\/produit\/gel-douche-haribo-tagada-dop\/#primaryimage","url":"https:\/\/my-french-grocery.com\/wp-content\/uploads\/2021\/03\/DOP-TAGADA-HARIBO.jpg","contentUrl":"https:\/\/my-french-grocery.com\/wp-content\/uploads\/2021\/03\/DOP-TAGADA-HARIBO.jpg","width":1500,"height":1500,"caption":"Gel douche Haribo Tagada - Dop"},{"@type":"BreadcrumbList","@id":"https:\/\/my-french-grocery.com\/fr\/produit\/gel-douche-haribo-tagada-dop\/#breadcrumb","itemListElement":[{"@type":"ListItem","position":1,"name":"Home","item":"https:\/\/my-french-grocery.com\/fr\/"},{"@type":"ListItem","position":2,"name":"Shop","item":"https:\/\/my-french-grocery.com\/shop\/"},{"@type":"ListItem","position":3,"name":"Cosm\u00e9tiques","item":"https:\/\/my-french-grocery.com\/fr\/categorie-produit\/cosmetiques\/"},{"@type":"ListItem","position":4,"name":"Savon &amp; Gel Douche","item":"https:\/\/my-french-grocery.com\/fr\/categorie-produit\/cosmetiques\/savon-gel-douche\/"},{"@type":"ListItem","position":5,"name":"Gel Douche","item":"https:\/\/my-french-grocery.com\/fr\/categorie-produit\/cosmetiques\/savon-gel-douche\/gel-douche\/"},{"@type":"ListItem","position":6,"name":"Gel douche Parfum Fraise &#8211; Dop"}]},{"@type":"WebSite","@id":"https:\/\/my-french-grocery.com\/fr\/#website","url":"https:\/\/my-french-grocery.com\/fr\/","name":"My French Grocery","description":"Your Online French Grocery  !","publisher":{"@id":"https:\/\/my-french-grocery.com\/fr\/#organization"},"potentialAction":[{"@type":"SearchAction","target":{"@type":"EntryPoint","urlTemplate":"https:\/\/my-french-grocery.com\/fr\/?s={search_term_string}"},"query-input":{"@type":"PropertyValueSpecification","valueRequired":true,"valueName":"search_term_string"}}],"inLanguage":"fr-FR"},{"@type":"Organization","@id":"https:\/\/my-french-grocery.com\/fr\/#organization","name":"MY FRENCH GROCERY","url":"https:\/\/my-french-grocery.com\/fr\/","logo":{"@type":"ImageObject","inLanguage":"fr-FR","@id":"https:\/\/my-french-grocery.com\/fr\/#\/schema\/logo\/image\/","url":"https:\/\/my-french-grocery.com\/wp-content\/uploads\/2021\/11\/My-French-Grocery-Online-French-Grocery.png","contentUrl":"https:\/\/my-french-grocery.com\/wp-content\/uploads\/2021\/11\/My-French-Grocery-Online-French-Grocery.png","width":100,"height":100,"caption":"MY FRENCH GROCERY"},"image":{"@id":"https:\/\/my-french-grocery.com\/fr\/#\/schema\/logo\/image\/"},"sameAs":["https:\/\/www.facebook.com\/myfrenchgrocery\/"]}]}},"brands":[{"id":1899,"name":"Dop","slug":"dop-fr"}],"_links":{"self":[{"href":"https:\/\/my-french-grocery.com\/fr\/wp-json\/wp\/v2\/product\/15573","targetHints":{"allow":["GET"]}}],"collection":[{"href":"https:\/\/my-french-grocery.com\/fr\/wp-json\/wp\/v2\/product"}],"about":[{"href":"https:\/\/my-french-grocery.com\/fr\/wp-json\/wp\/v2\/types\/product"}],"replies":[{"embeddable":true,"href":"https:\/\/my-french-grocery.com\/fr\/wp-json\/wp\/v2\/comments?post=15573"}],"wp:featuredmedia":[{"embeddable":true,"href":"https:\/\/my-french-grocery.com\/fr\/wp-json\/wp\/v2\/media\/15576"}],"wp:attachment":[{"href":"https:\/\/my-french-grocery.com\/fr\/wp-json\/wp\/v2\/media?parent=15573"}],"wp:term":[{"taxonomy":"pwb-brand","embeddable":true,"href":"https:\/\/my-french-grocery.com\/fr\/wp-json\/wp\/v2\/pwb-brand?post=15573"},{"taxonomy":"product_brand","embeddable":true,"href":"https:\/\/my-french-grocery.com\/fr\/wp-json\/wp\/v2\/product_brand?post=15573"},{"taxonomy":"product_cat","embeddable":true,"href":"https:\/\/my-french-grocery.com\/fr\/wp-json\/wp\/v2\/product_cat?post=15573"},{"taxonomy":"product_tag","embeddable":true,"href":"https:\/\/my-french-grocery.com\/fr\/wp-json\/wp\/v2\/product_tag?post=15573"}],"curies":[{"name":"wp","href":"https:\/\/api.w.org\/{rel}","templated":true}]}}