{"id":15625,"date":"2021-03-24T17:26:05","date_gmt":"2021-03-24T15:26:07","guid":{"rendered":"https:\/\/my-french-grocery.com\/?post_type=product&#038;p=15625"},"modified":"2021-03-24T17:45:12","modified_gmt":"2021-03-24T15:45:12","slug":"gateaux-chocolat-crac-moi-brossard","status":"publish","type":"product","link":"https:\/\/my-french-grocery.com\/fr\/produit\/gateaux-chocolat-crac-moi-brossard\/","title":{"rendered":"G\u00e2teaux Chocolat Crac &#038; Moi Brossard"},"content":{"rendered":"<p class=\"ds-title pdp-card__title ds-title--light ds-title--l\">G\u00e2teaux Chocolat Crac &amp; Moi Brossard<\/p>\n<p>Paquet de 5 &#8211; 155 g<\/p>\n<div class=\"secondary-details__description\">\n<div class=\"secondary-details__description\">\n<p class=\"paragraph\">D\u00e9couvrez le plaisir d\u2019un g\u00e2teau craquant et moelleux. L\u2019\u00e9quilibre parfait et subtil d\u2019un g\u00e2teau au chocolat avec un c\u0153ur de chocolat craquant. Un vrai moment de plaisir \u00e0 partager en famille ou entre amis !<\/p>\n<\/div>\n<\/div>\n","protected":false},"excerpt":{"rendered":"<p class=\"ds-title pdp-card__title ds-title--light ds-title--l\">G\u00e2teaux Chocolat Crac &amp; Moi Brossard<\/p>\n<p>Paquet de 5 &#8211; 155 g<\/p>\n","protected":false},"featured_media":15628,"comment_status":"open","ping_status":"closed","template":"","meta":[],"pwb-brand":[1962],"product_brand":[],"product_cat":[1025],"product_tag":[1912],"class_list":{"0":"post-15625","1":"product","2":"type-product","3":"status-publish","4":"has-post-thumbnail","6":"pwb-brand-brossard-fr","7":"product_cat-gateaux-biscuits","8":"product_tag-dinosaurus-fr","9":"product_shipping_class-expedition-dans-le-monde-entier","11":"first","12":"outofstock","13":"taxable","14":"shipping-taxable","15":"purchasable","16":"product-type-simple"},"yoast_head":"<!-- This site is optimized with the Yoast SEO plugin v27.3 - https:\/\/yoast.com\/product\/yoast-seo-wordpress\/ -->\n<title>G\u00e2teaux Chocolat Crac &amp; Moi Brossard | Acheter En Ligne | My French Grocery<\/title>\n<meta name=\"description\" content=\"G\u00e2teaux Chocolat Crac &amp; Moi Brossard - Paquet de 5 - 155 g - D\u00e9couvrez le plaisir d\u2019un g\u00e2teau craquant et moelleux. L\u2019\u00e9quilibre parfait et subtil d\u2019un g\u00e2teau au chocolat avec un c\u0153ur de chocolat craquant.\" \/>\n<meta name=\"robots\" content=\"index, follow, max-snippet:-1, max-image-preview:large, max-video-preview:-1\" \/>\n<link rel=\"canonical\" href=\"https:\/\/my-french-grocery.com\/fr\/produit\/gateaux-chocolat-crac-moi-brossard\/\" \/>\n<meta property=\"og:locale\" content=\"fr_FR\" \/>\n<meta property=\"og:type\" content=\"article\" \/>\n<meta property=\"og:title\" content=\"G\u00e2teaux Chocolat Crac &amp; Moi Brossard | Acheter En Ligne | My French Grocery\" \/>\n<meta property=\"og:description\" content=\"G\u00e2teaux Chocolat Crac &amp; Moi Brossard - Paquet de 5 - 155 g - D\u00e9couvrez le plaisir d\u2019un g\u00e2teau craquant et moelleux. L\u2019\u00e9quilibre parfait et subtil d\u2019un g\u00e2teau au chocolat avec un c\u0153ur de chocolat craquant.\" \/>\n<meta property=\"og:url\" content=\"https:\/\/my-french-grocery.com\/fr\/produit\/gateaux-chocolat-crac-moi-brossard\/\" \/>\n<meta property=\"og:site_name\" content=\"My French Grocery\" \/>\n<meta property=\"article:publisher\" content=\"https:\/\/www.facebook.com\/myfrenchgrocery\/\" \/>\n<meta property=\"article:modified_time\" content=\"2021-03-24T15:45:12+00:00\" \/>\n<meta property=\"og:image\" content=\"https:\/\/my-french-grocery.com\/wp-content\/uploads\/2021\/03\/CRAC-ET-MOI-CHOCOLAT-BROSSARD.jpg\" \/>\n\t<meta property=\"og:image:width\" content=\"1500\" \/>\n\t<meta property=\"og:image:height\" content=\"1500\" \/>\n\t<meta property=\"og:image:type\" content=\"image\/jpeg\" \/>\n<meta name=\"twitter:card\" content=\"summary_large_image\" \/>\n<script type=\"application\/ld+json\" class=\"yoast-schema-graph\">{\"@context\":\"https:\\\/\\\/schema.org\",\"@graph\":[{\"@type\":\"WebPage\",\"@id\":\"https:\\\/\\\/my-french-grocery.com\\\/fr\\\/produit\\\/gateaux-chocolat-crac-moi-brossard\\\/\",\"url\":\"https:\\\/\\\/my-french-grocery.com\\\/fr\\\/produit\\\/gateaux-chocolat-crac-moi-brossard\\\/\",\"name\":\"G\u00e2teaux Chocolat Crac & Moi Brossard | Acheter En Ligne | My French Grocery\",\"isPartOf\":{\"@id\":\"https:\\\/\\\/my-french-grocery.com\\\/fr\\\/#website\"},\"primaryImageOfPage\":{\"@id\":\"https:\\\/\\\/my-french-grocery.com\\\/fr\\\/produit\\\/gateaux-chocolat-crac-moi-brossard\\\/#primaryimage\"},\"image\":{\"@id\":\"https:\\\/\\\/my-french-grocery.com\\\/fr\\\/produit\\\/gateaux-chocolat-crac-moi-brossard\\\/#primaryimage\"},\"thumbnailUrl\":\"https:\\\/\\\/my-french-grocery.com\\\/wp-content\\\/uploads\\\/2021\\\/03\\\/CRAC-ET-MOI-CHOCOLAT-BROSSARD.jpg\",\"datePublished\":\"2021-03-24T15:26:07+00:00\",\"dateModified\":\"2021-03-24T15:45:12+00:00\",\"description\":\"G\u00e2teaux Chocolat Crac & Moi Brossard - Paquet de 5 - 155 g - D\u00e9couvrez le plaisir d\u2019un g\u00e2teau craquant et moelleux. L\u2019\u00e9quilibre parfait et subtil d\u2019un g\u00e2teau au chocolat avec un c\u0153ur de chocolat craquant.\",\"breadcrumb\":{\"@id\":\"https:\\\/\\\/my-french-grocery.com\\\/fr\\\/produit\\\/gateaux-chocolat-crac-moi-brossard\\\/#breadcrumb\"},\"inLanguage\":\"fr-FR\",\"potentialAction\":[{\"@type\":\"ReadAction\",\"target\":[\"https:\\\/\\\/my-french-grocery.com\\\/fr\\\/produit\\\/gateaux-chocolat-crac-moi-brossard\\\/\"]}]},{\"@type\":\"ImageObject\",\"inLanguage\":\"fr-FR\",\"@id\":\"https:\\\/\\\/my-french-grocery.com\\\/fr\\\/produit\\\/gateaux-chocolat-crac-moi-brossard\\\/#primaryimage\",\"url\":\"https:\\\/\\\/my-french-grocery.com\\\/wp-content\\\/uploads\\\/2021\\\/03\\\/CRAC-ET-MOI-CHOCOLAT-BROSSARD.jpg\",\"contentUrl\":\"https:\\\/\\\/my-french-grocery.com\\\/wp-content\\\/uploads\\\/2021\\\/03\\\/CRAC-ET-MOI-CHOCOLAT-BROSSARD.jpg\",\"width\":1500,\"height\":1500,\"caption\":\"CRAC-ET-MOI CHOCOLAT BROSSARD\"},{\"@type\":\"BreadcrumbList\",\"@id\":\"https:\\\/\\\/my-french-grocery.com\\\/fr\\\/produit\\\/gateaux-chocolat-crac-moi-brossard\\\/#breadcrumb\",\"itemListElement\":[{\"@type\":\"ListItem\",\"position\":1,\"name\":\"Home\",\"item\":\"https:\\\/\\\/my-french-grocery.com\\\/fr\\\/\"},{\"@type\":\"ListItem\",\"position\":2,\"name\":\"Shop\",\"item\":\"https:\\\/\\\/my-french-grocery.com\\\/shop\\\/\"},{\"@type\":\"ListItem\",\"position\":3,\"name\":\"Alimentation\",\"item\":\"https:\\\/\\\/my-french-grocery.com\\\/fr\\\/categorie-produit\\\/alimentation\\\/\"},{\"@type\":\"ListItem\",\"position\":4,\"name\":\"G\u00e2teaux &amp; Biscuits\",\"item\":\"https:\\\/\\\/my-french-grocery.com\\\/fr\\\/categorie-produit\\\/alimentation\\\/gateaux-biscuits\\\/\"},{\"@type\":\"ListItem\",\"position\":5,\"name\":\"G\u00e2teaux Chocolat Crac &#038; Moi Brossard\"}]},{\"@type\":\"WebSite\",\"@id\":\"https:\\\/\\\/my-french-grocery.com\\\/fr\\\/#website\",\"url\":\"https:\\\/\\\/my-french-grocery.com\\\/fr\\\/\",\"name\":\"My French Grocery\",\"description\":\"Your Online French Grocery  !\",\"publisher\":{\"@id\":\"https:\\\/\\\/my-french-grocery.com\\\/fr\\\/#organization\"},\"potentialAction\":[{\"@type\":\"SearchAction\",\"target\":{\"@type\":\"EntryPoint\",\"urlTemplate\":\"https:\\\/\\\/my-french-grocery.com\\\/fr\\\/?s={search_term_string}\"},\"query-input\":{\"@type\":\"PropertyValueSpecification\",\"valueRequired\":true,\"valueName\":\"search_term_string\"}}],\"inLanguage\":\"fr-FR\"},{\"@type\":\"Organization\",\"@id\":\"https:\\\/\\\/my-french-grocery.com\\\/fr\\\/#organization\",\"name\":\"MY FRENCH GROCERY\",\"url\":\"https:\\\/\\\/my-french-grocery.com\\\/fr\\\/\",\"logo\":{\"@type\":\"ImageObject\",\"inLanguage\":\"fr-FR\",\"@id\":\"https:\\\/\\\/my-french-grocery.com\\\/fr\\\/#\\\/schema\\\/logo\\\/image\\\/\",\"url\":\"https:\\\/\\\/my-french-grocery.com\\\/wp-content\\\/uploads\\\/2021\\\/11\\\/My-French-Grocery-Online-French-Grocery.png\",\"contentUrl\":\"https:\\\/\\\/my-french-grocery.com\\\/wp-content\\\/uploads\\\/2021\\\/11\\\/My-French-Grocery-Online-French-Grocery.png\",\"width\":100,\"height\":100,\"caption\":\"MY FRENCH GROCERY\"},\"image\":{\"@id\":\"https:\\\/\\\/my-french-grocery.com\\\/fr\\\/#\\\/schema\\\/logo\\\/image\\\/\"},\"sameAs\":[\"https:\\\/\\\/www.facebook.com\\\/myfrenchgrocery\\\/\"]}]}<\/script>\n<!-- \/ Yoast SEO plugin. -->","yoast_head_json":{"title":"G\u00e2teaux Chocolat Crac & Moi Brossard | Acheter En Ligne | My French Grocery","description":"G\u00e2teaux Chocolat Crac & Moi Brossard - Paquet de 5 - 155 g - D\u00e9couvrez le plaisir d\u2019un g\u00e2teau craquant et moelleux. L\u2019\u00e9quilibre parfait et subtil d\u2019un g\u00e2teau au chocolat avec un c\u0153ur de chocolat craquant.","robots":{"index":"index","follow":"follow","max-snippet":"max-snippet:-1","max-image-preview":"max-image-preview:large","max-video-preview":"max-video-preview:-1"},"canonical":"https:\/\/my-french-grocery.com\/fr\/produit\/gateaux-chocolat-crac-moi-brossard\/","og_locale":"fr_FR","og_type":"article","og_title":"G\u00e2teaux Chocolat Crac & Moi Brossard | Acheter En Ligne | My French Grocery","og_description":"G\u00e2teaux Chocolat Crac & Moi Brossard - Paquet de 5 - 155 g - D\u00e9couvrez le plaisir d\u2019un g\u00e2teau craquant et moelleux. L\u2019\u00e9quilibre parfait et subtil d\u2019un g\u00e2teau au chocolat avec un c\u0153ur de chocolat craquant.","og_url":"https:\/\/my-french-grocery.com\/fr\/produit\/gateaux-chocolat-crac-moi-brossard\/","og_site_name":"My French Grocery","article_publisher":"https:\/\/www.facebook.com\/myfrenchgrocery\/","article_modified_time":"2021-03-24T15:45:12+00:00","og_image":[{"width":1500,"height":1500,"url":"https:\/\/my-french-grocery.com\/wp-content\/uploads\/2021\/03\/CRAC-ET-MOI-CHOCOLAT-BROSSARD.jpg","type":"image\/jpeg"}],"twitter_card":"summary_large_image","schema":{"@context":"https:\/\/schema.org","@graph":[{"@type":"WebPage","@id":"https:\/\/my-french-grocery.com\/fr\/produit\/gateaux-chocolat-crac-moi-brossard\/","url":"https:\/\/my-french-grocery.com\/fr\/produit\/gateaux-chocolat-crac-moi-brossard\/","name":"G\u00e2teaux Chocolat Crac & Moi Brossard | Acheter En Ligne | My French Grocery","isPartOf":{"@id":"https:\/\/my-french-grocery.com\/fr\/#website"},"primaryImageOfPage":{"@id":"https:\/\/my-french-grocery.com\/fr\/produit\/gateaux-chocolat-crac-moi-brossard\/#primaryimage"},"image":{"@id":"https:\/\/my-french-grocery.com\/fr\/produit\/gateaux-chocolat-crac-moi-brossard\/#primaryimage"},"thumbnailUrl":"https:\/\/my-french-grocery.com\/wp-content\/uploads\/2021\/03\/CRAC-ET-MOI-CHOCOLAT-BROSSARD.jpg","datePublished":"2021-03-24T15:26:07+00:00","dateModified":"2021-03-24T15:45:12+00:00","description":"G\u00e2teaux Chocolat Crac & Moi Brossard - Paquet de 5 - 155 g - D\u00e9couvrez le plaisir d\u2019un g\u00e2teau craquant et moelleux. L\u2019\u00e9quilibre parfait et subtil d\u2019un g\u00e2teau au chocolat avec un c\u0153ur de chocolat craquant.","breadcrumb":{"@id":"https:\/\/my-french-grocery.com\/fr\/produit\/gateaux-chocolat-crac-moi-brossard\/#breadcrumb"},"inLanguage":"fr-FR","potentialAction":[{"@type":"ReadAction","target":["https:\/\/my-french-grocery.com\/fr\/produit\/gateaux-chocolat-crac-moi-brossard\/"]}]},{"@type":"ImageObject","inLanguage":"fr-FR","@id":"https:\/\/my-french-grocery.com\/fr\/produit\/gateaux-chocolat-crac-moi-brossard\/#primaryimage","url":"https:\/\/my-french-grocery.com\/wp-content\/uploads\/2021\/03\/CRAC-ET-MOI-CHOCOLAT-BROSSARD.jpg","contentUrl":"https:\/\/my-french-grocery.com\/wp-content\/uploads\/2021\/03\/CRAC-ET-MOI-CHOCOLAT-BROSSARD.jpg","width":1500,"height":1500,"caption":"CRAC-ET-MOI CHOCOLAT BROSSARD"},{"@type":"BreadcrumbList","@id":"https:\/\/my-french-grocery.com\/fr\/produit\/gateaux-chocolat-crac-moi-brossard\/#breadcrumb","itemListElement":[{"@type":"ListItem","position":1,"name":"Home","item":"https:\/\/my-french-grocery.com\/fr\/"},{"@type":"ListItem","position":2,"name":"Shop","item":"https:\/\/my-french-grocery.com\/shop\/"},{"@type":"ListItem","position":3,"name":"Alimentation","item":"https:\/\/my-french-grocery.com\/fr\/categorie-produit\/alimentation\/"},{"@type":"ListItem","position":4,"name":"G\u00e2teaux &amp; Biscuits","item":"https:\/\/my-french-grocery.com\/fr\/categorie-produit\/alimentation\/gateaux-biscuits\/"},{"@type":"ListItem","position":5,"name":"G\u00e2teaux Chocolat Crac &#038; Moi Brossard"}]},{"@type":"WebSite","@id":"https:\/\/my-french-grocery.com\/fr\/#website","url":"https:\/\/my-french-grocery.com\/fr\/","name":"My French Grocery","description":"Your Online French Grocery  !","publisher":{"@id":"https:\/\/my-french-grocery.com\/fr\/#organization"},"potentialAction":[{"@type":"SearchAction","target":{"@type":"EntryPoint","urlTemplate":"https:\/\/my-french-grocery.com\/fr\/?s={search_term_string}"},"query-input":{"@type":"PropertyValueSpecification","valueRequired":true,"valueName":"search_term_string"}}],"inLanguage":"fr-FR"},{"@type":"Organization","@id":"https:\/\/my-french-grocery.com\/fr\/#organization","name":"MY FRENCH GROCERY","url":"https:\/\/my-french-grocery.com\/fr\/","logo":{"@type":"ImageObject","inLanguage":"fr-FR","@id":"https:\/\/my-french-grocery.com\/fr\/#\/schema\/logo\/image\/","url":"https:\/\/my-french-grocery.com\/wp-content\/uploads\/2021\/11\/My-French-Grocery-Online-French-Grocery.png","contentUrl":"https:\/\/my-french-grocery.com\/wp-content\/uploads\/2021\/11\/My-French-Grocery-Online-French-Grocery.png","width":100,"height":100,"caption":"MY FRENCH GROCERY"},"image":{"@id":"https:\/\/my-french-grocery.com\/fr\/#\/schema\/logo\/image\/"},"sameAs":["https:\/\/www.facebook.com\/myfrenchgrocery\/"]}]}},"brands":[{"id":1962,"name":"Brossard","slug":"brossard-fr"}],"_links":{"self":[{"href":"https:\/\/my-french-grocery.com\/fr\/wp-json\/wp\/v2\/product\/15625","targetHints":{"allow":["GET"]}}],"collection":[{"href":"https:\/\/my-french-grocery.com\/fr\/wp-json\/wp\/v2\/product"}],"about":[{"href":"https:\/\/my-french-grocery.com\/fr\/wp-json\/wp\/v2\/types\/product"}],"replies":[{"embeddable":true,"href":"https:\/\/my-french-grocery.com\/fr\/wp-json\/wp\/v2\/comments?post=15625"}],"wp:featuredmedia":[{"embeddable":true,"href":"https:\/\/my-french-grocery.com\/fr\/wp-json\/wp\/v2\/media\/15628"}],"wp:attachment":[{"href":"https:\/\/my-french-grocery.com\/fr\/wp-json\/wp\/v2\/media?parent=15625"}],"wp:term":[{"taxonomy":"pwb-brand","embeddable":true,"href":"https:\/\/my-french-grocery.com\/fr\/wp-json\/wp\/v2\/pwb-brand?post=15625"},{"taxonomy":"product_brand","embeddable":true,"href":"https:\/\/my-french-grocery.com\/fr\/wp-json\/wp\/v2\/product_brand?post=15625"},{"taxonomy":"product_cat","embeddable":true,"href":"https:\/\/my-french-grocery.com\/fr\/wp-json\/wp\/v2\/product_cat?post=15625"},{"taxonomy":"product_tag","embeddable":true,"href":"https:\/\/my-french-grocery.com\/fr\/wp-json\/wp\/v2\/product_tag?post=15625"}],"curies":[{"name":"wp","href":"https:\/\/api.w.org\/{rel}","templated":true}]}}