{"id":16190,"date":"2021-04-27T19:06:51","date_gmt":"2021-04-27T17:06:51","guid":{"rendered":"https:\/\/my-french-grocery.com\/?post_type=product&#038;p=16190"},"modified":"2021-04-27T19:14:53","modified_gmt":"2021-04-27T17:14:53","slug":"chocolat-noir-les-pyreneens","status":"publish","type":"product","link":"https:\/\/my-french-grocery.com\/fr\/produit\/chocolat-noir-les-pyreneens\/","title":{"rendered":"Chocolat Noir Les Pyr\u00e9n\u00e9ens Lindt"},"content":{"rendered":"<p>Chocolat Noir Les Pyr\u00e9n\u00e9ens Lindt<\/p>\n<p>Tablette de 150g<\/p>\n<div class=\"secondary-details-intro\">\n<div class=\"regulated-name\">\n<p class=\"paragraph\">Chocolat noir extra fin, fourr\u00e9 d\u2019un int\u00e9rieur rafra\u00eechissant lact\u00e9.<\/p>\n<\/div>\n<\/div>\n<div class=\"secondary-details__description\"><\/div>\n<div class=\"regulated-name\">\n<p>Laissez vous envahir par toute la fra\u00eecheur et le fondant de Les Pyr\u00e9n\u00e9ens L \u2018Original Lait ! Cr\u00e9e en 1927 en France, aux pieds des Pyr\u00e9n\u00e9es, ce chocolat \u00e0 la fra\u00eecheur inimitable est \u00e9labor\u00e9 par les Ma\u00eetres Chocolatiers dans la chocolaterie d\u2019Oloron Sainte Marie. R\u00e9v\u00e9lez toute l\u2019onctuosit\u00e9 des Pyr\u00e9n\u00e9ens en les savourant frais ! D\u00e9gustez le chocolat juste \u00e0 la sortie du r\u00e9frig\u00e9rateur et laissez-vous envahir par une subtile sensation de fra\u00eecheur qui fond en bouche. Frissonnez \u00e9galement de plaisir avec les autres vari\u00e9t\u00e9s Les Pyr\u00e9n\u00e9ens L\u2019Original Lait et Noir.<\/p>\n<\/div>\n","protected":false},"excerpt":{"rendered":"<p>Chocolat Noir Les Pyr\u00e9n\u00e9ens Lindt<\/p>\n<p>Tablette de 150g<\/p>\n<div class=\"secondary-details-intro\">\n<div class=\"regulated-name\">\n<p class=\"paragraph\">Chocolat noir extra fin, fourr\u00e9 d\u2019un int\u00e9rieur rafra\u00eechissant lact\u00e9.<\/p>\n<\/div>\n<\/div>\n","protected":false},"featured_media":16194,"comment_status":"open","ping_status":"closed","template":"","meta":[],"pwb-brand":[457],"product_brand":[],"product_cat":[455,2476],"product_tag":[456,458,1839],"class_list":{"0":"post-16190","1":"product","2":"type-product","3":"status-publish","4":"has-post-thumbnail","6":"pwb-brand-lindt-fr-2","7":"product_cat-chocolat","8":"product_cat-produits-de-noel","9":"product_tag-chocolat","10":"product_tag-lindt-fr","11":"product_tag-pyreneens-fr","12":"product_shipping_class-expedition-dans-le-monde-entier","14":"first","15":"instock","16":"taxable","17":"shipping-taxable","18":"purchasable","19":"product-type-simple"},"brands":[{"id":457,"name":"Lindt","slug":"lindt-fr-2"}],"_links":{"self":[{"href":"https:\/\/my-french-grocery.com\/fr\/wp-json\/wp\/v2\/product\/16190","targetHints":{"allow":["GET"]}}],"collection":[{"href":"https:\/\/my-french-grocery.com\/fr\/wp-json\/wp\/v2\/product"}],"about":[{"href":"https:\/\/my-french-grocery.com\/fr\/wp-json\/wp\/v2\/types\/product"}],"replies":[{"embeddable":true,"href":"https:\/\/my-french-grocery.com\/fr\/wp-json\/wp\/v2\/comments?post=16190"}],"wp:featuredmedia":[{"embeddable":true,"href":"https:\/\/my-french-grocery.com\/fr\/wp-json\/wp\/v2\/media\/16194"}],"wp:attachment":[{"href":"https:\/\/my-french-grocery.com\/fr\/wp-json\/wp\/v2\/media?parent=16190"}],"wp:term":[{"taxonomy":"pwb-brand","embeddable":true,"href":"https:\/\/my-french-grocery.com\/fr\/wp-json\/wp\/v2\/pwb-brand?post=16190"},{"taxonomy":"product_brand","embeddable":true,"href":"https:\/\/my-french-grocery.com\/fr\/wp-json\/wp\/v2\/product_brand?post=16190"},{"taxonomy":"product_cat","embeddable":true,"href":"https:\/\/my-french-grocery.com\/fr\/wp-json\/wp\/v2\/product_cat?post=16190"},{"taxonomy":"product_tag","embeddable":true,"href":"https:\/\/my-french-grocery.com\/fr\/wp-json\/wp\/v2\/product_tag?post=16190"}],"curies":[{"name":"wp","href":"https:\/\/api.w.org\/{rel}","templated":true}]}}