{"id":16200,"date":"2021-04-27T19:16:56","date_gmt":"2021-04-27T17:16:57","guid":{"rendered":"https:\/\/my-french-grocery.com\/?post_type=product&#038;p=16200"},"modified":"2021-04-27T19:21:59","modified_gmt":"2021-04-27T17:21:59","slug":"chocolat-au-lait-les-pyreneens-lindt","status":"publish","type":"product","link":"https:\/\/my-french-grocery.com\/fr\/produit\/chocolat-au-lait-les-pyreneens-lindt\/","title":{"rendered":"Chocolat Au Lait Les Pyr\u00e9n\u00e9ens Lindt"},"content":{"rendered":"<p>Chocolat Au Lait Les Pyr\u00e9n\u00e9ens Lindt<\/p>\n<p>Tablette de 150g<\/p>\n<div class=\"secondary-details-intro\">\n<div class=\"regulated-name\">\n<div class=\"secondary-details-intro\">\n<div class=\"regulated-name\">\n<p class=\"paragraph\">Chocolat au lait extra fin, fourr\u00e9 d\u2019un int\u00e9rieur rafra\u00eechissant lact\u00e9.<\/p>\n<\/div>\n<\/div>\n<div class=\"secondary-details__description\"><\/div>\n<\/div>\n<\/div>\n<div class=\"regulated-name\">\n<p>Laissez vous envahir par toute la fra\u00eecheur et le fondant de Les Pyr\u00e9n\u00e9ens L &lsquo;Original Lait ! Cr\u00e9e en 1927 en France, aux pieds des Pyr\u00e9n\u00e9es, ce chocolat \u00e0 la fra\u00eecheur inimitable est \u00e9labor\u00e9 par les Ma\u00eetres Chocolatiers dans la chocolaterie d&rsquo;Oloron Sainte Marie. R\u00e9v\u00e9lez toute l&rsquo;onctuosit\u00e9 des Pyr\u00e9n\u00e9ens en les savourant frais ! D\u00e9gustez le chocolat juste \u00e0 la sortie du r\u00e9frig\u00e9rateur et laissez-vous envahir par une subtile sensation de fra\u00eecheur qui fond en bouche. Frissonnez \u00e9galement de plaisir avec les autres vari\u00e9t\u00e9s Les Pyr\u00e9n\u00e9ens L&rsquo;Original Lait et Noir.<\/p>\n<\/div>\n","protected":false},"excerpt":{"rendered":"<p>Chocolat Au Lait Les Pyr\u00e9n\u00e9ens Lindt<\/p>\n<p>Tablette de 150g<\/p>\n<div class=\"secondary-details-intro\">\n<div class=\"regulated-name\">\n<div class=\"secondary-details-intro\">\n<div class=\"regulated-name\">\n<p class=\"paragraph\">Chocolat au lait extra fin, fourr\u00e9 d\u2019un int\u00e9rieur rafra\u00eechissant lact\u00e9.<\/p>\n<\/div>\n<\/div>\n<\/div>\n<\/div>\n","protected":false},"featured_media":16203,"comment_status":"open","ping_status":"closed","template":"","meta":[],"pwb-brand":[457],"product_brand":[],"product_cat":[455,2476],"product_tag":[456,458,1839],"class_list":{"0":"post-16200","1":"product","2":"type-product","3":"status-publish","4":"has-post-thumbnail","6":"pwb-brand-lindt-fr-2","7":"product_cat-chocolat","8":"product_cat-produits-de-noel","9":"product_tag-chocolat","10":"product_tag-lindt-fr","11":"product_tag-pyreneens-fr","12":"product_shipping_class-expedition-dans-le-monde-entier","14":"first","15":"instock","16":"taxable","17":"shipping-taxable","18":"purchasable","19":"product-type-simple"},"yoast_head":"<!-- This site is optimized with the Yoast SEO plugin v27.3 - https:\/\/yoast.com\/product\/yoast-seo-wordpress\/ -->\n<title>Chocolat Au Lait Les Pyr\u00e9n\u00e9ens Lindt | Acheter En Ligne | My French Grocery<\/title>\n<meta name=\"description\" content=\"Chocolat Au Lait Les Pyr\u00e9n\u00e9ens Lindt - Tablette de 150g - Chocolat au lait extra fin, fourr\u00e9 d\u2019un int\u00e9rieur rafra\u00eechissant lact\u00e9.\" \/>\n<meta name=\"robots\" content=\"index, follow, max-snippet:-1, max-image-preview:large, max-video-preview:-1\" \/>\n<link rel=\"canonical\" href=\"https:\/\/my-french-grocery.com\/fr\/produit\/chocolat-au-lait-les-pyreneens-lindt\/\" \/>\n<meta property=\"og:locale\" content=\"fr_FR\" \/>\n<meta property=\"og:type\" content=\"article\" \/>\n<meta property=\"og:title\" content=\"Chocolat Au Lait Les Pyr\u00e9n\u00e9ens Lindt | Acheter En Ligne | My French Grocery\" \/>\n<meta property=\"og:description\" content=\"Chocolat Au Lait Les Pyr\u00e9n\u00e9ens Lindt - Tablette de 150g - Chocolat au lait extra fin, fourr\u00e9 d\u2019un int\u00e9rieur rafra\u00eechissant lact\u00e9.\" \/>\n<meta property=\"og:url\" content=\"https:\/\/my-french-grocery.com\/fr\/produit\/chocolat-au-lait-les-pyreneens-lindt\/\" \/>\n<meta property=\"og:site_name\" content=\"My French Grocery\" \/>\n<meta property=\"article:publisher\" content=\"https:\/\/www.facebook.com\/myfrenchgrocery\/\" \/>\n<meta property=\"article:modified_time\" content=\"2021-04-27T17:21:59+00:00\" \/>\n<meta property=\"og:image\" content=\"https:\/\/my-french-grocery.com\/wp-content\/uploads\/2021\/04\/Pyrenenes-Milk-Tablet.jpg\" \/>\n\t<meta property=\"og:image:width\" content=\"1500\" \/>\n\t<meta property=\"og:image:height\" content=\"1500\" \/>\n\t<meta property=\"og:image:type\" content=\"image\/jpeg\" \/>\n<meta name=\"twitter:card\" content=\"summary_large_image\" \/>\n<meta name=\"twitter:label1\" content=\"Dur\u00e9e de lecture estim\u00e9e\" \/>\n\t<meta name=\"twitter:data1\" content=\"1 minute\" \/>\n<script type=\"application\/ld+json\" class=\"yoast-schema-graph\">{\"@context\":\"https:\\\/\\\/schema.org\",\"@graph\":[{\"@type\":\"WebPage\",\"@id\":\"https:\\\/\\\/my-french-grocery.com\\\/fr\\\/produit\\\/chocolat-au-lait-les-pyreneens-lindt\\\/\",\"url\":\"https:\\\/\\\/my-french-grocery.com\\\/fr\\\/produit\\\/chocolat-au-lait-les-pyreneens-lindt\\\/\",\"name\":\"Chocolat Au Lait Les Pyr\u00e9n\u00e9ens Lindt | Acheter En Ligne | My French Grocery\",\"isPartOf\":{\"@id\":\"https:\\\/\\\/my-french-grocery.com\\\/fr\\\/#website\"},\"primaryImageOfPage\":{\"@id\":\"https:\\\/\\\/my-french-grocery.com\\\/fr\\\/produit\\\/chocolat-au-lait-les-pyreneens-lindt\\\/#primaryimage\"},\"image\":{\"@id\":\"https:\\\/\\\/my-french-grocery.com\\\/fr\\\/produit\\\/chocolat-au-lait-les-pyreneens-lindt\\\/#primaryimage\"},\"thumbnailUrl\":\"https:\\\/\\\/my-french-grocery.com\\\/wp-content\\\/uploads\\\/2021\\\/04\\\/Pyrenenes-Milk-Tablet.jpg\",\"datePublished\":\"2021-04-27T17:16:57+00:00\",\"dateModified\":\"2021-04-27T17:21:59+00:00\",\"description\":\"Chocolat Au Lait Les Pyr\u00e9n\u00e9ens Lindt - Tablette de 150g - Chocolat au lait extra fin, fourr\u00e9 d\u2019un int\u00e9rieur rafra\u00eechissant lact\u00e9.\",\"breadcrumb\":{\"@id\":\"https:\\\/\\\/my-french-grocery.com\\\/fr\\\/produit\\\/chocolat-au-lait-les-pyreneens-lindt\\\/#breadcrumb\"},\"inLanguage\":\"fr-FR\",\"potentialAction\":[{\"@type\":\"ReadAction\",\"target\":[\"https:\\\/\\\/my-french-grocery.com\\\/fr\\\/produit\\\/chocolat-au-lait-les-pyreneens-lindt\\\/\"]}]},{\"@type\":\"ImageObject\",\"inLanguage\":\"fr-FR\",\"@id\":\"https:\\\/\\\/my-french-grocery.com\\\/fr\\\/produit\\\/chocolat-au-lait-les-pyreneens-lindt\\\/#primaryimage\",\"url\":\"https:\\\/\\\/my-french-grocery.com\\\/wp-content\\\/uploads\\\/2021\\\/04\\\/Pyrenenes-Milk-Tablet.jpg\",\"contentUrl\":\"https:\\\/\\\/my-french-grocery.com\\\/wp-content\\\/uploads\\\/2021\\\/04\\\/Pyrenenes-Milk-Tablet.jpg\",\"width\":1500,\"height\":1500,\"caption\":\"Chocolat Au Lait Les Pyr\u00e9n\u00e9ens Lindt\"},{\"@type\":\"BreadcrumbList\",\"@id\":\"https:\\\/\\\/my-french-grocery.com\\\/fr\\\/produit\\\/chocolat-au-lait-les-pyreneens-lindt\\\/#breadcrumb\",\"itemListElement\":[{\"@type\":\"ListItem\",\"position\":1,\"name\":\"Home\",\"item\":\"https:\\\/\\\/my-french-grocery.com\\\/fr\\\/\"},{\"@type\":\"ListItem\",\"position\":2,\"name\":\"Shop\",\"item\":\"https:\\\/\\\/my-french-grocery.com\\\/shop\\\/\"},{\"@type\":\"ListItem\",\"position\":3,\"name\":\"Alimentation\",\"item\":\"https:\\\/\\\/my-french-grocery.com\\\/fr\\\/categorie-produit\\\/alimentation\\\/\"},{\"@type\":\"ListItem\",\"position\":4,\"name\":\"Bonbons &amp; Chocolats\",\"item\":\"https:\\\/\\\/my-french-grocery.com\\\/fr\\\/categorie-produit\\\/alimentation\\\/bonbons-chocolats\\\/\"},{\"@type\":\"ListItem\",\"position\":5,\"name\":\"Chocolat\",\"item\":\"https:\\\/\\\/my-french-grocery.com\\\/fr\\\/categorie-produit\\\/alimentation\\\/bonbons-chocolats\\\/chocolat\\\/\"},{\"@type\":\"ListItem\",\"position\":6,\"name\":\"Chocolat Au Lait Les Pyr\u00e9n\u00e9ens Lindt\"}]},{\"@type\":\"WebSite\",\"@id\":\"https:\\\/\\\/my-french-grocery.com\\\/fr\\\/#website\",\"url\":\"https:\\\/\\\/my-french-grocery.com\\\/fr\\\/\",\"name\":\"My French Grocery\",\"description\":\"Your Online French Grocery  !\",\"publisher\":{\"@id\":\"https:\\\/\\\/my-french-grocery.com\\\/fr\\\/#organization\"},\"potentialAction\":[{\"@type\":\"SearchAction\",\"target\":{\"@type\":\"EntryPoint\",\"urlTemplate\":\"https:\\\/\\\/my-french-grocery.com\\\/fr\\\/?s={search_term_string}\"},\"query-input\":{\"@type\":\"PropertyValueSpecification\",\"valueRequired\":true,\"valueName\":\"search_term_string\"}}],\"inLanguage\":\"fr-FR\"},{\"@type\":\"Organization\",\"@id\":\"https:\\\/\\\/my-french-grocery.com\\\/fr\\\/#organization\",\"name\":\"MY FRENCH GROCERY\",\"url\":\"https:\\\/\\\/my-french-grocery.com\\\/fr\\\/\",\"logo\":{\"@type\":\"ImageObject\",\"inLanguage\":\"fr-FR\",\"@id\":\"https:\\\/\\\/my-french-grocery.com\\\/fr\\\/#\\\/schema\\\/logo\\\/image\\\/\",\"url\":\"https:\\\/\\\/my-french-grocery.com\\\/wp-content\\\/uploads\\\/2021\\\/11\\\/My-French-Grocery-Online-French-Grocery.png\",\"contentUrl\":\"https:\\\/\\\/my-french-grocery.com\\\/wp-content\\\/uploads\\\/2021\\\/11\\\/My-French-Grocery-Online-French-Grocery.png\",\"width\":100,\"height\":100,\"caption\":\"MY FRENCH GROCERY\"},\"image\":{\"@id\":\"https:\\\/\\\/my-french-grocery.com\\\/fr\\\/#\\\/schema\\\/logo\\\/image\\\/\"},\"sameAs\":[\"https:\\\/\\\/www.facebook.com\\\/myfrenchgrocery\\\/\"]}]}<\/script>\n<!-- \/ Yoast SEO plugin. -->","yoast_head_json":{"title":"Chocolat Au Lait Les Pyr\u00e9n\u00e9ens Lindt | Acheter En Ligne | My French Grocery","description":"Chocolat Au Lait Les Pyr\u00e9n\u00e9ens Lindt - Tablette de 150g - Chocolat au lait extra fin, fourr\u00e9 d\u2019un int\u00e9rieur rafra\u00eechissant lact\u00e9.","robots":{"index":"index","follow":"follow","max-snippet":"max-snippet:-1","max-image-preview":"max-image-preview:large","max-video-preview":"max-video-preview:-1"},"canonical":"https:\/\/my-french-grocery.com\/fr\/produit\/chocolat-au-lait-les-pyreneens-lindt\/","og_locale":"fr_FR","og_type":"article","og_title":"Chocolat Au Lait Les Pyr\u00e9n\u00e9ens Lindt | Acheter En Ligne | My French Grocery","og_description":"Chocolat Au Lait Les Pyr\u00e9n\u00e9ens Lindt - Tablette de 150g - Chocolat au lait extra fin, fourr\u00e9 d\u2019un int\u00e9rieur rafra\u00eechissant lact\u00e9.","og_url":"https:\/\/my-french-grocery.com\/fr\/produit\/chocolat-au-lait-les-pyreneens-lindt\/","og_site_name":"My French Grocery","article_publisher":"https:\/\/www.facebook.com\/myfrenchgrocery\/","article_modified_time":"2021-04-27T17:21:59+00:00","og_image":[{"width":1500,"height":1500,"url":"https:\/\/my-french-grocery.com\/wp-content\/uploads\/2021\/04\/Pyrenenes-Milk-Tablet.jpg","type":"image\/jpeg"}],"twitter_card":"summary_large_image","twitter_misc":{"Dur\u00e9e de lecture estim\u00e9e":"1 minute"},"schema":{"@context":"https:\/\/schema.org","@graph":[{"@type":"WebPage","@id":"https:\/\/my-french-grocery.com\/fr\/produit\/chocolat-au-lait-les-pyreneens-lindt\/","url":"https:\/\/my-french-grocery.com\/fr\/produit\/chocolat-au-lait-les-pyreneens-lindt\/","name":"Chocolat Au Lait Les Pyr\u00e9n\u00e9ens Lindt | Acheter En Ligne | My French Grocery","isPartOf":{"@id":"https:\/\/my-french-grocery.com\/fr\/#website"},"primaryImageOfPage":{"@id":"https:\/\/my-french-grocery.com\/fr\/produit\/chocolat-au-lait-les-pyreneens-lindt\/#primaryimage"},"image":{"@id":"https:\/\/my-french-grocery.com\/fr\/produit\/chocolat-au-lait-les-pyreneens-lindt\/#primaryimage"},"thumbnailUrl":"https:\/\/my-french-grocery.com\/wp-content\/uploads\/2021\/04\/Pyrenenes-Milk-Tablet.jpg","datePublished":"2021-04-27T17:16:57+00:00","dateModified":"2021-04-27T17:21:59+00:00","description":"Chocolat Au Lait Les Pyr\u00e9n\u00e9ens Lindt - Tablette de 150g - Chocolat au lait extra fin, fourr\u00e9 d\u2019un int\u00e9rieur rafra\u00eechissant lact\u00e9.","breadcrumb":{"@id":"https:\/\/my-french-grocery.com\/fr\/produit\/chocolat-au-lait-les-pyreneens-lindt\/#breadcrumb"},"inLanguage":"fr-FR","potentialAction":[{"@type":"ReadAction","target":["https:\/\/my-french-grocery.com\/fr\/produit\/chocolat-au-lait-les-pyreneens-lindt\/"]}]},{"@type":"ImageObject","inLanguage":"fr-FR","@id":"https:\/\/my-french-grocery.com\/fr\/produit\/chocolat-au-lait-les-pyreneens-lindt\/#primaryimage","url":"https:\/\/my-french-grocery.com\/wp-content\/uploads\/2021\/04\/Pyrenenes-Milk-Tablet.jpg","contentUrl":"https:\/\/my-french-grocery.com\/wp-content\/uploads\/2021\/04\/Pyrenenes-Milk-Tablet.jpg","width":1500,"height":1500,"caption":"Chocolat Au Lait Les Pyr\u00e9n\u00e9ens Lindt"},{"@type":"BreadcrumbList","@id":"https:\/\/my-french-grocery.com\/fr\/produit\/chocolat-au-lait-les-pyreneens-lindt\/#breadcrumb","itemListElement":[{"@type":"ListItem","position":1,"name":"Home","item":"https:\/\/my-french-grocery.com\/fr\/"},{"@type":"ListItem","position":2,"name":"Shop","item":"https:\/\/my-french-grocery.com\/shop\/"},{"@type":"ListItem","position":3,"name":"Alimentation","item":"https:\/\/my-french-grocery.com\/fr\/categorie-produit\/alimentation\/"},{"@type":"ListItem","position":4,"name":"Bonbons &amp; Chocolats","item":"https:\/\/my-french-grocery.com\/fr\/categorie-produit\/alimentation\/bonbons-chocolats\/"},{"@type":"ListItem","position":5,"name":"Chocolat","item":"https:\/\/my-french-grocery.com\/fr\/categorie-produit\/alimentation\/bonbons-chocolats\/chocolat\/"},{"@type":"ListItem","position":6,"name":"Chocolat Au Lait Les Pyr\u00e9n\u00e9ens Lindt"}]},{"@type":"WebSite","@id":"https:\/\/my-french-grocery.com\/fr\/#website","url":"https:\/\/my-french-grocery.com\/fr\/","name":"My French Grocery","description":"Your Online French Grocery  !","publisher":{"@id":"https:\/\/my-french-grocery.com\/fr\/#organization"},"potentialAction":[{"@type":"SearchAction","target":{"@type":"EntryPoint","urlTemplate":"https:\/\/my-french-grocery.com\/fr\/?s={search_term_string}"},"query-input":{"@type":"PropertyValueSpecification","valueRequired":true,"valueName":"search_term_string"}}],"inLanguage":"fr-FR"},{"@type":"Organization","@id":"https:\/\/my-french-grocery.com\/fr\/#organization","name":"MY FRENCH GROCERY","url":"https:\/\/my-french-grocery.com\/fr\/","logo":{"@type":"ImageObject","inLanguage":"fr-FR","@id":"https:\/\/my-french-grocery.com\/fr\/#\/schema\/logo\/image\/","url":"https:\/\/my-french-grocery.com\/wp-content\/uploads\/2021\/11\/My-French-Grocery-Online-French-Grocery.png","contentUrl":"https:\/\/my-french-grocery.com\/wp-content\/uploads\/2021\/11\/My-French-Grocery-Online-French-Grocery.png","width":100,"height":100,"caption":"MY FRENCH GROCERY"},"image":{"@id":"https:\/\/my-french-grocery.com\/fr\/#\/schema\/logo\/image\/"},"sameAs":["https:\/\/www.facebook.com\/myfrenchgrocery\/"]}]}},"brands":[{"id":457,"name":"Lindt","slug":"lindt-fr-2"}],"_links":{"self":[{"href":"https:\/\/my-french-grocery.com\/fr\/wp-json\/wp\/v2\/product\/16200","targetHints":{"allow":["GET"]}}],"collection":[{"href":"https:\/\/my-french-grocery.com\/fr\/wp-json\/wp\/v2\/product"}],"about":[{"href":"https:\/\/my-french-grocery.com\/fr\/wp-json\/wp\/v2\/types\/product"}],"replies":[{"embeddable":true,"href":"https:\/\/my-french-grocery.com\/fr\/wp-json\/wp\/v2\/comments?post=16200"}],"wp:featuredmedia":[{"embeddable":true,"href":"https:\/\/my-french-grocery.com\/fr\/wp-json\/wp\/v2\/media\/16203"}],"wp:attachment":[{"href":"https:\/\/my-french-grocery.com\/fr\/wp-json\/wp\/v2\/media?parent=16200"}],"wp:term":[{"taxonomy":"pwb-brand","embeddable":true,"href":"https:\/\/my-french-grocery.com\/fr\/wp-json\/wp\/v2\/pwb-brand?post=16200"},{"taxonomy":"product_brand","embeddable":true,"href":"https:\/\/my-french-grocery.com\/fr\/wp-json\/wp\/v2\/product_brand?post=16200"},{"taxonomy":"product_cat","embeddable":true,"href":"https:\/\/my-french-grocery.com\/fr\/wp-json\/wp\/v2\/product_cat?post=16200"},{"taxonomy":"product_tag","embeddable":true,"href":"https:\/\/my-french-grocery.com\/fr\/wp-json\/wp\/v2\/product_tag?post=16200"}],"curies":[{"name":"wp","href":"https:\/\/api.w.org\/{rel}","templated":true}]}}