{"id":16501,"date":"2019-02-26T18:48:12","date_gmt":"2019-02-26T16:48:12","guid":{"rendered":"https:\/\/my-french-grocery.com\/product\/fromage-aperitif-best-of-apericube\/"},"modified":"2019-02-26T18:48:12","modified_gmt":"2019-02-26T16:48:12","slug":"fromage-aperitif-best-of-apericube","status":"publish","type":"product","link":"https:\/\/my-french-grocery.com\/fr\/produit\/fromage-aperitif-best-of-apericube\/","title":{"rendered":"Fromage Ap\u00e9ritif \u00ab\u00a0Best-Of\u00a0\u00bb Ap\u00e9ricube"},"content":{"rendered":"<p>Fromage Ap\u00e9ritif \u00ab\u00a0Best-Of\u00a0\u00bb Ap\u00e9ricube<\/p>\n<p>Boite de 48 cubes &#8211; 250 g<\/p>\n<p>Misez sur Ap\u00e9ricube Best Of Supporters et ses petits cubes fromagers go\u00fbt Nature, Chorizo, Bleu noix et Poulet grill\u00e9 pour tous vos ap\u00e9ros sportifs (ou pas) ! Pour un ap\u00e9ritif fabriqu\u00e9 en France dans nos usines du Jura, sans conservateur, sans colorant ni ar\u00f4mes artificiels ajout\u00e9s. Et pour des moments toujours plus fun, en famille ou entre amis, retrouvez les c\u00e9l\u00e8bres questions dans tous vos cubes !<\/p>\n","protected":false},"excerpt":{"rendered":"<p>Fromage Ap\u00e9ritif \u00ab\u00a0Best-Of\u00a0\u00bb Ap\u00e9ricube<\/p>\n<p>boite de 48 cubes &#8211; 250 g<\/p>\n","protected":false},"featured_media":15212,"comment_status":"open","ping_status":"closed","template":"","meta":[],"pwb-brand":[487],"product_brand":[],"product_cat":[1032],"product_tag":[1083],"class_list":{"0":"post-16501","1":"product","2":"type-product","3":"status-publish","4":"has-post-thumbnail","6":"pwb-brand-apericube-fr","7":"product_cat-fromages","8":"product_tag-apericubes-fr","9":"product_shipping_class-expedition-dans-le-monde-entier","11":"first","12":"instock","13":"taxable","14":"shipping-taxable","15":"purchasable","16":"product-type-simple"},"yoast_head":"<!-- This site is optimized with the Yoast SEO plugin v27.4 - https:\/\/yoast.com\/product\/yoast-seo-wordpress\/ -->\n<title>Fromage Ap\u00e9ritif &quot;Best-Of&quot; Ap\u00e9ricube | Acheter En Ligne | My French Grocery<\/title>\n<meta name=\"description\" content=\"Fromage Ap\u00e9ritif &quot;Best-Of&quot; Ap\u00e9ricube - boite de 48 cubes - 250 g - Misez sur Ap\u00e9ricube Best Of Supporters et ses petits cubes fromagers go\u00fbt Nature, Chorizo, Bleu noix et Poulet grill\u00e9 pour tous vos ap\u00e9ros sportifs (ou pas) !\" \/>\n<meta name=\"robots\" content=\"index, follow, max-snippet:-1, max-image-preview:large, max-video-preview:-1\" \/>\n<link rel=\"canonical\" href=\"https:\/\/my-french-grocery.com\/fr\/produit\/fromage-aperitif-best-of-apericube\/\" \/>\n<meta property=\"og:locale\" content=\"fr_FR\" \/>\n<meta property=\"og:type\" content=\"article\" \/>\n<meta property=\"og:title\" content=\"Fromage Ap\u00e9ritif &quot;Best-Of&quot; Ap\u00e9ricube | Acheter En Ligne | My French Grocery\" \/>\n<meta property=\"og:description\" content=\"Fromage Ap\u00e9ritif &quot;Best-Of&quot; Ap\u00e9ricube - boite de 48 cubes - 250 g - Misez sur Ap\u00e9ricube Best Of Supporters et ses petits cubes fromagers go\u00fbt Nature, Chorizo, Bleu noix et Poulet grill\u00e9 pour tous vos ap\u00e9ros sportifs (ou pas) !\" \/>\n<meta property=\"og:url\" content=\"https:\/\/my-french-grocery.com\/fr\/produit\/fromage-aperitif-best-of-apericube\/\" \/>\n<meta property=\"og:site_name\" content=\"My French Grocery\" \/>\n<meta property=\"article:publisher\" content=\"https:\/\/www.facebook.com\/myfrenchgrocery\/\" \/>\n<meta property=\"og:image\" content=\"https:\/\/my-french-grocery.com\/wp-content\/uploads\/2019\/02\/3073780960410_PHOTOSITE_20191210_172206_0.jpg\" \/>\n\t<meta property=\"og:image:width\" content=\"1500\" \/>\n\t<meta property=\"og:image:height\" content=\"1500\" \/>\n\t<meta property=\"og:image:type\" content=\"image\/jpeg\" \/>\n<meta name=\"twitter:card\" content=\"summary_large_image\" \/>\n<script type=\"application\/ld+json\" class=\"yoast-schema-graph\">{\"@context\":\"https:\\\/\\\/schema.org\",\"@graph\":[{\"@type\":\"WebPage\",\"@id\":\"https:\\\/\\\/my-french-grocery.com\\\/fr\\\/produit\\\/fromage-aperitif-best-of-apericube\\\/\",\"url\":\"https:\\\/\\\/my-french-grocery.com\\\/fr\\\/produit\\\/fromage-aperitif-best-of-apericube\\\/\",\"name\":\"Fromage Ap\u00e9ritif \\\"Best-Of\\\" Ap\u00e9ricube | Acheter En Ligne | My French Grocery\",\"isPartOf\":{\"@id\":\"https:\\\/\\\/my-french-grocery.com\\\/fr\\\/#website\"},\"primaryImageOfPage\":{\"@id\":\"https:\\\/\\\/my-french-grocery.com\\\/fr\\\/produit\\\/fromage-aperitif-best-of-apericube\\\/#primaryimage\"},\"image\":{\"@id\":\"https:\\\/\\\/my-french-grocery.com\\\/fr\\\/produit\\\/fromage-aperitif-best-of-apericube\\\/#primaryimage\"},\"thumbnailUrl\":\"https:\\\/\\\/my-french-grocery.com\\\/wp-content\\\/uploads\\\/2019\\\/02\\\/3073780960410_PHOTOSITE_20191210_172206_0.jpg\",\"datePublished\":\"2019-02-26T16:48:12+00:00\",\"description\":\"Fromage Ap\u00e9ritif \\\"Best-Of\\\" Ap\u00e9ricube - boite de 48 cubes - 250 g - Misez sur Ap\u00e9ricube Best Of Supporters et ses petits cubes fromagers go\u00fbt Nature, Chorizo, Bleu noix et Poulet grill\u00e9 pour tous vos ap\u00e9ros sportifs (ou pas) !\",\"breadcrumb\":{\"@id\":\"https:\\\/\\\/my-french-grocery.com\\\/fr\\\/produit\\\/fromage-aperitif-best-of-apericube\\\/#breadcrumb\"},\"inLanguage\":\"fr-FR\",\"potentialAction\":[{\"@type\":\"ReadAction\",\"target\":[\"https:\\\/\\\/my-french-grocery.com\\\/fr\\\/produit\\\/fromage-aperitif-best-of-apericube\\\/\"]}]},{\"@type\":\"ImageObject\",\"inLanguage\":\"fr-FR\",\"@id\":\"https:\\\/\\\/my-french-grocery.com\\\/fr\\\/produit\\\/fromage-aperitif-best-of-apericube\\\/#primaryimage\",\"url\":\"https:\\\/\\\/my-french-grocery.com\\\/wp-content\\\/uploads\\\/2019\\\/02\\\/3073780960410_PHOTOSITE_20191210_172206_0.jpg\",\"contentUrl\":\"https:\\\/\\\/my-french-grocery.com\\\/wp-content\\\/uploads\\\/2019\\\/02\\\/3073780960410_PHOTOSITE_20191210_172206_0.jpg\",\"width\":1500,\"height\":1500,\"caption\":\"Fromage Ap\u00e9ritif \\\"Best-Of\\\" Ap\u00e9ricube\"},{\"@type\":\"BreadcrumbList\",\"@id\":\"https:\\\/\\\/my-french-grocery.com\\\/fr\\\/produit\\\/fromage-aperitif-best-of-apericube\\\/#breadcrumb\",\"itemListElement\":[{\"@type\":\"ListItem\",\"position\":1,\"name\":\"Home\",\"item\":\"https:\\\/\\\/my-french-grocery.com\\\/fr\\\/\"},{\"@type\":\"ListItem\",\"position\":2,\"name\":\"Shop\",\"item\":\"https:\\\/\\\/my-french-grocery.com\\\/shop\\\/\"},{\"@type\":\"ListItem\",\"position\":3,\"name\":\"Alimentation\",\"item\":\"https:\\\/\\\/my-french-grocery.com\\\/fr\\\/categorie-produit\\\/alimentation\\\/\"},{\"@type\":\"ListItem\",\"position\":4,\"name\":\"Fromages\",\"item\":\"https:\\\/\\\/my-french-grocery.com\\\/fr\\\/categorie-produit\\\/alimentation\\\/fromages\\\/\"},{\"@type\":\"ListItem\",\"position\":5,\"name\":\"Fromage Ap\u00e9ritif &#8220;Best-Of&#8221; Ap\u00e9ricube\"}]},{\"@type\":\"WebSite\",\"@id\":\"https:\\\/\\\/my-french-grocery.com\\\/fr\\\/#website\",\"url\":\"https:\\\/\\\/my-french-grocery.com\\\/fr\\\/\",\"name\":\"My French Grocery\",\"description\":\"Your Online French Grocery  !\",\"publisher\":{\"@id\":\"https:\\\/\\\/my-french-grocery.com\\\/fr\\\/#organization\"},\"potentialAction\":[{\"@type\":\"SearchAction\",\"target\":{\"@type\":\"EntryPoint\",\"urlTemplate\":\"https:\\\/\\\/my-french-grocery.com\\\/fr\\\/?s={search_term_string}\"},\"query-input\":{\"@type\":\"PropertyValueSpecification\",\"valueRequired\":true,\"valueName\":\"search_term_string\"}}],\"inLanguage\":\"fr-FR\"},{\"@type\":\"Organization\",\"@id\":\"https:\\\/\\\/my-french-grocery.com\\\/fr\\\/#organization\",\"name\":\"MY FRENCH GROCERY\",\"url\":\"https:\\\/\\\/my-french-grocery.com\\\/fr\\\/\",\"logo\":{\"@type\":\"ImageObject\",\"inLanguage\":\"fr-FR\",\"@id\":\"https:\\\/\\\/my-french-grocery.com\\\/fr\\\/#\\\/schema\\\/logo\\\/image\\\/\",\"url\":\"https:\\\/\\\/my-french-grocery.com\\\/wp-content\\\/uploads\\\/2021\\\/11\\\/My-French-Grocery-Online-French-Grocery.png\",\"contentUrl\":\"https:\\\/\\\/my-french-grocery.com\\\/wp-content\\\/uploads\\\/2021\\\/11\\\/My-French-Grocery-Online-French-Grocery.png\",\"width\":100,\"height\":100,\"caption\":\"MY FRENCH GROCERY\"},\"image\":{\"@id\":\"https:\\\/\\\/my-french-grocery.com\\\/fr\\\/#\\\/schema\\\/logo\\\/image\\\/\"},\"sameAs\":[\"https:\\\/\\\/www.facebook.com\\\/myfrenchgrocery\\\/\"]}]}<\/script>\n<!-- \/ Yoast SEO plugin. -->","yoast_head_json":{"title":"Fromage Ap\u00e9ritif \"Best-Of\" Ap\u00e9ricube | Acheter En Ligne | My French Grocery","description":"Fromage Ap\u00e9ritif \"Best-Of\" Ap\u00e9ricube - boite de 48 cubes - 250 g - Misez sur Ap\u00e9ricube Best Of Supporters et ses petits cubes fromagers go\u00fbt Nature, Chorizo, Bleu noix et Poulet grill\u00e9 pour tous vos ap\u00e9ros sportifs (ou pas) !","robots":{"index":"index","follow":"follow","max-snippet":"max-snippet:-1","max-image-preview":"max-image-preview:large","max-video-preview":"max-video-preview:-1"},"canonical":"https:\/\/my-french-grocery.com\/fr\/produit\/fromage-aperitif-best-of-apericube\/","og_locale":"fr_FR","og_type":"article","og_title":"Fromage Ap\u00e9ritif \"Best-Of\" Ap\u00e9ricube | Acheter En Ligne | My French Grocery","og_description":"Fromage Ap\u00e9ritif \"Best-Of\" Ap\u00e9ricube - boite de 48 cubes - 250 g - Misez sur Ap\u00e9ricube Best Of Supporters et ses petits cubes fromagers go\u00fbt Nature, Chorizo, Bleu noix et Poulet grill\u00e9 pour tous vos ap\u00e9ros sportifs (ou pas) !","og_url":"https:\/\/my-french-grocery.com\/fr\/produit\/fromage-aperitif-best-of-apericube\/","og_site_name":"My French Grocery","article_publisher":"https:\/\/www.facebook.com\/myfrenchgrocery\/","og_image":[{"width":1500,"height":1500,"url":"https:\/\/my-french-grocery.com\/wp-content\/uploads\/2019\/02\/3073780960410_PHOTOSITE_20191210_172206_0.jpg","type":"image\/jpeg"}],"twitter_card":"summary_large_image","schema":{"@context":"https:\/\/schema.org","@graph":[{"@type":"WebPage","@id":"https:\/\/my-french-grocery.com\/fr\/produit\/fromage-aperitif-best-of-apericube\/","url":"https:\/\/my-french-grocery.com\/fr\/produit\/fromage-aperitif-best-of-apericube\/","name":"Fromage Ap\u00e9ritif \"Best-Of\" Ap\u00e9ricube | Acheter En Ligne | My French Grocery","isPartOf":{"@id":"https:\/\/my-french-grocery.com\/fr\/#website"},"primaryImageOfPage":{"@id":"https:\/\/my-french-grocery.com\/fr\/produit\/fromage-aperitif-best-of-apericube\/#primaryimage"},"image":{"@id":"https:\/\/my-french-grocery.com\/fr\/produit\/fromage-aperitif-best-of-apericube\/#primaryimage"},"thumbnailUrl":"https:\/\/my-french-grocery.com\/wp-content\/uploads\/2019\/02\/3073780960410_PHOTOSITE_20191210_172206_0.jpg","datePublished":"2019-02-26T16:48:12+00:00","description":"Fromage Ap\u00e9ritif \"Best-Of\" Ap\u00e9ricube - boite de 48 cubes - 250 g - Misez sur Ap\u00e9ricube Best Of Supporters et ses petits cubes fromagers go\u00fbt Nature, Chorizo, Bleu noix et Poulet grill\u00e9 pour tous vos ap\u00e9ros sportifs (ou pas) !","breadcrumb":{"@id":"https:\/\/my-french-grocery.com\/fr\/produit\/fromage-aperitif-best-of-apericube\/#breadcrumb"},"inLanguage":"fr-FR","potentialAction":[{"@type":"ReadAction","target":["https:\/\/my-french-grocery.com\/fr\/produit\/fromage-aperitif-best-of-apericube\/"]}]},{"@type":"ImageObject","inLanguage":"fr-FR","@id":"https:\/\/my-french-grocery.com\/fr\/produit\/fromage-aperitif-best-of-apericube\/#primaryimage","url":"https:\/\/my-french-grocery.com\/wp-content\/uploads\/2019\/02\/3073780960410_PHOTOSITE_20191210_172206_0.jpg","contentUrl":"https:\/\/my-french-grocery.com\/wp-content\/uploads\/2019\/02\/3073780960410_PHOTOSITE_20191210_172206_0.jpg","width":1500,"height":1500,"caption":"Fromage Ap\u00e9ritif \"Best-Of\" Ap\u00e9ricube"},{"@type":"BreadcrumbList","@id":"https:\/\/my-french-grocery.com\/fr\/produit\/fromage-aperitif-best-of-apericube\/#breadcrumb","itemListElement":[{"@type":"ListItem","position":1,"name":"Home","item":"https:\/\/my-french-grocery.com\/fr\/"},{"@type":"ListItem","position":2,"name":"Shop","item":"https:\/\/my-french-grocery.com\/shop\/"},{"@type":"ListItem","position":3,"name":"Alimentation","item":"https:\/\/my-french-grocery.com\/fr\/categorie-produit\/alimentation\/"},{"@type":"ListItem","position":4,"name":"Fromages","item":"https:\/\/my-french-grocery.com\/fr\/categorie-produit\/alimentation\/fromages\/"},{"@type":"ListItem","position":5,"name":"Fromage Ap\u00e9ritif &#8220;Best-Of&#8221; Ap\u00e9ricube"}]},{"@type":"WebSite","@id":"https:\/\/my-french-grocery.com\/fr\/#website","url":"https:\/\/my-french-grocery.com\/fr\/","name":"My French Grocery","description":"Your Online French Grocery  !","publisher":{"@id":"https:\/\/my-french-grocery.com\/fr\/#organization"},"potentialAction":[{"@type":"SearchAction","target":{"@type":"EntryPoint","urlTemplate":"https:\/\/my-french-grocery.com\/fr\/?s={search_term_string}"},"query-input":{"@type":"PropertyValueSpecification","valueRequired":true,"valueName":"search_term_string"}}],"inLanguage":"fr-FR"},{"@type":"Organization","@id":"https:\/\/my-french-grocery.com\/fr\/#organization","name":"MY FRENCH GROCERY","url":"https:\/\/my-french-grocery.com\/fr\/","logo":{"@type":"ImageObject","inLanguage":"fr-FR","@id":"https:\/\/my-french-grocery.com\/fr\/#\/schema\/logo\/image\/","url":"https:\/\/my-french-grocery.com\/wp-content\/uploads\/2021\/11\/My-French-Grocery-Online-French-Grocery.png","contentUrl":"https:\/\/my-french-grocery.com\/wp-content\/uploads\/2021\/11\/My-French-Grocery-Online-French-Grocery.png","width":100,"height":100,"caption":"MY FRENCH GROCERY"},"image":{"@id":"https:\/\/my-french-grocery.com\/fr\/#\/schema\/logo\/image\/"},"sameAs":["https:\/\/www.facebook.com\/myfrenchgrocery\/"]}]}},"brands":[{"id":487,"name":"Ap\u00e9ricube","slug":"apericube-fr"}],"_links":{"self":[{"href":"https:\/\/my-french-grocery.com\/fr\/wp-json\/wp\/v2\/product\/16501","targetHints":{"allow":["GET"]}}],"collection":[{"href":"https:\/\/my-french-grocery.com\/fr\/wp-json\/wp\/v2\/product"}],"about":[{"href":"https:\/\/my-french-grocery.com\/fr\/wp-json\/wp\/v2\/types\/product"}],"replies":[{"embeddable":true,"href":"https:\/\/my-french-grocery.com\/fr\/wp-json\/wp\/v2\/comments?post=16501"}],"wp:featuredmedia":[{"embeddable":true,"href":"https:\/\/my-french-grocery.com\/fr\/wp-json\/wp\/v2\/media\/15212"}],"wp:attachment":[{"href":"https:\/\/my-french-grocery.com\/fr\/wp-json\/wp\/v2\/media?parent=16501"}],"wp:term":[{"taxonomy":"pwb-brand","embeddable":true,"href":"https:\/\/my-french-grocery.com\/fr\/wp-json\/wp\/v2\/pwb-brand?post=16501"},{"taxonomy":"product_brand","embeddable":true,"href":"https:\/\/my-french-grocery.com\/fr\/wp-json\/wp\/v2\/product_brand?post=16501"},{"taxonomy":"product_cat","embeddable":true,"href":"https:\/\/my-french-grocery.com\/fr\/wp-json\/wp\/v2\/product_cat?post=16501"},{"taxonomy":"product_tag","embeddable":true,"href":"https:\/\/my-french-grocery.com\/fr\/wp-json\/wp\/v2\/product_tag?post=16501"}],"curies":[{"name":"wp","href":"https:\/\/api.w.org\/{rel}","templated":true}]}}