{"id":16516,"date":"2021-05-10T10:18:39","date_gmt":"2021-05-10T08:18:40","guid":{"rendered":"https:\/\/my-french-grocery.com\/?post_type=product&#038;p=16516"},"modified":"2021-05-10T10:24:06","modified_gmt":"2021-05-10T08:24:06","slug":"papillotes-poulet-herbes-de-provence-maggi","status":"publish","type":"product","link":"https:\/\/my-french-grocery.com\/fr\/produit\/papillotes-poulet-herbes-de-provence-maggi\/","title":{"rendered":"Papillotes Poulet Herbes de Provence Maggi"},"content":{"rendered":"<p>Papillotes Poulet Herbes de Provence Maggi<\/p>\n<p>Sachet de 34 g<\/p>\n<p>R\u00e9inventez vos plats du quotidien avec PAPILLOTES de MAGGI et son subtil m\u00e9lange d\u2019herbes et d\u2019\u00e9pices ! Vous r\u00e9ussirez \u00e0 coup s\u00fbr un poulet d\u00e9licieux, tendre et juteux sans ajouter de mati\u00e8res grasses. Craquez pour PAPILLOTES Poulet Herbes de Provence de MAGGI et r\u00e9alisez, en seulement 3 \u00e9tapes, un poulet savoureux, aux notes intenses d&rsquo;herbes de Provence r\u00e9hauss\u00e9es d&rsquo;une pointe d&rsquo;ail.<\/p>\n","protected":false},"excerpt":{"rendered":"<p>Papillotes Poulet Herbes de Provence Maggi<\/p>\n<p>Sachet de 34 g<\/p>\n","protected":false},"featured_media":16507,"comment_status":"open","ping_status":"closed","template":"","meta":[],"pwb-brand":[783],"product_brand":[],"product_cat":[1033],"product_tag":[],"class_list":{"0":"post-16516","1":"product","2":"type-product","3":"status-publish","4":"has-post-thumbnail","6":"pwb-brand-maggi-fr","7":"product_cat-condiments-fr","8":"product_shipping_class-expedition-dans-le-monde-entier","10":"first","11":"instock","12":"taxable","13":"shipping-taxable","14":"purchasable","15":"product-type-simple"},"yoast_head":"<!-- This site is optimized with the Yoast SEO plugin v27.3 - https:\/\/yoast.com\/product\/yoast-seo-wordpress\/ -->\n<title>Papillotes Poulet Herbes de Provence Maggi | Acheter En Ligne | My French Grocery<\/title>\n<meta name=\"description\" content=\"Papillotes Poulet Herbes de Provence Maggi - Sachet de 34 g - R\u00e9inventez vos plats du quotidien avec PAPILLOTES de MAGGI et son subtil m\u00e9lange d\u2019herbes et d\u2019\u00e9pices !\" \/>\n<meta name=\"robots\" content=\"index, follow, max-snippet:-1, max-image-preview:large, max-video-preview:-1\" \/>\n<link rel=\"canonical\" href=\"https:\/\/my-french-grocery.com\/fr\/produit\/papillotes-poulet-herbes-de-provence-maggi\/\" \/>\n<meta property=\"og:locale\" content=\"fr_FR\" \/>\n<meta property=\"og:type\" content=\"article\" \/>\n<meta property=\"og:title\" content=\"Papillotes Poulet Herbes de Provence Maggi | Acheter En Ligne | My French Grocery\" \/>\n<meta property=\"og:description\" content=\"Papillotes Poulet Herbes de Provence Maggi - Sachet de 34 g - R\u00e9inventez vos plats du quotidien avec PAPILLOTES de MAGGI et son subtil m\u00e9lange d\u2019herbes et d\u2019\u00e9pices !\" \/>\n<meta property=\"og:url\" content=\"https:\/\/my-french-grocery.com\/fr\/produit\/papillotes-poulet-herbes-de-provence-maggi\/\" \/>\n<meta property=\"og:site_name\" content=\"My French Grocery\" \/>\n<meta property=\"article:publisher\" content=\"https:\/\/www.facebook.com\/myfrenchgrocery\/\" \/>\n<meta property=\"article:modified_time\" content=\"2021-05-10T08:24:06+00:00\" \/>\n<meta property=\"og:image\" content=\"https:\/\/my-french-grocery.com\/wp-content\/uploads\/2021\/05\/PAPILLOTES-POULET-PROVENCAL-HERBS-.jpg\" \/>\n\t<meta property=\"og:image:width\" content=\"1500\" \/>\n\t<meta property=\"og:image:height\" content=\"1500\" \/>\n\t<meta property=\"og:image:type\" content=\"image\/jpeg\" \/>\n<meta name=\"twitter:card\" content=\"summary_large_image\" \/>\n<script type=\"application\/ld+json\" class=\"yoast-schema-graph\">{\"@context\":\"https:\\\/\\\/schema.org\",\"@graph\":[{\"@type\":\"WebPage\",\"@id\":\"https:\\\/\\\/my-french-grocery.com\\\/fr\\\/produit\\\/papillotes-poulet-herbes-de-provence-maggi\\\/\",\"url\":\"https:\\\/\\\/my-french-grocery.com\\\/fr\\\/produit\\\/papillotes-poulet-herbes-de-provence-maggi\\\/\",\"name\":\"Papillotes Poulet Herbes de Provence Maggi | Acheter En Ligne | My French Grocery\",\"isPartOf\":{\"@id\":\"https:\\\/\\\/my-french-grocery.com\\\/fr\\\/#website\"},\"primaryImageOfPage\":{\"@id\":\"https:\\\/\\\/my-french-grocery.com\\\/fr\\\/produit\\\/papillotes-poulet-herbes-de-provence-maggi\\\/#primaryimage\"},\"image\":{\"@id\":\"https:\\\/\\\/my-french-grocery.com\\\/fr\\\/produit\\\/papillotes-poulet-herbes-de-provence-maggi\\\/#primaryimage\"},\"thumbnailUrl\":\"https:\\\/\\\/my-french-grocery.com\\\/wp-content\\\/uploads\\\/2021\\\/05\\\/PAPILLOTES-POULET-PROVENCAL-HERBS-.jpg\",\"datePublished\":\"2021-05-10T08:18:40+00:00\",\"dateModified\":\"2021-05-10T08:24:06+00:00\",\"description\":\"Papillotes Poulet Herbes de Provence Maggi - Sachet de 34 g - R\u00e9inventez vos plats du quotidien avec PAPILLOTES de MAGGI et son subtil m\u00e9lange d\u2019herbes et d\u2019\u00e9pices !\",\"breadcrumb\":{\"@id\":\"https:\\\/\\\/my-french-grocery.com\\\/fr\\\/produit\\\/papillotes-poulet-herbes-de-provence-maggi\\\/#breadcrumb\"},\"inLanguage\":\"fr-FR\",\"potentialAction\":[{\"@type\":\"ReadAction\",\"target\":[\"https:\\\/\\\/my-french-grocery.com\\\/fr\\\/produit\\\/papillotes-poulet-herbes-de-provence-maggi\\\/\"]}]},{\"@type\":\"ImageObject\",\"inLanguage\":\"fr-FR\",\"@id\":\"https:\\\/\\\/my-french-grocery.com\\\/fr\\\/produit\\\/papillotes-poulet-herbes-de-provence-maggi\\\/#primaryimage\",\"url\":\"https:\\\/\\\/my-french-grocery.com\\\/wp-content\\\/uploads\\\/2021\\\/05\\\/PAPILLOTES-POULET-PROVENCAL-HERBS-.jpg\",\"contentUrl\":\"https:\\\/\\\/my-french-grocery.com\\\/wp-content\\\/uploads\\\/2021\\\/05\\\/PAPILLOTES-POULET-PROVENCAL-HERBS-.jpg\",\"width\":1500,\"height\":1500,\"caption\":\"Papillotes Poulet Herbes de Provence Maggi\"},{\"@type\":\"BreadcrumbList\",\"@id\":\"https:\\\/\\\/my-french-grocery.com\\\/fr\\\/produit\\\/papillotes-poulet-herbes-de-provence-maggi\\\/#breadcrumb\",\"itemListElement\":[{\"@type\":\"ListItem\",\"position\":1,\"name\":\"Home\",\"item\":\"https:\\\/\\\/my-french-grocery.com\\\/fr\\\/\"},{\"@type\":\"ListItem\",\"position\":2,\"name\":\"Shop\",\"item\":\"https:\\\/\\\/my-french-grocery.com\\\/shop\\\/\"},{\"@type\":\"ListItem\",\"position\":3,\"name\":\"Alimentation\",\"item\":\"https:\\\/\\\/my-french-grocery.com\\\/fr\\\/categorie-produit\\\/alimentation\\\/\"},{\"@type\":\"ListItem\",\"position\":4,\"name\":\"Condiments\",\"item\":\"https:\\\/\\\/my-french-grocery.com\\\/fr\\\/categorie-produit\\\/alimentation\\\/condiments-fr\\\/\"},{\"@type\":\"ListItem\",\"position\":5,\"name\":\"Papillotes Poulet Herbes de Provence Maggi\"}]},{\"@type\":\"WebSite\",\"@id\":\"https:\\\/\\\/my-french-grocery.com\\\/fr\\\/#website\",\"url\":\"https:\\\/\\\/my-french-grocery.com\\\/fr\\\/\",\"name\":\"My French Grocery\",\"description\":\"Your Online French Grocery  !\",\"publisher\":{\"@id\":\"https:\\\/\\\/my-french-grocery.com\\\/fr\\\/#organization\"},\"potentialAction\":[{\"@type\":\"SearchAction\",\"target\":{\"@type\":\"EntryPoint\",\"urlTemplate\":\"https:\\\/\\\/my-french-grocery.com\\\/fr\\\/?s={search_term_string}\"},\"query-input\":{\"@type\":\"PropertyValueSpecification\",\"valueRequired\":true,\"valueName\":\"search_term_string\"}}],\"inLanguage\":\"fr-FR\"},{\"@type\":\"Organization\",\"@id\":\"https:\\\/\\\/my-french-grocery.com\\\/fr\\\/#organization\",\"name\":\"MY FRENCH GROCERY\",\"url\":\"https:\\\/\\\/my-french-grocery.com\\\/fr\\\/\",\"logo\":{\"@type\":\"ImageObject\",\"inLanguage\":\"fr-FR\",\"@id\":\"https:\\\/\\\/my-french-grocery.com\\\/fr\\\/#\\\/schema\\\/logo\\\/image\\\/\",\"url\":\"https:\\\/\\\/my-french-grocery.com\\\/wp-content\\\/uploads\\\/2021\\\/11\\\/My-French-Grocery-Online-French-Grocery.png\",\"contentUrl\":\"https:\\\/\\\/my-french-grocery.com\\\/wp-content\\\/uploads\\\/2021\\\/11\\\/My-French-Grocery-Online-French-Grocery.png\",\"width\":100,\"height\":100,\"caption\":\"MY FRENCH GROCERY\"},\"image\":{\"@id\":\"https:\\\/\\\/my-french-grocery.com\\\/fr\\\/#\\\/schema\\\/logo\\\/image\\\/\"},\"sameAs\":[\"https:\\\/\\\/www.facebook.com\\\/myfrenchgrocery\\\/\"]}]}<\/script>\n<!-- \/ Yoast SEO plugin. -->","yoast_head_json":{"title":"Papillotes Poulet Herbes de Provence Maggi | Acheter En Ligne | My French Grocery","description":"Papillotes Poulet Herbes de Provence Maggi - Sachet de 34 g - R\u00e9inventez vos plats du quotidien avec PAPILLOTES de MAGGI et son subtil m\u00e9lange d\u2019herbes et d\u2019\u00e9pices !","robots":{"index":"index","follow":"follow","max-snippet":"max-snippet:-1","max-image-preview":"max-image-preview:large","max-video-preview":"max-video-preview:-1"},"canonical":"https:\/\/my-french-grocery.com\/fr\/produit\/papillotes-poulet-herbes-de-provence-maggi\/","og_locale":"fr_FR","og_type":"article","og_title":"Papillotes Poulet Herbes de Provence Maggi | Acheter En Ligne | My French Grocery","og_description":"Papillotes Poulet Herbes de Provence Maggi - Sachet de 34 g - R\u00e9inventez vos plats du quotidien avec PAPILLOTES de MAGGI et son subtil m\u00e9lange d\u2019herbes et d\u2019\u00e9pices !","og_url":"https:\/\/my-french-grocery.com\/fr\/produit\/papillotes-poulet-herbes-de-provence-maggi\/","og_site_name":"My French Grocery","article_publisher":"https:\/\/www.facebook.com\/myfrenchgrocery\/","article_modified_time":"2021-05-10T08:24:06+00:00","og_image":[{"width":1500,"height":1500,"url":"https:\/\/my-french-grocery.com\/wp-content\/uploads\/2021\/05\/PAPILLOTES-POULET-PROVENCAL-HERBS-.jpg","type":"image\/jpeg"}],"twitter_card":"summary_large_image","schema":{"@context":"https:\/\/schema.org","@graph":[{"@type":"WebPage","@id":"https:\/\/my-french-grocery.com\/fr\/produit\/papillotes-poulet-herbes-de-provence-maggi\/","url":"https:\/\/my-french-grocery.com\/fr\/produit\/papillotes-poulet-herbes-de-provence-maggi\/","name":"Papillotes Poulet Herbes de Provence Maggi | Acheter En Ligne | My French Grocery","isPartOf":{"@id":"https:\/\/my-french-grocery.com\/fr\/#website"},"primaryImageOfPage":{"@id":"https:\/\/my-french-grocery.com\/fr\/produit\/papillotes-poulet-herbes-de-provence-maggi\/#primaryimage"},"image":{"@id":"https:\/\/my-french-grocery.com\/fr\/produit\/papillotes-poulet-herbes-de-provence-maggi\/#primaryimage"},"thumbnailUrl":"https:\/\/my-french-grocery.com\/wp-content\/uploads\/2021\/05\/PAPILLOTES-POULET-PROVENCAL-HERBS-.jpg","datePublished":"2021-05-10T08:18:40+00:00","dateModified":"2021-05-10T08:24:06+00:00","description":"Papillotes Poulet Herbes de Provence Maggi - Sachet de 34 g - R\u00e9inventez vos plats du quotidien avec PAPILLOTES de MAGGI et son subtil m\u00e9lange d\u2019herbes et d\u2019\u00e9pices !","breadcrumb":{"@id":"https:\/\/my-french-grocery.com\/fr\/produit\/papillotes-poulet-herbes-de-provence-maggi\/#breadcrumb"},"inLanguage":"fr-FR","potentialAction":[{"@type":"ReadAction","target":["https:\/\/my-french-grocery.com\/fr\/produit\/papillotes-poulet-herbes-de-provence-maggi\/"]}]},{"@type":"ImageObject","inLanguage":"fr-FR","@id":"https:\/\/my-french-grocery.com\/fr\/produit\/papillotes-poulet-herbes-de-provence-maggi\/#primaryimage","url":"https:\/\/my-french-grocery.com\/wp-content\/uploads\/2021\/05\/PAPILLOTES-POULET-PROVENCAL-HERBS-.jpg","contentUrl":"https:\/\/my-french-grocery.com\/wp-content\/uploads\/2021\/05\/PAPILLOTES-POULET-PROVENCAL-HERBS-.jpg","width":1500,"height":1500,"caption":"Papillotes Poulet Herbes de Provence Maggi"},{"@type":"BreadcrumbList","@id":"https:\/\/my-french-grocery.com\/fr\/produit\/papillotes-poulet-herbes-de-provence-maggi\/#breadcrumb","itemListElement":[{"@type":"ListItem","position":1,"name":"Home","item":"https:\/\/my-french-grocery.com\/fr\/"},{"@type":"ListItem","position":2,"name":"Shop","item":"https:\/\/my-french-grocery.com\/shop\/"},{"@type":"ListItem","position":3,"name":"Alimentation","item":"https:\/\/my-french-grocery.com\/fr\/categorie-produit\/alimentation\/"},{"@type":"ListItem","position":4,"name":"Condiments","item":"https:\/\/my-french-grocery.com\/fr\/categorie-produit\/alimentation\/condiments-fr\/"},{"@type":"ListItem","position":5,"name":"Papillotes Poulet Herbes de Provence Maggi"}]},{"@type":"WebSite","@id":"https:\/\/my-french-grocery.com\/fr\/#website","url":"https:\/\/my-french-grocery.com\/fr\/","name":"My French Grocery","description":"Your Online French Grocery  !","publisher":{"@id":"https:\/\/my-french-grocery.com\/fr\/#organization"},"potentialAction":[{"@type":"SearchAction","target":{"@type":"EntryPoint","urlTemplate":"https:\/\/my-french-grocery.com\/fr\/?s={search_term_string}"},"query-input":{"@type":"PropertyValueSpecification","valueRequired":true,"valueName":"search_term_string"}}],"inLanguage":"fr-FR"},{"@type":"Organization","@id":"https:\/\/my-french-grocery.com\/fr\/#organization","name":"MY FRENCH GROCERY","url":"https:\/\/my-french-grocery.com\/fr\/","logo":{"@type":"ImageObject","inLanguage":"fr-FR","@id":"https:\/\/my-french-grocery.com\/fr\/#\/schema\/logo\/image\/","url":"https:\/\/my-french-grocery.com\/wp-content\/uploads\/2021\/11\/My-French-Grocery-Online-French-Grocery.png","contentUrl":"https:\/\/my-french-grocery.com\/wp-content\/uploads\/2021\/11\/My-French-Grocery-Online-French-Grocery.png","width":100,"height":100,"caption":"MY FRENCH GROCERY"},"image":{"@id":"https:\/\/my-french-grocery.com\/fr\/#\/schema\/logo\/image\/"},"sameAs":["https:\/\/www.facebook.com\/myfrenchgrocery\/"]}]}},"brands":[{"id":783,"name":"Maggi","slug":"maggi-fr"}],"_links":{"self":[{"href":"https:\/\/my-french-grocery.com\/fr\/wp-json\/wp\/v2\/product\/16516","targetHints":{"allow":["GET"]}}],"collection":[{"href":"https:\/\/my-french-grocery.com\/fr\/wp-json\/wp\/v2\/product"}],"about":[{"href":"https:\/\/my-french-grocery.com\/fr\/wp-json\/wp\/v2\/types\/product"}],"replies":[{"embeddable":true,"href":"https:\/\/my-french-grocery.com\/fr\/wp-json\/wp\/v2\/comments?post=16516"}],"wp:featuredmedia":[{"embeddable":true,"href":"https:\/\/my-french-grocery.com\/fr\/wp-json\/wp\/v2\/media\/16507"}],"wp:attachment":[{"href":"https:\/\/my-french-grocery.com\/fr\/wp-json\/wp\/v2\/media?parent=16516"}],"wp:term":[{"taxonomy":"pwb-brand","embeddable":true,"href":"https:\/\/my-french-grocery.com\/fr\/wp-json\/wp\/v2\/pwb-brand?post=16516"},{"taxonomy":"product_brand","embeddable":true,"href":"https:\/\/my-french-grocery.com\/fr\/wp-json\/wp\/v2\/product_brand?post=16516"},{"taxonomy":"product_cat","embeddable":true,"href":"https:\/\/my-french-grocery.com\/fr\/wp-json\/wp\/v2\/product_cat?post=16516"},{"taxonomy":"product_tag","embeddable":true,"href":"https:\/\/my-french-grocery.com\/fr\/wp-json\/wp\/v2\/product_tag?post=16516"}],"curies":[{"name":"wp","href":"https:\/\/api.w.org\/{rel}","templated":true}]}}