{"id":16536,"date":"2021-05-10T11:53:06","date_gmt":"2021-05-10T09:53:07","guid":{"rendered":"https:\/\/my-french-grocery.com\/?post_type=product&#038;p=16536"},"modified":"2021-05-10T12:00:49","modified_gmt":"2021-05-10T10:00:49","slug":"gel-douche-creme-hydratante-patchouli-monsavon","status":"publish","type":"product","link":"https:\/\/my-french-grocery.com\/fr\/produit\/gel-douche-creme-hydratante-patchouli-monsavon\/","title":{"rendered":"Gel Douche Cr\u00e8me Hydratante Patchouli &#8211; Monsavon"},"content":{"rendered":"<p>Gel Douche Cr\u00e8me Hydratante Patchouli &#8211; Monsavon<\/p>\n<p>Flacon de 300ml<\/p>\n<p>Envie d\u2019une escapade dans un champ fleuri ? Essayez notre gel douche parfum\u00e9 \u00e0 la fleur de patchouli si pr\u00e9cieuse. Sa texture cr\u00e9meuse agit comme une caresse sur la peau et l\u2019hydrate en douceur. Le gel douche femme Monsavon a sp\u00e9cialement \u00e9t\u00e9 con\u00e7u pour vous faire plaisir. Test\u00e9 dermatologiquement, il contient 90 % d\u2019ingr\u00e9dients d\u2019origine naturelle pour une douche respectueuse et parfum\u00e9e.<\/p>\n","protected":false},"excerpt":{"rendered":"<p>Gel Douche Cr\u00e8me Hydratante Patchouli &#8211; Monsavon<\/p>\n<p>Flacon de 300ml<\/p>\n<p>&nbsp;<\/p>\n","protected":false},"featured_media":16539,"comment_status":"open","ping_status":"closed","template":"","meta":[],"pwb-brand":[2052],"product_brand":[],"product_cat":[993],"product_tag":[1992,2053],"class_list":{"0":"post-16536","1":"product","2":"type-product","3":"status-publish","4":"has-post-thumbnail","6":"pwb-brand-monsavon-fr","7":"product_cat-gel-douche","8":"product_tag-gel-douche","9":"product_tag-patchouli-fr","10":"product_shipping_class-expedition-dans-le-monde-entier","12":"first","13":"outofstock","14":"taxable","15":"shipping-taxable","16":"purchasable","17":"product-type-simple"},"yoast_head":"<!-- This site is optimized with the Yoast SEO plugin v27.4 - https:\/\/yoast.com\/product\/yoast-seo-wordpress\/ -->\n<title>Gel Douche Cr\u00e8me Hydratante Patchouli - Monsavon | Acheter En Ligne | My French Grocery<\/title>\n<meta name=\"description\" content=\"Gel Douche Cr\u00e8me Hydratante Patchouli - Monsavon - Flacon de 300ml - Envie d\u2019une escapade dans un champ fleuri ? Essayez notre gel douche parfum\u00e9 \u00e0 la fleur de patchouli si pr\u00e9cieuse.\" \/>\n<meta name=\"robots\" content=\"index, follow, max-snippet:-1, max-image-preview:large, max-video-preview:-1\" \/>\n<link rel=\"canonical\" href=\"https:\/\/my-french-grocery.com\/fr\/produit\/gel-douche-creme-hydratante-patchouli-monsavon\/\" \/>\n<meta property=\"og:locale\" content=\"fr_FR\" \/>\n<meta property=\"og:type\" content=\"article\" \/>\n<meta property=\"og:title\" content=\"Gel Douche Cr\u00e8me Hydratante Patchouli - Monsavon | Acheter En Ligne | My French Grocery\" \/>\n<meta property=\"og:description\" content=\"Gel Douche Cr\u00e8me Hydratante Patchouli - Monsavon - Flacon de 300ml - Envie d\u2019une escapade dans un champ fleuri ? Essayez notre gel douche parfum\u00e9 \u00e0 la fleur de patchouli si pr\u00e9cieuse.\" \/>\n<meta property=\"og:url\" content=\"https:\/\/my-french-grocery.com\/fr\/produit\/gel-douche-creme-hydratante-patchouli-monsavon\/\" \/>\n<meta property=\"og:site_name\" content=\"My French Grocery\" \/>\n<meta property=\"article:publisher\" content=\"https:\/\/www.facebook.com\/myfrenchgrocery\/\" \/>\n<meta property=\"article:modified_time\" content=\"2021-05-10T10:00:49+00:00\" \/>\n<meta property=\"og:image\" content=\"https:\/\/my-french-grocery.com\/wp-content\/uploads\/2021\/05\/Shower-Gel-Monsavon-Patchouli.png\" \/>\n\t<meta property=\"og:image:width\" content=\"1000\" \/>\n\t<meta property=\"og:image:height\" content=\"1000\" \/>\n\t<meta property=\"og:image:type\" content=\"image\/png\" \/>\n<meta name=\"twitter:card\" content=\"summary_large_image\" \/>\n<script type=\"application\/ld+json\" class=\"yoast-schema-graph\">{\"@context\":\"https:\\\/\\\/schema.org\",\"@graph\":[{\"@type\":\"WebPage\",\"@id\":\"https:\\\/\\\/my-french-grocery.com\\\/fr\\\/produit\\\/gel-douche-creme-hydratante-patchouli-monsavon\\\/\",\"url\":\"https:\\\/\\\/my-french-grocery.com\\\/fr\\\/produit\\\/gel-douche-creme-hydratante-patchouli-monsavon\\\/\",\"name\":\"Gel Douche Cr\u00e8me Hydratante Patchouli - Monsavon | Acheter En Ligne | My French Grocery\",\"isPartOf\":{\"@id\":\"https:\\\/\\\/my-french-grocery.com\\\/fr\\\/#website\"},\"primaryImageOfPage\":{\"@id\":\"https:\\\/\\\/my-french-grocery.com\\\/fr\\\/produit\\\/gel-douche-creme-hydratante-patchouli-monsavon\\\/#primaryimage\"},\"image\":{\"@id\":\"https:\\\/\\\/my-french-grocery.com\\\/fr\\\/produit\\\/gel-douche-creme-hydratante-patchouli-monsavon\\\/#primaryimage\"},\"thumbnailUrl\":\"https:\\\/\\\/my-french-grocery.com\\\/wp-content\\\/uploads\\\/2021\\\/05\\\/Shower-Gel-Monsavon-Patchouli.png\",\"datePublished\":\"2021-05-10T09:53:07+00:00\",\"dateModified\":\"2021-05-10T10:00:49+00:00\",\"description\":\"Gel Douche Cr\u00e8me Hydratante Patchouli - Monsavon - Flacon de 300ml - Envie d\u2019une escapade dans un champ fleuri ? Essayez notre gel douche parfum\u00e9 \u00e0 la fleur de patchouli si pr\u00e9cieuse.\",\"breadcrumb\":{\"@id\":\"https:\\\/\\\/my-french-grocery.com\\\/fr\\\/produit\\\/gel-douche-creme-hydratante-patchouli-monsavon\\\/#breadcrumb\"},\"inLanguage\":\"fr-FR\",\"potentialAction\":[{\"@type\":\"ReadAction\",\"target\":[\"https:\\\/\\\/my-french-grocery.com\\\/fr\\\/produit\\\/gel-douche-creme-hydratante-patchouli-monsavon\\\/\"]}]},{\"@type\":\"ImageObject\",\"inLanguage\":\"fr-FR\",\"@id\":\"https:\\\/\\\/my-french-grocery.com\\\/fr\\\/produit\\\/gel-douche-creme-hydratante-patchouli-monsavon\\\/#primaryimage\",\"url\":\"https:\\\/\\\/my-french-grocery.com\\\/wp-content\\\/uploads\\\/2021\\\/05\\\/Shower-Gel-Monsavon-Patchouli.png\",\"contentUrl\":\"https:\\\/\\\/my-french-grocery.com\\\/wp-content\\\/uploads\\\/2021\\\/05\\\/Shower-Gel-Monsavon-Patchouli.png\",\"width\":1000,\"height\":1000,\"caption\":\"Gel Douche Cr\u00e8me Hydratante Patchouli - Monsavon\"},{\"@type\":\"BreadcrumbList\",\"@id\":\"https:\\\/\\\/my-french-grocery.com\\\/fr\\\/produit\\\/gel-douche-creme-hydratante-patchouli-monsavon\\\/#breadcrumb\",\"itemListElement\":[{\"@type\":\"ListItem\",\"position\":1,\"name\":\"Home\",\"item\":\"https:\\\/\\\/my-french-grocery.com\\\/fr\\\/\"},{\"@type\":\"ListItem\",\"position\":2,\"name\":\"Shop\",\"item\":\"https:\\\/\\\/my-french-grocery.com\\\/shop\\\/\"},{\"@type\":\"ListItem\",\"position\":3,\"name\":\"Cosm\u00e9tiques\",\"item\":\"https:\\\/\\\/my-french-grocery.com\\\/fr\\\/categorie-produit\\\/cosmetiques\\\/\"},{\"@type\":\"ListItem\",\"position\":4,\"name\":\"Savon &amp; Gel Douche\",\"item\":\"https:\\\/\\\/my-french-grocery.com\\\/fr\\\/categorie-produit\\\/cosmetiques\\\/savon-gel-douche\\\/\"},{\"@type\":\"ListItem\",\"position\":5,\"name\":\"Gel Douche\",\"item\":\"https:\\\/\\\/my-french-grocery.com\\\/fr\\\/categorie-produit\\\/cosmetiques\\\/savon-gel-douche\\\/gel-douche\\\/\"},{\"@type\":\"ListItem\",\"position\":6,\"name\":\"Gel Douche Cr\u00e8me Hydratante Patchouli &#8211; Monsavon\"}]},{\"@type\":\"WebSite\",\"@id\":\"https:\\\/\\\/my-french-grocery.com\\\/fr\\\/#website\",\"url\":\"https:\\\/\\\/my-french-grocery.com\\\/fr\\\/\",\"name\":\"My French Grocery\",\"description\":\"Your Online French Grocery  !\",\"publisher\":{\"@id\":\"https:\\\/\\\/my-french-grocery.com\\\/fr\\\/#organization\"},\"potentialAction\":[{\"@type\":\"SearchAction\",\"target\":{\"@type\":\"EntryPoint\",\"urlTemplate\":\"https:\\\/\\\/my-french-grocery.com\\\/fr\\\/?s={search_term_string}\"},\"query-input\":{\"@type\":\"PropertyValueSpecification\",\"valueRequired\":true,\"valueName\":\"search_term_string\"}}],\"inLanguage\":\"fr-FR\"},{\"@type\":\"Organization\",\"@id\":\"https:\\\/\\\/my-french-grocery.com\\\/fr\\\/#organization\",\"name\":\"MY FRENCH GROCERY\",\"url\":\"https:\\\/\\\/my-french-grocery.com\\\/fr\\\/\",\"logo\":{\"@type\":\"ImageObject\",\"inLanguage\":\"fr-FR\",\"@id\":\"https:\\\/\\\/my-french-grocery.com\\\/fr\\\/#\\\/schema\\\/logo\\\/image\\\/\",\"url\":\"https:\\\/\\\/my-french-grocery.com\\\/wp-content\\\/uploads\\\/2021\\\/11\\\/My-French-Grocery-Online-French-Grocery.png\",\"contentUrl\":\"https:\\\/\\\/my-french-grocery.com\\\/wp-content\\\/uploads\\\/2021\\\/11\\\/My-French-Grocery-Online-French-Grocery.png\",\"width\":100,\"height\":100,\"caption\":\"MY FRENCH GROCERY\"},\"image\":{\"@id\":\"https:\\\/\\\/my-french-grocery.com\\\/fr\\\/#\\\/schema\\\/logo\\\/image\\\/\"},\"sameAs\":[\"https:\\\/\\\/www.facebook.com\\\/myfrenchgrocery\\\/\"]}]}<\/script>\n<!-- \/ Yoast SEO plugin. -->","yoast_head_json":{"title":"Gel Douche Cr\u00e8me Hydratante Patchouli - Monsavon | Acheter En Ligne | My French Grocery","description":"Gel Douche Cr\u00e8me Hydratante Patchouli - Monsavon - Flacon de 300ml - Envie d\u2019une escapade dans un champ fleuri ? Essayez notre gel douche parfum\u00e9 \u00e0 la fleur de patchouli si pr\u00e9cieuse.","robots":{"index":"index","follow":"follow","max-snippet":"max-snippet:-1","max-image-preview":"max-image-preview:large","max-video-preview":"max-video-preview:-1"},"canonical":"https:\/\/my-french-grocery.com\/fr\/produit\/gel-douche-creme-hydratante-patchouli-monsavon\/","og_locale":"fr_FR","og_type":"article","og_title":"Gel Douche Cr\u00e8me Hydratante Patchouli - Monsavon | Acheter En Ligne | My French Grocery","og_description":"Gel Douche Cr\u00e8me Hydratante Patchouli - Monsavon - Flacon de 300ml - Envie d\u2019une escapade dans un champ fleuri ? Essayez notre gel douche parfum\u00e9 \u00e0 la fleur de patchouli si pr\u00e9cieuse.","og_url":"https:\/\/my-french-grocery.com\/fr\/produit\/gel-douche-creme-hydratante-patchouli-monsavon\/","og_site_name":"My French Grocery","article_publisher":"https:\/\/www.facebook.com\/myfrenchgrocery\/","article_modified_time":"2021-05-10T10:00:49+00:00","og_image":[{"width":1000,"height":1000,"url":"https:\/\/my-french-grocery.com\/wp-content\/uploads\/2021\/05\/Shower-Gel-Monsavon-Patchouli.png","type":"image\/png"}],"twitter_card":"summary_large_image","schema":{"@context":"https:\/\/schema.org","@graph":[{"@type":"WebPage","@id":"https:\/\/my-french-grocery.com\/fr\/produit\/gel-douche-creme-hydratante-patchouli-monsavon\/","url":"https:\/\/my-french-grocery.com\/fr\/produit\/gel-douche-creme-hydratante-patchouli-monsavon\/","name":"Gel Douche Cr\u00e8me Hydratante Patchouli - Monsavon | Acheter En Ligne | My French Grocery","isPartOf":{"@id":"https:\/\/my-french-grocery.com\/fr\/#website"},"primaryImageOfPage":{"@id":"https:\/\/my-french-grocery.com\/fr\/produit\/gel-douche-creme-hydratante-patchouli-monsavon\/#primaryimage"},"image":{"@id":"https:\/\/my-french-grocery.com\/fr\/produit\/gel-douche-creme-hydratante-patchouli-monsavon\/#primaryimage"},"thumbnailUrl":"https:\/\/my-french-grocery.com\/wp-content\/uploads\/2021\/05\/Shower-Gel-Monsavon-Patchouli.png","datePublished":"2021-05-10T09:53:07+00:00","dateModified":"2021-05-10T10:00:49+00:00","description":"Gel Douche Cr\u00e8me Hydratante Patchouli - Monsavon - Flacon de 300ml - Envie d\u2019une escapade dans un champ fleuri ? Essayez notre gel douche parfum\u00e9 \u00e0 la fleur de patchouli si pr\u00e9cieuse.","breadcrumb":{"@id":"https:\/\/my-french-grocery.com\/fr\/produit\/gel-douche-creme-hydratante-patchouli-monsavon\/#breadcrumb"},"inLanguage":"fr-FR","potentialAction":[{"@type":"ReadAction","target":["https:\/\/my-french-grocery.com\/fr\/produit\/gel-douche-creme-hydratante-patchouli-monsavon\/"]}]},{"@type":"ImageObject","inLanguage":"fr-FR","@id":"https:\/\/my-french-grocery.com\/fr\/produit\/gel-douche-creme-hydratante-patchouli-monsavon\/#primaryimage","url":"https:\/\/my-french-grocery.com\/wp-content\/uploads\/2021\/05\/Shower-Gel-Monsavon-Patchouli.png","contentUrl":"https:\/\/my-french-grocery.com\/wp-content\/uploads\/2021\/05\/Shower-Gel-Monsavon-Patchouli.png","width":1000,"height":1000,"caption":"Gel Douche Cr\u00e8me Hydratante Patchouli - Monsavon"},{"@type":"BreadcrumbList","@id":"https:\/\/my-french-grocery.com\/fr\/produit\/gel-douche-creme-hydratante-patchouli-monsavon\/#breadcrumb","itemListElement":[{"@type":"ListItem","position":1,"name":"Home","item":"https:\/\/my-french-grocery.com\/fr\/"},{"@type":"ListItem","position":2,"name":"Shop","item":"https:\/\/my-french-grocery.com\/shop\/"},{"@type":"ListItem","position":3,"name":"Cosm\u00e9tiques","item":"https:\/\/my-french-grocery.com\/fr\/categorie-produit\/cosmetiques\/"},{"@type":"ListItem","position":4,"name":"Savon &amp; Gel Douche","item":"https:\/\/my-french-grocery.com\/fr\/categorie-produit\/cosmetiques\/savon-gel-douche\/"},{"@type":"ListItem","position":5,"name":"Gel Douche","item":"https:\/\/my-french-grocery.com\/fr\/categorie-produit\/cosmetiques\/savon-gel-douche\/gel-douche\/"},{"@type":"ListItem","position":6,"name":"Gel Douche Cr\u00e8me Hydratante Patchouli &#8211; Monsavon"}]},{"@type":"WebSite","@id":"https:\/\/my-french-grocery.com\/fr\/#website","url":"https:\/\/my-french-grocery.com\/fr\/","name":"My French Grocery","description":"Your Online French Grocery  !","publisher":{"@id":"https:\/\/my-french-grocery.com\/fr\/#organization"},"potentialAction":[{"@type":"SearchAction","target":{"@type":"EntryPoint","urlTemplate":"https:\/\/my-french-grocery.com\/fr\/?s={search_term_string}"},"query-input":{"@type":"PropertyValueSpecification","valueRequired":true,"valueName":"search_term_string"}}],"inLanguage":"fr-FR"},{"@type":"Organization","@id":"https:\/\/my-french-grocery.com\/fr\/#organization","name":"MY FRENCH GROCERY","url":"https:\/\/my-french-grocery.com\/fr\/","logo":{"@type":"ImageObject","inLanguage":"fr-FR","@id":"https:\/\/my-french-grocery.com\/fr\/#\/schema\/logo\/image\/","url":"https:\/\/my-french-grocery.com\/wp-content\/uploads\/2021\/11\/My-French-Grocery-Online-French-Grocery.png","contentUrl":"https:\/\/my-french-grocery.com\/wp-content\/uploads\/2021\/11\/My-French-Grocery-Online-French-Grocery.png","width":100,"height":100,"caption":"MY FRENCH GROCERY"},"image":{"@id":"https:\/\/my-french-grocery.com\/fr\/#\/schema\/logo\/image\/"},"sameAs":["https:\/\/www.facebook.com\/myfrenchgrocery\/"]}]}},"brands":[{"id":2052,"name":"Monsavon","slug":"monsavon-fr"}],"_links":{"self":[{"href":"https:\/\/my-french-grocery.com\/fr\/wp-json\/wp\/v2\/product\/16536","targetHints":{"allow":["GET"]}}],"collection":[{"href":"https:\/\/my-french-grocery.com\/fr\/wp-json\/wp\/v2\/product"}],"about":[{"href":"https:\/\/my-french-grocery.com\/fr\/wp-json\/wp\/v2\/types\/product"}],"replies":[{"embeddable":true,"href":"https:\/\/my-french-grocery.com\/fr\/wp-json\/wp\/v2\/comments?post=16536"}],"wp:featuredmedia":[{"embeddable":true,"href":"https:\/\/my-french-grocery.com\/fr\/wp-json\/wp\/v2\/media\/16539"}],"wp:attachment":[{"href":"https:\/\/my-french-grocery.com\/fr\/wp-json\/wp\/v2\/media?parent=16536"}],"wp:term":[{"taxonomy":"pwb-brand","embeddable":true,"href":"https:\/\/my-french-grocery.com\/fr\/wp-json\/wp\/v2\/pwb-brand?post=16536"},{"taxonomy":"product_brand","embeddable":true,"href":"https:\/\/my-french-grocery.com\/fr\/wp-json\/wp\/v2\/product_brand?post=16536"},{"taxonomy":"product_cat","embeddable":true,"href":"https:\/\/my-french-grocery.com\/fr\/wp-json\/wp\/v2\/product_cat?post=16536"},{"taxonomy":"product_tag","embeddable":true,"href":"https:\/\/my-french-grocery.com\/fr\/wp-json\/wp\/v2\/product_tag?post=16536"}],"curies":[{"name":"wp","href":"https:\/\/api.w.org\/{rel}","templated":true}]}}