{"id":16597,"date":"2021-05-16T17:30:23","date_gmt":"2021-05-16T15:30:23","guid":{"rendered":"https:\/\/my-french-grocery.com\/?post_type=product&#038;p=16597"},"modified":"2021-05-16T17:39:08","modified_gmt":"2021-05-16T15:39:08","slug":"deodorant-lait-coton-monsavon","status":"publish","type":"product","link":"https:\/\/my-french-grocery.com\/fr\/produit\/deodorant-lait-coton-monsavon\/","title":{"rendered":"D\u00e9odorant Lait &#038; Coton Monsavon"},"content":{"rendered":"<p>D\u00e9odorant Lait & Coton Monsavon<\/p>\n<p>Spray de 200mL<\/p>\n<p>Accordez-vous une touche de fra\u00eecheur et de bonne humeur d\u00e8s le matin ! Le d\u00e9odorant anti-transpirant Monsavon \u00e0 la fleur de coton toute l\u00e9g\u00e8re vous garantit une protection de 48 h contre les odeurs et contre l\u2019humidit\u00e9, tout en prenant soin de vos aisselles. Sa formule antibact\u00e9rienne en spray allie des agents hydratants \u00e0 la douceur du lait pour apporter \u00e0 votre peau toute la d\u00e9licatesse et le soin dont elle a besoin.<\/p>\n","protected":false},"excerpt":{"rendered":"<p>D\u00e9odorant Lait &amp; Coton Monsavon<\/p>\n<p>Spray de 200mL<\/p>\n","protected":false},"featured_media":16601,"comment_status":"open","ping_status":"closed","template":"","meta":[],"pwb-brand":[2052],"product_brand":[],"product_cat":[1651],"product_tag":[1661,2066],"class_list":{"0":"post-16597","1":"product","2":"type-product","3":"status-publish","4":"has-post-thumbnail","6":"pwb-brand-monsavon-fr","7":"product_cat-deodorants-anti-transpirants","8":"product_tag-deodorant-fr","9":"product_tag-monsavon-fr","10":"product_shipping_class-expedition-dans-le-monde-entier","12":"first","13":"instock","14":"taxable","15":"shipping-taxable","16":"purchasable","17":"product-type-simple"},"brands":[{"id":2052,"name":"Monsavon","slug":"monsavon-fr"}],"_links":{"self":[{"href":"https:\/\/my-french-grocery.com\/fr\/wp-json\/wp\/v2\/product\/16597","targetHints":{"allow":["GET"]}}],"collection":[{"href":"https:\/\/my-french-grocery.com\/fr\/wp-json\/wp\/v2\/product"}],"about":[{"href":"https:\/\/my-french-grocery.com\/fr\/wp-json\/wp\/v2\/types\/product"}],"replies":[{"embeddable":true,"href":"https:\/\/my-french-grocery.com\/fr\/wp-json\/wp\/v2\/comments?post=16597"}],"wp:featuredmedia":[{"embeddable":true,"href":"https:\/\/my-french-grocery.com\/fr\/wp-json\/wp\/v2\/media\/16601"}],"wp:attachment":[{"href":"https:\/\/my-french-grocery.com\/fr\/wp-json\/wp\/v2\/media?parent=16597"}],"wp:term":[{"taxonomy":"pwb-brand","embeddable":true,"href":"https:\/\/my-french-grocery.com\/fr\/wp-json\/wp\/v2\/pwb-brand?post=16597"},{"taxonomy":"product_brand","embeddable":true,"href":"https:\/\/my-french-grocery.com\/fr\/wp-json\/wp\/v2\/product_brand?post=16597"},{"taxonomy":"product_cat","embeddable":true,"href":"https:\/\/my-french-grocery.com\/fr\/wp-json\/wp\/v2\/product_cat?post=16597"},{"taxonomy":"product_tag","embeddable":true,"href":"https:\/\/my-french-grocery.com\/fr\/wp-json\/wp\/v2\/product_tag?post=16597"}],"curies":[{"name":"wp","href":"https:\/\/api.w.org\/{rel}","templated":true}]}}