{"id":16637,"date":"2021-05-17T16:05:46","date_gmt":"2021-05-17T14:05:47","guid":{"rendered":"https:\/\/my-french-grocery.com\/?post_type=product&#038;p=16637"},"modified":"2021-05-17T16:10:31","modified_gmt":"2021-05-17T14:10:31","slug":"deodorant-compresse-lait-fleur-de-lotus-monsavon","status":"publish","type":"product","link":"https:\/\/my-french-grocery.com\/fr\/produit\/deodorant-compresse-lait-fleur-de-lotus-monsavon\/","title":{"rendered":"D\u00e9odorant Compress\u00e9 Lait &#038; Fleur De Lotus Monsavon"},"content":{"rendered":"<p>D\u00e9odorant Compress\u00e9 Lait & Fleur De Lotus Monsavon<\/p>\n<p>Spray de 100mL<\/p>\n<p>Le d\u00e9odorant pour femme en spray Monsavon Fleur de Lotus Presque Divine allie une protection d\u00e9odorante 24 h au parfum d\u00e9licat de la fleur de lotus, pour vous apporter une agr\u00e9able sensation de fra\u00eecheur toute la journ\u00e9e. Avec sa formule \u00e0 la pierre d\u2019alun, connue pour ses propri\u00e9t\u00e9s d\u00e9odorantes, le d\u00e9odorant femme spray Monsavon Fleur de Lotus prot\u00e8ge vos aisselles tout en prenant soin d\u2019elles.<\/p>\n","protected":false},"excerpt":{"rendered":"<p>D\u00e9odorant Compress\u00e9 Lait &amp; Fleur De Lotus Monsavon<\/p>\n<p>Spray de 100mL<\/p>\n","protected":false},"featured_media":36681,"comment_status":"open","ping_status":"closed","template":"","meta":[],"pwb-brand":[2052],"product_brand":[],"product_cat":[1651],"product_tag":[1661,2066],"class_list":{"0":"post-16637","1":"product","2":"type-product","3":"status-publish","4":"has-post-thumbnail","6":"pwb-brand-monsavon-fr","7":"product_cat-deodorants-anti-transpirants","8":"product_tag-deodorant-fr","9":"product_tag-monsavon-fr","10":"product_shipping_class-expedition-dans-le-monde-entier","12":"first","13":"instock","14":"taxable","15":"shipping-taxable","16":"purchasable","17":"product-type-simple"},"brands":[{"id":2052,"name":"Monsavon","slug":"monsavon-fr"}],"_links":{"self":[{"href":"https:\/\/my-french-grocery.com\/fr\/wp-json\/wp\/v2\/product\/16637","targetHints":{"allow":["GET"]}}],"collection":[{"href":"https:\/\/my-french-grocery.com\/fr\/wp-json\/wp\/v2\/product"}],"about":[{"href":"https:\/\/my-french-grocery.com\/fr\/wp-json\/wp\/v2\/types\/product"}],"replies":[{"embeddable":true,"href":"https:\/\/my-french-grocery.com\/fr\/wp-json\/wp\/v2\/comments?post=16637"}],"wp:featuredmedia":[{"embeddable":true,"href":"https:\/\/my-french-grocery.com\/fr\/wp-json\/wp\/v2\/media\/36681"}],"wp:attachment":[{"href":"https:\/\/my-french-grocery.com\/fr\/wp-json\/wp\/v2\/media?parent=16637"}],"wp:term":[{"taxonomy":"pwb-brand","embeddable":true,"href":"https:\/\/my-french-grocery.com\/fr\/wp-json\/wp\/v2\/pwb-brand?post=16637"},{"taxonomy":"product_brand","embeddable":true,"href":"https:\/\/my-french-grocery.com\/fr\/wp-json\/wp\/v2\/product_brand?post=16637"},{"taxonomy":"product_cat","embeddable":true,"href":"https:\/\/my-french-grocery.com\/fr\/wp-json\/wp\/v2\/product_cat?post=16637"},{"taxonomy":"product_tag","embeddable":true,"href":"https:\/\/my-french-grocery.com\/fr\/wp-json\/wp\/v2\/product_tag?post=16637"}],"curies":[{"name":"wp","href":"https:\/\/api.w.org\/{rel}","templated":true}]}}