{"id":16664,"date":"2021-05-17T16:42:04","date_gmt":"2021-05-17T14:42:05","guid":{"rendered":"https:\/\/my-french-grocery.com\/?post_type=product&#038;p=16664"},"modified":"2021-05-17T16:48:52","modified_gmt":"2021-05-17T14:48:52","slug":"deodorant-bio-aloe-vera-vanille-monsavon","status":"publish","type":"product","link":"https:\/\/my-french-grocery.com\/fr\/produit\/deodorant-bio-aloe-vera-vanille-monsavon\/","title":{"rendered":"D\u00e9odorant Bio Alo\u00e9 Vera &#038; Vanille Monsavon"},"content":{"rendered":"<p>D\u00e9odorant Bio Alo\u00e9 Vera & Vanille Monsavon<\/p>\n<p>Roll-on de 50 mL<\/p>\n<p>Formul\u00e9 sans alcool, le d\u00e9odorant Monsavon BIO Alo\u00e9 Vera Vanille allie une protection d\u00e9odorante efficace \u00e0 un doux parfum, le tout dans un format bille. Dites oui \u00e0 la fra\u00eecheur et \u00e0 la bonne humeur avec ce d\u00e9odorant bille. Ce d\u00e9odorant est certifi\u00e9 COSMOS ORGANIC par ECOCERT et sa formule est test\u00e9e dermatologiquement.<\/p>\n","protected":false},"excerpt":{"rendered":"<p>D\u00e9odorant Bio Alo\u00e9 Vera &amp; Vanille Monsavon<\/p>\n<p>Roll-on de 50 mL<\/p>\n","protected":false},"featured_media":16667,"comment_status":"open","ping_status":"closed","template":"","meta":[],"pwb-brand":[2052],"product_brand":[],"product_cat":[1651],"product_tag":[1661,2066],"class_list":{"0":"post-16664","1":"product","2":"type-product","3":"status-publish","4":"has-post-thumbnail","6":"pwb-brand-monsavon-fr","7":"product_cat-deodorants-anti-transpirants","8":"product_tag-deodorant-fr","9":"product_tag-monsavon-fr","10":"product_shipping_class-expedition-dans-le-monde-entier","12":"first","13":"outofstock","14":"taxable","15":"shipping-taxable","16":"purchasable","17":"product-type-simple"},"brands":[{"id":2052,"name":"Monsavon","slug":"monsavon-fr"}],"_links":{"self":[{"href":"https:\/\/my-french-grocery.com\/fr\/wp-json\/wp\/v2\/product\/16664","targetHints":{"allow":["GET"]}}],"collection":[{"href":"https:\/\/my-french-grocery.com\/fr\/wp-json\/wp\/v2\/product"}],"about":[{"href":"https:\/\/my-french-grocery.com\/fr\/wp-json\/wp\/v2\/types\/product"}],"replies":[{"embeddable":true,"href":"https:\/\/my-french-grocery.com\/fr\/wp-json\/wp\/v2\/comments?post=16664"}],"wp:featuredmedia":[{"embeddable":true,"href":"https:\/\/my-french-grocery.com\/fr\/wp-json\/wp\/v2\/media\/16667"}],"wp:attachment":[{"href":"https:\/\/my-french-grocery.com\/fr\/wp-json\/wp\/v2\/media?parent=16664"}],"wp:term":[{"taxonomy":"pwb-brand","embeddable":true,"href":"https:\/\/my-french-grocery.com\/fr\/wp-json\/wp\/v2\/pwb-brand?post=16664"},{"taxonomy":"product_brand","embeddable":true,"href":"https:\/\/my-french-grocery.com\/fr\/wp-json\/wp\/v2\/product_brand?post=16664"},{"taxonomy":"product_cat","embeddable":true,"href":"https:\/\/my-french-grocery.com\/fr\/wp-json\/wp\/v2\/product_cat?post=16664"},{"taxonomy":"product_tag","embeddable":true,"href":"https:\/\/my-french-grocery.com\/fr\/wp-json\/wp\/v2\/product_tag?post=16664"}],"curies":[{"name":"wp","href":"https:\/\/api.w.org\/{rel}","templated":true}]}}