{"id":16978,"date":"2021-06-06T18:00:10","date_gmt":"2021-06-06T16:00:11","guid":{"rendered":"https:\/\/my-french-grocery.com\/?post_type=product&#038;p=16978"},"modified":"2021-06-06T18:10:22","modified_gmt":"2021-06-06T16:10:22","slug":"lasagnes-aux-legumes-du-soleil-daucy","status":"publish","type":"product","link":"https:\/\/my-french-grocery.com\/fr\/produit\/lasagnes-aux-legumes-du-soleil-daucy\/","title":{"rendered":"Lasagnes Aux L\u00e9gumes Du Soleil D&rsquo;Aucy"},"content":{"rendered":"<p>Lasagnes Aux L\u00e9gumes Du Soleil D&rsquo;Aucy<\/p>\n<p>Barquette de 320g<\/p>\n<div class=\"secondary-details-intro\">\n<div class=\"regulated-name\">\n<p class=\"paragraph\">Lasagnes v\u00e9g\u00e9tariennes aux lentilles corail et aux l\u00e9gumes<\/p>\n<\/div>\n<\/div>\n<div class=\"secondary-details__description\">D\u2019aucy vous fait partager sa passion des l\u00e9gumes en vous proposant cette recette v\u00e9g\u00e9tarienne : une alliance g\u00e9n\u00e9reuse de l\u00e9gumes, l\u00e9gumineuses et c\u00e9r\u00e9ales pour un repas complet tellement gourmand ! Nos engagements : une tra\u00e7abilit\u00e9 garantie et une s\u00e9lection des meilleurs ingr\u00e9dients pour vous proposer des recettes savoureuses et authentiques !<\/div>\n","protected":false},"excerpt":{"rendered":"<p>Lasagnes Aux L\u00e9gumes Du Soleil D&rsquo;Aucy<\/p>\n<p>Barquette de 320g<\/p>\n<div class=\"secondary-details-intro\">\n<div class=\"regulated-name\">\n<p class=\"paragraph\">Lasagnes v\u00e9g\u00e9tariennes aux lentilles corail et aux l\u00e9gumes<\/p>\n<\/div>\n<\/div>\n","protected":false},"featured_media":16981,"comment_status":"open","ping_status":"closed","template":"","meta":[],"pwb-brand":[592],"product_brand":[],"product_cat":[1053],"product_tag":[1528,2099],"class_list":{"0":"post-16978","1":"product","2":"type-product","3":"status-publish","4":"has-post-thumbnail","6":"pwb-brand-daucy-fr","7":"product_cat-plats-prepares","8":"product_tag-francais","9":"product_tag-lasagnes","10":"product_shipping_class-expedition-dans-le-monde-entier","12":"first","13":"instock","14":"taxable","15":"shipping-taxable","16":"purchasable","17":"product-type-simple"},"yoast_head":"<!-- This site is optimized with the Yoast SEO plugin v27.3 - https:\/\/yoast.com\/product\/yoast-seo-wordpress\/ -->\n<title>Lasagnes Aux L\u00e9gumes Du Soleil D&#039;Aucy | Acheter En Ligne | My French Grocery<\/title>\n<meta name=\"description\" content=\"Lasagnes Aux L\u00e9gumes Du Soleil D&#039;Aucy - Barquette de 320g - Lasagnes v\u00e9g\u00e9tariennes aux lentilles corail et aux l\u00e9gumes\" \/>\n<meta name=\"robots\" content=\"index, follow, max-snippet:-1, max-image-preview:large, max-video-preview:-1\" \/>\n<link rel=\"canonical\" href=\"https:\/\/my-french-grocery.com\/fr\/produit\/lasagnes-aux-legumes-du-soleil-daucy\/\" \/>\n<meta property=\"og:locale\" content=\"fr_FR\" \/>\n<meta property=\"og:type\" content=\"article\" \/>\n<meta property=\"og:title\" content=\"Lasagnes Aux L\u00e9gumes Du Soleil D&#039;Aucy | Acheter En Ligne | My French Grocery\" \/>\n<meta property=\"og:description\" content=\"Lasagnes Aux L\u00e9gumes Du Soleil D&#039;Aucy - Barquette de 320g - Lasagnes v\u00e9g\u00e9tariennes aux lentilles corail et aux l\u00e9gumes\" \/>\n<meta property=\"og:url\" content=\"https:\/\/my-french-grocery.com\/fr\/produit\/lasagnes-aux-legumes-du-soleil-daucy\/\" \/>\n<meta property=\"og:site_name\" content=\"My French Grocery\" \/>\n<meta property=\"article:publisher\" content=\"https:\/\/www.facebook.com\/myfrenchgrocery\/\" \/>\n<meta property=\"article:modified_time\" content=\"2021-06-06T16:10:22+00:00\" \/>\n<meta property=\"og:image\" content=\"https:\/\/my-french-grocery.com\/wp-content\/uploads\/2021\/06\/LASAGNES-DAUCY.jpg\" \/>\n\t<meta property=\"og:image:width\" content=\"1500\" \/>\n\t<meta property=\"og:image:height\" content=\"1500\" \/>\n\t<meta property=\"og:image:type\" content=\"image\/jpeg\" \/>\n<meta name=\"twitter:card\" content=\"summary_large_image\" \/>\n<script type=\"application\/ld+json\" class=\"yoast-schema-graph\">{\"@context\":\"https:\\\/\\\/schema.org\",\"@graph\":[{\"@type\":\"WebPage\",\"@id\":\"https:\\\/\\\/my-french-grocery.com\\\/fr\\\/produit\\\/lasagnes-aux-legumes-du-soleil-daucy\\\/\",\"url\":\"https:\\\/\\\/my-french-grocery.com\\\/fr\\\/produit\\\/lasagnes-aux-legumes-du-soleil-daucy\\\/\",\"name\":\"Lasagnes Aux L\u00e9gumes Du Soleil D'Aucy | Acheter En Ligne | My French Grocery\",\"isPartOf\":{\"@id\":\"https:\\\/\\\/my-french-grocery.com\\\/fr\\\/#website\"},\"primaryImageOfPage\":{\"@id\":\"https:\\\/\\\/my-french-grocery.com\\\/fr\\\/produit\\\/lasagnes-aux-legumes-du-soleil-daucy\\\/#primaryimage\"},\"image\":{\"@id\":\"https:\\\/\\\/my-french-grocery.com\\\/fr\\\/produit\\\/lasagnes-aux-legumes-du-soleil-daucy\\\/#primaryimage\"},\"thumbnailUrl\":\"https:\\\/\\\/my-french-grocery.com\\\/wp-content\\\/uploads\\\/2021\\\/06\\\/LASAGNES-DAUCY.jpg\",\"datePublished\":\"2021-06-06T16:00:11+00:00\",\"dateModified\":\"2021-06-06T16:10:22+00:00\",\"description\":\"Lasagnes Aux L\u00e9gumes Du Soleil D'Aucy - Barquette de 320g - Lasagnes v\u00e9g\u00e9tariennes aux lentilles corail et aux l\u00e9gumes\",\"breadcrumb\":{\"@id\":\"https:\\\/\\\/my-french-grocery.com\\\/fr\\\/produit\\\/lasagnes-aux-legumes-du-soleil-daucy\\\/#breadcrumb\"},\"inLanguage\":\"fr-FR\",\"potentialAction\":[{\"@type\":\"ReadAction\",\"target\":[\"https:\\\/\\\/my-french-grocery.com\\\/fr\\\/produit\\\/lasagnes-aux-legumes-du-soleil-daucy\\\/\"]}]},{\"@type\":\"ImageObject\",\"inLanguage\":\"fr-FR\",\"@id\":\"https:\\\/\\\/my-french-grocery.com\\\/fr\\\/produit\\\/lasagnes-aux-legumes-du-soleil-daucy\\\/#primaryimage\",\"url\":\"https:\\\/\\\/my-french-grocery.com\\\/wp-content\\\/uploads\\\/2021\\\/06\\\/LASAGNES-DAUCY.jpg\",\"contentUrl\":\"https:\\\/\\\/my-french-grocery.com\\\/wp-content\\\/uploads\\\/2021\\\/06\\\/LASAGNES-DAUCY.jpg\",\"width\":1500,\"height\":1500,\"caption\":\"Lasagnes Aux L\u00e9gumes Du Soleil D'Aucy\"},{\"@type\":\"BreadcrumbList\",\"@id\":\"https:\\\/\\\/my-french-grocery.com\\\/fr\\\/produit\\\/lasagnes-aux-legumes-du-soleil-daucy\\\/#breadcrumb\",\"itemListElement\":[{\"@type\":\"ListItem\",\"position\":1,\"name\":\"Home\",\"item\":\"https:\\\/\\\/my-french-grocery.com\\\/fr\\\/\"},{\"@type\":\"ListItem\",\"position\":2,\"name\":\"Shop\",\"item\":\"https:\\\/\\\/my-french-grocery.com\\\/shop\\\/\"},{\"@type\":\"ListItem\",\"position\":3,\"name\":\"Alimentation\",\"item\":\"https:\\\/\\\/my-french-grocery.com\\\/fr\\\/categorie-produit\\\/alimentation\\\/\"},{\"@type\":\"ListItem\",\"position\":4,\"name\":\"Conserves &amp; Plats Pr\u00e9par\u00e9s\",\"item\":\"https:\\\/\\\/my-french-grocery.com\\\/fr\\\/categorie-produit\\\/alimentation\\\/conserves-plats-prepares\\\/\"},{\"@type\":\"ListItem\",\"position\":5,\"name\":\"Plats Pr\u00e9par\u00e9s\",\"item\":\"https:\\\/\\\/my-french-grocery.com\\\/fr\\\/categorie-produit\\\/alimentation\\\/conserves-plats-prepares\\\/plats-prepares\\\/\"},{\"@type\":\"ListItem\",\"position\":6,\"name\":\"Lasagnes Aux L\u00e9gumes Du Soleil D&#8217;Aucy\"}]},{\"@type\":\"WebSite\",\"@id\":\"https:\\\/\\\/my-french-grocery.com\\\/fr\\\/#website\",\"url\":\"https:\\\/\\\/my-french-grocery.com\\\/fr\\\/\",\"name\":\"My French Grocery\",\"description\":\"Your Online French Grocery  !\",\"publisher\":{\"@id\":\"https:\\\/\\\/my-french-grocery.com\\\/fr\\\/#organization\"},\"potentialAction\":[{\"@type\":\"SearchAction\",\"target\":{\"@type\":\"EntryPoint\",\"urlTemplate\":\"https:\\\/\\\/my-french-grocery.com\\\/fr\\\/?s={search_term_string}\"},\"query-input\":{\"@type\":\"PropertyValueSpecification\",\"valueRequired\":true,\"valueName\":\"search_term_string\"}}],\"inLanguage\":\"fr-FR\"},{\"@type\":\"Organization\",\"@id\":\"https:\\\/\\\/my-french-grocery.com\\\/fr\\\/#organization\",\"name\":\"MY FRENCH GROCERY\",\"url\":\"https:\\\/\\\/my-french-grocery.com\\\/fr\\\/\",\"logo\":{\"@type\":\"ImageObject\",\"inLanguage\":\"fr-FR\",\"@id\":\"https:\\\/\\\/my-french-grocery.com\\\/fr\\\/#\\\/schema\\\/logo\\\/image\\\/\",\"url\":\"https:\\\/\\\/my-french-grocery.com\\\/wp-content\\\/uploads\\\/2021\\\/11\\\/My-French-Grocery-Online-French-Grocery.png\",\"contentUrl\":\"https:\\\/\\\/my-french-grocery.com\\\/wp-content\\\/uploads\\\/2021\\\/11\\\/My-French-Grocery-Online-French-Grocery.png\",\"width\":100,\"height\":100,\"caption\":\"MY FRENCH GROCERY\"},\"image\":{\"@id\":\"https:\\\/\\\/my-french-grocery.com\\\/fr\\\/#\\\/schema\\\/logo\\\/image\\\/\"},\"sameAs\":[\"https:\\\/\\\/www.facebook.com\\\/myfrenchgrocery\\\/\"]}]}<\/script>\n<!-- \/ Yoast SEO plugin. -->","yoast_head_json":{"title":"Lasagnes Aux L\u00e9gumes Du Soleil D'Aucy | Acheter En Ligne | My French Grocery","description":"Lasagnes Aux L\u00e9gumes Du Soleil D'Aucy - Barquette de 320g - Lasagnes v\u00e9g\u00e9tariennes aux lentilles corail et aux l\u00e9gumes","robots":{"index":"index","follow":"follow","max-snippet":"max-snippet:-1","max-image-preview":"max-image-preview:large","max-video-preview":"max-video-preview:-1"},"canonical":"https:\/\/my-french-grocery.com\/fr\/produit\/lasagnes-aux-legumes-du-soleil-daucy\/","og_locale":"fr_FR","og_type":"article","og_title":"Lasagnes Aux L\u00e9gumes Du Soleil D'Aucy | Acheter En Ligne | My French Grocery","og_description":"Lasagnes Aux L\u00e9gumes Du Soleil D'Aucy - Barquette de 320g - Lasagnes v\u00e9g\u00e9tariennes aux lentilles corail et aux l\u00e9gumes","og_url":"https:\/\/my-french-grocery.com\/fr\/produit\/lasagnes-aux-legumes-du-soleil-daucy\/","og_site_name":"My French Grocery","article_publisher":"https:\/\/www.facebook.com\/myfrenchgrocery\/","article_modified_time":"2021-06-06T16:10:22+00:00","og_image":[{"width":1500,"height":1500,"url":"https:\/\/my-french-grocery.com\/wp-content\/uploads\/2021\/06\/LASAGNES-DAUCY.jpg","type":"image\/jpeg"}],"twitter_card":"summary_large_image","schema":{"@context":"https:\/\/schema.org","@graph":[{"@type":"WebPage","@id":"https:\/\/my-french-grocery.com\/fr\/produit\/lasagnes-aux-legumes-du-soleil-daucy\/","url":"https:\/\/my-french-grocery.com\/fr\/produit\/lasagnes-aux-legumes-du-soleil-daucy\/","name":"Lasagnes Aux L\u00e9gumes Du Soleil D'Aucy | Acheter En Ligne | My French Grocery","isPartOf":{"@id":"https:\/\/my-french-grocery.com\/fr\/#website"},"primaryImageOfPage":{"@id":"https:\/\/my-french-grocery.com\/fr\/produit\/lasagnes-aux-legumes-du-soleil-daucy\/#primaryimage"},"image":{"@id":"https:\/\/my-french-grocery.com\/fr\/produit\/lasagnes-aux-legumes-du-soleil-daucy\/#primaryimage"},"thumbnailUrl":"https:\/\/my-french-grocery.com\/wp-content\/uploads\/2021\/06\/LASAGNES-DAUCY.jpg","datePublished":"2021-06-06T16:00:11+00:00","dateModified":"2021-06-06T16:10:22+00:00","description":"Lasagnes Aux L\u00e9gumes Du Soleil D'Aucy - Barquette de 320g - Lasagnes v\u00e9g\u00e9tariennes aux lentilles corail et aux l\u00e9gumes","breadcrumb":{"@id":"https:\/\/my-french-grocery.com\/fr\/produit\/lasagnes-aux-legumes-du-soleil-daucy\/#breadcrumb"},"inLanguage":"fr-FR","potentialAction":[{"@type":"ReadAction","target":["https:\/\/my-french-grocery.com\/fr\/produit\/lasagnes-aux-legumes-du-soleil-daucy\/"]}]},{"@type":"ImageObject","inLanguage":"fr-FR","@id":"https:\/\/my-french-grocery.com\/fr\/produit\/lasagnes-aux-legumes-du-soleil-daucy\/#primaryimage","url":"https:\/\/my-french-grocery.com\/wp-content\/uploads\/2021\/06\/LASAGNES-DAUCY.jpg","contentUrl":"https:\/\/my-french-grocery.com\/wp-content\/uploads\/2021\/06\/LASAGNES-DAUCY.jpg","width":1500,"height":1500,"caption":"Lasagnes Aux L\u00e9gumes Du Soleil D'Aucy"},{"@type":"BreadcrumbList","@id":"https:\/\/my-french-grocery.com\/fr\/produit\/lasagnes-aux-legumes-du-soleil-daucy\/#breadcrumb","itemListElement":[{"@type":"ListItem","position":1,"name":"Home","item":"https:\/\/my-french-grocery.com\/fr\/"},{"@type":"ListItem","position":2,"name":"Shop","item":"https:\/\/my-french-grocery.com\/shop\/"},{"@type":"ListItem","position":3,"name":"Alimentation","item":"https:\/\/my-french-grocery.com\/fr\/categorie-produit\/alimentation\/"},{"@type":"ListItem","position":4,"name":"Conserves &amp; Plats Pr\u00e9par\u00e9s","item":"https:\/\/my-french-grocery.com\/fr\/categorie-produit\/alimentation\/conserves-plats-prepares\/"},{"@type":"ListItem","position":5,"name":"Plats Pr\u00e9par\u00e9s","item":"https:\/\/my-french-grocery.com\/fr\/categorie-produit\/alimentation\/conserves-plats-prepares\/plats-prepares\/"},{"@type":"ListItem","position":6,"name":"Lasagnes Aux L\u00e9gumes Du Soleil D&#8217;Aucy"}]},{"@type":"WebSite","@id":"https:\/\/my-french-grocery.com\/fr\/#website","url":"https:\/\/my-french-grocery.com\/fr\/","name":"My French Grocery","description":"Your Online French Grocery  !","publisher":{"@id":"https:\/\/my-french-grocery.com\/fr\/#organization"},"potentialAction":[{"@type":"SearchAction","target":{"@type":"EntryPoint","urlTemplate":"https:\/\/my-french-grocery.com\/fr\/?s={search_term_string}"},"query-input":{"@type":"PropertyValueSpecification","valueRequired":true,"valueName":"search_term_string"}}],"inLanguage":"fr-FR"},{"@type":"Organization","@id":"https:\/\/my-french-grocery.com\/fr\/#organization","name":"MY FRENCH GROCERY","url":"https:\/\/my-french-grocery.com\/fr\/","logo":{"@type":"ImageObject","inLanguage":"fr-FR","@id":"https:\/\/my-french-grocery.com\/fr\/#\/schema\/logo\/image\/","url":"https:\/\/my-french-grocery.com\/wp-content\/uploads\/2021\/11\/My-French-Grocery-Online-French-Grocery.png","contentUrl":"https:\/\/my-french-grocery.com\/wp-content\/uploads\/2021\/11\/My-French-Grocery-Online-French-Grocery.png","width":100,"height":100,"caption":"MY FRENCH GROCERY"},"image":{"@id":"https:\/\/my-french-grocery.com\/fr\/#\/schema\/logo\/image\/"},"sameAs":["https:\/\/www.facebook.com\/myfrenchgrocery\/"]}]}},"brands":[{"id":592,"name":"D'Aucy","slug":"daucy-fr"}],"_links":{"self":[{"href":"https:\/\/my-french-grocery.com\/fr\/wp-json\/wp\/v2\/product\/16978","targetHints":{"allow":["GET"]}}],"collection":[{"href":"https:\/\/my-french-grocery.com\/fr\/wp-json\/wp\/v2\/product"}],"about":[{"href":"https:\/\/my-french-grocery.com\/fr\/wp-json\/wp\/v2\/types\/product"}],"replies":[{"embeddable":true,"href":"https:\/\/my-french-grocery.com\/fr\/wp-json\/wp\/v2\/comments?post=16978"}],"wp:featuredmedia":[{"embeddable":true,"href":"https:\/\/my-french-grocery.com\/fr\/wp-json\/wp\/v2\/media\/16981"}],"wp:attachment":[{"href":"https:\/\/my-french-grocery.com\/fr\/wp-json\/wp\/v2\/media?parent=16978"}],"wp:term":[{"taxonomy":"pwb-brand","embeddable":true,"href":"https:\/\/my-french-grocery.com\/fr\/wp-json\/wp\/v2\/pwb-brand?post=16978"},{"taxonomy":"product_brand","embeddable":true,"href":"https:\/\/my-french-grocery.com\/fr\/wp-json\/wp\/v2\/product_brand?post=16978"},{"taxonomy":"product_cat","embeddable":true,"href":"https:\/\/my-french-grocery.com\/fr\/wp-json\/wp\/v2\/product_cat?post=16978"},{"taxonomy":"product_tag","embeddable":true,"href":"https:\/\/my-french-grocery.com\/fr\/wp-json\/wp\/v2\/product_tag?post=16978"}],"curies":[{"name":"wp","href":"https:\/\/api.w.org\/{rel}","templated":true}]}}