{"id":17243,"date":"2021-06-16T16:58:57","date_gmt":"2021-06-16T14:58:57","guid":{"rendered":"https:\/\/my-french-grocery.com\/?post_type=product&#038;p=17243"},"modified":"2021-06-16T17:05:07","modified_gmt":"2021-06-16T15:05:07","slug":"apres-shampoing-hair-food-pasteque-fructis-garnier","status":"publish","type":"product","link":"https:\/\/my-french-grocery.com\/fr\/produit\/apres-shampoing-hair-food-pasteque-fructis-garnier\/","title":{"rendered":"Apr\u00e8s-shampoing Hair Food Past\u00e8que Fructis Garnier"},"content":{"rendered":"<p>Apr\u00e8s-shampoing Hair Food Past\u00e8que Fructis Garnier<\/p>\n<p>flacon de 350ml<\/p>\n<div class=\"secondary-details__description\">\n<div class=\"secondary-details-intro\">\n<div class=\"regulated-name\">\n<div class=\"secondary-details-intro\">\n<div class=\"regulated-name\">\n<p class=\"paragraph\">Garnier Fructis Hair Food D\u00e9m\u00ealant nourrissant \u00e0 la Past\u00e8que pour cheveux secs<\/p>\n<\/div>\n<\/div>\n<\/div>\n<\/div>\n<div class=\"secondary-details__description\">Fructis cr\u00e9e son 1er d\u00e9m\u00ealant vegan \u00e0 98% d&rsquo;ingr\u00e9dients d&rsquo;origine naturelle : Hair Food. Sa texture riche p\u00e9n\u00e8tre instantan\u00e9ment et se rince facilement pour nourrir et d\u00e9m\u00ealer rapidement. Pour des cheveux nourris en profondeur et en pleine sant\u00e9. Des cheveux nourris en profondeur, d\u00e9m\u00eal\u00e9s et en pleine sant\u00e9.<\/div>\n<\/div>\n","protected":false},"excerpt":{"rendered":"<p>Apr\u00e8s-shampoing Hair Food Past\u00e8que Fructis Garnier<\/p>\n<p>flacon de 350ml<\/p>\n","protected":false},"featured_media":17246,"comment_status":"open","ping_status":"closed","template":"","meta":[],"pwb-brand":[631],"product_brand":[],"product_cat":[2126,454],"product_tag":[1427],"class_list":{"0":"post-17243","1":"product","2":"type-product","3":"status-publish","4":"has-post-thumbnail","6":"pwb-brand-garnier-fr","7":"product_cat-apres-shampooing-fr","8":"product_cat-shampoing-apres-shampoing","9":"product_tag-shampoing","10":"product_shipping_class-expedition-dans-le-monde-entier","12":"first","13":"instock","14":"taxable","15":"shipping-taxable","16":"purchasable","17":"product-type-simple"},"yoast_head":"<!-- This site is optimized with the Yoast SEO plugin v27.4 - https:\/\/yoast.com\/product\/yoast-seo-wordpress\/ -->\n<title>Apr\u00e8s-shampoing Hair Food Past\u00e8que Fructis Garnier | Acheter En Ligne | My French Grocery<\/title>\n<meta name=\"description\" content=\"Apr\u00e8s-shampoing Hair Food Past\u00e8que Fructis Garnier - flacon de 350ml - Garnier Fructis Hair Food D\u00e9m\u00ealant nourrissant \u00e0 la Past\u00e8que pour cheveux secs\" \/>\n<meta name=\"robots\" content=\"index, follow, max-snippet:-1, max-image-preview:large, max-video-preview:-1\" \/>\n<link rel=\"canonical\" href=\"https:\/\/my-french-grocery.com\/fr\/produit\/apres-shampoing-hair-food-pasteque-fructis-garnier\/\" \/>\n<meta property=\"og:locale\" content=\"fr_FR\" \/>\n<meta property=\"og:type\" content=\"article\" \/>\n<meta property=\"og:title\" content=\"Apr\u00e8s-shampoing Hair Food Past\u00e8que Fructis Garnier | Acheter En Ligne | My French Grocery\" \/>\n<meta property=\"og:description\" content=\"Apr\u00e8s-shampoing Hair Food Past\u00e8que Fructis Garnier - flacon de 350ml - Garnier Fructis Hair Food D\u00e9m\u00ealant nourrissant \u00e0 la Past\u00e8que pour cheveux secs\" \/>\n<meta property=\"og:url\" content=\"https:\/\/my-french-grocery.com\/fr\/produit\/apres-shampoing-hair-food-pasteque-fructis-garnier\/\" \/>\n<meta property=\"og:site_name\" content=\"My French Grocery\" \/>\n<meta property=\"article:publisher\" content=\"https:\/\/www.facebook.com\/myfrenchgrocery\/\" \/>\n<meta property=\"article:modified_time\" content=\"2021-06-16T15:05:07+00:00\" \/>\n<meta property=\"og:image\" content=\"https:\/\/my-french-grocery.com\/wp-content\/uploads\/2021\/06\/CONDITIONER-FRUCTIS-WATERMELON.jpg\" \/>\n\t<meta property=\"og:image:width\" content=\"1500\" \/>\n\t<meta property=\"og:image:height\" content=\"1500\" \/>\n\t<meta property=\"og:image:type\" content=\"image\/jpeg\" \/>\n<meta name=\"twitter:card\" content=\"summary_large_image\" \/>\n<script type=\"application\/ld+json\" class=\"yoast-schema-graph\">{\"@context\":\"https:\\\/\\\/schema.org\",\"@graph\":[{\"@type\":\"WebPage\",\"@id\":\"https:\\\/\\\/my-french-grocery.com\\\/fr\\\/produit\\\/apres-shampoing-hair-food-pasteque-fructis-garnier\\\/\",\"url\":\"https:\\\/\\\/my-french-grocery.com\\\/fr\\\/produit\\\/apres-shampoing-hair-food-pasteque-fructis-garnier\\\/\",\"name\":\"Apr\u00e8s-shampoing Hair Food Past\u00e8que Fructis Garnier | Acheter En Ligne | My French Grocery\",\"isPartOf\":{\"@id\":\"https:\\\/\\\/my-french-grocery.com\\\/fr\\\/#website\"},\"primaryImageOfPage\":{\"@id\":\"https:\\\/\\\/my-french-grocery.com\\\/fr\\\/produit\\\/apres-shampoing-hair-food-pasteque-fructis-garnier\\\/#primaryimage\"},\"image\":{\"@id\":\"https:\\\/\\\/my-french-grocery.com\\\/fr\\\/produit\\\/apres-shampoing-hair-food-pasteque-fructis-garnier\\\/#primaryimage\"},\"thumbnailUrl\":\"https:\\\/\\\/my-french-grocery.com\\\/wp-content\\\/uploads\\\/2021\\\/06\\\/CONDITIONER-FRUCTIS-WATERMELON.jpg\",\"datePublished\":\"2021-06-16T14:58:57+00:00\",\"dateModified\":\"2021-06-16T15:05:07+00:00\",\"description\":\"Apr\u00e8s-shampoing Hair Food Past\u00e8que Fructis Garnier - flacon de 350ml - Garnier Fructis Hair Food D\u00e9m\u00ealant nourrissant \u00e0 la Past\u00e8que pour cheveux secs\",\"breadcrumb\":{\"@id\":\"https:\\\/\\\/my-french-grocery.com\\\/fr\\\/produit\\\/apres-shampoing-hair-food-pasteque-fructis-garnier\\\/#breadcrumb\"},\"inLanguage\":\"fr-FR\",\"potentialAction\":[{\"@type\":\"ReadAction\",\"target\":[\"https:\\\/\\\/my-french-grocery.com\\\/fr\\\/produit\\\/apres-shampoing-hair-food-pasteque-fructis-garnier\\\/\"]}]},{\"@type\":\"ImageObject\",\"inLanguage\":\"fr-FR\",\"@id\":\"https:\\\/\\\/my-french-grocery.com\\\/fr\\\/produit\\\/apres-shampoing-hair-food-pasteque-fructis-garnier\\\/#primaryimage\",\"url\":\"https:\\\/\\\/my-french-grocery.com\\\/wp-content\\\/uploads\\\/2021\\\/06\\\/CONDITIONER-FRUCTIS-WATERMELON.jpg\",\"contentUrl\":\"https:\\\/\\\/my-french-grocery.com\\\/wp-content\\\/uploads\\\/2021\\\/06\\\/CONDITIONER-FRUCTIS-WATERMELON.jpg\",\"width\":1500,\"height\":1500,\"caption\":\"Apr\u00e8s-shampoing Hair Food Past\u00e8que Fructis Garnier\"},{\"@type\":\"BreadcrumbList\",\"@id\":\"https:\\\/\\\/my-french-grocery.com\\\/fr\\\/produit\\\/apres-shampoing-hair-food-pasteque-fructis-garnier\\\/#breadcrumb\",\"itemListElement\":[{\"@type\":\"ListItem\",\"position\":1,\"name\":\"Home\",\"item\":\"https:\\\/\\\/my-french-grocery.com\\\/fr\\\/\"},{\"@type\":\"ListItem\",\"position\":2,\"name\":\"Shop\",\"item\":\"https:\\\/\\\/my-french-grocery.com\\\/shop\\\/\"},{\"@type\":\"ListItem\",\"position\":3,\"name\":\"Cosm\u00e9tiques\",\"item\":\"https:\\\/\\\/my-french-grocery.com\\\/fr\\\/categorie-produit\\\/cosmetiques\\\/\"},{\"@type\":\"ListItem\",\"position\":4,\"name\":\"Shampoing, Apr\u00e8s-Shampoing, Soin Des Cheveux\",\"item\":\"https:\\\/\\\/my-french-grocery.com\\\/fr\\\/categorie-produit\\\/cosmetiques\\\/shampoing-apres-shampoing\\\/\"},{\"@type\":\"ListItem\",\"position\":5,\"name\":\"Apr\u00e8s-shampoing Hair Food Past\u00e8que Fructis Garnier\"}]},{\"@type\":\"WebSite\",\"@id\":\"https:\\\/\\\/my-french-grocery.com\\\/fr\\\/#website\",\"url\":\"https:\\\/\\\/my-french-grocery.com\\\/fr\\\/\",\"name\":\"My French Grocery\",\"description\":\"Your Online French Grocery  !\",\"publisher\":{\"@id\":\"https:\\\/\\\/my-french-grocery.com\\\/fr\\\/#organization\"},\"potentialAction\":[{\"@type\":\"SearchAction\",\"target\":{\"@type\":\"EntryPoint\",\"urlTemplate\":\"https:\\\/\\\/my-french-grocery.com\\\/fr\\\/?s={search_term_string}\"},\"query-input\":{\"@type\":\"PropertyValueSpecification\",\"valueRequired\":true,\"valueName\":\"search_term_string\"}}],\"inLanguage\":\"fr-FR\"},{\"@type\":\"Organization\",\"@id\":\"https:\\\/\\\/my-french-grocery.com\\\/fr\\\/#organization\",\"name\":\"MY FRENCH GROCERY\",\"url\":\"https:\\\/\\\/my-french-grocery.com\\\/fr\\\/\",\"logo\":{\"@type\":\"ImageObject\",\"inLanguage\":\"fr-FR\",\"@id\":\"https:\\\/\\\/my-french-grocery.com\\\/fr\\\/#\\\/schema\\\/logo\\\/image\\\/\",\"url\":\"https:\\\/\\\/my-french-grocery.com\\\/wp-content\\\/uploads\\\/2021\\\/11\\\/My-French-Grocery-Online-French-Grocery.png\",\"contentUrl\":\"https:\\\/\\\/my-french-grocery.com\\\/wp-content\\\/uploads\\\/2021\\\/11\\\/My-French-Grocery-Online-French-Grocery.png\",\"width\":100,\"height\":100,\"caption\":\"MY FRENCH GROCERY\"},\"image\":{\"@id\":\"https:\\\/\\\/my-french-grocery.com\\\/fr\\\/#\\\/schema\\\/logo\\\/image\\\/\"},\"sameAs\":[\"https:\\\/\\\/www.facebook.com\\\/myfrenchgrocery\\\/\"]}]}<\/script>\n<!-- \/ Yoast SEO plugin. -->","yoast_head_json":{"title":"Apr\u00e8s-shampoing Hair Food Past\u00e8que Fructis Garnier | Acheter En Ligne | My French Grocery","description":"Apr\u00e8s-shampoing Hair Food Past\u00e8que Fructis Garnier - flacon de 350ml - Garnier Fructis Hair Food D\u00e9m\u00ealant nourrissant \u00e0 la Past\u00e8que pour cheveux secs","robots":{"index":"index","follow":"follow","max-snippet":"max-snippet:-1","max-image-preview":"max-image-preview:large","max-video-preview":"max-video-preview:-1"},"canonical":"https:\/\/my-french-grocery.com\/fr\/produit\/apres-shampoing-hair-food-pasteque-fructis-garnier\/","og_locale":"fr_FR","og_type":"article","og_title":"Apr\u00e8s-shampoing Hair Food Past\u00e8que Fructis Garnier | Acheter En Ligne | My French Grocery","og_description":"Apr\u00e8s-shampoing Hair Food Past\u00e8que Fructis Garnier - flacon de 350ml - Garnier Fructis Hair Food D\u00e9m\u00ealant nourrissant \u00e0 la Past\u00e8que pour cheveux secs","og_url":"https:\/\/my-french-grocery.com\/fr\/produit\/apres-shampoing-hair-food-pasteque-fructis-garnier\/","og_site_name":"My French Grocery","article_publisher":"https:\/\/www.facebook.com\/myfrenchgrocery\/","article_modified_time":"2021-06-16T15:05:07+00:00","og_image":[{"width":1500,"height":1500,"url":"https:\/\/my-french-grocery.com\/wp-content\/uploads\/2021\/06\/CONDITIONER-FRUCTIS-WATERMELON.jpg","type":"image\/jpeg"}],"twitter_card":"summary_large_image","schema":{"@context":"https:\/\/schema.org","@graph":[{"@type":"WebPage","@id":"https:\/\/my-french-grocery.com\/fr\/produit\/apres-shampoing-hair-food-pasteque-fructis-garnier\/","url":"https:\/\/my-french-grocery.com\/fr\/produit\/apres-shampoing-hair-food-pasteque-fructis-garnier\/","name":"Apr\u00e8s-shampoing Hair Food Past\u00e8que Fructis Garnier | Acheter En Ligne | My French Grocery","isPartOf":{"@id":"https:\/\/my-french-grocery.com\/fr\/#website"},"primaryImageOfPage":{"@id":"https:\/\/my-french-grocery.com\/fr\/produit\/apres-shampoing-hair-food-pasteque-fructis-garnier\/#primaryimage"},"image":{"@id":"https:\/\/my-french-grocery.com\/fr\/produit\/apres-shampoing-hair-food-pasteque-fructis-garnier\/#primaryimage"},"thumbnailUrl":"https:\/\/my-french-grocery.com\/wp-content\/uploads\/2021\/06\/CONDITIONER-FRUCTIS-WATERMELON.jpg","datePublished":"2021-06-16T14:58:57+00:00","dateModified":"2021-06-16T15:05:07+00:00","description":"Apr\u00e8s-shampoing Hair Food Past\u00e8que Fructis Garnier - flacon de 350ml - Garnier Fructis Hair Food D\u00e9m\u00ealant nourrissant \u00e0 la Past\u00e8que pour cheveux secs","breadcrumb":{"@id":"https:\/\/my-french-grocery.com\/fr\/produit\/apres-shampoing-hair-food-pasteque-fructis-garnier\/#breadcrumb"},"inLanguage":"fr-FR","potentialAction":[{"@type":"ReadAction","target":["https:\/\/my-french-grocery.com\/fr\/produit\/apres-shampoing-hair-food-pasteque-fructis-garnier\/"]}]},{"@type":"ImageObject","inLanguage":"fr-FR","@id":"https:\/\/my-french-grocery.com\/fr\/produit\/apres-shampoing-hair-food-pasteque-fructis-garnier\/#primaryimage","url":"https:\/\/my-french-grocery.com\/wp-content\/uploads\/2021\/06\/CONDITIONER-FRUCTIS-WATERMELON.jpg","contentUrl":"https:\/\/my-french-grocery.com\/wp-content\/uploads\/2021\/06\/CONDITIONER-FRUCTIS-WATERMELON.jpg","width":1500,"height":1500,"caption":"Apr\u00e8s-shampoing Hair Food Past\u00e8que Fructis Garnier"},{"@type":"BreadcrumbList","@id":"https:\/\/my-french-grocery.com\/fr\/produit\/apres-shampoing-hair-food-pasteque-fructis-garnier\/#breadcrumb","itemListElement":[{"@type":"ListItem","position":1,"name":"Home","item":"https:\/\/my-french-grocery.com\/fr\/"},{"@type":"ListItem","position":2,"name":"Shop","item":"https:\/\/my-french-grocery.com\/shop\/"},{"@type":"ListItem","position":3,"name":"Cosm\u00e9tiques","item":"https:\/\/my-french-grocery.com\/fr\/categorie-produit\/cosmetiques\/"},{"@type":"ListItem","position":4,"name":"Shampoing, Apr\u00e8s-Shampoing, Soin Des Cheveux","item":"https:\/\/my-french-grocery.com\/fr\/categorie-produit\/cosmetiques\/shampoing-apres-shampoing\/"},{"@type":"ListItem","position":5,"name":"Apr\u00e8s-shampoing Hair Food Past\u00e8que Fructis Garnier"}]},{"@type":"WebSite","@id":"https:\/\/my-french-grocery.com\/fr\/#website","url":"https:\/\/my-french-grocery.com\/fr\/","name":"My French Grocery","description":"Your Online French Grocery  !","publisher":{"@id":"https:\/\/my-french-grocery.com\/fr\/#organization"},"potentialAction":[{"@type":"SearchAction","target":{"@type":"EntryPoint","urlTemplate":"https:\/\/my-french-grocery.com\/fr\/?s={search_term_string}"},"query-input":{"@type":"PropertyValueSpecification","valueRequired":true,"valueName":"search_term_string"}}],"inLanguage":"fr-FR"},{"@type":"Organization","@id":"https:\/\/my-french-grocery.com\/fr\/#organization","name":"MY FRENCH GROCERY","url":"https:\/\/my-french-grocery.com\/fr\/","logo":{"@type":"ImageObject","inLanguage":"fr-FR","@id":"https:\/\/my-french-grocery.com\/fr\/#\/schema\/logo\/image\/","url":"https:\/\/my-french-grocery.com\/wp-content\/uploads\/2021\/11\/My-French-Grocery-Online-French-Grocery.png","contentUrl":"https:\/\/my-french-grocery.com\/wp-content\/uploads\/2021\/11\/My-French-Grocery-Online-French-Grocery.png","width":100,"height":100,"caption":"MY FRENCH GROCERY"},"image":{"@id":"https:\/\/my-french-grocery.com\/fr\/#\/schema\/logo\/image\/"},"sameAs":["https:\/\/www.facebook.com\/myfrenchgrocery\/"]}]}},"brands":[{"id":631,"name":"Garnier","slug":"garnier-fr"}],"_links":{"self":[{"href":"https:\/\/my-french-grocery.com\/fr\/wp-json\/wp\/v2\/product\/17243","targetHints":{"allow":["GET"]}}],"collection":[{"href":"https:\/\/my-french-grocery.com\/fr\/wp-json\/wp\/v2\/product"}],"about":[{"href":"https:\/\/my-french-grocery.com\/fr\/wp-json\/wp\/v2\/types\/product"}],"replies":[{"embeddable":true,"href":"https:\/\/my-french-grocery.com\/fr\/wp-json\/wp\/v2\/comments?post=17243"}],"wp:featuredmedia":[{"embeddable":true,"href":"https:\/\/my-french-grocery.com\/fr\/wp-json\/wp\/v2\/media\/17246"}],"wp:attachment":[{"href":"https:\/\/my-french-grocery.com\/fr\/wp-json\/wp\/v2\/media?parent=17243"}],"wp:term":[{"taxonomy":"pwb-brand","embeddable":true,"href":"https:\/\/my-french-grocery.com\/fr\/wp-json\/wp\/v2\/pwb-brand?post=17243"},{"taxonomy":"product_brand","embeddable":true,"href":"https:\/\/my-french-grocery.com\/fr\/wp-json\/wp\/v2\/product_brand?post=17243"},{"taxonomy":"product_cat","embeddable":true,"href":"https:\/\/my-french-grocery.com\/fr\/wp-json\/wp\/v2\/product_cat?post=17243"},{"taxonomy":"product_tag","embeddable":true,"href":"https:\/\/my-french-grocery.com\/fr\/wp-json\/wp\/v2\/product_tag?post=17243"}],"curies":[{"name":"wp","href":"https:\/\/api.w.org\/{rel}","templated":true}]}}