{"id":17255,"date":"2021-06-19T09:24:46","date_gmt":"2021-06-19T07:24:46","guid":{"rendered":"https:\/\/my-french-grocery.com\/?post_type=product&#038;p=17255"},"modified":"2021-06-19T09:32:23","modified_gmt":"2021-06-19T07:32:23","slug":"cereales-chocolat-noir-nestle-fitness","status":"publish","type":"product","link":"https:\/\/my-french-grocery.com\/fr\/produit\/cereales-chocolat-noir-nestle-fitness\/","title":{"rendered":"C\u00e9r\u00e9ales Chocolat Noir Nestl\u00e9 Fitness"},"content":{"rendered":"<p>C\u00e9r\u00e9ales Chocolat Noir Nestl\u00e9 Fitness<\/p>\n<p>boite de 375g<\/p>\n<p>P\u00e9tales de bl\u00e9 complet, de riz et d&rsquo;avoine compl\u00e8te avec 36% de p\u00e9tales enrob\u00e9s de chocolat noir, enrichis en vitamines (B3, B5, B6, B2, B9), calcium et en fer<\/p>\n<p>Vos c\u00e9r\u00e9ales Fitness ont \u00e9t\u00e9 \u00e9labor\u00e9es \u00e0 partir de d\u00e9licieux ingr\u00e9dients s\u00e9lectionn\u00e9s avec soin, du bl\u00e9 100% complet, des flocons d\u2019avoine compl\u00e8te et de d\u00e9licieuses p\u00e9tales au chocolat noir ! Source de fibres, elles contiennent \u00e9galement des vitamines B, pour de l\u2019\u00e9nergie nutritive<\/p>\n","protected":false},"excerpt":{"rendered":"<p>C\u00e9r\u00e9ales Chocolat Noir Nestl\u00e9 Fitness<\/p>\n<p>boite de 375g<\/p>\n","protected":false},"featured_media":21284,"comment_status":"open","ping_status":"closed","template":"","meta":[],"pwb-brand":[],"product_brand":[],"product_cat":[1031],"product_tag":[2130],"class_list":{"0":"post-17255","1":"product","2":"type-product","3":"status-publish","4":"has-post-thumbnail","6":"product_cat-cereales-brioches-viennoiseries","7":"product_tag-fitness-fr","8":"product_shipping_class-expedition-dans-le-monde-entier","10":"first","11":"instock","12":"taxable","13":"shipping-taxable","14":"purchasable","15":"product-type-simple"},"yoast_head":"<!-- This site is optimized with the Yoast SEO plugin v27.3 - https:\/\/yoast.com\/product\/yoast-seo-wordpress\/ -->\n<title>C\u00e9r\u00e9ales Chocolat Noir Nestl\u00e9 Fitness | Acheter En Ligne | My French Grocery<\/title>\n<meta name=\"description\" content=\"C\u00e9r\u00e9ales Chocolat Noir Nestl\u00e9 Fitness - boite de 375g - P\u00e9tales de bl\u00e9 complet, de riz et d&#039;avoine compl\u00e8te avec 36% de p\u00e9tales enrob\u00e9s de chocolat noir, enrichis en vitamines (B3, B5, B6, B2, B9), calcium et en fer\" \/>\n<meta name=\"robots\" content=\"index, follow, max-snippet:-1, max-image-preview:large, max-video-preview:-1\" \/>\n<link rel=\"canonical\" href=\"https:\/\/my-french-grocery.com\/fr\/produit\/cereales-chocolat-noir-nestle-fitness\/\" \/>\n<meta property=\"og:locale\" content=\"fr_FR\" \/>\n<meta property=\"og:type\" content=\"article\" \/>\n<meta property=\"og:title\" content=\"C\u00e9r\u00e9ales Chocolat Noir Nestl\u00e9 Fitness | Acheter En Ligne | My French Grocery\" \/>\n<meta property=\"og:description\" content=\"C\u00e9r\u00e9ales Chocolat Noir Nestl\u00e9 Fitness - boite de 375g - P\u00e9tales de bl\u00e9 complet, de riz et d&#039;avoine compl\u00e8te avec 36% de p\u00e9tales enrob\u00e9s de chocolat noir, enrichis en vitamines (B3, B5, B6, B2, B9), calcium et en fer\" \/>\n<meta property=\"og:url\" content=\"https:\/\/my-french-grocery.com\/fr\/produit\/cereales-chocolat-noir-nestle-fitness\/\" \/>\n<meta property=\"og:site_name\" content=\"My French Grocery\" \/>\n<meta property=\"article:publisher\" content=\"https:\/\/www.facebook.com\/myfrenchgrocery\/\" \/>\n<meta property=\"article:modified_time\" content=\"2021-06-19T07:32:23+00:00\" \/>\n<meta property=\"og:image\" content=\"https:\/\/my-french-grocery.com\/wp-content\/uploads\/2021\/06\/NESTLE-FITNESS-DARK-CHOCOLATE.jpg\" \/>\n\t<meta property=\"og:image:width\" content=\"500\" \/>\n\t<meta property=\"og:image:height\" content=\"500\" \/>\n\t<meta property=\"og:image:type\" content=\"image\/jpeg\" \/>\n<meta name=\"twitter:card\" content=\"summary_large_image\" \/>\n<script type=\"application\/ld+json\" class=\"yoast-schema-graph\">{\"@context\":\"https:\\\/\\\/schema.org\",\"@graph\":[{\"@type\":\"WebPage\",\"@id\":\"https:\\\/\\\/my-french-grocery.com\\\/fr\\\/produit\\\/cereales-chocolat-noir-nestle-fitness\\\/\",\"url\":\"https:\\\/\\\/my-french-grocery.com\\\/fr\\\/produit\\\/cereales-chocolat-noir-nestle-fitness\\\/\",\"name\":\"C\u00e9r\u00e9ales Chocolat Noir Nestl\u00e9 Fitness | Acheter En Ligne | My French Grocery\",\"isPartOf\":{\"@id\":\"https:\\\/\\\/my-french-grocery.com\\\/fr\\\/#website\"},\"primaryImageOfPage\":{\"@id\":\"https:\\\/\\\/my-french-grocery.com\\\/fr\\\/produit\\\/cereales-chocolat-noir-nestle-fitness\\\/#primaryimage\"},\"image\":{\"@id\":\"https:\\\/\\\/my-french-grocery.com\\\/fr\\\/produit\\\/cereales-chocolat-noir-nestle-fitness\\\/#primaryimage\"},\"thumbnailUrl\":\"https:\\\/\\\/my-french-grocery.com\\\/wp-content\\\/uploads\\\/2021\\\/06\\\/Fitness-Dark-Chocolate.jpg\",\"datePublished\":\"2021-06-19T07:24:46+00:00\",\"dateModified\":\"2021-06-19T07:32:23+00:00\",\"description\":\"C\u00e9r\u00e9ales Chocolat Noir Nestl\u00e9 Fitness - boite de 375g - P\u00e9tales de bl\u00e9 complet, de riz et d'avoine compl\u00e8te avec 36% de p\u00e9tales enrob\u00e9s de chocolat noir, enrichis en vitamines (B3, B5, B6, B2, B9), calcium et en fer\",\"breadcrumb\":{\"@id\":\"https:\\\/\\\/my-french-grocery.com\\\/fr\\\/produit\\\/cereales-chocolat-noir-nestle-fitness\\\/#breadcrumb\"},\"inLanguage\":\"fr-FR\",\"potentialAction\":[{\"@type\":\"ReadAction\",\"target\":[\"https:\\\/\\\/my-french-grocery.com\\\/fr\\\/produit\\\/cereales-chocolat-noir-nestle-fitness\\\/\"]}]},{\"@type\":\"ImageObject\",\"inLanguage\":\"fr-FR\",\"@id\":\"https:\\\/\\\/my-french-grocery.com\\\/fr\\\/produit\\\/cereales-chocolat-noir-nestle-fitness\\\/#primaryimage\",\"url\":\"https:\\\/\\\/my-french-grocery.com\\\/wp-content\\\/uploads\\\/2021\\\/06\\\/Fitness-Dark-Chocolate.jpg\",\"contentUrl\":\"https:\\\/\\\/my-french-grocery.com\\\/wp-content\\\/uploads\\\/2021\\\/06\\\/Fitness-Dark-Chocolate.jpg\",\"width\":866,\"height\":750},{\"@type\":\"BreadcrumbList\",\"@id\":\"https:\\\/\\\/my-french-grocery.com\\\/fr\\\/produit\\\/cereales-chocolat-noir-nestle-fitness\\\/#breadcrumb\",\"itemListElement\":[{\"@type\":\"ListItem\",\"position\":1,\"name\":\"Home\",\"item\":\"https:\\\/\\\/my-french-grocery.com\\\/fr\\\/\"},{\"@type\":\"ListItem\",\"position\":2,\"name\":\"Shop\",\"item\":\"https:\\\/\\\/my-french-grocery.com\\\/shop\\\/\"},{\"@type\":\"ListItem\",\"position\":3,\"name\":\"Alimentation\",\"item\":\"https:\\\/\\\/my-french-grocery.com\\\/fr\\\/categorie-produit\\\/alimentation\\\/\"},{\"@type\":\"ListItem\",\"position\":4,\"name\":\"C\u00e9r\u00e9ales, Brioches &amp; Viennoiseries\",\"item\":\"https:\\\/\\\/my-french-grocery.com\\\/fr\\\/categorie-produit\\\/alimentation\\\/cereales-brioches-viennoiseries\\\/\"},{\"@type\":\"ListItem\",\"position\":5,\"name\":\"C\u00e9r\u00e9ales Chocolat Noir Nestl\u00e9 Fitness\"}]},{\"@type\":\"WebSite\",\"@id\":\"https:\\\/\\\/my-french-grocery.com\\\/fr\\\/#website\",\"url\":\"https:\\\/\\\/my-french-grocery.com\\\/fr\\\/\",\"name\":\"My French Grocery\",\"description\":\"Your Online French Grocery  !\",\"publisher\":{\"@id\":\"https:\\\/\\\/my-french-grocery.com\\\/fr\\\/#organization\"},\"potentialAction\":[{\"@type\":\"SearchAction\",\"target\":{\"@type\":\"EntryPoint\",\"urlTemplate\":\"https:\\\/\\\/my-french-grocery.com\\\/fr\\\/?s={search_term_string}\"},\"query-input\":{\"@type\":\"PropertyValueSpecification\",\"valueRequired\":true,\"valueName\":\"search_term_string\"}}],\"inLanguage\":\"fr-FR\"},{\"@type\":\"Organization\",\"@id\":\"https:\\\/\\\/my-french-grocery.com\\\/fr\\\/#organization\",\"name\":\"MY FRENCH GROCERY\",\"url\":\"https:\\\/\\\/my-french-grocery.com\\\/fr\\\/\",\"logo\":{\"@type\":\"ImageObject\",\"inLanguage\":\"fr-FR\",\"@id\":\"https:\\\/\\\/my-french-grocery.com\\\/fr\\\/#\\\/schema\\\/logo\\\/image\\\/\",\"url\":\"https:\\\/\\\/my-french-grocery.com\\\/wp-content\\\/uploads\\\/2021\\\/11\\\/My-French-Grocery-Online-French-Grocery.png\",\"contentUrl\":\"https:\\\/\\\/my-french-grocery.com\\\/wp-content\\\/uploads\\\/2021\\\/11\\\/My-French-Grocery-Online-French-Grocery.png\",\"width\":100,\"height\":100,\"caption\":\"MY FRENCH GROCERY\"},\"image\":{\"@id\":\"https:\\\/\\\/my-french-grocery.com\\\/fr\\\/#\\\/schema\\\/logo\\\/image\\\/\"},\"sameAs\":[\"https:\\\/\\\/www.facebook.com\\\/myfrenchgrocery\\\/\"]}]}<\/script>\n<!-- \/ Yoast SEO plugin. -->","yoast_head_json":{"title":"C\u00e9r\u00e9ales Chocolat Noir Nestl\u00e9 Fitness | Acheter En Ligne | My French Grocery","description":"C\u00e9r\u00e9ales Chocolat Noir Nestl\u00e9 Fitness - boite de 375g - P\u00e9tales de bl\u00e9 complet, de riz et d'avoine compl\u00e8te avec 36% de p\u00e9tales enrob\u00e9s de chocolat noir, enrichis en vitamines (B3, B5, B6, B2, B9), calcium et en fer","robots":{"index":"index","follow":"follow","max-snippet":"max-snippet:-1","max-image-preview":"max-image-preview:large","max-video-preview":"max-video-preview:-1"},"canonical":"https:\/\/my-french-grocery.com\/fr\/produit\/cereales-chocolat-noir-nestle-fitness\/","og_locale":"fr_FR","og_type":"article","og_title":"C\u00e9r\u00e9ales Chocolat Noir Nestl\u00e9 Fitness | Acheter En Ligne | My French Grocery","og_description":"C\u00e9r\u00e9ales Chocolat Noir Nestl\u00e9 Fitness - boite de 375g - P\u00e9tales de bl\u00e9 complet, de riz et d'avoine compl\u00e8te avec 36% de p\u00e9tales enrob\u00e9s de chocolat noir, enrichis en vitamines (B3, B5, B6, B2, B9), calcium et en fer","og_url":"https:\/\/my-french-grocery.com\/fr\/produit\/cereales-chocolat-noir-nestle-fitness\/","og_site_name":"My French Grocery","article_publisher":"https:\/\/www.facebook.com\/myfrenchgrocery\/","article_modified_time":"2021-06-19T07:32:23+00:00","og_image":[{"width":500,"height":500,"url":"https:\/\/my-french-grocery.com\/wp-content\/uploads\/2021\/06\/NESTLE-FITNESS-DARK-CHOCOLATE.jpg","type":"image\/jpeg"}],"twitter_card":"summary_large_image","schema":{"@context":"https:\/\/schema.org","@graph":[{"@type":"WebPage","@id":"https:\/\/my-french-grocery.com\/fr\/produit\/cereales-chocolat-noir-nestle-fitness\/","url":"https:\/\/my-french-grocery.com\/fr\/produit\/cereales-chocolat-noir-nestle-fitness\/","name":"C\u00e9r\u00e9ales Chocolat Noir Nestl\u00e9 Fitness | Acheter En Ligne | My French Grocery","isPartOf":{"@id":"https:\/\/my-french-grocery.com\/fr\/#website"},"primaryImageOfPage":{"@id":"https:\/\/my-french-grocery.com\/fr\/produit\/cereales-chocolat-noir-nestle-fitness\/#primaryimage"},"image":{"@id":"https:\/\/my-french-grocery.com\/fr\/produit\/cereales-chocolat-noir-nestle-fitness\/#primaryimage"},"thumbnailUrl":"https:\/\/my-french-grocery.com\/wp-content\/uploads\/2021\/06\/Fitness-Dark-Chocolate.jpg","datePublished":"2021-06-19T07:24:46+00:00","dateModified":"2021-06-19T07:32:23+00:00","description":"C\u00e9r\u00e9ales Chocolat Noir Nestl\u00e9 Fitness - boite de 375g - P\u00e9tales de bl\u00e9 complet, de riz et d'avoine compl\u00e8te avec 36% de p\u00e9tales enrob\u00e9s de chocolat noir, enrichis en vitamines (B3, B5, B6, B2, B9), calcium et en fer","breadcrumb":{"@id":"https:\/\/my-french-grocery.com\/fr\/produit\/cereales-chocolat-noir-nestle-fitness\/#breadcrumb"},"inLanguage":"fr-FR","potentialAction":[{"@type":"ReadAction","target":["https:\/\/my-french-grocery.com\/fr\/produit\/cereales-chocolat-noir-nestle-fitness\/"]}]},{"@type":"ImageObject","inLanguage":"fr-FR","@id":"https:\/\/my-french-grocery.com\/fr\/produit\/cereales-chocolat-noir-nestle-fitness\/#primaryimage","url":"https:\/\/my-french-grocery.com\/wp-content\/uploads\/2021\/06\/Fitness-Dark-Chocolate.jpg","contentUrl":"https:\/\/my-french-grocery.com\/wp-content\/uploads\/2021\/06\/Fitness-Dark-Chocolate.jpg","width":866,"height":750},{"@type":"BreadcrumbList","@id":"https:\/\/my-french-grocery.com\/fr\/produit\/cereales-chocolat-noir-nestle-fitness\/#breadcrumb","itemListElement":[{"@type":"ListItem","position":1,"name":"Home","item":"https:\/\/my-french-grocery.com\/fr\/"},{"@type":"ListItem","position":2,"name":"Shop","item":"https:\/\/my-french-grocery.com\/shop\/"},{"@type":"ListItem","position":3,"name":"Alimentation","item":"https:\/\/my-french-grocery.com\/fr\/categorie-produit\/alimentation\/"},{"@type":"ListItem","position":4,"name":"C\u00e9r\u00e9ales, Brioches &amp; Viennoiseries","item":"https:\/\/my-french-grocery.com\/fr\/categorie-produit\/alimentation\/cereales-brioches-viennoiseries\/"},{"@type":"ListItem","position":5,"name":"C\u00e9r\u00e9ales Chocolat Noir Nestl\u00e9 Fitness"}]},{"@type":"WebSite","@id":"https:\/\/my-french-grocery.com\/fr\/#website","url":"https:\/\/my-french-grocery.com\/fr\/","name":"My French Grocery","description":"Your Online French Grocery  !","publisher":{"@id":"https:\/\/my-french-grocery.com\/fr\/#organization"},"potentialAction":[{"@type":"SearchAction","target":{"@type":"EntryPoint","urlTemplate":"https:\/\/my-french-grocery.com\/fr\/?s={search_term_string}"},"query-input":{"@type":"PropertyValueSpecification","valueRequired":true,"valueName":"search_term_string"}}],"inLanguage":"fr-FR"},{"@type":"Organization","@id":"https:\/\/my-french-grocery.com\/fr\/#organization","name":"MY FRENCH GROCERY","url":"https:\/\/my-french-grocery.com\/fr\/","logo":{"@type":"ImageObject","inLanguage":"fr-FR","@id":"https:\/\/my-french-grocery.com\/fr\/#\/schema\/logo\/image\/","url":"https:\/\/my-french-grocery.com\/wp-content\/uploads\/2021\/11\/My-French-Grocery-Online-French-Grocery.png","contentUrl":"https:\/\/my-french-grocery.com\/wp-content\/uploads\/2021\/11\/My-French-Grocery-Online-French-Grocery.png","width":100,"height":100,"caption":"MY FRENCH GROCERY"},"image":{"@id":"https:\/\/my-french-grocery.com\/fr\/#\/schema\/logo\/image\/"},"sameAs":["https:\/\/www.facebook.com\/myfrenchgrocery\/"]}]}},"brands":[],"_links":{"self":[{"href":"https:\/\/my-french-grocery.com\/fr\/wp-json\/wp\/v2\/product\/17255","targetHints":{"allow":["GET"]}}],"collection":[{"href":"https:\/\/my-french-grocery.com\/fr\/wp-json\/wp\/v2\/product"}],"about":[{"href":"https:\/\/my-french-grocery.com\/fr\/wp-json\/wp\/v2\/types\/product"}],"replies":[{"embeddable":true,"href":"https:\/\/my-french-grocery.com\/fr\/wp-json\/wp\/v2\/comments?post=17255"}],"wp:featuredmedia":[{"embeddable":true,"href":"https:\/\/my-french-grocery.com\/fr\/wp-json\/wp\/v2\/media\/21284"}],"wp:attachment":[{"href":"https:\/\/my-french-grocery.com\/fr\/wp-json\/wp\/v2\/media?parent=17255"}],"wp:term":[{"taxonomy":"pwb-brand","embeddable":true,"href":"https:\/\/my-french-grocery.com\/fr\/wp-json\/wp\/v2\/pwb-brand?post=17255"},{"taxonomy":"product_brand","embeddable":true,"href":"https:\/\/my-french-grocery.com\/fr\/wp-json\/wp\/v2\/product_brand?post=17255"},{"taxonomy":"product_cat","embeddable":true,"href":"https:\/\/my-french-grocery.com\/fr\/wp-json\/wp\/v2\/product_cat?post=17255"},{"taxonomy":"product_tag","embeddable":true,"href":"https:\/\/my-french-grocery.com\/fr\/wp-json\/wp\/v2\/product_tag?post=17255"}],"curies":[{"name":"wp","href":"https:\/\/api.w.org\/{rel}","templated":true}]}}