{"id":17265,"date":"2021-06-19T09:38:45","date_gmt":"2021-06-19T07:38:46","guid":{"rendered":"https:\/\/my-french-grocery.com\/?post_type=product&#038;p=17265"},"modified":"2021-06-19T09:46:49","modified_gmt":"2021-06-19T07:46:49","slug":"lentilles-vertes-vivien-paille-copy","status":"publish","type":"product","link":"https:\/\/my-french-grocery.com\/fr\/produit\/lentilles-vertes-vivien-paille-copy\/","title":{"rendered":"Couscous Grain Moyen Tipiak"},"content":{"rendered":"<p>Couscous Grain Moyen Tipiak<\/p>\n<p>paquet de 1 kg<\/p>\n<div class=\"secondary-details-intro\">\n<div class=\"regulated-name\">\n<p class=\"paragraph\">Semoule roul\u00e9e, pr\u00e9cuite \u00e0 la vapeur<\/p>\n<\/div>\n<\/div>\n<div class=\"secondary-details__description\">La Graine de Couscous Moyenne TIPIAK est fabriqu\u00e9e depuis toujours \u00e0 partir de semoule de bl\u00e9 dur roul\u00e9e, cuite \u00e0 la vapeur, s\u00e9ch\u00e9e puis tamis\u00e9e, pour obtenir une graine \u00e0 la fois moelleuse, l\u00e9g\u00e8re et savoureuse. Facile et rapide \u00e0 pr\u00e9parer, elle accompagne parfaitement viandes, poissons et l\u00e9gumes au quotidien.<\/div>\n","protected":false},"excerpt":{"rendered":"<p>Couscous Grain Moyen Tipiak<\/p>\n<p>paquet de 1 kg<\/p>\n","protected":false},"featured_media":17268,"comment_status":"open","ping_status":"closed","template":"","meta":[],"pwb-brand":[959],"product_brand":[],"product_cat":[1044],"product_tag":[2105],"class_list":{"0":"post-17265","1":"product","2":"type-product","3":"status-publish","4":"has-post-thumbnail","6":"pwb-brand-tipiak-fr","7":"product_cat-pates-riz","8":"product_tag-couscous-fr","9":"product_shipping_class-expedition-dans-le-monde-entier","11":"first","12":"instock","13":"taxable","14":"shipping-taxable","15":"purchasable","16":"product-type-simple"},"yoast_head":"<!-- This site is optimized with the Yoast SEO plugin v27.3 - https:\/\/yoast.com\/product\/yoast-seo-wordpress\/ -->\n<title>Couscous Grain Moyen Tipiak | Acheter En Ligne | My French Grocery<\/title>\n<meta name=\"description\" content=\"Couscous Grain Moyen Tipiak - paquet de 1 kg - Semoule roul\u00e9e, pr\u00e9cuite \u00e0 la vapeur La Graine de Couscous Moyenne TIPIAK est fabriqu\u00e9e depuis toujours \u00e0 partir de semoule de bl\u00e9 dur roul\u00e9e, cuite \u00e0 la vapeur, s\u00e9ch\u00e9e puis tamis\u00e9e\" \/>\n<meta name=\"robots\" content=\"index, follow, max-snippet:-1, max-image-preview:large, max-video-preview:-1\" \/>\n<link rel=\"canonical\" href=\"https:\/\/my-french-grocery.com\/fr\/produit\/lentilles-vertes-vivien-paille-copy\/\" \/>\n<meta property=\"og:locale\" content=\"fr_FR\" \/>\n<meta property=\"og:type\" content=\"article\" \/>\n<meta property=\"og:title\" content=\"Couscous Grain Moyen Tipiak | Acheter En Ligne | My French Grocery\" \/>\n<meta property=\"og:description\" content=\"Couscous Grain Moyen Tipiak - paquet de 1 kg - Semoule roul\u00e9e, pr\u00e9cuite \u00e0 la vapeur La Graine de Couscous Moyenne TIPIAK est fabriqu\u00e9e depuis toujours \u00e0 partir de semoule de bl\u00e9 dur roul\u00e9e, cuite \u00e0 la vapeur, s\u00e9ch\u00e9e puis tamis\u00e9e\" \/>\n<meta property=\"og:url\" content=\"https:\/\/my-french-grocery.com\/fr\/produit\/lentilles-vertes-vivien-paille-copy\/\" \/>\n<meta property=\"og:site_name\" content=\"My French Grocery\" \/>\n<meta property=\"article:publisher\" content=\"https:\/\/www.facebook.com\/myfrenchgrocery\/\" \/>\n<meta property=\"article:modified_time\" content=\"2021-06-19T07:46:49+00:00\" \/>\n<meta property=\"og:image\" content=\"https:\/\/my-french-grocery.com\/wp-content\/uploads\/2021\/06\/COUSCOUS-TIPIAK.jpg\" \/>\n\t<meta property=\"og:image:width\" content=\"1500\" \/>\n\t<meta property=\"og:image:height\" content=\"1500\" \/>\n\t<meta property=\"og:image:type\" content=\"image\/jpeg\" \/>\n<meta name=\"twitter:card\" content=\"summary_large_image\" \/>\n<script type=\"application\/ld+json\" class=\"yoast-schema-graph\">{\"@context\":\"https:\\\/\\\/schema.org\",\"@graph\":[{\"@type\":\"WebPage\",\"@id\":\"https:\\\/\\\/my-french-grocery.com\\\/fr\\\/produit\\\/lentilles-vertes-vivien-paille-copy\\\/\",\"url\":\"https:\\\/\\\/my-french-grocery.com\\\/fr\\\/produit\\\/lentilles-vertes-vivien-paille-copy\\\/\",\"name\":\"Couscous Grain Moyen Tipiak | Acheter En Ligne | My French Grocery\",\"isPartOf\":{\"@id\":\"https:\\\/\\\/my-french-grocery.com\\\/fr\\\/#website\"},\"primaryImageOfPage\":{\"@id\":\"https:\\\/\\\/my-french-grocery.com\\\/fr\\\/produit\\\/lentilles-vertes-vivien-paille-copy\\\/#primaryimage\"},\"image\":{\"@id\":\"https:\\\/\\\/my-french-grocery.com\\\/fr\\\/produit\\\/lentilles-vertes-vivien-paille-copy\\\/#primaryimage\"},\"thumbnailUrl\":\"https:\\\/\\\/my-french-grocery.com\\\/wp-content\\\/uploads\\\/2021\\\/06\\\/COUSCOUS-TIPIAK.jpg\",\"datePublished\":\"2021-06-19T07:38:46+00:00\",\"dateModified\":\"2021-06-19T07:46:49+00:00\",\"description\":\"Couscous Grain Moyen Tipiak - paquet de 1 kg - Semoule roul\u00e9e, pr\u00e9cuite \u00e0 la vapeur La Graine de Couscous Moyenne TIPIAK est fabriqu\u00e9e depuis toujours \u00e0 partir de semoule de bl\u00e9 dur roul\u00e9e, cuite \u00e0 la vapeur, s\u00e9ch\u00e9e puis tamis\u00e9e\",\"breadcrumb\":{\"@id\":\"https:\\\/\\\/my-french-grocery.com\\\/fr\\\/produit\\\/lentilles-vertes-vivien-paille-copy\\\/#breadcrumb\"},\"inLanguage\":\"fr-FR\",\"potentialAction\":[{\"@type\":\"ReadAction\",\"target\":[\"https:\\\/\\\/my-french-grocery.com\\\/fr\\\/produit\\\/lentilles-vertes-vivien-paille-copy\\\/\"]}]},{\"@type\":\"ImageObject\",\"inLanguage\":\"fr-FR\",\"@id\":\"https:\\\/\\\/my-french-grocery.com\\\/fr\\\/produit\\\/lentilles-vertes-vivien-paille-copy\\\/#primaryimage\",\"url\":\"https:\\\/\\\/my-french-grocery.com\\\/wp-content\\\/uploads\\\/2021\\\/06\\\/COUSCOUS-TIPIAK.jpg\",\"contentUrl\":\"https:\\\/\\\/my-french-grocery.com\\\/wp-content\\\/uploads\\\/2021\\\/06\\\/COUSCOUS-TIPIAK.jpg\",\"width\":1500,\"height\":1500,\"caption\":\"Couscous Grain Moyen Tipiak\"},{\"@type\":\"BreadcrumbList\",\"@id\":\"https:\\\/\\\/my-french-grocery.com\\\/fr\\\/produit\\\/lentilles-vertes-vivien-paille-copy\\\/#breadcrumb\",\"itemListElement\":[{\"@type\":\"ListItem\",\"position\":1,\"name\":\"Home\",\"item\":\"https:\\\/\\\/my-french-grocery.com\\\/fr\\\/\"},{\"@type\":\"ListItem\",\"position\":2,\"name\":\"Shop\",\"item\":\"https:\\\/\\\/my-french-grocery.com\\\/shop\\\/\"},{\"@type\":\"ListItem\",\"position\":3,\"name\":\"Alimentation\",\"item\":\"https:\\\/\\\/my-french-grocery.com\\\/fr\\\/categorie-produit\\\/alimentation\\\/\"},{\"@type\":\"ListItem\",\"position\":4,\"name\":\"P\u00e2tes, Riz, Pur\u00e9es, C\u00e9r\u00e9ales\",\"item\":\"https:\\\/\\\/my-french-grocery.com\\\/fr\\\/categorie-produit\\\/alimentation\\\/pates-riz\\\/\"},{\"@type\":\"ListItem\",\"position\":5,\"name\":\"Couscous Grain Moyen Tipiak\"}]},{\"@type\":\"WebSite\",\"@id\":\"https:\\\/\\\/my-french-grocery.com\\\/fr\\\/#website\",\"url\":\"https:\\\/\\\/my-french-grocery.com\\\/fr\\\/\",\"name\":\"My French Grocery\",\"description\":\"Your Online French Grocery  !\",\"publisher\":{\"@id\":\"https:\\\/\\\/my-french-grocery.com\\\/fr\\\/#organization\"},\"potentialAction\":[{\"@type\":\"SearchAction\",\"target\":{\"@type\":\"EntryPoint\",\"urlTemplate\":\"https:\\\/\\\/my-french-grocery.com\\\/fr\\\/?s={search_term_string}\"},\"query-input\":{\"@type\":\"PropertyValueSpecification\",\"valueRequired\":true,\"valueName\":\"search_term_string\"}}],\"inLanguage\":\"fr-FR\"},{\"@type\":\"Organization\",\"@id\":\"https:\\\/\\\/my-french-grocery.com\\\/fr\\\/#organization\",\"name\":\"MY FRENCH GROCERY\",\"url\":\"https:\\\/\\\/my-french-grocery.com\\\/fr\\\/\",\"logo\":{\"@type\":\"ImageObject\",\"inLanguage\":\"fr-FR\",\"@id\":\"https:\\\/\\\/my-french-grocery.com\\\/fr\\\/#\\\/schema\\\/logo\\\/image\\\/\",\"url\":\"https:\\\/\\\/my-french-grocery.com\\\/wp-content\\\/uploads\\\/2021\\\/11\\\/My-French-Grocery-Online-French-Grocery.png\",\"contentUrl\":\"https:\\\/\\\/my-french-grocery.com\\\/wp-content\\\/uploads\\\/2021\\\/11\\\/My-French-Grocery-Online-French-Grocery.png\",\"width\":100,\"height\":100,\"caption\":\"MY FRENCH GROCERY\"},\"image\":{\"@id\":\"https:\\\/\\\/my-french-grocery.com\\\/fr\\\/#\\\/schema\\\/logo\\\/image\\\/\"},\"sameAs\":[\"https:\\\/\\\/www.facebook.com\\\/myfrenchgrocery\\\/\"]}]}<\/script>\n<!-- \/ Yoast SEO plugin. -->","yoast_head_json":{"title":"Couscous Grain Moyen Tipiak | Acheter En Ligne | My French Grocery","description":"Couscous Grain Moyen Tipiak - paquet de 1 kg - Semoule roul\u00e9e, pr\u00e9cuite \u00e0 la vapeur La Graine de Couscous Moyenne TIPIAK est fabriqu\u00e9e depuis toujours \u00e0 partir de semoule de bl\u00e9 dur roul\u00e9e, cuite \u00e0 la vapeur, s\u00e9ch\u00e9e puis tamis\u00e9e","robots":{"index":"index","follow":"follow","max-snippet":"max-snippet:-1","max-image-preview":"max-image-preview:large","max-video-preview":"max-video-preview:-1"},"canonical":"https:\/\/my-french-grocery.com\/fr\/produit\/lentilles-vertes-vivien-paille-copy\/","og_locale":"fr_FR","og_type":"article","og_title":"Couscous Grain Moyen Tipiak | Acheter En Ligne | My French Grocery","og_description":"Couscous Grain Moyen Tipiak - paquet de 1 kg - Semoule roul\u00e9e, pr\u00e9cuite \u00e0 la vapeur La Graine de Couscous Moyenne TIPIAK est fabriqu\u00e9e depuis toujours \u00e0 partir de semoule de bl\u00e9 dur roul\u00e9e, cuite \u00e0 la vapeur, s\u00e9ch\u00e9e puis tamis\u00e9e","og_url":"https:\/\/my-french-grocery.com\/fr\/produit\/lentilles-vertes-vivien-paille-copy\/","og_site_name":"My French Grocery","article_publisher":"https:\/\/www.facebook.com\/myfrenchgrocery\/","article_modified_time":"2021-06-19T07:46:49+00:00","og_image":[{"width":1500,"height":1500,"url":"https:\/\/my-french-grocery.com\/wp-content\/uploads\/2021\/06\/COUSCOUS-TIPIAK.jpg","type":"image\/jpeg"}],"twitter_card":"summary_large_image","schema":{"@context":"https:\/\/schema.org","@graph":[{"@type":"WebPage","@id":"https:\/\/my-french-grocery.com\/fr\/produit\/lentilles-vertes-vivien-paille-copy\/","url":"https:\/\/my-french-grocery.com\/fr\/produit\/lentilles-vertes-vivien-paille-copy\/","name":"Couscous Grain Moyen Tipiak | Acheter En Ligne | My French Grocery","isPartOf":{"@id":"https:\/\/my-french-grocery.com\/fr\/#website"},"primaryImageOfPage":{"@id":"https:\/\/my-french-grocery.com\/fr\/produit\/lentilles-vertes-vivien-paille-copy\/#primaryimage"},"image":{"@id":"https:\/\/my-french-grocery.com\/fr\/produit\/lentilles-vertes-vivien-paille-copy\/#primaryimage"},"thumbnailUrl":"https:\/\/my-french-grocery.com\/wp-content\/uploads\/2021\/06\/COUSCOUS-TIPIAK.jpg","datePublished":"2021-06-19T07:38:46+00:00","dateModified":"2021-06-19T07:46:49+00:00","description":"Couscous Grain Moyen Tipiak - paquet de 1 kg - Semoule roul\u00e9e, pr\u00e9cuite \u00e0 la vapeur La Graine de Couscous Moyenne TIPIAK est fabriqu\u00e9e depuis toujours \u00e0 partir de semoule de bl\u00e9 dur roul\u00e9e, cuite \u00e0 la vapeur, s\u00e9ch\u00e9e puis tamis\u00e9e","breadcrumb":{"@id":"https:\/\/my-french-grocery.com\/fr\/produit\/lentilles-vertes-vivien-paille-copy\/#breadcrumb"},"inLanguage":"fr-FR","potentialAction":[{"@type":"ReadAction","target":["https:\/\/my-french-grocery.com\/fr\/produit\/lentilles-vertes-vivien-paille-copy\/"]}]},{"@type":"ImageObject","inLanguage":"fr-FR","@id":"https:\/\/my-french-grocery.com\/fr\/produit\/lentilles-vertes-vivien-paille-copy\/#primaryimage","url":"https:\/\/my-french-grocery.com\/wp-content\/uploads\/2021\/06\/COUSCOUS-TIPIAK.jpg","contentUrl":"https:\/\/my-french-grocery.com\/wp-content\/uploads\/2021\/06\/COUSCOUS-TIPIAK.jpg","width":1500,"height":1500,"caption":"Couscous Grain Moyen Tipiak"},{"@type":"BreadcrumbList","@id":"https:\/\/my-french-grocery.com\/fr\/produit\/lentilles-vertes-vivien-paille-copy\/#breadcrumb","itemListElement":[{"@type":"ListItem","position":1,"name":"Home","item":"https:\/\/my-french-grocery.com\/fr\/"},{"@type":"ListItem","position":2,"name":"Shop","item":"https:\/\/my-french-grocery.com\/shop\/"},{"@type":"ListItem","position":3,"name":"Alimentation","item":"https:\/\/my-french-grocery.com\/fr\/categorie-produit\/alimentation\/"},{"@type":"ListItem","position":4,"name":"P\u00e2tes, Riz, Pur\u00e9es, C\u00e9r\u00e9ales","item":"https:\/\/my-french-grocery.com\/fr\/categorie-produit\/alimentation\/pates-riz\/"},{"@type":"ListItem","position":5,"name":"Couscous Grain Moyen Tipiak"}]},{"@type":"WebSite","@id":"https:\/\/my-french-grocery.com\/fr\/#website","url":"https:\/\/my-french-grocery.com\/fr\/","name":"My French Grocery","description":"Your Online French Grocery  !","publisher":{"@id":"https:\/\/my-french-grocery.com\/fr\/#organization"},"potentialAction":[{"@type":"SearchAction","target":{"@type":"EntryPoint","urlTemplate":"https:\/\/my-french-grocery.com\/fr\/?s={search_term_string}"},"query-input":{"@type":"PropertyValueSpecification","valueRequired":true,"valueName":"search_term_string"}}],"inLanguage":"fr-FR"},{"@type":"Organization","@id":"https:\/\/my-french-grocery.com\/fr\/#organization","name":"MY FRENCH GROCERY","url":"https:\/\/my-french-grocery.com\/fr\/","logo":{"@type":"ImageObject","inLanguage":"fr-FR","@id":"https:\/\/my-french-grocery.com\/fr\/#\/schema\/logo\/image\/","url":"https:\/\/my-french-grocery.com\/wp-content\/uploads\/2021\/11\/My-French-Grocery-Online-French-Grocery.png","contentUrl":"https:\/\/my-french-grocery.com\/wp-content\/uploads\/2021\/11\/My-French-Grocery-Online-French-Grocery.png","width":100,"height":100,"caption":"MY FRENCH GROCERY"},"image":{"@id":"https:\/\/my-french-grocery.com\/fr\/#\/schema\/logo\/image\/"},"sameAs":["https:\/\/www.facebook.com\/myfrenchgrocery\/"]}]}},"brands":[{"id":959,"name":"Tipiak","slug":"tipiak-fr"}],"_links":{"self":[{"href":"https:\/\/my-french-grocery.com\/fr\/wp-json\/wp\/v2\/product\/17265","targetHints":{"allow":["GET"]}}],"collection":[{"href":"https:\/\/my-french-grocery.com\/fr\/wp-json\/wp\/v2\/product"}],"about":[{"href":"https:\/\/my-french-grocery.com\/fr\/wp-json\/wp\/v2\/types\/product"}],"replies":[{"embeddable":true,"href":"https:\/\/my-french-grocery.com\/fr\/wp-json\/wp\/v2\/comments?post=17265"}],"wp:featuredmedia":[{"embeddable":true,"href":"https:\/\/my-french-grocery.com\/fr\/wp-json\/wp\/v2\/media\/17268"}],"wp:attachment":[{"href":"https:\/\/my-french-grocery.com\/fr\/wp-json\/wp\/v2\/media?parent=17265"}],"wp:term":[{"taxonomy":"pwb-brand","embeddable":true,"href":"https:\/\/my-french-grocery.com\/fr\/wp-json\/wp\/v2\/pwb-brand?post=17265"},{"taxonomy":"product_brand","embeddable":true,"href":"https:\/\/my-french-grocery.com\/fr\/wp-json\/wp\/v2\/product_brand?post=17265"},{"taxonomy":"product_cat","embeddable":true,"href":"https:\/\/my-french-grocery.com\/fr\/wp-json\/wp\/v2\/product_cat?post=17265"},{"taxonomy":"product_tag","embeddable":true,"href":"https:\/\/my-french-grocery.com\/fr\/wp-json\/wp\/v2\/product_tag?post=17265"}],"curies":[{"name":"wp","href":"https:\/\/api.w.org\/{rel}","templated":true}]}}