{"id":17365,"date":"2021-06-22T18:55:13","date_gmt":"2021-06-22T16:55:14","guid":{"rendered":"https:\/\/my-french-grocery.com\/?post_type=product&#038;p=17365"},"modified":"2021-06-22T18:59:09","modified_gmt":"2021-06-22T16:59:09","slug":"dessert-gateau-de-riz-au-caramel-yabon-xl","status":"publish","type":"product","link":"https:\/\/my-french-grocery.com\/fr\/produit\/dessert-gateau-de-riz-au-caramel-yabon-xl\/","title":{"rendered":"Dessert G\u00e2teau De Riz Au Caramel Yabon XL"},"content":{"rendered":"<p>Dessert G\u00e2teau De Riz Au Caramel Yabon XL<\/p>\n<p>Boite de 420 g<\/p>\n<div class=\"regulated-name\">\n<div class=\"regulated-name\">\n<p class=\"paragraph\">G\u00e2teau de riz au caramel<\/p>\n<\/div>\n<\/div>\n<p>Red\u00e9couvrez la saveur des g\u00e2teaux de riz que vous pr\u00e9parait votre grand-m\u00e8re ! Du riz, du bon lait entier, de la cr\u00e8me onctueuse, sans oublier le nappage au caramel coulant si unique !<\/p>\n","protected":false},"excerpt":{"rendered":"<p>Dessert G\u00e2teau De Riz Au Caramel Yabon XL<\/p>\n<p>Boite de 420 g<\/p>\n","protected":false},"featured_media":17368,"comment_status":"open","ping_status":"closed","template":"","meta":[],"pwb-brand":[2145],"product_brand":[],"product_cat":[1035],"product_tag":[],"class_list":{"0":"post-17365","1":"product","2":"type-product","3":"status-publish","4":"has-post-thumbnail","6":"pwb-brand-yabon-fr","7":"product_cat-desserts","8":"product_shipping_class-expedition-dans-le-monde-entier","10":"first","11":"instock","12":"taxable","13":"shipping-taxable","14":"purchasable","15":"product-type-simple"},"yoast_head":"<!-- This site is optimized with the Yoast SEO plugin v27.3 - https:\/\/yoast.com\/product\/yoast-seo-wordpress\/ -->\n<title>Dessert G\u00e2teau De Riz Au Caramel Yabon XL | Acheter En Ligne | My French Grocery<\/title>\n<meta name=\"description\" content=\"Dessert G\u00e2teau De Riz Au Caramel Yabon XL - Boite de 420 g - G\u00e2teau de riz au caramel ,Red\u00e9couvrez la saveur des g\u00e2teaux de riz que vous pr\u00e9parait votre grand-m\u00e8re !\" \/>\n<meta name=\"robots\" content=\"index, follow, max-snippet:-1, max-image-preview:large, max-video-preview:-1\" \/>\n<link rel=\"canonical\" href=\"https:\/\/my-french-grocery.com\/fr\/produit\/dessert-gateau-de-riz-au-caramel-yabon-xl\/\" \/>\n<meta property=\"og:locale\" content=\"fr_FR\" \/>\n<meta property=\"og:type\" content=\"article\" \/>\n<meta property=\"og:title\" content=\"Dessert G\u00e2teau De Riz Au Caramel Yabon XL | Acheter En Ligne | My French Grocery\" \/>\n<meta property=\"og:description\" content=\"Dessert G\u00e2teau De Riz Au Caramel Yabon XL - Boite de 420 g - G\u00e2teau de riz au caramel ,Red\u00e9couvrez la saveur des g\u00e2teaux de riz que vous pr\u00e9parait votre grand-m\u00e8re !\" \/>\n<meta property=\"og:url\" content=\"https:\/\/my-french-grocery.com\/fr\/produit\/dessert-gateau-de-riz-au-caramel-yabon-xl\/\" \/>\n<meta property=\"og:site_name\" content=\"My French Grocery\" \/>\n<meta property=\"article:publisher\" content=\"https:\/\/www.facebook.com\/myfrenchgrocery\/\" \/>\n<meta property=\"article:modified_time\" content=\"2021-06-22T16:59:09+00:00\" \/>\n<meta property=\"og:image\" content=\"https:\/\/my-french-grocery.com\/wp-content\/uploads\/2021\/06\/YABON-GATEAU-RIZ.-XLjpg.jpg\" \/>\n\t<meta property=\"og:image:width\" content=\"1500\" \/>\n\t<meta property=\"og:image:height\" content=\"1500\" \/>\n\t<meta property=\"og:image:type\" content=\"image\/jpeg\" \/>\n<meta name=\"twitter:card\" content=\"summary_large_image\" \/>\n<script type=\"application\/ld+json\" class=\"yoast-schema-graph\">{\"@context\":\"https:\\\/\\\/schema.org\",\"@graph\":[{\"@type\":\"WebPage\",\"@id\":\"https:\\\/\\\/my-french-grocery.com\\\/fr\\\/produit\\\/dessert-gateau-de-riz-au-caramel-yabon-xl\\\/\",\"url\":\"https:\\\/\\\/my-french-grocery.com\\\/fr\\\/produit\\\/dessert-gateau-de-riz-au-caramel-yabon-xl\\\/\",\"name\":\"Dessert G\u00e2teau De Riz Au Caramel Yabon XL | Acheter En Ligne | My French Grocery\",\"isPartOf\":{\"@id\":\"https:\\\/\\\/my-french-grocery.com\\\/fr\\\/#website\"},\"primaryImageOfPage\":{\"@id\":\"https:\\\/\\\/my-french-grocery.com\\\/fr\\\/produit\\\/dessert-gateau-de-riz-au-caramel-yabon-xl\\\/#primaryimage\"},\"image\":{\"@id\":\"https:\\\/\\\/my-french-grocery.com\\\/fr\\\/produit\\\/dessert-gateau-de-riz-au-caramel-yabon-xl\\\/#primaryimage\"},\"thumbnailUrl\":\"https:\\\/\\\/my-french-grocery.com\\\/wp-content\\\/uploads\\\/2021\\\/06\\\/YABON-GATEAU-RIZ.-XLjpg.jpg\",\"datePublished\":\"2021-06-22T16:55:14+00:00\",\"dateModified\":\"2021-06-22T16:59:09+00:00\",\"description\":\"Dessert G\u00e2teau De Riz Au Caramel Yabon XL - Boite de 420 g - G\u00e2teau de riz au caramel ,Red\u00e9couvrez la saveur des g\u00e2teaux de riz que vous pr\u00e9parait votre grand-m\u00e8re !\",\"breadcrumb\":{\"@id\":\"https:\\\/\\\/my-french-grocery.com\\\/fr\\\/produit\\\/dessert-gateau-de-riz-au-caramel-yabon-xl\\\/#breadcrumb\"},\"inLanguage\":\"fr-FR\",\"potentialAction\":[{\"@type\":\"ReadAction\",\"target\":[\"https:\\\/\\\/my-french-grocery.com\\\/fr\\\/produit\\\/dessert-gateau-de-riz-au-caramel-yabon-xl\\\/\"]}]},{\"@type\":\"ImageObject\",\"inLanguage\":\"fr-FR\",\"@id\":\"https:\\\/\\\/my-french-grocery.com\\\/fr\\\/produit\\\/dessert-gateau-de-riz-au-caramel-yabon-xl\\\/#primaryimage\",\"url\":\"https:\\\/\\\/my-french-grocery.com\\\/wp-content\\\/uploads\\\/2021\\\/06\\\/YABON-GATEAU-RIZ.-XLjpg.jpg\",\"contentUrl\":\"https:\\\/\\\/my-french-grocery.com\\\/wp-content\\\/uploads\\\/2021\\\/06\\\/YABON-GATEAU-RIZ.-XLjpg.jpg\",\"width\":1500,\"height\":1500,\"caption\":\"Dessert G\u00e2teau De Riz Au Caramel Yabon XL\"},{\"@type\":\"BreadcrumbList\",\"@id\":\"https:\\\/\\\/my-french-grocery.com\\\/fr\\\/produit\\\/dessert-gateau-de-riz-au-caramel-yabon-xl\\\/#breadcrumb\",\"itemListElement\":[{\"@type\":\"ListItem\",\"position\":1,\"name\":\"Home\",\"item\":\"https:\\\/\\\/my-french-grocery.com\\\/fr\\\/\"},{\"@type\":\"ListItem\",\"position\":2,\"name\":\"Shop\",\"item\":\"https:\\\/\\\/my-french-grocery.com\\\/shop\\\/\"},{\"@type\":\"ListItem\",\"position\":3,\"name\":\"Alimentation\",\"item\":\"https:\\\/\\\/my-french-grocery.com\\\/fr\\\/categorie-produit\\\/alimentation\\\/\"},{\"@type\":\"ListItem\",\"position\":4,\"name\":\"Desserts\",\"item\":\"https:\\\/\\\/my-french-grocery.com\\\/fr\\\/categorie-produit\\\/alimentation\\\/desserts\\\/\"},{\"@type\":\"ListItem\",\"position\":5,\"name\":\"Dessert G\u00e2teau De Riz Au Caramel Yabon XL\"}]},{\"@type\":\"WebSite\",\"@id\":\"https:\\\/\\\/my-french-grocery.com\\\/fr\\\/#website\",\"url\":\"https:\\\/\\\/my-french-grocery.com\\\/fr\\\/\",\"name\":\"My French Grocery\",\"description\":\"Your Online French Grocery  !\",\"publisher\":{\"@id\":\"https:\\\/\\\/my-french-grocery.com\\\/fr\\\/#organization\"},\"potentialAction\":[{\"@type\":\"SearchAction\",\"target\":{\"@type\":\"EntryPoint\",\"urlTemplate\":\"https:\\\/\\\/my-french-grocery.com\\\/fr\\\/?s={search_term_string}\"},\"query-input\":{\"@type\":\"PropertyValueSpecification\",\"valueRequired\":true,\"valueName\":\"search_term_string\"}}],\"inLanguage\":\"fr-FR\"},{\"@type\":\"Organization\",\"@id\":\"https:\\\/\\\/my-french-grocery.com\\\/fr\\\/#organization\",\"name\":\"MY FRENCH GROCERY\",\"url\":\"https:\\\/\\\/my-french-grocery.com\\\/fr\\\/\",\"logo\":{\"@type\":\"ImageObject\",\"inLanguage\":\"fr-FR\",\"@id\":\"https:\\\/\\\/my-french-grocery.com\\\/fr\\\/#\\\/schema\\\/logo\\\/image\\\/\",\"url\":\"https:\\\/\\\/my-french-grocery.com\\\/wp-content\\\/uploads\\\/2021\\\/11\\\/My-French-Grocery-Online-French-Grocery.png\",\"contentUrl\":\"https:\\\/\\\/my-french-grocery.com\\\/wp-content\\\/uploads\\\/2021\\\/11\\\/My-French-Grocery-Online-French-Grocery.png\",\"width\":100,\"height\":100,\"caption\":\"MY FRENCH GROCERY\"},\"image\":{\"@id\":\"https:\\\/\\\/my-french-grocery.com\\\/fr\\\/#\\\/schema\\\/logo\\\/image\\\/\"},\"sameAs\":[\"https:\\\/\\\/www.facebook.com\\\/myfrenchgrocery\\\/\"]}]}<\/script>\n<!-- \/ Yoast SEO plugin. -->","yoast_head_json":{"title":"Dessert G\u00e2teau De Riz Au Caramel Yabon XL | Acheter En Ligne | My French Grocery","description":"Dessert G\u00e2teau De Riz Au Caramel Yabon XL - Boite de 420 g - G\u00e2teau de riz au caramel ,Red\u00e9couvrez la saveur des g\u00e2teaux de riz que vous pr\u00e9parait votre grand-m\u00e8re !","robots":{"index":"index","follow":"follow","max-snippet":"max-snippet:-1","max-image-preview":"max-image-preview:large","max-video-preview":"max-video-preview:-1"},"canonical":"https:\/\/my-french-grocery.com\/fr\/produit\/dessert-gateau-de-riz-au-caramel-yabon-xl\/","og_locale":"fr_FR","og_type":"article","og_title":"Dessert G\u00e2teau De Riz Au Caramel Yabon XL | Acheter En Ligne | My French Grocery","og_description":"Dessert G\u00e2teau De Riz Au Caramel Yabon XL - Boite de 420 g - G\u00e2teau de riz au caramel ,Red\u00e9couvrez la saveur des g\u00e2teaux de riz que vous pr\u00e9parait votre grand-m\u00e8re !","og_url":"https:\/\/my-french-grocery.com\/fr\/produit\/dessert-gateau-de-riz-au-caramel-yabon-xl\/","og_site_name":"My French Grocery","article_publisher":"https:\/\/www.facebook.com\/myfrenchgrocery\/","article_modified_time":"2021-06-22T16:59:09+00:00","og_image":[{"width":1500,"height":1500,"url":"https:\/\/my-french-grocery.com\/wp-content\/uploads\/2021\/06\/YABON-GATEAU-RIZ.-XLjpg.jpg","type":"image\/jpeg"}],"twitter_card":"summary_large_image","schema":{"@context":"https:\/\/schema.org","@graph":[{"@type":"WebPage","@id":"https:\/\/my-french-grocery.com\/fr\/produit\/dessert-gateau-de-riz-au-caramel-yabon-xl\/","url":"https:\/\/my-french-grocery.com\/fr\/produit\/dessert-gateau-de-riz-au-caramel-yabon-xl\/","name":"Dessert G\u00e2teau De Riz Au Caramel Yabon XL | Acheter En Ligne | My French Grocery","isPartOf":{"@id":"https:\/\/my-french-grocery.com\/fr\/#website"},"primaryImageOfPage":{"@id":"https:\/\/my-french-grocery.com\/fr\/produit\/dessert-gateau-de-riz-au-caramel-yabon-xl\/#primaryimage"},"image":{"@id":"https:\/\/my-french-grocery.com\/fr\/produit\/dessert-gateau-de-riz-au-caramel-yabon-xl\/#primaryimage"},"thumbnailUrl":"https:\/\/my-french-grocery.com\/wp-content\/uploads\/2021\/06\/YABON-GATEAU-RIZ.-XLjpg.jpg","datePublished":"2021-06-22T16:55:14+00:00","dateModified":"2021-06-22T16:59:09+00:00","description":"Dessert G\u00e2teau De Riz Au Caramel Yabon XL - Boite de 420 g - G\u00e2teau de riz au caramel ,Red\u00e9couvrez la saveur des g\u00e2teaux de riz que vous pr\u00e9parait votre grand-m\u00e8re !","breadcrumb":{"@id":"https:\/\/my-french-grocery.com\/fr\/produit\/dessert-gateau-de-riz-au-caramel-yabon-xl\/#breadcrumb"},"inLanguage":"fr-FR","potentialAction":[{"@type":"ReadAction","target":["https:\/\/my-french-grocery.com\/fr\/produit\/dessert-gateau-de-riz-au-caramel-yabon-xl\/"]}]},{"@type":"ImageObject","inLanguage":"fr-FR","@id":"https:\/\/my-french-grocery.com\/fr\/produit\/dessert-gateau-de-riz-au-caramel-yabon-xl\/#primaryimage","url":"https:\/\/my-french-grocery.com\/wp-content\/uploads\/2021\/06\/YABON-GATEAU-RIZ.-XLjpg.jpg","contentUrl":"https:\/\/my-french-grocery.com\/wp-content\/uploads\/2021\/06\/YABON-GATEAU-RIZ.-XLjpg.jpg","width":1500,"height":1500,"caption":"Dessert G\u00e2teau De Riz Au Caramel Yabon XL"},{"@type":"BreadcrumbList","@id":"https:\/\/my-french-grocery.com\/fr\/produit\/dessert-gateau-de-riz-au-caramel-yabon-xl\/#breadcrumb","itemListElement":[{"@type":"ListItem","position":1,"name":"Home","item":"https:\/\/my-french-grocery.com\/fr\/"},{"@type":"ListItem","position":2,"name":"Shop","item":"https:\/\/my-french-grocery.com\/shop\/"},{"@type":"ListItem","position":3,"name":"Alimentation","item":"https:\/\/my-french-grocery.com\/fr\/categorie-produit\/alimentation\/"},{"@type":"ListItem","position":4,"name":"Desserts","item":"https:\/\/my-french-grocery.com\/fr\/categorie-produit\/alimentation\/desserts\/"},{"@type":"ListItem","position":5,"name":"Dessert G\u00e2teau De Riz Au Caramel Yabon XL"}]},{"@type":"WebSite","@id":"https:\/\/my-french-grocery.com\/fr\/#website","url":"https:\/\/my-french-grocery.com\/fr\/","name":"My French Grocery","description":"Your Online French Grocery  !","publisher":{"@id":"https:\/\/my-french-grocery.com\/fr\/#organization"},"potentialAction":[{"@type":"SearchAction","target":{"@type":"EntryPoint","urlTemplate":"https:\/\/my-french-grocery.com\/fr\/?s={search_term_string}"},"query-input":{"@type":"PropertyValueSpecification","valueRequired":true,"valueName":"search_term_string"}}],"inLanguage":"fr-FR"},{"@type":"Organization","@id":"https:\/\/my-french-grocery.com\/fr\/#organization","name":"MY FRENCH GROCERY","url":"https:\/\/my-french-grocery.com\/fr\/","logo":{"@type":"ImageObject","inLanguage":"fr-FR","@id":"https:\/\/my-french-grocery.com\/fr\/#\/schema\/logo\/image\/","url":"https:\/\/my-french-grocery.com\/wp-content\/uploads\/2021\/11\/My-French-Grocery-Online-French-Grocery.png","contentUrl":"https:\/\/my-french-grocery.com\/wp-content\/uploads\/2021\/11\/My-French-Grocery-Online-French-Grocery.png","width":100,"height":100,"caption":"MY FRENCH GROCERY"},"image":{"@id":"https:\/\/my-french-grocery.com\/fr\/#\/schema\/logo\/image\/"},"sameAs":["https:\/\/www.facebook.com\/myfrenchgrocery\/"]}]}},"brands":[{"id":2145,"name":"Yabon","slug":"yabon-fr"}],"_links":{"self":[{"href":"https:\/\/my-french-grocery.com\/fr\/wp-json\/wp\/v2\/product\/17365","targetHints":{"allow":["GET"]}}],"collection":[{"href":"https:\/\/my-french-grocery.com\/fr\/wp-json\/wp\/v2\/product"}],"about":[{"href":"https:\/\/my-french-grocery.com\/fr\/wp-json\/wp\/v2\/types\/product"}],"replies":[{"embeddable":true,"href":"https:\/\/my-french-grocery.com\/fr\/wp-json\/wp\/v2\/comments?post=17365"}],"wp:featuredmedia":[{"embeddable":true,"href":"https:\/\/my-french-grocery.com\/fr\/wp-json\/wp\/v2\/media\/17368"}],"wp:attachment":[{"href":"https:\/\/my-french-grocery.com\/fr\/wp-json\/wp\/v2\/media?parent=17365"}],"wp:term":[{"taxonomy":"pwb-brand","embeddable":true,"href":"https:\/\/my-french-grocery.com\/fr\/wp-json\/wp\/v2\/pwb-brand?post=17365"},{"taxonomy":"product_brand","embeddable":true,"href":"https:\/\/my-french-grocery.com\/fr\/wp-json\/wp\/v2\/product_brand?post=17365"},{"taxonomy":"product_cat","embeddable":true,"href":"https:\/\/my-french-grocery.com\/fr\/wp-json\/wp\/v2\/product_cat?post=17365"},{"taxonomy":"product_tag","embeddable":true,"href":"https:\/\/my-french-grocery.com\/fr\/wp-json\/wp\/v2\/product_tag?post=17365"}],"curies":[{"name":"wp","href":"https:\/\/api.w.org\/{rel}","templated":true}]}}