{"id":17411,"date":"2021-06-29T16:41:23","date_gmt":"2021-06-29T14:41:24","guid":{"rendered":"https:\/\/my-french-grocery.com\/?post_type=product&#038;p=17411"},"modified":"2021-06-29T16:45:56","modified_gmt":"2021-06-29T14:45:56","slug":"chocolat-au-lait-dessert-nestle","status":"publish","type":"product","link":"https:\/\/my-french-grocery.com\/fr\/produit\/chocolat-au-lait-dessert-nestle\/","title":{"rendered":"Chocolat Au Lait Dessert Nestl\u00e9"},"content":{"rendered":"<p>Chocolat Au Lait Dessert Nestl\u00e9<\/p>\n<p>Tablette de 170 g<\/p>\n<p>NESTLE DESSERT Lait est un chocolat au lait pur beurre de cacao \u00e0 la fonte parfaite, aux ar\u00f4mes naturels de vanille et pr\u00e9par\u00e9 avec soin \u00e0 partir de f\u00e8ves s\u00e9lectionn\u00e9es. Id\u00e9al pour partager en famille un fondant au chocolat gourmand !<\/p>\n","protected":false},"excerpt":{"rendered":"<p>Chocolat Au Lait Dessert Nestl\u00e9<\/p>\n<p>Tablette de 170 g<\/p>\n","protected":false},"featured_media":17414,"comment_status":"open","ping_status":"closed","template":"","meta":[],"pwb-brand":[4019],"product_brand":[],"product_cat":[455,1023],"product_tag":[456,2149],"class_list":{"0":"post-17411","1":"product","2":"type-product","3":"status-publish","4":"has-post-thumbnail","6":"pwb-brand-nestle-fr","7":"product_cat-chocolat","8":"product_cat-patisserie","9":"product_tag-chocolat","10":"product_tag-dessert-fr","11":"product_shipping_class-expedition-dans-le-monde-entier","13":"first","14":"instock","15":"taxable","16":"shipping-taxable","17":"purchasable","18":"product-type-simple"},"yoast_head":"<!-- This site is optimized with the Yoast SEO plugin v27.3 - https:\/\/yoast.com\/product\/yoast-seo-wordpress\/ -->\n<title>Chocolat Au Lait Dessert Nestl\u00e9 | Acheter En Ligne | My French Grocery<\/title>\n<meta name=\"description\" content=\"Chocolat Au Lait Dessert Nestl\u00e9 - Tablette de 170 g - NESTLE DESSERT Lait est un chocolat au lait pur beurre de cacao \u00e0 la fonte parfaite, aux ar\u00f4mes naturels de vanille et pr\u00e9par\u00e9 avec soin \u00e0 partir de f\u00e8ves s\u00e9lectionn\u00e9es.\" \/>\n<meta name=\"robots\" content=\"index, follow, max-snippet:-1, max-image-preview:large, max-video-preview:-1\" \/>\n<link rel=\"canonical\" href=\"https:\/\/my-french-grocery.com\/fr\/produit\/chocolat-au-lait-dessert-nestle\/\" \/>\n<meta property=\"og:locale\" content=\"fr_FR\" \/>\n<meta property=\"og:type\" content=\"article\" \/>\n<meta property=\"og:title\" content=\"Chocolat Au Lait Dessert Nestl\u00e9 | Acheter En Ligne | My French Grocery\" \/>\n<meta property=\"og:description\" content=\"Chocolat Au Lait Dessert Nestl\u00e9 - Tablette de 170 g - NESTLE DESSERT Lait est un chocolat au lait pur beurre de cacao \u00e0 la fonte parfaite, aux ar\u00f4mes naturels de vanille et pr\u00e9par\u00e9 avec soin \u00e0 partir de f\u00e8ves s\u00e9lectionn\u00e9es.\" \/>\n<meta property=\"og:url\" content=\"https:\/\/my-french-grocery.com\/fr\/produit\/chocolat-au-lait-dessert-nestle\/\" \/>\n<meta property=\"og:site_name\" content=\"My French Grocery\" \/>\n<meta property=\"article:publisher\" content=\"https:\/\/www.facebook.com\/myfrenchgrocery\/\" \/>\n<meta property=\"article:modified_time\" content=\"2021-06-29T14:45:56+00:00\" \/>\n<meta property=\"og:image\" content=\"https:\/\/my-french-grocery.com\/wp-content\/uploads\/2021\/06\/MILK-DESSERT-CHOCOLATE-NESTLE.jpg\" \/>\n\t<meta property=\"og:image:width\" content=\"1500\" \/>\n\t<meta property=\"og:image:height\" content=\"1500\" \/>\n\t<meta property=\"og:image:type\" content=\"image\/jpeg\" \/>\n<meta name=\"twitter:card\" content=\"summary_large_image\" \/>\n<script type=\"application\/ld+json\" class=\"yoast-schema-graph\">{\"@context\":\"https:\\\/\\\/schema.org\",\"@graph\":[{\"@type\":\"WebPage\",\"@id\":\"https:\\\/\\\/my-french-grocery.com\\\/fr\\\/produit\\\/chocolat-au-lait-dessert-nestle\\\/\",\"url\":\"https:\\\/\\\/my-french-grocery.com\\\/fr\\\/produit\\\/chocolat-au-lait-dessert-nestle\\\/\",\"name\":\"Chocolat Au Lait Dessert Nestl\u00e9 | Acheter En Ligne | My French Grocery\",\"isPartOf\":{\"@id\":\"https:\\\/\\\/my-french-grocery.com\\\/fr\\\/#website\"},\"primaryImageOfPage\":{\"@id\":\"https:\\\/\\\/my-french-grocery.com\\\/fr\\\/produit\\\/chocolat-au-lait-dessert-nestle\\\/#primaryimage\"},\"image\":{\"@id\":\"https:\\\/\\\/my-french-grocery.com\\\/fr\\\/produit\\\/chocolat-au-lait-dessert-nestle\\\/#primaryimage\"},\"thumbnailUrl\":\"https:\\\/\\\/my-french-grocery.com\\\/wp-content\\\/uploads\\\/2021\\\/06\\\/MILK-DESSERT-CHOCOLATE-NESTLE.jpg\",\"datePublished\":\"2021-06-29T14:41:24+00:00\",\"dateModified\":\"2021-06-29T14:45:56+00:00\",\"description\":\"Chocolat Au Lait Dessert Nestl\u00e9 - Tablette de 170 g - NESTLE DESSERT Lait est un chocolat au lait pur beurre de cacao \u00e0 la fonte parfaite, aux ar\u00f4mes naturels de vanille et pr\u00e9par\u00e9 avec soin \u00e0 partir de f\u00e8ves s\u00e9lectionn\u00e9es.\",\"breadcrumb\":{\"@id\":\"https:\\\/\\\/my-french-grocery.com\\\/fr\\\/produit\\\/chocolat-au-lait-dessert-nestle\\\/#breadcrumb\"},\"inLanguage\":\"fr-FR\",\"potentialAction\":[{\"@type\":\"ReadAction\",\"target\":[\"https:\\\/\\\/my-french-grocery.com\\\/fr\\\/produit\\\/chocolat-au-lait-dessert-nestle\\\/\"]}]},{\"@type\":\"ImageObject\",\"inLanguage\":\"fr-FR\",\"@id\":\"https:\\\/\\\/my-french-grocery.com\\\/fr\\\/produit\\\/chocolat-au-lait-dessert-nestle\\\/#primaryimage\",\"url\":\"https:\\\/\\\/my-french-grocery.com\\\/wp-content\\\/uploads\\\/2021\\\/06\\\/MILK-DESSERT-CHOCOLATE-NESTLE.jpg\",\"contentUrl\":\"https:\\\/\\\/my-french-grocery.com\\\/wp-content\\\/uploads\\\/2021\\\/06\\\/MILK-DESSERT-CHOCOLATE-NESTLE.jpg\",\"width\":1500,\"height\":1500,\"caption\":\"Chocolat Au Lait Dessert Nestl\u00e9\"},{\"@type\":\"BreadcrumbList\",\"@id\":\"https:\\\/\\\/my-french-grocery.com\\\/fr\\\/produit\\\/chocolat-au-lait-dessert-nestle\\\/#breadcrumb\",\"itemListElement\":[{\"@type\":\"ListItem\",\"position\":1,\"name\":\"Home\",\"item\":\"https:\\\/\\\/my-french-grocery.com\\\/fr\\\/\"},{\"@type\":\"ListItem\",\"position\":2,\"name\":\"Shop\",\"item\":\"https:\\\/\\\/my-french-grocery.com\\\/shop\\\/\"},{\"@type\":\"ListItem\",\"position\":3,\"name\":\"Alimentation\",\"item\":\"https:\\\/\\\/my-french-grocery.com\\\/fr\\\/categorie-produit\\\/alimentation\\\/\"},{\"@type\":\"ListItem\",\"position\":4,\"name\":\"Bonbons &amp; Chocolats\",\"item\":\"https:\\\/\\\/my-french-grocery.com\\\/fr\\\/categorie-produit\\\/alimentation\\\/bonbons-chocolats\\\/\"},{\"@type\":\"ListItem\",\"position\":5,\"name\":\"Chocolat\",\"item\":\"https:\\\/\\\/my-french-grocery.com\\\/fr\\\/categorie-produit\\\/alimentation\\\/bonbons-chocolats\\\/chocolat\\\/\"},{\"@type\":\"ListItem\",\"position\":6,\"name\":\"Chocolat Au Lait Dessert Nestl\u00e9\"}]},{\"@type\":\"WebSite\",\"@id\":\"https:\\\/\\\/my-french-grocery.com\\\/fr\\\/#website\",\"url\":\"https:\\\/\\\/my-french-grocery.com\\\/fr\\\/\",\"name\":\"My French Grocery\",\"description\":\"Your Online French Grocery  !\",\"publisher\":{\"@id\":\"https:\\\/\\\/my-french-grocery.com\\\/fr\\\/#organization\"},\"potentialAction\":[{\"@type\":\"SearchAction\",\"target\":{\"@type\":\"EntryPoint\",\"urlTemplate\":\"https:\\\/\\\/my-french-grocery.com\\\/fr\\\/?s={search_term_string}\"},\"query-input\":{\"@type\":\"PropertyValueSpecification\",\"valueRequired\":true,\"valueName\":\"search_term_string\"}}],\"inLanguage\":\"fr-FR\"},{\"@type\":\"Organization\",\"@id\":\"https:\\\/\\\/my-french-grocery.com\\\/fr\\\/#organization\",\"name\":\"MY FRENCH GROCERY\",\"url\":\"https:\\\/\\\/my-french-grocery.com\\\/fr\\\/\",\"logo\":{\"@type\":\"ImageObject\",\"inLanguage\":\"fr-FR\",\"@id\":\"https:\\\/\\\/my-french-grocery.com\\\/fr\\\/#\\\/schema\\\/logo\\\/image\\\/\",\"url\":\"https:\\\/\\\/my-french-grocery.com\\\/wp-content\\\/uploads\\\/2021\\\/11\\\/My-French-Grocery-Online-French-Grocery.png\",\"contentUrl\":\"https:\\\/\\\/my-french-grocery.com\\\/wp-content\\\/uploads\\\/2021\\\/11\\\/My-French-Grocery-Online-French-Grocery.png\",\"width\":100,\"height\":100,\"caption\":\"MY FRENCH GROCERY\"},\"image\":{\"@id\":\"https:\\\/\\\/my-french-grocery.com\\\/fr\\\/#\\\/schema\\\/logo\\\/image\\\/\"},\"sameAs\":[\"https:\\\/\\\/www.facebook.com\\\/myfrenchgrocery\\\/\"]}]}<\/script>\n<!-- \/ Yoast SEO plugin. -->","yoast_head_json":{"title":"Chocolat Au Lait Dessert Nestl\u00e9 | Acheter En Ligne | My French Grocery","description":"Chocolat Au Lait Dessert Nestl\u00e9 - Tablette de 170 g - NESTLE DESSERT Lait est un chocolat au lait pur beurre de cacao \u00e0 la fonte parfaite, aux ar\u00f4mes naturels de vanille et pr\u00e9par\u00e9 avec soin \u00e0 partir de f\u00e8ves s\u00e9lectionn\u00e9es.","robots":{"index":"index","follow":"follow","max-snippet":"max-snippet:-1","max-image-preview":"max-image-preview:large","max-video-preview":"max-video-preview:-1"},"canonical":"https:\/\/my-french-grocery.com\/fr\/produit\/chocolat-au-lait-dessert-nestle\/","og_locale":"fr_FR","og_type":"article","og_title":"Chocolat Au Lait Dessert Nestl\u00e9 | Acheter En Ligne | My French Grocery","og_description":"Chocolat Au Lait Dessert Nestl\u00e9 - Tablette de 170 g - NESTLE DESSERT Lait est un chocolat au lait pur beurre de cacao \u00e0 la fonte parfaite, aux ar\u00f4mes naturels de vanille et pr\u00e9par\u00e9 avec soin \u00e0 partir de f\u00e8ves s\u00e9lectionn\u00e9es.","og_url":"https:\/\/my-french-grocery.com\/fr\/produit\/chocolat-au-lait-dessert-nestle\/","og_site_name":"My French Grocery","article_publisher":"https:\/\/www.facebook.com\/myfrenchgrocery\/","article_modified_time":"2021-06-29T14:45:56+00:00","og_image":[{"width":1500,"height":1500,"url":"https:\/\/my-french-grocery.com\/wp-content\/uploads\/2021\/06\/MILK-DESSERT-CHOCOLATE-NESTLE.jpg","type":"image\/jpeg"}],"twitter_card":"summary_large_image","schema":{"@context":"https:\/\/schema.org","@graph":[{"@type":"WebPage","@id":"https:\/\/my-french-grocery.com\/fr\/produit\/chocolat-au-lait-dessert-nestle\/","url":"https:\/\/my-french-grocery.com\/fr\/produit\/chocolat-au-lait-dessert-nestle\/","name":"Chocolat Au Lait Dessert Nestl\u00e9 | Acheter En Ligne | My French Grocery","isPartOf":{"@id":"https:\/\/my-french-grocery.com\/fr\/#website"},"primaryImageOfPage":{"@id":"https:\/\/my-french-grocery.com\/fr\/produit\/chocolat-au-lait-dessert-nestle\/#primaryimage"},"image":{"@id":"https:\/\/my-french-grocery.com\/fr\/produit\/chocolat-au-lait-dessert-nestle\/#primaryimage"},"thumbnailUrl":"https:\/\/my-french-grocery.com\/wp-content\/uploads\/2021\/06\/MILK-DESSERT-CHOCOLATE-NESTLE.jpg","datePublished":"2021-06-29T14:41:24+00:00","dateModified":"2021-06-29T14:45:56+00:00","description":"Chocolat Au Lait Dessert Nestl\u00e9 - Tablette de 170 g - NESTLE DESSERT Lait est un chocolat au lait pur beurre de cacao \u00e0 la fonte parfaite, aux ar\u00f4mes naturels de vanille et pr\u00e9par\u00e9 avec soin \u00e0 partir de f\u00e8ves s\u00e9lectionn\u00e9es.","breadcrumb":{"@id":"https:\/\/my-french-grocery.com\/fr\/produit\/chocolat-au-lait-dessert-nestle\/#breadcrumb"},"inLanguage":"fr-FR","potentialAction":[{"@type":"ReadAction","target":["https:\/\/my-french-grocery.com\/fr\/produit\/chocolat-au-lait-dessert-nestle\/"]}]},{"@type":"ImageObject","inLanguage":"fr-FR","@id":"https:\/\/my-french-grocery.com\/fr\/produit\/chocolat-au-lait-dessert-nestle\/#primaryimage","url":"https:\/\/my-french-grocery.com\/wp-content\/uploads\/2021\/06\/MILK-DESSERT-CHOCOLATE-NESTLE.jpg","contentUrl":"https:\/\/my-french-grocery.com\/wp-content\/uploads\/2021\/06\/MILK-DESSERT-CHOCOLATE-NESTLE.jpg","width":1500,"height":1500,"caption":"Chocolat Au Lait Dessert Nestl\u00e9"},{"@type":"BreadcrumbList","@id":"https:\/\/my-french-grocery.com\/fr\/produit\/chocolat-au-lait-dessert-nestle\/#breadcrumb","itemListElement":[{"@type":"ListItem","position":1,"name":"Home","item":"https:\/\/my-french-grocery.com\/fr\/"},{"@type":"ListItem","position":2,"name":"Shop","item":"https:\/\/my-french-grocery.com\/shop\/"},{"@type":"ListItem","position":3,"name":"Alimentation","item":"https:\/\/my-french-grocery.com\/fr\/categorie-produit\/alimentation\/"},{"@type":"ListItem","position":4,"name":"Bonbons &amp; Chocolats","item":"https:\/\/my-french-grocery.com\/fr\/categorie-produit\/alimentation\/bonbons-chocolats\/"},{"@type":"ListItem","position":5,"name":"Chocolat","item":"https:\/\/my-french-grocery.com\/fr\/categorie-produit\/alimentation\/bonbons-chocolats\/chocolat\/"},{"@type":"ListItem","position":6,"name":"Chocolat Au Lait Dessert Nestl\u00e9"}]},{"@type":"WebSite","@id":"https:\/\/my-french-grocery.com\/fr\/#website","url":"https:\/\/my-french-grocery.com\/fr\/","name":"My French Grocery","description":"Your Online French Grocery  !","publisher":{"@id":"https:\/\/my-french-grocery.com\/fr\/#organization"},"potentialAction":[{"@type":"SearchAction","target":{"@type":"EntryPoint","urlTemplate":"https:\/\/my-french-grocery.com\/fr\/?s={search_term_string}"},"query-input":{"@type":"PropertyValueSpecification","valueRequired":true,"valueName":"search_term_string"}}],"inLanguage":"fr-FR"},{"@type":"Organization","@id":"https:\/\/my-french-grocery.com\/fr\/#organization","name":"MY FRENCH GROCERY","url":"https:\/\/my-french-grocery.com\/fr\/","logo":{"@type":"ImageObject","inLanguage":"fr-FR","@id":"https:\/\/my-french-grocery.com\/fr\/#\/schema\/logo\/image\/","url":"https:\/\/my-french-grocery.com\/wp-content\/uploads\/2021\/11\/My-French-Grocery-Online-French-Grocery.png","contentUrl":"https:\/\/my-french-grocery.com\/wp-content\/uploads\/2021\/11\/My-French-Grocery-Online-French-Grocery.png","width":100,"height":100,"caption":"MY FRENCH GROCERY"},"image":{"@id":"https:\/\/my-french-grocery.com\/fr\/#\/schema\/logo\/image\/"},"sameAs":["https:\/\/www.facebook.com\/myfrenchgrocery\/"]}]}},"brands":[{"id":4019,"name":"Nestl\u00e9","slug":"nestle-fr"}],"_links":{"self":[{"href":"https:\/\/my-french-grocery.com\/fr\/wp-json\/wp\/v2\/product\/17411","targetHints":{"allow":["GET"]}}],"collection":[{"href":"https:\/\/my-french-grocery.com\/fr\/wp-json\/wp\/v2\/product"}],"about":[{"href":"https:\/\/my-french-grocery.com\/fr\/wp-json\/wp\/v2\/types\/product"}],"replies":[{"embeddable":true,"href":"https:\/\/my-french-grocery.com\/fr\/wp-json\/wp\/v2\/comments?post=17411"}],"wp:featuredmedia":[{"embeddable":true,"href":"https:\/\/my-french-grocery.com\/fr\/wp-json\/wp\/v2\/media\/17414"}],"wp:attachment":[{"href":"https:\/\/my-french-grocery.com\/fr\/wp-json\/wp\/v2\/media?parent=17411"}],"wp:term":[{"taxonomy":"pwb-brand","embeddable":true,"href":"https:\/\/my-french-grocery.com\/fr\/wp-json\/wp\/v2\/pwb-brand?post=17411"},{"taxonomy":"product_brand","embeddable":true,"href":"https:\/\/my-french-grocery.com\/fr\/wp-json\/wp\/v2\/product_brand?post=17411"},{"taxonomy":"product_cat","embeddable":true,"href":"https:\/\/my-french-grocery.com\/fr\/wp-json\/wp\/v2\/product_cat?post=17411"},{"taxonomy":"product_tag","embeddable":true,"href":"https:\/\/my-french-grocery.com\/fr\/wp-json\/wp\/v2\/product_tag?post=17411"}],"curies":[{"name":"wp","href":"https:\/\/api.w.org\/{rel}","templated":true}]}}