{"id":17496,"date":"2021-07-05T18:48:54","date_gmt":"2021-07-05T16:48:55","guid":{"rendered":"https:\/\/my-french-grocery.com\/?post_type=product&#038;p=17496"},"modified":"2021-07-05T18:55:32","modified_gmt":"2021-07-05T16:55:32","slug":"barres-chocolat-noisettes-cracotte-lu","status":"publish","type":"product","link":"https:\/\/my-french-grocery.com\/fr\/produit\/barres-chocolat-noisettes-cracotte-lu\/","title":{"rendered":"Barres Chocolat-Noisettes Cracotte Lu"},"content":{"rendered":"<p>Barres Chocolat-Noisettes Cracotte Lu<\/p>\n<p>Boite de 216 g<\/p>\n<div class=\"secondary-details-intro\">\n<div class=\"regulated-name\">\n<div class=\"secondary-details-intro\">\n<div class=\"regulated-name\">\n<div class=\"secondary-details-intro\">\n<div class=\"regulated-name\">\n<div class=\"secondary-details-intro\">\n<div class=\"regulated-name\">\n<p class=\"paragraph\">B\u00e2tonnets au bl\u00e9 fourr\u00e9s (58 %) go\u00fbt chocolat et noisette.<\/p>\n<\/div>\n<\/div>\n<div class=\"secondary-details__description\">Envie de conna\u00eetre le secret de la bonne humeur au petit d\u00e9jeuner et au go\u00fbter ? Pour bien vous reconnecter, craquez en famille pour Cracotte et son Crac-Crac ! C&rsquo;est pratique : pas besoin de tartiner et les enfants \u00e9vitent de se tacher !<\/div>\n<\/div>\n<\/div>\n<\/div>\n<\/div>\n<\/div>\n<\/div>\n","protected":false},"excerpt":{"rendered":"<p>Barres Chocolat-Noisettes Cracotte Lu<\/p>\n<p>Boite de 216 g<\/p>\n","protected":false},"featured_media":17499,"comment_status":"open","ping_status":"closed","template":"","meta":[],"pwb-brand":[754],"product_brand":[],"product_cat":[1024],"product_tag":[2155],"class_list":{"0":"post-17496","1":"product","2":"type-product","3":"status-publish","4":"has-post-thumbnail","6":"pwb-brand-lu-fr","7":"product_cat-pain","8":"product_tag-cracotte-fr","9":"product_shipping_class-expedition-dans-le-monde-entier","11":"first","12":"instock","13":"taxable","14":"shipping-taxable","15":"purchasable","16":"product-type-simple"},"yoast_head":"<!-- This site is optimized with the Yoast SEO plugin v27.3 - https:\/\/yoast.com\/product\/yoast-seo-wordpress\/ -->\n<title>Barres Chocolat-Noisettes Cracotte Lu | Acheter En Ligne | My French Grocery<\/title>\n<meta name=\"description\" content=\"Barres Chocolat-Noisettes Cracotte Lu - Boite de 216 g - B\u00e2tonnets au bl\u00e9 fourr\u00e9s (58 %) go\u00fbt chocolat et noisette.\" \/>\n<meta name=\"robots\" content=\"index, follow, max-snippet:-1, max-image-preview:large, max-video-preview:-1\" \/>\n<link rel=\"canonical\" href=\"https:\/\/my-french-grocery.com\/fr\/produit\/barres-chocolat-noisettes-cracotte-lu\/\" \/>\n<meta property=\"og:locale\" content=\"fr_FR\" \/>\n<meta property=\"og:type\" content=\"article\" \/>\n<meta property=\"og:title\" content=\"Barres Chocolat-Noisettes Cracotte Lu | Acheter En Ligne | My French Grocery\" \/>\n<meta property=\"og:description\" content=\"Barres Chocolat-Noisettes Cracotte Lu - Boite de 216 g - B\u00e2tonnets au bl\u00e9 fourr\u00e9s (58 %) go\u00fbt chocolat et noisette.\" \/>\n<meta property=\"og:url\" content=\"https:\/\/my-french-grocery.com\/fr\/produit\/barres-chocolat-noisettes-cracotte-lu\/\" \/>\n<meta property=\"og:site_name\" content=\"My French Grocery\" \/>\n<meta property=\"article:publisher\" content=\"https:\/\/www.facebook.com\/myfrenchgrocery\/\" \/>\n<meta property=\"article:modified_time\" content=\"2021-07-05T16:55:32+00:00\" \/>\n<meta property=\"og:image\" content=\"https:\/\/my-french-grocery.com\/wp-content\/uploads\/2021\/07\/CRACOTTES-CHOCO-NOISETTES.jpg\" \/>\n\t<meta property=\"og:image:width\" content=\"1500\" \/>\n\t<meta property=\"og:image:height\" content=\"1500\" \/>\n\t<meta property=\"og:image:type\" content=\"image\/jpeg\" \/>\n<meta name=\"twitter:card\" content=\"summary_large_image\" \/>\n<script type=\"application\/ld+json\" class=\"yoast-schema-graph\">{\"@context\":\"https:\\\/\\\/schema.org\",\"@graph\":[{\"@type\":\"WebPage\",\"@id\":\"https:\\\/\\\/my-french-grocery.com\\\/fr\\\/produit\\\/barres-chocolat-noisettes-cracotte-lu\\\/\",\"url\":\"https:\\\/\\\/my-french-grocery.com\\\/fr\\\/produit\\\/barres-chocolat-noisettes-cracotte-lu\\\/\",\"name\":\"Barres Chocolat-Noisettes Cracotte Lu | Acheter En Ligne | My French Grocery\",\"isPartOf\":{\"@id\":\"https:\\\/\\\/my-french-grocery.com\\\/fr\\\/#website\"},\"primaryImageOfPage\":{\"@id\":\"https:\\\/\\\/my-french-grocery.com\\\/fr\\\/produit\\\/barres-chocolat-noisettes-cracotte-lu\\\/#primaryimage\"},\"image\":{\"@id\":\"https:\\\/\\\/my-french-grocery.com\\\/fr\\\/produit\\\/barres-chocolat-noisettes-cracotte-lu\\\/#primaryimage\"},\"thumbnailUrl\":\"https:\\\/\\\/my-french-grocery.com\\\/wp-content\\\/uploads\\\/2021\\\/07\\\/CRACOTTES-CHOCO-NOISETTES.jpg\",\"datePublished\":\"2021-07-05T16:48:55+00:00\",\"dateModified\":\"2021-07-05T16:55:32+00:00\",\"description\":\"Barres Chocolat-Noisettes Cracotte Lu - Boite de 216 g - B\u00e2tonnets au bl\u00e9 fourr\u00e9s (58 %) go\u00fbt chocolat et noisette.\",\"breadcrumb\":{\"@id\":\"https:\\\/\\\/my-french-grocery.com\\\/fr\\\/produit\\\/barres-chocolat-noisettes-cracotte-lu\\\/#breadcrumb\"},\"inLanguage\":\"fr-FR\",\"potentialAction\":[{\"@type\":\"ReadAction\",\"target\":[\"https:\\\/\\\/my-french-grocery.com\\\/fr\\\/produit\\\/barres-chocolat-noisettes-cracotte-lu\\\/\"]}]},{\"@type\":\"ImageObject\",\"inLanguage\":\"fr-FR\",\"@id\":\"https:\\\/\\\/my-french-grocery.com\\\/fr\\\/produit\\\/barres-chocolat-noisettes-cracotte-lu\\\/#primaryimage\",\"url\":\"https:\\\/\\\/my-french-grocery.com\\\/wp-content\\\/uploads\\\/2021\\\/07\\\/CRACOTTES-CHOCO-NOISETTES.jpg\",\"contentUrl\":\"https:\\\/\\\/my-french-grocery.com\\\/wp-content\\\/uploads\\\/2021\\\/07\\\/CRACOTTES-CHOCO-NOISETTES.jpg\",\"width\":1500,\"height\":1500,\"caption\":\"Barres Chocolat-Noisettes Cracotte Lu\"},{\"@type\":\"BreadcrumbList\",\"@id\":\"https:\\\/\\\/my-french-grocery.com\\\/fr\\\/produit\\\/barres-chocolat-noisettes-cracotte-lu\\\/#breadcrumb\",\"itemListElement\":[{\"@type\":\"ListItem\",\"position\":1,\"name\":\"Home\",\"item\":\"https:\\\/\\\/my-french-grocery.com\\\/fr\\\/\"},{\"@type\":\"ListItem\",\"position\":2,\"name\":\"Shop\",\"item\":\"https:\\\/\\\/my-french-grocery.com\\\/shop\\\/\"},{\"@type\":\"ListItem\",\"position\":3,\"name\":\"Alimentation\",\"item\":\"https:\\\/\\\/my-french-grocery.com\\\/fr\\\/categorie-produit\\\/alimentation\\\/\"},{\"@type\":\"ListItem\",\"position\":4,\"name\":\"Pain - P\u00e2tisserie\",\"item\":\"https:\\\/\\\/my-french-grocery.com\\\/fr\\\/categorie-produit\\\/alimentation\\\/pain-patisserie\\\/\"},{\"@type\":\"ListItem\",\"position\":5,\"name\":\"Pain\",\"item\":\"https:\\\/\\\/my-french-grocery.com\\\/fr\\\/categorie-produit\\\/alimentation\\\/pain-patisserie\\\/pain\\\/\"},{\"@type\":\"ListItem\",\"position\":6,\"name\":\"Barres Chocolat-Noisettes Cracotte Lu\"}]},{\"@type\":\"WebSite\",\"@id\":\"https:\\\/\\\/my-french-grocery.com\\\/fr\\\/#website\",\"url\":\"https:\\\/\\\/my-french-grocery.com\\\/fr\\\/\",\"name\":\"My French Grocery\",\"description\":\"Your Online French Grocery  !\",\"publisher\":{\"@id\":\"https:\\\/\\\/my-french-grocery.com\\\/fr\\\/#organization\"},\"potentialAction\":[{\"@type\":\"SearchAction\",\"target\":{\"@type\":\"EntryPoint\",\"urlTemplate\":\"https:\\\/\\\/my-french-grocery.com\\\/fr\\\/?s={search_term_string}\"},\"query-input\":{\"@type\":\"PropertyValueSpecification\",\"valueRequired\":true,\"valueName\":\"search_term_string\"}}],\"inLanguage\":\"fr-FR\"},{\"@type\":\"Organization\",\"@id\":\"https:\\\/\\\/my-french-grocery.com\\\/fr\\\/#organization\",\"name\":\"MY FRENCH GROCERY\",\"url\":\"https:\\\/\\\/my-french-grocery.com\\\/fr\\\/\",\"logo\":{\"@type\":\"ImageObject\",\"inLanguage\":\"fr-FR\",\"@id\":\"https:\\\/\\\/my-french-grocery.com\\\/fr\\\/#\\\/schema\\\/logo\\\/image\\\/\",\"url\":\"https:\\\/\\\/my-french-grocery.com\\\/wp-content\\\/uploads\\\/2021\\\/11\\\/My-French-Grocery-Online-French-Grocery.png\",\"contentUrl\":\"https:\\\/\\\/my-french-grocery.com\\\/wp-content\\\/uploads\\\/2021\\\/11\\\/My-French-Grocery-Online-French-Grocery.png\",\"width\":100,\"height\":100,\"caption\":\"MY FRENCH GROCERY\"},\"image\":{\"@id\":\"https:\\\/\\\/my-french-grocery.com\\\/fr\\\/#\\\/schema\\\/logo\\\/image\\\/\"},\"sameAs\":[\"https:\\\/\\\/www.facebook.com\\\/myfrenchgrocery\\\/\"]}]}<\/script>\n<!-- \/ Yoast SEO plugin. -->","yoast_head_json":{"title":"Barres Chocolat-Noisettes Cracotte Lu | Acheter En Ligne | My French Grocery","description":"Barres Chocolat-Noisettes Cracotte Lu - Boite de 216 g - B\u00e2tonnets au bl\u00e9 fourr\u00e9s (58 %) go\u00fbt chocolat et noisette.","robots":{"index":"index","follow":"follow","max-snippet":"max-snippet:-1","max-image-preview":"max-image-preview:large","max-video-preview":"max-video-preview:-1"},"canonical":"https:\/\/my-french-grocery.com\/fr\/produit\/barres-chocolat-noisettes-cracotte-lu\/","og_locale":"fr_FR","og_type":"article","og_title":"Barres Chocolat-Noisettes Cracotte Lu | Acheter En Ligne | My French Grocery","og_description":"Barres Chocolat-Noisettes Cracotte Lu - Boite de 216 g - B\u00e2tonnets au bl\u00e9 fourr\u00e9s (58 %) go\u00fbt chocolat et noisette.","og_url":"https:\/\/my-french-grocery.com\/fr\/produit\/barres-chocolat-noisettes-cracotte-lu\/","og_site_name":"My French Grocery","article_publisher":"https:\/\/www.facebook.com\/myfrenchgrocery\/","article_modified_time":"2021-07-05T16:55:32+00:00","og_image":[{"width":1500,"height":1500,"url":"https:\/\/my-french-grocery.com\/wp-content\/uploads\/2021\/07\/CRACOTTES-CHOCO-NOISETTES.jpg","type":"image\/jpeg"}],"twitter_card":"summary_large_image","schema":{"@context":"https:\/\/schema.org","@graph":[{"@type":"WebPage","@id":"https:\/\/my-french-grocery.com\/fr\/produit\/barres-chocolat-noisettes-cracotte-lu\/","url":"https:\/\/my-french-grocery.com\/fr\/produit\/barres-chocolat-noisettes-cracotte-lu\/","name":"Barres Chocolat-Noisettes Cracotte Lu | Acheter En Ligne | My French Grocery","isPartOf":{"@id":"https:\/\/my-french-grocery.com\/fr\/#website"},"primaryImageOfPage":{"@id":"https:\/\/my-french-grocery.com\/fr\/produit\/barres-chocolat-noisettes-cracotte-lu\/#primaryimage"},"image":{"@id":"https:\/\/my-french-grocery.com\/fr\/produit\/barres-chocolat-noisettes-cracotte-lu\/#primaryimage"},"thumbnailUrl":"https:\/\/my-french-grocery.com\/wp-content\/uploads\/2021\/07\/CRACOTTES-CHOCO-NOISETTES.jpg","datePublished":"2021-07-05T16:48:55+00:00","dateModified":"2021-07-05T16:55:32+00:00","description":"Barres Chocolat-Noisettes Cracotte Lu - Boite de 216 g - B\u00e2tonnets au bl\u00e9 fourr\u00e9s (58 %) go\u00fbt chocolat et noisette.","breadcrumb":{"@id":"https:\/\/my-french-grocery.com\/fr\/produit\/barres-chocolat-noisettes-cracotte-lu\/#breadcrumb"},"inLanguage":"fr-FR","potentialAction":[{"@type":"ReadAction","target":["https:\/\/my-french-grocery.com\/fr\/produit\/barres-chocolat-noisettes-cracotte-lu\/"]}]},{"@type":"ImageObject","inLanguage":"fr-FR","@id":"https:\/\/my-french-grocery.com\/fr\/produit\/barres-chocolat-noisettes-cracotte-lu\/#primaryimage","url":"https:\/\/my-french-grocery.com\/wp-content\/uploads\/2021\/07\/CRACOTTES-CHOCO-NOISETTES.jpg","contentUrl":"https:\/\/my-french-grocery.com\/wp-content\/uploads\/2021\/07\/CRACOTTES-CHOCO-NOISETTES.jpg","width":1500,"height":1500,"caption":"Barres Chocolat-Noisettes Cracotte Lu"},{"@type":"BreadcrumbList","@id":"https:\/\/my-french-grocery.com\/fr\/produit\/barres-chocolat-noisettes-cracotte-lu\/#breadcrumb","itemListElement":[{"@type":"ListItem","position":1,"name":"Home","item":"https:\/\/my-french-grocery.com\/fr\/"},{"@type":"ListItem","position":2,"name":"Shop","item":"https:\/\/my-french-grocery.com\/shop\/"},{"@type":"ListItem","position":3,"name":"Alimentation","item":"https:\/\/my-french-grocery.com\/fr\/categorie-produit\/alimentation\/"},{"@type":"ListItem","position":4,"name":"Pain - P\u00e2tisserie","item":"https:\/\/my-french-grocery.com\/fr\/categorie-produit\/alimentation\/pain-patisserie\/"},{"@type":"ListItem","position":5,"name":"Pain","item":"https:\/\/my-french-grocery.com\/fr\/categorie-produit\/alimentation\/pain-patisserie\/pain\/"},{"@type":"ListItem","position":6,"name":"Barres Chocolat-Noisettes Cracotte Lu"}]},{"@type":"WebSite","@id":"https:\/\/my-french-grocery.com\/fr\/#website","url":"https:\/\/my-french-grocery.com\/fr\/","name":"My French Grocery","description":"Your Online French Grocery  !","publisher":{"@id":"https:\/\/my-french-grocery.com\/fr\/#organization"},"potentialAction":[{"@type":"SearchAction","target":{"@type":"EntryPoint","urlTemplate":"https:\/\/my-french-grocery.com\/fr\/?s={search_term_string}"},"query-input":{"@type":"PropertyValueSpecification","valueRequired":true,"valueName":"search_term_string"}}],"inLanguage":"fr-FR"},{"@type":"Organization","@id":"https:\/\/my-french-grocery.com\/fr\/#organization","name":"MY FRENCH GROCERY","url":"https:\/\/my-french-grocery.com\/fr\/","logo":{"@type":"ImageObject","inLanguage":"fr-FR","@id":"https:\/\/my-french-grocery.com\/fr\/#\/schema\/logo\/image\/","url":"https:\/\/my-french-grocery.com\/wp-content\/uploads\/2021\/11\/My-French-Grocery-Online-French-Grocery.png","contentUrl":"https:\/\/my-french-grocery.com\/wp-content\/uploads\/2021\/11\/My-French-Grocery-Online-French-Grocery.png","width":100,"height":100,"caption":"MY FRENCH GROCERY"},"image":{"@id":"https:\/\/my-french-grocery.com\/fr\/#\/schema\/logo\/image\/"},"sameAs":["https:\/\/www.facebook.com\/myfrenchgrocery\/"]}]}},"brands":[{"id":754,"name":"Lu","slug":"lu-fr"}],"_links":{"self":[{"href":"https:\/\/my-french-grocery.com\/fr\/wp-json\/wp\/v2\/product\/17496","targetHints":{"allow":["GET"]}}],"collection":[{"href":"https:\/\/my-french-grocery.com\/fr\/wp-json\/wp\/v2\/product"}],"about":[{"href":"https:\/\/my-french-grocery.com\/fr\/wp-json\/wp\/v2\/types\/product"}],"replies":[{"embeddable":true,"href":"https:\/\/my-french-grocery.com\/fr\/wp-json\/wp\/v2\/comments?post=17496"}],"wp:featuredmedia":[{"embeddable":true,"href":"https:\/\/my-french-grocery.com\/fr\/wp-json\/wp\/v2\/media\/17499"}],"wp:attachment":[{"href":"https:\/\/my-french-grocery.com\/fr\/wp-json\/wp\/v2\/media?parent=17496"}],"wp:term":[{"taxonomy":"pwb-brand","embeddable":true,"href":"https:\/\/my-french-grocery.com\/fr\/wp-json\/wp\/v2\/pwb-brand?post=17496"},{"taxonomy":"product_brand","embeddable":true,"href":"https:\/\/my-french-grocery.com\/fr\/wp-json\/wp\/v2\/product_brand?post=17496"},{"taxonomy":"product_cat","embeddable":true,"href":"https:\/\/my-french-grocery.com\/fr\/wp-json\/wp\/v2\/product_cat?post=17496"},{"taxonomy":"product_tag","embeddable":true,"href":"https:\/\/my-french-grocery.com\/fr\/wp-json\/wp\/v2\/product_tag?post=17496"}],"curies":[{"name":"wp","href":"https:\/\/api.w.org\/{rel}","templated":true}]}}