{"id":17546,"date":"2021-07-06T16:19:22","date_gmt":"2021-07-06T14:19:22","guid":{"rendered":"https:\/\/my-french-grocery.com\/?post_type=product&#038;p=17546"},"modified":"2021-07-06T16:36:49","modified_gmt":"2021-07-06T14:36:49","slug":"sardines-a-lhuile-dolive-citron-label-rouge-le-tresor-des-dieux","status":"publish","type":"product","link":"https:\/\/my-french-grocery.com\/fr\/produit\/sardines-a-lhuile-dolive-citron-label-rouge-le-tresor-des-dieux\/","title":{"rendered":"Sardines \u00e0 L&rsquo;Huile D&rsquo;olive &#038; Citron Label Rouge Le Tr\u00e9sor Des Dieux"},"content":{"rendered":"<p>Sardines \u00e0 L&rsquo;Huile D&rsquo;olive &amp; Citron Label Rouge Le Tr\u00e9sor Des Dieux<\/p>\n<p>Boite de 115g<\/p>\n<div class=\"regulated-name\">\n<div class=\"regulated-name\">\n<p class=\"paragraph\">Sardines Huile Olive et Citron LABEL ROUGE<\/p>\n<\/div>\n<\/div>\n<p>Vous allez d\u00e9guster une sardine de grande qualit\u00e9, une sardine Label Rouge. Elle vous \u00e9tonnera par son moelleux et sa finesse.<\/p>\n","protected":false},"excerpt":{"rendered":"<p>Sardines \u00e0 L&rsquo;Huile D&rsquo;olive &amp; Citron Label Rouge Le Tr\u00e9sor Des Dieux<\/p>\n<p>Boite de 115g<\/p>\n<div class=\"regulated-name\">\n<div class=\"regulated-name\">\n<p class=\"paragraph\">Sardines Huile Olive et Citron LABEL ROUGE<\/p>\n<\/div>\n<\/div>\n<div class=\"regulated-name\">\n<p class=\"paragraph\">Sardines \u00e0 l&rsquo;huile d&rsquo;olive vierge extra LABEL ROUGE<\/p>\n<\/div>\n","protected":false},"featured_media":17549,"comment_status":"open","ping_status":"closed","template":"","meta":[],"pwb-brand":[2164],"product_brand":[],"product_cat":[1046],"product_tag":[2165],"class_list":{"0":"post-17546","1":"product","2":"type-product","3":"status-publish","4":"has-post-thumbnail","6":"pwb-brand-les-dieux-fr-2","7":"product_cat-produits-de-la-mer","8":"product_tag-sardines-fr","9":"product_shipping_class-expedition-dans-le-monde-entier","11":"first","12":"instock","13":"taxable","14":"shipping-taxable","15":"purchasable","16":"product-type-simple"},"yoast_head":"<!-- This site is optimized with the Yoast SEO plugin v27.3 - https:\/\/yoast.com\/product\/yoast-seo-wordpress\/ -->\n<title>Sardines \u00e0 L&#039;Huile D&#039;olive &amp; Citron Label Rouge Le Tr\u00e9sor Des Dieux | Acheter En Ligne | My French Grocery<\/title>\n<meta name=\"description\" content=\"Sardines \u00e0 L&#039;Huile D&#039;olive &amp; Citron Label Rouge Le Tr\u00e9sor Des Dieux - Boite de 115g - Sardines Huile Olive et Citron LABEL ROUGE\" \/>\n<meta name=\"robots\" content=\"index, follow, max-snippet:-1, max-image-preview:large, max-video-preview:-1\" \/>\n<link rel=\"canonical\" href=\"https:\/\/my-french-grocery.com\/fr\/produit\/sardines-a-lhuile-dolive-citron-label-rouge-le-tresor-des-dieux\/\" \/>\n<meta property=\"og:locale\" content=\"fr_FR\" \/>\n<meta property=\"og:type\" content=\"article\" \/>\n<meta property=\"og:title\" content=\"Sardines \u00e0 L&#039;Huile D&#039;olive &amp; Citron Label Rouge Le Tr\u00e9sor Des Dieux | Acheter En Ligne | My French Grocery\" \/>\n<meta property=\"og:description\" content=\"Sardines \u00e0 L&#039;Huile D&#039;olive &amp; Citron Label Rouge Le Tr\u00e9sor Des Dieux - Boite de 115g - Sardines Huile Olive et Citron LABEL ROUGE\" \/>\n<meta property=\"og:url\" content=\"https:\/\/my-french-grocery.com\/fr\/produit\/sardines-a-lhuile-dolive-citron-label-rouge-le-tresor-des-dieux\/\" \/>\n<meta property=\"og:site_name\" content=\"My French Grocery\" \/>\n<meta property=\"article:publisher\" content=\"https:\/\/www.facebook.com\/myfrenchgrocery\/\" \/>\n<meta property=\"article:modified_time\" content=\"2021-07-06T14:36:49+00:00\" \/>\n<meta property=\"og:image\" content=\"https:\/\/my-french-grocery.com\/wp-content\/uploads\/2021\/07\/SARDINES-HUILE-CITRONLES-DIEUX.jpg\" \/>\n\t<meta property=\"og:image:width\" content=\"1500\" \/>\n\t<meta property=\"og:image:height\" content=\"1500\" \/>\n\t<meta property=\"og:image:type\" content=\"image\/jpeg\" \/>\n<meta name=\"twitter:card\" content=\"summary_large_image\" \/>\n<script type=\"application\/ld+json\" class=\"yoast-schema-graph\">{\"@context\":\"https:\\\/\\\/schema.org\",\"@graph\":[{\"@type\":\"WebPage\",\"@id\":\"https:\\\/\\\/my-french-grocery.com\\\/fr\\\/produit\\\/sardines-a-lhuile-dolive-citron-label-rouge-le-tresor-des-dieux\\\/\",\"url\":\"https:\\\/\\\/my-french-grocery.com\\\/fr\\\/produit\\\/sardines-a-lhuile-dolive-citron-label-rouge-le-tresor-des-dieux\\\/\",\"name\":\"Sardines \u00e0 L'Huile D'olive & Citron Label Rouge Le Tr\u00e9sor Des Dieux | Acheter En Ligne | My French Grocery\",\"isPartOf\":{\"@id\":\"https:\\\/\\\/my-french-grocery.com\\\/fr\\\/#website\"},\"primaryImageOfPage\":{\"@id\":\"https:\\\/\\\/my-french-grocery.com\\\/fr\\\/produit\\\/sardines-a-lhuile-dolive-citron-label-rouge-le-tresor-des-dieux\\\/#primaryimage\"},\"image\":{\"@id\":\"https:\\\/\\\/my-french-grocery.com\\\/fr\\\/produit\\\/sardines-a-lhuile-dolive-citron-label-rouge-le-tresor-des-dieux\\\/#primaryimage\"},\"thumbnailUrl\":\"https:\\\/\\\/my-french-grocery.com\\\/wp-content\\\/uploads\\\/2021\\\/07\\\/SARDINES-HUILE-CITRONLES-DIEUX.jpg\",\"datePublished\":\"2021-07-06T14:19:22+00:00\",\"dateModified\":\"2021-07-06T14:36:49+00:00\",\"description\":\"Sardines \u00e0 L'Huile D'olive & Citron Label Rouge Le Tr\u00e9sor Des Dieux - Boite de 115g - Sardines Huile Olive et Citron LABEL ROUGE\",\"breadcrumb\":{\"@id\":\"https:\\\/\\\/my-french-grocery.com\\\/fr\\\/produit\\\/sardines-a-lhuile-dolive-citron-label-rouge-le-tresor-des-dieux\\\/#breadcrumb\"},\"inLanguage\":\"fr-FR\",\"potentialAction\":[{\"@type\":\"ReadAction\",\"target\":[\"https:\\\/\\\/my-french-grocery.com\\\/fr\\\/produit\\\/sardines-a-lhuile-dolive-citron-label-rouge-le-tresor-des-dieux\\\/\"]}]},{\"@type\":\"ImageObject\",\"inLanguage\":\"fr-FR\",\"@id\":\"https:\\\/\\\/my-french-grocery.com\\\/fr\\\/produit\\\/sardines-a-lhuile-dolive-citron-label-rouge-le-tresor-des-dieux\\\/#primaryimage\",\"url\":\"https:\\\/\\\/my-french-grocery.com\\\/wp-content\\\/uploads\\\/2021\\\/07\\\/SARDINES-HUILE-CITRONLES-DIEUX.jpg\",\"contentUrl\":\"https:\\\/\\\/my-french-grocery.com\\\/wp-content\\\/uploads\\\/2021\\\/07\\\/SARDINES-HUILE-CITRONLES-DIEUX.jpg\",\"width\":1500,\"height\":1500,\"caption\":\"Sardines \u00e0 L'Huile D'olive & Citron Label Rouge Le Tr\u00e9sor Des Dieux\"},{\"@type\":\"BreadcrumbList\",\"@id\":\"https:\\\/\\\/my-french-grocery.com\\\/fr\\\/produit\\\/sardines-a-lhuile-dolive-citron-label-rouge-le-tresor-des-dieux\\\/#breadcrumb\",\"itemListElement\":[{\"@type\":\"ListItem\",\"position\":1,\"name\":\"Home\",\"item\":\"https:\\\/\\\/my-french-grocery.com\\\/fr\\\/\"},{\"@type\":\"ListItem\",\"position\":2,\"name\":\"Shop\",\"item\":\"https:\\\/\\\/my-french-grocery.com\\\/shop\\\/\"},{\"@type\":\"ListItem\",\"position\":3,\"name\":\"Alimentation\",\"item\":\"https:\\\/\\\/my-french-grocery.com\\\/fr\\\/categorie-produit\\\/alimentation\\\/\"},{\"@type\":\"ListItem\",\"position\":4,\"name\":\"Produits de La Mer\",\"item\":\"https:\\\/\\\/my-french-grocery.com\\\/fr\\\/categorie-produit\\\/alimentation\\\/produits-de-la-mer\\\/\"},{\"@type\":\"ListItem\",\"position\":5,\"name\":\"Sardines \u00e0 L&#8217;Huile D&#8217;olive &#038; Citron Label Rouge Le Tr\u00e9sor Des Dieux\"}]},{\"@type\":\"WebSite\",\"@id\":\"https:\\\/\\\/my-french-grocery.com\\\/fr\\\/#website\",\"url\":\"https:\\\/\\\/my-french-grocery.com\\\/fr\\\/\",\"name\":\"My French Grocery\",\"description\":\"Your Online French Grocery  !\",\"publisher\":{\"@id\":\"https:\\\/\\\/my-french-grocery.com\\\/fr\\\/#organization\"},\"potentialAction\":[{\"@type\":\"SearchAction\",\"target\":{\"@type\":\"EntryPoint\",\"urlTemplate\":\"https:\\\/\\\/my-french-grocery.com\\\/fr\\\/?s={search_term_string}\"},\"query-input\":{\"@type\":\"PropertyValueSpecification\",\"valueRequired\":true,\"valueName\":\"search_term_string\"}}],\"inLanguage\":\"fr-FR\"},{\"@type\":\"Organization\",\"@id\":\"https:\\\/\\\/my-french-grocery.com\\\/fr\\\/#organization\",\"name\":\"MY FRENCH GROCERY\",\"url\":\"https:\\\/\\\/my-french-grocery.com\\\/fr\\\/\",\"logo\":{\"@type\":\"ImageObject\",\"inLanguage\":\"fr-FR\",\"@id\":\"https:\\\/\\\/my-french-grocery.com\\\/fr\\\/#\\\/schema\\\/logo\\\/image\\\/\",\"url\":\"https:\\\/\\\/my-french-grocery.com\\\/wp-content\\\/uploads\\\/2021\\\/11\\\/My-French-Grocery-Online-French-Grocery.png\",\"contentUrl\":\"https:\\\/\\\/my-french-grocery.com\\\/wp-content\\\/uploads\\\/2021\\\/11\\\/My-French-Grocery-Online-French-Grocery.png\",\"width\":100,\"height\":100,\"caption\":\"MY FRENCH GROCERY\"},\"image\":{\"@id\":\"https:\\\/\\\/my-french-grocery.com\\\/fr\\\/#\\\/schema\\\/logo\\\/image\\\/\"},\"sameAs\":[\"https:\\\/\\\/www.facebook.com\\\/myfrenchgrocery\\\/\"]}]}<\/script>\n<!-- \/ Yoast SEO plugin. -->","yoast_head_json":{"title":"Sardines \u00e0 L'Huile D'olive & Citron Label Rouge Le Tr\u00e9sor Des Dieux | Acheter En Ligne | My French Grocery","description":"Sardines \u00e0 L'Huile D'olive & Citron Label Rouge Le Tr\u00e9sor Des Dieux - Boite de 115g - Sardines Huile Olive et Citron LABEL ROUGE","robots":{"index":"index","follow":"follow","max-snippet":"max-snippet:-1","max-image-preview":"max-image-preview:large","max-video-preview":"max-video-preview:-1"},"canonical":"https:\/\/my-french-grocery.com\/fr\/produit\/sardines-a-lhuile-dolive-citron-label-rouge-le-tresor-des-dieux\/","og_locale":"fr_FR","og_type":"article","og_title":"Sardines \u00e0 L'Huile D'olive & Citron Label Rouge Le Tr\u00e9sor Des Dieux | Acheter En Ligne | My French Grocery","og_description":"Sardines \u00e0 L'Huile D'olive & Citron Label Rouge Le Tr\u00e9sor Des Dieux - Boite de 115g - Sardines Huile Olive et Citron LABEL ROUGE","og_url":"https:\/\/my-french-grocery.com\/fr\/produit\/sardines-a-lhuile-dolive-citron-label-rouge-le-tresor-des-dieux\/","og_site_name":"My French Grocery","article_publisher":"https:\/\/www.facebook.com\/myfrenchgrocery\/","article_modified_time":"2021-07-06T14:36:49+00:00","og_image":[{"width":1500,"height":1500,"url":"https:\/\/my-french-grocery.com\/wp-content\/uploads\/2021\/07\/SARDINES-HUILE-CITRONLES-DIEUX.jpg","type":"image\/jpeg"}],"twitter_card":"summary_large_image","schema":{"@context":"https:\/\/schema.org","@graph":[{"@type":"WebPage","@id":"https:\/\/my-french-grocery.com\/fr\/produit\/sardines-a-lhuile-dolive-citron-label-rouge-le-tresor-des-dieux\/","url":"https:\/\/my-french-grocery.com\/fr\/produit\/sardines-a-lhuile-dolive-citron-label-rouge-le-tresor-des-dieux\/","name":"Sardines \u00e0 L'Huile D'olive & Citron Label Rouge Le Tr\u00e9sor Des Dieux | Acheter En Ligne | My French Grocery","isPartOf":{"@id":"https:\/\/my-french-grocery.com\/fr\/#website"},"primaryImageOfPage":{"@id":"https:\/\/my-french-grocery.com\/fr\/produit\/sardines-a-lhuile-dolive-citron-label-rouge-le-tresor-des-dieux\/#primaryimage"},"image":{"@id":"https:\/\/my-french-grocery.com\/fr\/produit\/sardines-a-lhuile-dolive-citron-label-rouge-le-tresor-des-dieux\/#primaryimage"},"thumbnailUrl":"https:\/\/my-french-grocery.com\/wp-content\/uploads\/2021\/07\/SARDINES-HUILE-CITRONLES-DIEUX.jpg","datePublished":"2021-07-06T14:19:22+00:00","dateModified":"2021-07-06T14:36:49+00:00","description":"Sardines \u00e0 L'Huile D'olive & Citron Label Rouge Le Tr\u00e9sor Des Dieux - Boite de 115g - Sardines Huile Olive et Citron LABEL ROUGE","breadcrumb":{"@id":"https:\/\/my-french-grocery.com\/fr\/produit\/sardines-a-lhuile-dolive-citron-label-rouge-le-tresor-des-dieux\/#breadcrumb"},"inLanguage":"fr-FR","potentialAction":[{"@type":"ReadAction","target":["https:\/\/my-french-grocery.com\/fr\/produit\/sardines-a-lhuile-dolive-citron-label-rouge-le-tresor-des-dieux\/"]}]},{"@type":"ImageObject","inLanguage":"fr-FR","@id":"https:\/\/my-french-grocery.com\/fr\/produit\/sardines-a-lhuile-dolive-citron-label-rouge-le-tresor-des-dieux\/#primaryimage","url":"https:\/\/my-french-grocery.com\/wp-content\/uploads\/2021\/07\/SARDINES-HUILE-CITRONLES-DIEUX.jpg","contentUrl":"https:\/\/my-french-grocery.com\/wp-content\/uploads\/2021\/07\/SARDINES-HUILE-CITRONLES-DIEUX.jpg","width":1500,"height":1500,"caption":"Sardines \u00e0 L'Huile D'olive & Citron Label Rouge Le Tr\u00e9sor Des Dieux"},{"@type":"BreadcrumbList","@id":"https:\/\/my-french-grocery.com\/fr\/produit\/sardines-a-lhuile-dolive-citron-label-rouge-le-tresor-des-dieux\/#breadcrumb","itemListElement":[{"@type":"ListItem","position":1,"name":"Home","item":"https:\/\/my-french-grocery.com\/fr\/"},{"@type":"ListItem","position":2,"name":"Shop","item":"https:\/\/my-french-grocery.com\/shop\/"},{"@type":"ListItem","position":3,"name":"Alimentation","item":"https:\/\/my-french-grocery.com\/fr\/categorie-produit\/alimentation\/"},{"@type":"ListItem","position":4,"name":"Produits de La Mer","item":"https:\/\/my-french-grocery.com\/fr\/categorie-produit\/alimentation\/produits-de-la-mer\/"},{"@type":"ListItem","position":5,"name":"Sardines \u00e0 L&#8217;Huile D&#8217;olive &#038; Citron Label Rouge Le Tr\u00e9sor Des Dieux"}]},{"@type":"WebSite","@id":"https:\/\/my-french-grocery.com\/fr\/#website","url":"https:\/\/my-french-grocery.com\/fr\/","name":"My French Grocery","description":"Your Online French Grocery  !","publisher":{"@id":"https:\/\/my-french-grocery.com\/fr\/#organization"},"potentialAction":[{"@type":"SearchAction","target":{"@type":"EntryPoint","urlTemplate":"https:\/\/my-french-grocery.com\/fr\/?s={search_term_string}"},"query-input":{"@type":"PropertyValueSpecification","valueRequired":true,"valueName":"search_term_string"}}],"inLanguage":"fr-FR"},{"@type":"Organization","@id":"https:\/\/my-french-grocery.com\/fr\/#organization","name":"MY FRENCH GROCERY","url":"https:\/\/my-french-grocery.com\/fr\/","logo":{"@type":"ImageObject","inLanguage":"fr-FR","@id":"https:\/\/my-french-grocery.com\/fr\/#\/schema\/logo\/image\/","url":"https:\/\/my-french-grocery.com\/wp-content\/uploads\/2021\/11\/My-French-Grocery-Online-French-Grocery.png","contentUrl":"https:\/\/my-french-grocery.com\/wp-content\/uploads\/2021\/11\/My-French-Grocery-Online-French-Grocery.png","width":100,"height":100,"caption":"MY FRENCH GROCERY"},"image":{"@id":"https:\/\/my-french-grocery.com\/fr\/#\/schema\/logo\/image\/"},"sameAs":["https:\/\/www.facebook.com\/myfrenchgrocery\/"]}]}},"brands":[{"id":2164,"name":"Le Tr\u00e9sor Des Dieux","slug":"les-dieux-fr-2"}],"_links":{"self":[{"href":"https:\/\/my-french-grocery.com\/fr\/wp-json\/wp\/v2\/product\/17546","targetHints":{"allow":["GET"]}}],"collection":[{"href":"https:\/\/my-french-grocery.com\/fr\/wp-json\/wp\/v2\/product"}],"about":[{"href":"https:\/\/my-french-grocery.com\/fr\/wp-json\/wp\/v2\/types\/product"}],"replies":[{"embeddable":true,"href":"https:\/\/my-french-grocery.com\/fr\/wp-json\/wp\/v2\/comments?post=17546"}],"wp:featuredmedia":[{"embeddable":true,"href":"https:\/\/my-french-grocery.com\/fr\/wp-json\/wp\/v2\/media\/17549"}],"wp:attachment":[{"href":"https:\/\/my-french-grocery.com\/fr\/wp-json\/wp\/v2\/media?parent=17546"}],"wp:term":[{"taxonomy":"pwb-brand","embeddable":true,"href":"https:\/\/my-french-grocery.com\/fr\/wp-json\/wp\/v2\/pwb-brand?post=17546"},{"taxonomy":"product_brand","embeddable":true,"href":"https:\/\/my-french-grocery.com\/fr\/wp-json\/wp\/v2\/product_brand?post=17546"},{"taxonomy":"product_cat","embeddable":true,"href":"https:\/\/my-french-grocery.com\/fr\/wp-json\/wp\/v2\/product_cat?post=17546"},{"taxonomy":"product_tag","embeddable":true,"href":"https:\/\/my-french-grocery.com\/fr\/wp-json\/wp\/v2\/product_tag?post=17546"}],"curies":[{"name":"wp","href":"https:\/\/api.w.org\/{rel}","templated":true}]}}