{"id":17630,"date":"2021-07-10T16:00:29","date_gmt":"2021-07-10T14:00:29","guid":{"rendered":"https:\/\/my-french-grocery.com\/?post_type=product&#038;p=17630"},"modified":"2021-07-10T16:04:17","modified_gmt":"2021-07-10T14:04:17","slug":"shampooing-sec-floral-feminin-batiste","status":"publish","type":"product","link":"https:\/\/my-french-grocery.com\/fr\/produit\/shampooing-sec-floral-feminin-batiste\/","title":{"rendered":"Shampooing Sec \u00ab\u00a0Floral &#038; F\u00e9minin\u00a0\u00bb Batiste"},"content":{"rendered":"<p>Shampooing Sec \u00ab\u00a0Floral &amp; F\u00e9minin\u00a0\u00bb Batiste<\/p>\n<p>Spray de 200mL<\/p>\n<p>Avec Batiste, pas de jaloux ! Des shampoings secs il y en a pour tous les go\u00fbts et surtout tous les cheveux. Cheveux boucl\u00e9s, cheveux fins et raplapla, cheveux secs ou \u00e9pais&#8230; vaporisez, brossez les cheveux et coiffez-les. Cheveux gras ou sans volume, pas besoin de laver vos cheveux, Batiste Shampoing Sec les nettoie et les regonfle. Cheveux blonds ou bruns, il absorbe l\u2019exc\u00e8s de s\u00e9bum pour vous permettre d\u2019espacer les shampoings. Et en plus, il sent bon<\/p>\n","protected":false},"excerpt":{"rendered":"<p>Shampooing Sec \u00ab\u00a0Floral &amp; F\u00e9minin\u00a0\u00bb Batiste<\/p>\n<p>Spray de 200mL<\/p>\n","protected":false},"featured_media":17633,"comment_status":"open","ping_status":"closed","template":"","meta":[],"pwb-brand":[2171],"product_brand":[],"product_cat":[2121],"product_tag":[2172],"class_list":{"0":"post-17630","1":"product","2":"type-product","3":"status-publish","4":"has-post-thumbnail","6":"pwb-brand-batiste-fr-2","7":"product_cat-shampooing","8":"product_tag-shampooing-sec","10":"first","11":"outofstock","12":"taxable","13":"shipping-taxable","14":"purchasable","15":"product-type-simple"},"yoast_head":"<!-- This site is optimized with the Yoast SEO plugin v27.3 - https:\/\/yoast.com\/product\/yoast-seo-wordpress\/ -->\n<title>Shampooing Sec &quot;Floral &amp; F\u00e9minin&quot; Batiste | Acheter En Ligne | My French Grocery<\/title>\n<meta name=\"description\" content=\"Shampooing Sec &quot;Floral &amp; F\u00e9minin&quot; Batiste - Spray de 200mL - Avec Batiste, pas de jaloux ! Des shampoings secs il y en a pour tous les go\u00fbts et surtout tous les cheveux. Cheveux boucl\u00e9s, cheveux fins et raplapla, cheveux secs ou \u00e9pais...\" \/>\n<meta name=\"robots\" content=\"index, follow, max-snippet:-1, max-image-preview:large, max-video-preview:-1\" \/>\n<link rel=\"canonical\" href=\"https:\/\/my-french-grocery.com\/fr\/produit\/shampooing-sec-floral-feminin-batiste\/\" \/>\n<meta property=\"og:locale\" content=\"fr_FR\" \/>\n<meta property=\"og:type\" content=\"article\" \/>\n<meta property=\"og:title\" content=\"Shampooing Sec &quot;Floral &amp; F\u00e9minin&quot; Batiste | Acheter En Ligne | My French Grocery\" \/>\n<meta property=\"og:description\" content=\"Shampooing Sec &quot;Floral &amp; F\u00e9minin&quot; Batiste - Spray de 200mL - Avec Batiste, pas de jaloux ! Des shampoings secs il y en a pour tous les go\u00fbts et surtout tous les cheveux. Cheveux boucl\u00e9s, cheveux fins et raplapla, cheveux secs ou \u00e9pais...\" \/>\n<meta property=\"og:url\" content=\"https:\/\/my-french-grocery.com\/fr\/produit\/shampooing-sec-floral-feminin-batiste\/\" \/>\n<meta property=\"og:site_name\" content=\"My French Grocery\" \/>\n<meta property=\"article:publisher\" content=\"https:\/\/www.facebook.com\/myfrenchgrocery\/\" \/>\n<meta property=\"article:modified_time\" content=\"2021-07-10T14:04:17+00:00\" \/>\n<meta property=\"og:image\" content=\"https:\/\/my-french-grocery.com\/wp-content\/uploads\/2021\/07\/BATISTE-SHAMPOO-FLORAL.jpg\" \/>\n\t<meta property=\"og:image:width\" content=\"1500\" \/>\n\t<meta property=\"og:image:height\" content=\"1500\" \/>\n\t<meta property=\"og:image:type\" content=\"image\/jpeg\" \/>\n<meta name=\"twitter:card\" content=\"summary_large_image\" \/>\n<script type=\"application\/ld+json\" class=\"yoast-schema-graph\">{\"@context\":\"https:\\\/\\\/schema.org\",\"@graph\":[{\"@type\":\"WebPage\",\"@id\":\"https:\\\/\\\/my-french-grocery.com\\\/fr\\\/produit\\\/shampooing-sec-floral-feminin-batiste\\\/\",\"url\":\"https:\\\/\\\/my-french-grocery.com\\\/fr\\\/produit\\\/shampooing-sec-floral-feminin-batiste\\\/\",\"name\":\"Shampooing Sec \\\"Floral & F\u00e9minin\\\" Batiste | Acheter En Ligne | My French Grocery\",\"isPartOf\":{\"@id\":\"https:\\\/\\\/my-french-grocery.com\\\/fr\\\/#website\"},\"primaryImageOfPage\":{\"@id\":\"https:\\\/\\\/my-french-grocery.com\\\/fr\\\/produit\\\/shampooing-sec-floral-feminin-batiste\\\/#primaryimage\"},\"image\":{\"@id\":\"https:\\\/\\\/my-french-grocery.com\\\/fr\\\/produit\\\/shampooing-sec-floral-feminin-batiste\\\/#primaryimage\"},\"thumbnailUrl\":\"https:\\\/\\\/my-french-grocery.com\\\/wp-content\\\/uploads\\\/2021\\\/07\\\/BATISTE-SHAMPOO-FLORAL.jpg\",\"datePublished\":\"2021-07-10T14:00:29+00:00\",\"dateModified\":\"2021-07-10T14:04:17+00:00\",\"description\":\"Shampooing Sec \\\"Floral & F\u00e9minin\\\" Batiste - Spray de 200mL - Avec Batiste, pas de jaloux ! Des shampoings secs il y en a pour tous les go\u00fbts et surtout tous les cheveux. Cheveux boucl\u00e9s, cheveux fins et raplapla, cheveux secs ou \u00e9pais...\",\"breadcrumb\":{\"@id\":\"https:\\\/\\\/my-french-grocery.com\\\/fr\\\/produit\\\/shampooing-sec-floral-feminin-batiste\\\/#breadcrumb\"},\"inLanguage\":\"fr-FR\",\"potentialAction\":[{\"@type\":\"ReadAction\",\"target\":[\"https:\\\/\\\/my-french-grocery.com\\\/fr\\\/produit\\\/shampooing-sec-floral-feminin-batiste\\\/\"]}]},{\"@type\":\"ImageObject\",\"inLanguage\":\"fr-FR\",\"@id\":\"https:\\\/\\\/my-french-grocery.com\\\/fr\\\/produit\\\/shampooing-sec-floral-feminin-batiste\\\/#primaryimage\",\"url\":\"https:\\\/\\\/my-french-grocery.com\\\/wp-content\\\/uploads\\\/2021\\\/07\\\/BATISTE-SHAMPOO-FLORAL.jpg\",\"contentUrl\":\"https:\\\/\\\/my-french-grocery.com\\\/wp-content\\\/uploads\\\/2021\\\/07\\\/BATISTE-SHAMPOO-FLORAL.jpg\",\"width\":1500,\"height\":1500,\"caption\":\"Shampooing Sec \\\"Floral & F\u00e9minin\\\" Batiste\"},{\"@type\":\"BreadcrumbList\",\"@id\":\"https:\\\/\\\/my-french-grocery.com\\\/fr\\\/produit\\\/shampooing-sec-floral-feminin-batiste\\\/#breadcrumb\",\"itemListElement\":[{\"@type\":\"ListItem\",\"position\":1,\"name\":\"Home\",\"item\":\"https:\\\/\\\/my-french-grocery.com\\\/fr\\\/\"},{\"@type\":\"ListItem\",\"position\":2,\"name\":\"Shop\",\"item\":\"https:\\\/\\\/my-french-grocery.com\\\/shop\\\/\"},{\"@type\":\"ListItem\",\"position\":3,\"name\":\"Cosm\u00e9tiques\",\"item\":\"https:\\\/\\\/my-french-grocery.com\\\/fr\\\/categorie-produit\\\/cosmetiques\\\/\"},{\"@type\":\"ListItem\",\"position\":4,\"name\":\"Shampoing, Apr\u00e8s-Shampoing, Soin Des Cheveux\",\"item\":\"https:\\\/\\\/my-french-grocery.com\\\/fr\\\/categorie-produit\\\/cosmetiques\\\/shampoing-apres-shampoing\\\/\"},{\"@type\":\"ListItem\",\"position\":5,\"name\":\"Shampooing\",\"item\":\"https:\\\/\\\/my-french-grocery.com\\\/fr\\\/categorie-produit\\\/cosmetiques\\\/shampoing-apres-shampoing\\\/shampooing\\\/\"},{\"@type\":\"ListItem\",\"position\":6,\"name\":\"Shampooing Sec &#8220;Floral &#038; F\u00e9minin&#8221; Batiste\"}]},{\"@type\":\"WebSite\",\"@id\":\"https:\\\/\\\/my-french-grocery.com\\\/fr\\\/#website\",\"url\":\"https:\\\/\\\/my-french-grocery.com\\\/fr\\\/\",\"name\":\"My French Grocery\",\"description\":\"Your Online French Grocery  !\",\"publisher\":{\"@id\":\"https:\\\/\\\/my-french-grocery.com\\\/fr\\\/#organization\"},\"potentialAction\":[{\"@type\":\"SearchAction\",\"target\":{\"@type\":\"EntryPoint\",\"urlTemplate\":\"https:\\\/\\\/my-french-grocery.com\\\/fr\\\/?s={search_term_string}\"},\"query-input\":{\"@type\":\"PropertyValueSpecification\",\"valueRequired\":true,\"valueName\":\"search_term_string\"}}],\"inLanguage\":\"fr-FR\"},{\"@type\":\"Organization\",\"@id\":\"https:\\\/\\\/my-french-grocery.com\\\/fr\\\/#organization\",\"name\":\"MY FRENCH GROCERY\",\"url\":\"https:\\\/\\\/my-french-grocery.com\\\/fr\\\/\",\"logo\":{\"@type\":\"ImageObject\",\"inLanguage\":\"fr-FR\",\"@id\":\"https:\\\/\\\/my-french-grocery.com\\\/fr\\\/#\\\/schema\\\/logo\\\/image\\\/\",\"url\":\"https:\\\/\\\/my-french-grocery.com\\\/wp-content\\\/uploads\\\/2021\\\/11\\\/My-French-Grocery-Online-French-Grocery.png\",\"contentUrl\":\"https:\\\/\\\/my-french-grocery.com\\\/wp-content\\\/uploads\\\/2021\\\/11\\\/My-French-Grocery-Online-French-Grocery.png\",\"width\":100,\"height\":100,\"caption\":\"MY FRENCH GROCERY\"},\"image\":{\"@id\":\"https:\\\/\\\/my-french-grocery.com\\\/fr\\\/#\\\/schema\\\/logo\\\/image\\\/\"},\"sameAs\":[\"https:\\\/\\\/www.facebook.com\\\/myfrenchgrocery\\\/\"]}]}<\/script>\n<!-- \/ Yoast SEO plugin. -->","yoast_head_json":{"title":"Shampooing Sec \"Floral & F\u00e9minin\" Batiste | Acheter En Ligne | My French Grocery","description":"Shampooing Sec \"Floral & F\u00e9minin\" Batiste - Spray de 200mL - Avec Batiste, pas de jaloux ! Des shampoings secs il y en a pour tous les go\u00fbts et surtout tous les cheveux. Cheveux boucl\u00e9s, cheveux fins et raplapla, cheveux secs ou \u00e9pais...","robots":{"index":"index","follow":"follow","max-snippet":"max-snippet:-1","max-image-preview":"max-image-preview:large","max-video-preview":"max-video-preview:-1"},"canonical":"https:\/\/my-french-grocery.com\/fr\/produit\/shampooing-sec-floral-feminin-batiste\/","og_locale":"fr_FR","og_type":"article","og_title":"Shampooing Sec \"Floral & F\u00e9minin\" Batiste | Acheter En Ligne | My French Grocery","og_description":"Shampooing Sec \"Floral & F\u00e9minin\" Batiste - Spray de 200mL - Avec Batiste, pas de jaloux ! Des shampoings secs il y en a pour tous les go\u00fbts et surtout tous les cheveux. Cheveux boucl\u00e9s, cheveux fins et raplapla, cheveux secs ou \u00e9pais...","og_url":"https:\/\/my-french-grocery.com\/fr\/produit\/shampooing-sec-floral-feminin-batiste\/","og_site_name":"My French Grocery","article_publisher":"https:\/\/www.facebook.com\/myfrenchgrocery\/","article_modified_time":"2021-07-10T14:04:17+00:00","og_image":[{"width":1500,"height":1500,"url":"https:\/\/my-french-grocery.com\/wp-content\/uploads\/2021\/07\/BATISTE-SHAMPOO-FLORAL.jpg","type":"image\/jpeg"}],"twitter_card":"summary_large_image","schema":{"@context":"https:\/\/schema.org","@graph":[{"@type":"WebPage","@id":"https:\/\/my-french-grocery.com\/fr\/produit\/shampooing-sec-floral-feminin-batiste\/","url":"https:\/\/my-french-grocery.com\/fr\/produit\/shampooing-sec-floral-feminin-batiste\/","name":"Shampooing Sec \"Floral & F\u00e9minin\" Batiste | Acheter En Ligne | My French Grocery","isPartOf":{"@id":"https:\/\/my-french-grocery.com\/fr\/#website"},"primaryImageOfPage":{"@id":"https:\/\/my-french-grocery.com\/fr\/produit\/shampooing-sec-floral-feminin-batiste\/#primaryimage"},"image":{"@id":"https:\/\/my-french-grocery.com\/fr\/produit\/shampooing-sec-floral-feminin-batiste\/#primaryimage"},"thumbnailUrl":"https:\/\/my-french-grocery.com\/wp-content\/uploads\/2021\/07\/BATISTE-SHAMPOO-FLORAL.jpg","datePublished":"2021-07-10T14:00:29+00:00","dateModified":"2021-07-10T14:04:17+00:00","description":"Shampooing Sec \"Floral & F\u00e9minin\" Batiste - Spray de 200mL - Avec Batiste, pas de jaloux ! Des shampoings secs il y en a pour tous les go\u00fbts et surtout tous les cheveux. Cheveux boucl\u00e9s, cheveux fins et raplapla, cheveux secs ou \u00e9pais...","breadcrumb":{"@id":"https:\/\/my-french-grocery.com\/fr\/produit\/shampooing-sec-floral-feminin-batiste\/#breadcrumb"},"inLanguage":"fr-FR","potentialAction":[{"@type":"ReadAction","target":["https:\/\/my-french-grocery.com\/fr\/produit\/shampooing-sec-floral-feminin-batiste\/"]}]},{"@type":"ImageObject","inLanguage":"fr-FR","@id":"https:\/\/my-french-grocery.com\/fr\/produit\/shampooing-sec-floral-feminin-batiste\/#primaryimage","url":"https:\/\/my-french-grocery.com\/wp-content\/uploads\/2021\/07\/BATISTE-SHAMPOO-FLORAL.jpg","contentUrl":"https:\/\/my-french-grocery.com\/wp-content\/uploads\/2021\/07\/BATISTE-SHAMPOO-FLORAL.jpg","width":1500,"height":1500,"caption":"Shampooing Sec \"Floral & F\u00e9minin\" Batiste"},{"@type":"BreadcrumbList","@id":"https:\/\/my-french-grocery.com\/fr\/produit\/shampooing-sec-floral-feminin-batiste\/#breadcrumb","itemListElement":[{"@type":"ListItem","position":1,"name":"Home","item":"https:\/\/my-french-grocery.com\/fr\/"},{"@type":"ListItem","position":2,"name":"Shop","item":"https:\/\/my-french-grocery.com\/shop\/"},{"@type":"ListItem","position":3,"name":"Cosm\u00e9tiques","item":"https:\/\/my-french-grocery.com\/fr\/categorie-produit\/cosmetiques\/"},{"@type":"ListItem","position":4,"name":"Shampoing, Apr\u00e8s-Shampoing, Soin Des Cheveux","item":"https:\/\/my-french-grocery.com\/fr\/categorie-produit\/cosmetiques\/shampoing-apres-shampoing\/"},{"@type":"ListItem","position":5,"name":"Shampooing","item":"https:\/\/my-french-grocery.com\/fr\/categorie-produit\/cosmetiques\/shampoing-apres-shampoing\/shampooing\/"},{"@type":"ListItem","position":6,"name":"Shampooing Sec &#8220;Floral &#038; F\u00e9minin&#8221; Batiste"}]},{"@type":"WebSite","@id":"https:\/\/my-french-grocery.com\/fr\/#website","url":"https:\/\/my-french-grocery.com\/fr\/","name":"My French Grocery","description":"Your Online French Grocery  !","publisher":{"@id":"https:\/\/my-french-grocery.com\/fr\/#organization"},"potentialAction":[{"@type":"SearchAction","target":{"@type":"EntryPoint","urlTemplate":"https:\/\/my-french-grocery.com\/fr\/?s={search_term_string}"},"query-input":{"@type":"PropertyValueSpecification","valueRequired":true,"valueName":"search_term_string"}}],"inLanguage":"fr-FR"},{"@type":"Organization","@id":"https:\/\/my-french-grocery.com\/fr\/#organization","name":"MY FRENCH GROCERY","url":"https:\/\/my-french-grocery.com\/fr\/","logo":{"@type":"ImageObject","inLanguage":"fr-FR","@id":"https:\/\/my-french-grocery.com\/fr\/#\/schema\/logo\/image\/","url":"https:\/\/my-french-grocery.com\/wp-content\/uploads\/2021\/11\/My-French-Grocery-Online-French-Grocery.png","contentUrl":"https:\/\/my-french-grocery.com\/wp-content\/uploads\/2021\/11\/My-French-Grocery-Online-French-Grocery.png","width":100,"height":100,"caption":"MY FRENCH GROCERY"},"image":{"@id":"https:\/\/my-french-grocery.com\/fr\/#\/schema\/logo\/image\/"},"sameAs":["https:\/\/www.facebook.com\/myfrenchgrocery\/"]}]}},"brands":[{"id":2171,"name":"Batiste","slug":"batiste-fr-2"}],"_links":{"self":[{"href":"https:\/\/my-french-grocery.com\/fr\/wp-json\/wp\/v2\/product\/17630","targetHints":{"allow":["GET"]}}],"collection":[{"href":"https:\/\/my-french-grocery.com\/fr\/wp-json\/wp\/v2\/product"}],"about":[{"href":"https:\/\/my-french-grocery.com\/fr\/wp-json\/wp\/v2\/types\/product"}],"replies":[{"embeddable":true,"href":"https:\/\/my-french-grocery.com\/fr\/wp-json\/wp\/v2\/comments?post=17630"}],"wp:featuredmedia":[{"embeddable":true,"href":"https:\/\/my-french-grocery.com\/fr\/wp-json\/wp\/v2\/media\/17633"}],"wp:attachment":[{"href":"https:\/\/my-french-grocery.com\/fr\/wp-json\/wp\/v2\/media?parent=17630"}],"wp:term":[{"taxonomy":"pwb-brand","embeddable":true,"href":"https:\/\/my-french-grocery.com\/fr\/wp-json\/wp\/v2\/pwb-brand?post=17630"},{"taxonomy":"product_brand","embeddable":true,"href":"https:\/\/my-french-grocery.com\/fr\/wp-json\/wp\/v2\/product_brand?post=17630"},{"taxonomy":"product_cat","embeddable":true,"href":"https:\/\/my-french-grocery.com\/fr\/wp-json\/wp\/v2\/product_cat?post=17630"},{"taxonomy":"product_tag","embeddable":true,"href":"https:\/\/my-french-grocery.com\/fr\/wp-json\/wp\/v2\/product_tag?post=17630"}],"curies":[{"name":"wp","href":"https:\/\/api.w.org\/{rel}","templated":true}]}}