{"id":17895,"date":"2021-07-31T11:44:16","date_gmt":"2021-07-31T09:44:16","guid":{"rendered":"https:\/\/my-french-grocery.com\/?post_type=product&#038;p=17895"},"modified":"2021-07-31T11:58:55","modified_gmt":"2021-07-31T09:58:55","slug":"biere-sans-alcool-aromatisee-citron-tourtel-twist","status":"publish","type":"product","link":"https:\/\/my-french-grocery.com\/fr\/produit\/biere-sans-alcool-aromatisee-citron-tourtel-twist\/","title":{"rendered":"Bi\u00e8re Sans Alcool Aromatis\u00e9e Citron Tourtel Twist"},"content":{"rendered":"<p>Bi\u00e8re Sans Alcool Aromatis\u00e9e Citron Tourtel Twist<\/p>\n<p>Pack de 6 bouteilles de 27,5cL<\/p>\n<div class=\"secondary-details__description\">\n<div class=\"secondary-details-intro\">\n<div class=\"regulated-name\">\n<p class=\"paragraph\">Boisson sans alcool \u00e0 base de bi\u00e8re au jus de citron aromatis\u00e9e citron.<\/p>\n<\/div>\n<\/div>\n<div class=\"secondary-details__description\">\n<div class=\"secondary-details__description\">\n<p class=\"paragraph\">Bi\u00e8re sans alcool tr\u00e8s rafraichissante au jus de citron et aromatis\u00e9e citron<\/p>\n<\/div>\n<div id=\"data-recommandation-zone-2\" class=\"secondary-details-cross-sell\">\n<div class=\"recommendations recommendations\" data-zone=\"2\"><\/div>\n<\/div>\n<\/div>\n<\/div>\n","protected":false},"excerpt":{"rendered":"<p>Bi\u00e8re Sans Alcool Aromatis\u00e9e Citron Tourtel Twist<\/p>\n<p>Pack de 6 bouteilles de 27,5cL<\/p>\n","protected":false},"featured_media":17898,"comment_status":"open","ping_status":"closed","template":"","meta":[],"pwb-brand":[2192],"product_brand":[],"product_cat":[1000],"product_tag":[1098],"class_list":{"0":"post-17895","1":"product","2":"type-product","3":"status-publish","4":"has-post-thumbnail","6":"pwb-brand-tourtel-fr","7":"product_cat-bieres-cidres","8":"product_tag-biere","9":"product_shipping_class-expedition-dans-le-monde-entier","11":"first","12":"instock","13":"taxable","14":"shipping-taxable","15":"purchasable","16":"product-type-simple"},"brands":[{"id":2192,"name":"Tourtel","slug":"tourtel-fr"}],"_links":{"self":[{"href":"https:\/\/my-french-grocery.com\/fr\/wp-json\/wp\/v2\/product\/17895","targetHints":{"allow":["GET"]}}],"collection":[{"href":"https:\/\/my-french-grocery.com\/fr\/wp-json\/wp\/v2\/product"}],"about":[{"href":"https:\/\/my-french-grocery.com\/fr\/wp-json\/wp\/v2\/types\/product"}],"replies":[{"embeddable":true,"href":"https:\/\/my-french-grocery.com\/fr\/wp-json\/wp\/v2\/comments?post=17895"}],"wp:featuredmedia":[{"embeddable":true,"href":"https:\/\/my-french-grocery.com\/fr\/wp-json\/wp\/v2\/media\/17898"}],"wp:attachment":[{"href":"https:\/\/my-french-grocery.com\/fr\/wp-json\/wp\/v2\/media?parent=17895"}],"wp:term":[{"taxonomy":"pwb-brand","embeddable":true,"href":"https:\/\/my-french-grocery.com\/fr\/wp-json\/wp\/v2\/pwb-brand?post=17895"},{"taxonomy":"product_brand","embeddable":true,"href":"https:\/\/my-french-grocery.com\/fr\/wp-json\/wp\/v2\/product_brand?post=17895"},{"taxonomy":"product_cat","embeddable":true,"href":"https:\/\/my-french-grocery.com\/fr\/wp-json\/wp\/v2\/product_cat?post=17895"},{"taxonomy":"product_tag","embeddable":true,"href":"https:\/\/my-french-grocery.com\/fr\/wp-json\/wp\/v2\/product_tag?post=17895"}],"curies":[{"name":"wp","href":"https:\/\/api.w.org\/{rel}","templated":true}]}}