{"id":18226,"date":"2021-08-13T16:02:29","date_gmt":"2021-08-13T14:02:29","guid":{"rendered":"https:\/\/my-french-grocery.com\/?post_type=product&#038;p=18226"},"modified":"2021-08-13T16:10:48","modified_gmt":"2021-08-13T14:10:48","slug":"barres-chocolatees-fruits-des-bois-balisto","status":"publish","type":"product","link":"https:\/\/my-french-grocery.com\/fr\/produit\/barres-chocolatees-fruits-des-bois-balisto\/","title":{"rendered":"Barres Chocolat\u00e9es Fruits Des Bois Balisto"},"content":{"rendered":"<p>Barres Chocolat\u00e9es Fruits Des Bois Balisto<\/p>\n<div class=\"pdp-card__header--text\"><span class=\"ds-body-text ds-body-text--weight-bold ds-body-text--size-m ds-body-text--color-standard-2\">10 barres de 18,5 g<\/span><\/div>\n<div><\/div>\n<div class=\"main-details--food__shoppinglist\">Barres chocolat\u00e9es au bon go\u00fbt de fruits des bois. Une fine couche de chocolat au lait et un biscuit croquant aux c\u00e9r\u00e9ales compl\u00e8tes qui vous feront craquer.<\/div>\n","protected":false},"excerpt":{"rendered":"<p>Barres Chocolat\u00e9es Fruits Des Bois Balisto<\/p>\n<div class=\"pdp-card__header--text\"><span class=\"ds-body-text ds-body-text--weight-bold ds-body-text--size-m ds-body-text--color-standard-2\">10 barres de 18,5 g<\/span><\/div>\n","protected":false},"featured_media":18229,"comment_status":"open","ping_status":"closed","template":"","meta":[],"pwb-brand":[2286],"product_brand":[],"product_cat":[455],"product_tag":[456],"class_list":{"0":"post-18226","1":"product","2":"type-product","3":"status-publish","4":"has-post-thumbnail","6":"pwb-brand-balisto-fr","7":"product_cat-chocolat","8":"product_tag-chocolat","9":"product_shipping_class-expedition-dans-le-monde-entier","11":"first","12":"instock","13":"taxable","14":"shipping-taxable","15":"purchasable","16":"product-type-simple"},"yoast_head":"<!-- This site is optimized with the Yoast SEO plugin v27.3 - https:\/\/yoast.com\/product\/yoast-seo-wordpress\/ -->\n<title>Barres Chocolat\u00e9es Fruits Des Bois Balisto | Acheter En Ligne | My French Grocery<\/title>\n<meta name=\"description\" content=\"Barres Chocolat\u00e9es Fruits Des Bois Balisto - 10 barres de 18,5 g - Barres chocolat\u00e9es au bon go\u00fbt de fruits des bois.\" \/>\n<meta name=\"robots\" content=\"index, follow, max-snippet:-1, max-image-preview:large, max-video-preview:-1\" \/>\n<link rel=\"canonical\" href=\"https:\/\/my-french-grocery.com\/fr\/produit\/barres-chocolatees-fruits-des-bois-balisto\/\" \/>\n<meta property=\"og:locale\" content=\"fr_FR\" \/>\n<meta property=\"og:type\" content=\"article\" \/>\n<meta property=\"og:title\" content=\"Barres Chocolat\u00e9es Fruits Des Bois Balisto | Acheter En Ligne | My French Grocery\" \/>\n<meta property=\"og:description\" content=\"Barres Chocolat\u00e9es Fruits Des Bois Balisto - 10 barres de 18,5 g - Barres chocolat\u00e9es au bon go\u00fbt de fruits des bois.\" \/>\n<meta property=\"og:url\" content=\"https:\/\/my-french-grocery.com\/fr\/produit\/barres-chocolatees-fruits-des-bois-balisto\/\" \/>\n<meta property=\"og:site_name\" content=\"My French Grocery\" \/>\n<meta property=\"article:publisher\" content=\"https:\/\/www.facebook.com\/myfrenchgrocery\/\" \/>\n<meta property=\"article:modified_time\" content=\"2021-08-13T14:10:48+00:00\" \/>\n<meta property=\"og:image\" content=\"https:\/\/my-french-grocery.com\/wp-content\/uploads\/2021\/08\/BALISTO-FRUITS-DES-BOIS.jpg\" \/>\n\t<meta property=\"og:image:width\" content=\"1500\" \/>\n\t<meta property=\"og:image:height\" content=\"1500\" \/>\n\t<meta property=\"og:image:type\" content=\"image\/jpeg\" \/>\n<meta name=\"twitter:card\" content=\"summary_large_image\" \/>\n<script type=\"application\/ld+json\" class=\"yoast-schema-graph\">{\"@context\":\"https:\\\/\\\/schema.org\",\"@graph\":[{\"@type\":\"WebPage\",\"@id\":\"https:\\\/\\\/my-french-grocery.com\\\/fr\\\/produit\\\/barres-chocolatees-fruits-des-bois-balisto\\\/\",\"url\":\"https:\\\/\\\/my-french-grocery.com\\\/fr\\\/produit\\\/barres-chocolatees-fruits-des-bois-balisto\\\/\",\"name\":\"Barres Chocolat\u00e9es Fruits Des Bois Balisto | Acheter En Ligne | My French Grocery\",\"isPartOf\":{\"@id\":\"https:\\\/\\\/my-french-grocery.com\\\/fr\\\/#website\"},\"primaryImageOfPage\":{\"@id\":\"https:\\\/\\\/my-french-grocery.com\\\/fr\\\/produit\\\/barres-chocolatees-fruits-des-bois-balisto\\\/#primaryimage\"},\"image\":{\"@id\":\"https:\\\/\\\/my-french-grocery.com\\\/fr\\\/produit\\\/barres-chocolatees-fruits-des-bois-balisto\\\/#primaryimage\"},\"thumbnailUrl\":\"https:\\\/\\\/my-french-grocery.com\\\/wp-content\\\/uploads\\\/2021\\\/08\\\/BALISTO-FRUITS-DES-BOIS.jpg\",\"datePublished\":\"2021-08-13T14:02:29+00:00\",\"dateModified\":\"2021-08-13T14:10:48+00:00\",\"description\":\"Barres Chocolat\u00e9es Fruits Des Bois Balisto - 10 barres de 18,5 g - Barres chocolat\u00e9es au bon go\u00fbt de fruits des bois.\",\"breadcrumb\":{\"@id\":\"https:\\\/\\\/my-french-grocery.com\\\/fr\\\/produit\\\/barres-chocolatees-fruits-des-bois-balisto\\\/#breadcrumb\"},\"inLanguage\":\"fr-FR\",\"potentialAction\":[{\"@type\":\"ReadAction\",\"target\":[\"https:\\\/\\\/my-french-grocery.com\\\/fr\\\/produit\\\/barres-chocolatees-fruits-des-bois-balisto\\\/\"]}]},{\"@type\":\"ImageObject\",\"inLanguage\":\"fr-FR\",\"@id\":\"https:\\\/\\\/my-french-grocery.com\\\/fr\\\/produit\\\/barres-chocolatees-fruits-des-bois-balisto\\\/#primaryimage\",\"url\":\"https:\\\/\\\/my-french-grocery.com\\\/wp-content\\\/uploads\\\/2021\\\/08\\\/BALISTO-FRUITS-DES-BOIS.jpg\",\"contentUrl\":\"https:\\\/\\\/my-french-grocery.com\\\/wp-content\\\/uploads\\\/2021\\\/08\\\/BALISTO-FRUITS-DES-BOIS.jpg\",\"width\":1500,\"height\":1500,\"caption\":\"Barres Chocolat\u00e9es Fruits Des Bois Balisto\"},{\"@type\":\"BreadcrumbList\",\"@id\":\"https:\\\/\\\/my-french-grocery.com\\\/fr\\\/produit\\\/barres-chocolatees-fruits-des-bois-balisto\\\/#breadcrumb\",\"itemListElement\":[{\"@type\":\"ListItem\",\"position\":1,\"name\":\"Home\",\"item\":\"https:\\\/\\\/my-french-grocery.com\\\/fr\\\/\"},{\"@type\":\"ListItem\",\"position\":2,\"name\":\"Shop\",\"item\":\"https:\\\/\\\/my-french-grocery.com\\\/shop\\\/\"},{\"@type\":\"ListItem\",\"position\":3,\"name\":\"Alimentation\",\"item\":\"https:\\\/\\\/my-french-grocery.com\\\/fr\\\/categorie-produit\\\/alimentation\\\/\"},{\"@type\":\"ListItem\",\"position\":4,\"name\":\"Bonbons &amp; Chocolats\",\"item\":\"https:\\\/\\\/my-french-grocery.com\\\/fr\\\/categorie-produit\\\/alimentation\\\/bonbons-chocolats\\\/\"},{\"@type\":\"ListItem\",\"position\":5,\"name\":\"Chocolat\",\"item\":\"https:\\\/\\\/my-french-grocery.com\\\/fr\\\/categorie-produit\\\/alimentation\\\/bonbons-chocolats\\\/chocolat\\\/\"},{\"@type\":\"ListItem\",\"position\":6,\"name\":\"Barres Chocolat\u00e9es Fruits Des Bois Balisto\"}]},{\"@type\":\"WebSite\",\"@id\":\"https:\\\/\\\/my-french-grocery.com\\\/fr\\\/#website\",\"url\":\"https:\\\/\\\/my-french-grocery.com\\\/fr\\\/\",\"name\":\"My French Grocery\",\"description\":\"Your Online French Grocery  !\",\"publisher\":{\"@id\":\"https:\\\/\\\/my-french-grocery.com\\\/fr\\\/#organization\"},\"potentialAction\":[{\"@type\":\"SearchAction\",\"target\":{\"@type\":\"EntryPoint\",\"urlTemplate\":\"https:\\\/\\\/my-french-grocery.com\\\/fr\\\/?s={search_term_string}\"},\"query-input\":{\"@type\":\"PropertyValueSpecification\",\"valueRequired\":true,\"valueName\":\"search_term_string\"}}],\"inLanguage\":\"fr-FR\"},{\"@type\":\"Organization\",\"@id\":\"https:\\\/\\\/my-french-grocery.com\\\/fr\\\/#organization\",\"name\":\"MY FRENCH GROCERY\",\"url\":\"https:\\\/\\\/my-french-grocery.com\\\/fr\\\/\",\"logo\":{\"@type\":\"ImageObject\",\"inLanguage\":\"fr-FR\",\"@id\":\"https:\\\/\\\/my-french-grocery.com\\\/fr\\\/#\\\/schema\\\/logo\\\/image\\\/\",\"url\":\"https:\\\/\\\/my-french-grocery.com\\\/wp-content\\\/uploads\\\/2021\\\/11\\\/My-French-Grocery-Online-French-Grocery.png\",\"contentUrl\":\"https:\\\/\\\/my-french-grocery.com\\\/wp-content\\\/uploads\\\/2021\\\/11\\\/My-French-Grocery-Online-French-Grocery.png\",\"width\":100,\"height\":100,\"caption\":\"MY FRENCH GROCERY\"},\"image\":{\"@id\":\"https:\\\/\\\/my-french-grocery.com\\\/fr\\\/#\\\/schema\\\/logo\\\/image\\\/\"},\"sameAs\":[\"https:\\\/\\\/www.facebook.com\\\/myfrenchgrocery\\\/\"]}]}<\/script>\n<!-- \/ Yoast SEO plugin. -->","yoast_head_json":{"title":"Barres Chocolat\u00e9es Fruits Des Bois Balisto | Acheter En Ligne | My French Grocery","description":"Barres Chocolat\u00e9es Fruits Des Bois Balisto - 10 barres de 18,5 g - Barres chocolat\u00e9es au bon go\u00fbt de fruits des bois.","robots":{"index":"index","follow":"follow","max-snippet":"max-snippet:-1","max-image-preview":"max-image-preview:large","max-video-preview":"max-video-preview:-1"},"canonical":"https:\/\/my-french-grocery.com\/fr\/produit\/barres-chocolatees-fruits-des-bois-balisto\/","og_locale":"fr_FR","og_type":"article","og_title":"Barres Chocolat\u00e9es Fruits Des Bois Balisto | Acheter En Ligne | My French Grocery","og_description":"Barres Chocolat\u00e9es Fruits Des Bois Balisto - 10 barres de 18,5 g - Barres chocolat\u00e9es au bon go\u00fbt de fruits des bois.","og_url":"https:\/\/my-french-grocery.com\/fr\/produit\/barres-chocolatees-fruits-des-bois-balisto\/","og_site_name":"My French Grocery","article_publisher":"https:\/\/www.facebook.com\/myfrenchgrocery\/","article_modified_time":"2021-08-13T14:10:48+00:00","og_image":[{"width":1500,"height":1500,"url":"https:\/\/my-french-grocery.com\/wp-content\/uploads\/2021\/08\/BALISTO-FRUITS-DES-BOIS.jpg","type":"image\/jpeg"}],"twitter_card":"summary_large_image","schema":{"@context":"https:\/\/schema.org","@graph":[{"@type":"WebPage","@id":"https:\/\/my-french-grocery.com\/fr\/produit\/barres-chocolatees-fruits-des-bois-balisto\/","url":"https:\/\/my-french-grocery.com\/fr\/produit\/barres-chocolatees-fruits-des-bois-balisto\/","name":"Barres Chocolat\u00e9es Fruits Des Bois Balisto | Acheter En Ligne | My French Grocery","isPartOf":{"@id":"https:\/\/my-french-grocery.com\/fr\/#website"},"primaryImageOfPage":{"@id":"https:\/\/my-french-grocery.com\/fr\/produit\/barres-chocolatees-fruits-des-bois-balisto\/#primaryimage"},"image":{"@id":"https:\/\/my-french-grocery.com\/fr\/produit\/barres-chocolatees-fruits-des-bois-balisto\/#primaryimage"},"thumbnailUrl":"https:\/\/my-french-grocery.com\/wp-content\/uploads\/2021\/08\/BALISTO-FRUITS-DES-BOIS.jpg","datePublished":"2021-08-13T14:02:29+00:00","dateModified":"2021-08-13T14:10:48+00:00","description":"Barres Chocolat\u00e9es Fruits Des Bois Balisto - 10 barres de 18,5 g - Barres chocolat\u00e9es au bon go\u00fbt de fruits des bois.","breadcrumb":{"@id":"https:\/\/my-french-grocery.com\/fr\/produit\/barres-chocolatees-fruits-des-bois-balisto\/#breadcrumb"},"inLanguage":"fr-FR","potentialAction":[{"@type":"ReadAction","target":["https:\/\/my-french-grocery.com\/fr\/produit\/barres-chocolatees-fruits-des-bois-balisto\/"]}]},{"@type":"ImageObject","inLanguage":"fr-FR","@id":"https:\/\/my-french-grocery.com\/fr\/produit\/barres-chocolatees-fruits-des-bois-balisto\/#primaryimage","url":"https:\/\/my-french-grocery.com\/wp-content\/uploads\/2021\/08\/BALISTO-FRUITS-DES-BOIS.jpg","contentUrl":"https:\/\/my-french-grocery.com\/wp-content\/uploads\/2021\/08\/BALISTO-FRUITS-DES-BOIS.jpg","width":1500,"height":1500,"caption":"Barres Chocolat\u00e9es Fruits Des Bois Balisto"},{"@type":"BreadcrumbList","@id":"https:\/\/my-french-grocery.com\/fr\/produit\/barres-chocolatees-fruits-des-bois-balisto\/#breadcrumb","itemListElement":[{"@type":"ListItem","position":1,"name":"Home","item":"https:\/\/my-french-grocery.com\/fr\/"},{"@type":"ListItem","position":2,"name":"Shop","item":"https:\/\/my-french-grocery.com\/shop\/"},{"@type":"ListItem","position":3,"name":"Alimentation","item":"https:\/\/my-french-grocery.com\/fr\/categorie-produit\/alimentation\/"},{"@type":"ListItem","position":4,"name":"Bonbons &amp; Chocolats","item":"https:\/\/my-french-grocery.com\/fr\/categorie-produit\/alimentation\/bonbons-chocolats\/"},{"@type":"ListItem","position":5,"name":"Chocolat","item":"https:\/\/my-french-grocery.com\/fr\/categorie-produit\/alimentation\/bonbons-chocolats\/chocolat\/"},{"@type":"ListItem","position":6,"name":"Barres Chocolat\u00e9es Fruits Des Bois Balisto"}]},{"@type":"WebSite","@id":"https:\/\/my-french-grocery.com\/fr\/#website","url":"https:\/\/my-french-grocery.com\/fr\/","name":"My French Grocery","description":"Your Online French Grocery  !","publisher":{"@id":"https:\/\/my-french-grocery.com\/fr\/#organization"},"potentialAction":[{"@type":"SearchAction","target":{"@type":"EntryPoint","urlTemplate":"https:\/\/my-french-grocery.com\/fr\/?s={search_term_string}"},"query-input":{"@type":"PropertyValueSpecification","valueRequired":true,"valueName":"search_term_string"}}],"inLanguage":"fr-FR"},{"@type":"Organization","@id":"https:\/\/my-french-grocery.com\/fr\/#organization","name":"MY FRENCH GROCERY","url":"https:\/\/my-french-grocery.com\/fr\/","logo":{"@type":"ImageObject","inLanguage":"fr-FR","@id":"https:\/\/my-french-grocery.com\/fr\/#\/schema\/logo\/image\/","url":"https:\/\/my-french-grocery.com\/wp-content\/uploads\/2021\/11\/My-French-Grocery-Online-French-Grocery.png","contentUrl":"https:\/\/my-french-grocery.com\/wp-content\/uploads\/2021\/11\/My-French-Grocery-Online-French-Grocery.png","width":100,"height":100,"caption":"MY FRENCH GROCERY"},"image":{"@id":"https:\/\/my-french-grocery.com\/fr\/#\/schema\/logo\/image\/"},"sameAs":["https:\/\/www.facebook.com\/myfrenchgrocery\/"]}]}},"brands":[{"id":2286,"name":"Balisto","slug":"balisto-fr"}],"_links":{"self":[{"href":"https:\/\/my-french-grocery.com\/fr\/wp-json\/wp\/v2\/product\/18226","targetHints":{"allow":["GET"]}}],"collection":[{"href":"https:\/\/my-french-grocery.com\/fr\/wp-json\/wp\/v2\/product"}],"about":[{"href":"https:\/\/my-french-grocery.com\/fr\/wp-json\/wp\/v2\/types\/product"}],"replies":[{"embeddable":true,"href":"https:\/\/my-french-grocery.com\/fr\/wp-json\/wp\/v2\/comments?post=18226"}],"wp:featuredmedia":[{"embeddable":true,"href":"https:\/\/my-french-grocery.com\/fr\/wp-json\/wp\/v2\/media\/18229"}],"wp:attachment":[{"href":"https:\/\/my-french-grocery.com\/fr\/wp-json\/wp\/v2\/media?parent=18226"}],"wp:term":[{"taxonomy":"pwb-brand","embeddable":true,"href":"https:\/\/my-french-grocery.com\/fr\/wp-json\/wp\/v2\/pwb-brand?post=18226"},{"taxonomy":"product_brand","embeddable":true,"href":"https:\/\/my-french-grocery.com\/fr\/wp-json\/wp\/v2\/product_brand?post=18226"},{"taxonomy":"product_cat","embeddable":true,"href":"https:\/\/my-french-grocery.com\/fr\/wp-json\/wp\/v2\/product_cat?post=18226"},{"taxonomy":"product_tag","embeddable":true,"href":"https:\/\/my-french-grocery.com\/fr\/wp-json\/wp\/v2\/product_tag?post=18226"}],"curies":[{"name":"wp","href":"https:\/\/api.w.org\/{rel}","templated":true}]}}