{"id":19677,"date":"2025-09-05T16:05:07","date_gmt":"2025-09-05T14:05:07","guid":{"rendered":"https:\/\/my-french-grocery.com\/?post_type=product&#038;p=19677"},"modified":"2026-03-25T11:02:38","modified_gmt":"2026-03-25T09:02:38","slug":"chocolats-au-lait-lescargot-lanvin","status":"publish","type":"product","link":"https:\/\/my-french-grocery.com\/fr\/produit\/chocolats-au-lait-lescargot-lanvin\/","title":{"rendered":"Chocolats Au Lait L&rsquo;Escargot Lanvin"},"content":{"rendered":"<p>Chocolats Au Lait L&rsquo;Escargot Lanvin<\/p>\n<div class=\"pdp-card__header--text\"><span class=\"ds-body-text ds-body-text--weight-bold ds-body-text--size-m ds-body-text--color-standard-2\">Boite de 164 g<\/span><\/div>\n<div><\/div>\n<div>Cr\u00e9\u00e9 en 1934 en Bourgogne, l&rsquo;Escargot LANVIN vous s\u00e9duira par son pralin\u00e9 onctueux n\u00e9 de la torr\u00e9faction des amandes et noisettes et par sa coque de d\u00e9licieux chocolat noir et chocolat blanc. L\u2019inimitable pralin\u00e9 Lanvin se d\u00e9voile\u2026<\/div>\n","protected":false},"excerpt":{"rendered":"<p>Chocolats Au Lait L&rsquo;Escargot Lanvin<\/p>\n<div class=\"pdp-card__header--text\"><span class=\"ds-body-text ds-body-text--weight-bold ds-body-text--size-m ds-body-text--color-standard-2\">Boite de 164 g<\/span><\/div>\n","protected":false},"featured_media":51845,"comment_status":"open","ping_status":"closed","template":"","meta":[],"pwb-brand":[2486],"product_brand":[],"product_cat":[449,455,2476],"product_tag":[456,1433,2483],"class_list":{"0":"post-19677","1":"product","2":"type-product","3":"status-publish","4":"has-post-thumbnail","6":"pwb-brand-lanvin-fr","7":"product_cat-bonbons","8":"product_cat-chocolat","9":"product_cat-produits-de-noel","10":"product_tag-chocolat","11":"product_tag-escargots","12":"product_tag-lanvin-fr","13":"product_shipping_class-expedition-dans-le-monde-entier","15":"first","16":"instock","17":"taxable","18":"shipping-taxable","19":"purchasable","20":"product-type-simple"},"yoast_head":"<!-- This site is optimized with the Yoast SEO plugin v27.3 - https:\/\/yoast.com\/product\/yoast-seo-wordpress\/ -->\n<title>Chocolats Au Lait L&#039;Escargot Lanvin | Acheter En Ligne | My French Grocery<\/title>\n<meta name=\"description\" content=\"Chocolats Au Lait L&#039;Escargot Lanvin - Boite de 164 g - Cr\u00e9\u00e9 en 1934 en Bourgogne, l&#039;Escargot LANVIN vous s\u00e9duira par son pralin\u00e9 onctueux n\u00e9 de la torr\u00e9faction des amandes et noisettes et par sa coque de d\u00e9licieux chocolat noir et chocolat blanc.\" \/>\n<meta name=\"robots\" content=\"index, follow, max-snippet:-1, max-image-preview:large, max-video-preview:-1\" \/>\n<link rel=\"canonical\" href=\"https:\/\/my-french-grocery.com\/fr\/produit\/chocolats-au-lait-lescargot-lanvin\/\" \/>\n<meta property=\"og:locale\" content=\"fr_FR\" \/>\n<meta property=\"og:type\" content=\"article\" \/>\n<meta property=\"og:title\" content=\"Chocolats Au Lait L&#039;Escargot Lanvin | Acheter En Ligne | My French Grocery\" \/>\n<meta property=\"og:description\" content=\"Chocolats Au Lait L&#039;Escargot Lanvin - Boite de 164 g - Cr\u00e9\u00e9 en 1934 en Bourgogne, l&#039;Escargot LANVIN vous s\u00e9duira par son pralin\u00e9 onctueux n\u00e9 de la torr\u00e9faction des amandes et noisettes et par sa coque de d\u00e9licieux chocolat noir et chocolat blanc.\" \/>\n<meta property=\"og:url\" content=\"https:\/\/my-french-grocery.com\/fr\/produit\/chocolats-au-lait-lescargot-lanvin\/\" \/>\n<meta property=\"og:site_name\" content=\"My French Grocery\" \/>\n<meta property=\"article:publisher\" content=\"https:\/\/www.facebook.com\/myfrenchgrocery\/\" \/>\n<meta property=\"article:modified_time\" content=\"2026-03-25T09:02:38+00:00\" \/>\n<meta property=\"og:image\" content=\"https:\/\/my-french-grocery.com\/wp-content\/uploads\/2021\/11\/Escargots-Lait-Lanvin-1.jpg\" \/>\n\t<meta property=\"og:image:width\" content=\"1200\" \/>\n\t<meta property=\"og:image:height\" content=\"1200\" \/>\n\t<meta property=\"og:image:type\" content=\"image\/jpeg\" \/>\n<meta name=\"twitter:card\" content=\"summary_large_image\" \/>\n<script type=\"application\/ld+json\" class=\"yoast-schema-graph\">{\"@context\":\"https:\\\/\\\/schema.org\",\"@graph\":[{\"@type\":\"WebPage\",\"@id\":\"https:\\\/\\\/my-french-grocery.com\\\/fr\\\/produit\\\/chocolats-au-lait-lescargot-lanvin\\\/\",\"url\":\"https:\\\/\\\/my-french-grocery.com\\\/fr\\\/produit\\\/chocolats-au-lait-lescargot-lanvin\\\/\",\"name\":\"Chocolats Au Lait L'Escargot Lanvin | Acheter En Ligne | My French Grocery\",\"isPartOf\":{\"@id\":\"https:\\\/\\\/my-french-grocery.com\\\/fr\\\/#website\"},\"primaryImageOfPage\":{\"@id\":\"https:\\\/\\\/my-french-grocery.com\\\/fr\\\/produit\\\/chocolats-au-lait-lescargot-lanvin\\\/#primaryimage\"},\"image\":{\"@id\":\"https:\\\/\\\/my-french-grocery.com\\\/fr\\\/produit\\\/chocolats-au-lait-lescargot-lanvin\\\/#primaryimage\"},\"thumbnailUrl\":\"https:\\\/\\\/my-french-grocery.com\\\/wp-content\\\/uploads\\\/2025\\\/09\\\/08445291699472_A1R1_s01.jpg\",\"datePublished\":\"2025-09-05T14:05:07+00:00\",\"dateModified\":\"2026-03-25T09:02:38+00:00\",\"description\":\"Chocolats Au Lait L'Escargot Lanvin - Boite de 164 g - Cr\u00e9\u00e9 en 1934 en Bourgogne, l'Escargot LANVIN vous s\u00e9duira par son pralin\u00e9 onctueux n\u00e9 de la torr\u00e9faction des amandes et noisettes et par sa coque de d\u00e9licieux chocolat noir et chocolat blanc.\",\"breadcrumb\":{\"@id\":\"https:\\\/\\\/my-french-grocery.com\\\/fr\\\/produit\\\/chocolats-au-lait-lescargot-lanvin\\\/#breadcrumb\"},\"inLanguage\":\"fr-FR\",\"potentialAction\":[{\"@type\":\"ReadAction\",\"target\":[\"https:\\\/\\\/my-french-grocery.com\\\/fr\\\/produit\\\/chocolats-au-lait-lescargot-lanvin\\\/\"]}]},{\"@type\":\"ImageObject\",\"inLanguage\":\"fr-FR\",\"@id\":\"https:\\\/\\\/my-french-grocery.com\\\/fr\\\/produit\\\/chocolats-au-lait-lescargot-lanvin\\\/#primaryimage\",\"url\":\"https:\\\/\\\/my-french-grocery.com\\\/wp-content\\\/uploads\\\/2025\\\/09\\\/08445291699472_A1R1_s01.jpg\",\"contentUrl\":\"https:\\\/\\\/my-french-grocery.com\\\/wp-content\\\/uploads\\\/2025\\\/09\\\/08445291699472_A1R1_s01.jpg\",\"width\":1500,\"height\":1500},{\"@type\":\"BreadcrumbList\",\"@id\":\"https:\\\/\\\/my-french-grocery.com\\\/fr\\\/produit\\\/chocolats-au-lait-lescargot-lanvin\\\/#breadcrumb\",\"itemListElement\":[{\"@type\":\"ListItem\",\"position\":1,\"name\":\"Home\",\"item\":\"https:\\\/\\\/my-french-grocery.com\\\/fr\\\/\"},{\"@type\":\"ListItem\",\"position\":2,\"name\":\"Shop\",\"item\":\"https:\\\/\\\/my-french-grocery.com\\\/shop\\\/\"},{\"@type\":\"ListItem\",\"position\":3,\"name\":\"Alimentation\",\"item\":\"https:\\\/\\\/my-french-grocery.com\\\/fr\\\/categorie-produit\\\/alimentation\\\/\"},{\"@type\":\"ListItem\",\"position\":4,\"name\":\"Bonbons &amp; Chocolats\",\"item\":\"https:\\\/\\\/my-french-grocery.com\\\/fr\\\/categorie-produit\\\/alimentation\\\/bonbons-chocolats\\\/\"},{\"@type\":\"ListItem\",\"position\":5,\"name\":\"Bonbons\",\"item\":\"https:\\\/\\\/my-french-grocery.com\\\/fr\\\/categorie-produit\\\/alimentation\\\/bonbons-chocolats\\\/bonbons\\\/\"},{\"@type\":\"ListItem\",\"position\":6,\"name\":\"Chocolats Au Lait L&rsquo;Escargot Lanvin\"}]},{\"@type\":\"WebSite\",\"@id\":\"https:\\\/\\\/my-french-grocery.com\\\/fr\\\/#website\",\"url\":\"https:\\\/\\\/my-french-grocery.com\\\/fr\\\/\",\"name\":\"My French Grocery\",\"description\":\"Your Online French Grocery  !\",\"publisher\":{\"@id\":\"https:\\\/\\\/my-french-grocery.com\\\/fr\\\/#organization\"},\"potentialAction\":[{\"@type\":\"SearchAction\",\"target\":{\"@type\":\"EntryPoint\",\"urlTemplate\":\"https:\\\/\\\/my-french-grocery.com\\\/fr\\\/?s={search_term_string}\"},\"query-input\":{\"@type\":\"PropertyValueSpecification\",\"valueRequired\":true,\"valueName\":\"search_term_string\"}}],\"inLanguage\":\"fr-FR\"},{\"@type\":\"Organization\",\"@id\":\"https:\\\/\\\/my-french-grocery.com\\\/fr\\\/#organization\",\"name\":\"MY FRENCH GROCERY\",\"url\":\"https:\\\/\\\/my-french-grocery.com\\\/fr\\\/\",\"logo\":{\"@type\":\"ImageObject\",\"inLanguage\":\"fr-FR\",\"@id\":\"https:\\\/\\\/my-french-grocery.com\\\/fr\\\/#\\\/schema\\\/logo\\\/image\\\/\",\"url\":\"https:\\\/\\\/my-french-grocery.com\\\/wp-content\\\/uploads\\\/2021\\\/11\\\/My-French-Grocery-Online-French-Grocery.png\",\"contentUrl\":\"https:\\\/\\\/my-french-grocery.com\\\/wp-content\\\/uploads\\\/2021\\\/11\\\/My-French-Grocery-Online-French-Grocery.png\",\"width\":100,\"height\":100,\"caption\":\"MY FRENCH GROCERY\"},\"image\":{\"@id\":\"https:\\\/\\\/my-french-grocery.com\\\/fr\\\/#\\\/schema\\\/logo\\\/image\\\/\"},\"sameAs\":[\"https:\\\/\\\/www.facebook.com\\\/myfrenchgrocery\\\/\"]}]}<\/script>\n<!-- \/ Yoast SEO plugin. -->","yoast_head_json":{"title":"Chocolats Au Lait L'Escargot Lanvin | Acheter En Ligne | My French Grocery","description":"Chocolats Au Lait L'Escargot Lanvin - Boite de 164 g - Cr\u00e9\u00e9 en 1934 en Bourgogne, l'Escargot LANVIN vous s\u00e9duira par son pralin\u00e9 onctueux n\u00e9 de la torr\u00e9faction des amandes et noisettes et par sa coque de d\u00e9licieux chocolat noir et chocolat blanc.","robots":{"index":"index","follow":"follow","max-snippet":"max-snippet:-1","max-image-preview":"max-image-preview:large","max-video-preview":"max-video-preview:-1"},"canonical":"https:\/\/my-french-grocery.com\/fr\/produit\/chocolats-au-lait-lescargot-lanvin\/","og_locale":"fr_FR","og_type":"article","og_title":"Chocolats Au Lait L'Escargot Lanvin | Acheter En Ligne | My French Grocery","og_description":"Chocolats Au Lait L'Escargot Lanvin - Boite de 164 g - Cr\u00e9\u00e9 en 1934 en Bourgogne, l'Escargot LANVIN vous s\u00e9duira par son pralin\u00e9 onctueux n\u00e9 de la torr\u00e9faction des amandes et noisettes et par sa coque de d\u00e9licieux chocolat noir et chocolat blanc.","og_url":"https:\/\/my-french-grocery.com\/fr\/produit\/chocolats-au-lait-lescargot-lanvin\/","og_site_name":"My French Grocery","article_publisher":"https:\/\/www.facebook.com\/myfrenchgrocery\/","article_modified_time":"2026-03-25T09:02:38+00:00","og_image":[{"width":1200,"height":1200,"url":"https:\/\/my-french-grocery.com\/wp-content\/uploads\/2021\/11\/Escargots-Lait-Lanvin-1.jpg","type":"image\/jpeg"}],"twitter_card":"summary_large_image","schema":{"@context":"https:\/\/schema.org","@graph":[{"@type":"WebPage","@id":"https:\/\/my-french-grocery.com\/fr\/produit\/chocolats-au-lait-lescargot-lanvin\/","url":"https:\/\/my-french-grocery.com\/fr\/produit\/chocolats-au-lait-lescargot-lanvin\/","name":"Chocolats Au Lait L'Escargot Lanvin | Acheter En Ligne | My French Grocery","isPartOf":{"@id":"https:\/\/my-french-grocery.com\/fr\/#website"},"primaryImageOfPage":{"@id":"https:\/\/my-french-grocery.com\/fr\/produit\/chocolats-au-lait-lescargot-lanvin\/#primaryimage"},"image":{"@id":"https:\/\/my-french-grocery.com\/fr\/produit\/chocolats-au-lait-lescargot-lanvin\/#primaryimage"},"thumbnailUrl":"https:\/\/my-french-grocery.com\/wp-content\/uploads\/2025\/09\/08445291699472_A1R1_s01.jpg","datePublished":"2025-09-05T14:05:07+00:00","dateModified":"2026-03-25T09:02:38+00:00","description":"Chocolats Au Lait L'Escargot Lanvin - Boite de 164 g - Cr\u00e9\u00e9 en 1934 en Bourgogne, l'Escargot LANVIN vous s\u00e9duira par son pralin\u00e9 onctueux n\u00e9 de la torr\u00e9faction des amandes et noisettes et par sa coque de d\u00e9licieux chocolat noir et chocolat blanc.","breadcrumb":{"@id":"https:\/\/my-french-grocery.com\/fr\/produit\/chocolats-au-lait-lescargot-lanvin\/#breadcrumb"},"inLanguage":"fr-FR","potentialAction":[{"@type":"ReadAction","target":["https:\/\/my-french-grocery.com\/fr\/produit\/chocolats-au-lait-lescargot-lanvin\/"]}]},{"@type":"ImageObject","inLanguage":"fr-FR","@id":"https:\/\/my-french-grocery.com\/fr\/produit\/chocolats-au-lait-lescargot-lanvin\/#primaryimage","url":"https:\/\/my-french-grocery.com\/wp-content\/uploads\/2025\/09\/08445291699472_A1R1_s01.jpg","contentUrl":"https:\/\/my-french-grocery.com\/wp-content\/uploads\/2025\/09\/08445291699472_A1R1_s01.jpg","width":1500,"height":1500},{"@type":"BreadcrumbList","@id":"https:\/\/my-french-grocery.com\/fr\/produit\/chocolats-au-lait-lescargot-lanvin\/#breadcrumb","itemListElement":[{"@type":"ListItem","position":1,"name":"Home","item":"https:\/\/my-french-grocery.com\/fr\/"},{"@type":"ListItem","position":2,"name":"Shop","item":"https:\/\/my-french-grocery.com\/shop\/"},{"@type":"ListItem","position":3,"name":"Alimentation","item":"https:\/\/my-french-grocery.com\/fr\/categorie-produit\/alimentation\/"},{"@type":"ListItem","position":4,"name":"Bonbons &amp; Chocolats","item":"https:\/\/my-french-grocery.com\/fr\/categorie-produit\/alimentation\/bonbons-chocolats\/"},{"@type":"ListItem","position":5,"name":"Bonbons","item":"https:\/\/my-french-grocery.com\/fr\/categorie-produit\/alimentation\/bonbons-chocolats\/bonbons\/"},{"@type":"ListItem","position":6,"name":"Chocolats Au Lait L&rsquo;Escargot Lanvin"}]},{"@type":"WebSite","@id":"https:\/\/my-french-grocery.com\/fr\/#website","url":"https:\/\/my-french-grocery.com\/fr\/","name":"My French Grocery","description":"Your Online French Grocery  !","publisher":{"@id":"https:\/\/my-french-grocery.com\/fr\/#organization"},"potentialAction":[{"@type":"SearchAction","target":{"@type":"EntryPoint","urlTemplate":"https:\/\/my-french-grocery.com\/fr\/?s={search_term_string}"},"query-input":{"@type":"PropertyValueSpecification","valueRequired":true,"valueName":"search_term_string"}}],"inLanguage":"fr-FR"},{"@type":"Organization","@id":"https:\/\/my-french-grocery.com\/fr\/#organization","name":"MY FRENCH GROCERY","url":"https:\/\/my-french-grocery.com\/fr\/","logo":{"@type":"ImageObject","inLanguage":"fr-FR","@id":"https:\/\/my-french-grocery.com\/fr\/#\/schema\/logo\/image\/","url":"https:\/\/my-french-grocery.com\/wp-content\/uploads\/2021\/11\/My-French-Grocery-Online-French-Grocery.png","contentUrl":"https:\/\/my-french-grocery.com\/wp-content\/uploads\/2021\/11\/My-French-Grocery-Online-French-Grocery.png","width":100,"height":100,"caption":"MY FRENCH GROCERY"},"image":{"@id":"https:\/\/my-french-grocery.com\/fr\/#\/schema\/logo\/image\/"},"sameAs":["https:\/\/www.facebook.com\/myfrenchgrocery\/"]}]}},"brands":[{"id":2486,"name":"Lanvin","slug":"lanvin-fr"}],"_links":{"self":[{"href":"https:\/\/my-french-grocery.com\/fr\/wp-json\/wp\/v2\/product\/19677","targetHints":{"allow":["GET"]}}],"collection":[{"href":"https:\/\/my-french-grocery.com\/fr\/wp-json\/wp\/v2\/product"}],"about":[{"href":"https:\/\/my-french-grocery.com\/fr\/wp-json\/wp\/v2\/types\/product"}],"replies":[{"embeddable":true,"href":"https:\/\/my-french-grocery.com\/fr\/wp-json\/wp\/v2\/comments?post=19677"}],"wp:featuredmedia":[{"embeddable":true,"href":"https:\/\/my-french-grocery.com\/fr\/wp-json\/wp\/v2\/media\/51845"}],"wp:attachment":[{"href":"https:\/\/my-french-grocery.com\/fr\/wp-json\/wp\/v2\/media?parent=19677"}],"wp:term":[{"taxonomy":"pwb-brand","embeddable":true,"href":"https:\/\/my-french-grocery.com\/fr\/wp-json\/wp\/v2\/pwb-brand?post=19677"},{"taxonomy":"product_brand","embeddable":true,"href":"https:\/\/my-french-grocery.com\/fr\/wp-json\/wp\/v2\/product_brand?post=19677"},{"taxonomy":"product_cat","embeddable":true,"href":"https:\/\/my-french-grocery.com\/fr\/wp-json\/wp\/v2\/product_cat?post=19677"},{"taxonomy":"product_tag","embeddable":true,"href":"https:\/\/my-french-grocery.com\/fr\/wp-json\/wp\/v2\/product_tag?post=19677"}],"curies":[{"name":"wp","href":"https:\/\/api.w.org\/{rel}","templated":true}]}}