{"id":19923,"date":"2021-12-03T12:46:36","date_gmt":"2021-12-03T10:46:37","guid":{"rendered":"https:\/\/my-french-grocery.com\/?post_type=product&#038;p=19923"},"modified":"2023-11-07T17:33:20","modified_gmt":"2023-11-07T15:33:20","slug":"chocolats-toffees-quality-street","status":"publish","type":"product","link":"https:\/\/my-french-grocery.com\/fr\/produit\/chocolats-toffees-quality-street\/","title":{"rendered":"Chocolats &#038; Toffees Quality Street"},"content":{"rendered":"<p>Chocolats & Toffees Quality Street<\/p>\n<p>Boite de 265 g<\/p>\n<div class=\"secondary-details-intro\">\n<div class=\"regulated-name\">\n<div class=\"secondary-details__description\">\n<div class=\"secondary-details-intro\">\n<div class=\"regulated-name\">\n<p class=\"paragraph\">Assortiment de bonbons de chocolat et toffees<\/p>\n<\/div>\n<\/div>\n<div class=\"secondary-details__description\">D\u00e9couvrez notre gamme de chocolats de No\u00ebl Quality Street! Savourez un large assortiment gourmand et color\u00e9 de chocolats et caramels avec QUALITY STREET. Toffee De Luxe, Hazelnut in Caramel, Coconut Eclair, Noisette Triangle, Strawberry cr\u00e8me, Fudge, Caramel Cup, Milk Chocolate, Orange Crunch, Orange Cr\u00e8me, Toffee Finger\u2026. 11 vari\u00e9t\u00e9s disponibles dans un ballotin pour faire plaisir \u00e0 tous le monde pour les f\u00eates de fin d\u2019ann\u00e9e. Assortiment de bonbons de chocolat<\/div>\n<\/div>\n<div id=\"data-recommandation-zone-2\" class=\"secondary-details-cross-sell\">\n<div class=\"recommendations\" data-zone=\"1\"><\/div>\n<\/div>\n<\/div>\n<\/div>\n","protected":false},"excerpt":{"rendered":"<p>Chocolats &amp; Toffees Quality Street<\/p>\n<p>Boite de 265 g<\/p>\n","protected":false},"featured_media":36546,"comment_status":"open","ping_status":"closed","template":"","meta":[],"pwb-brand":[],"product_brand":[],"product_cat":[449,455,2476],"product_tag":[2503],"class_list":{"0":"post-19923","1":"product","2":"type-product","3":"status-publish","4":"has-post-thumbnail","6":"product_cat-bonbons","7":"product_cat-chocolat","8":"product_cat-produits-de-noel","9":"product_tag-quality-street-fr","10":"product_shipping_class-expedition-dans-le-monde-entier","12":"first","13":"instock","14":"taxable","15":"shipping-taxable","16":"purchasable","17":"product-type-simple"},"brands":[],"_links":{"self":[{"href":"https:\/\/my-french-grocery.com\/fr\/wp-json\/wp\/v2\/product\/19923","targetHints":{"allow":["GET"]}}],"collection":[{"href":"https:\/\/my-french-grocery.com\/fr\/wp-json\/wp\/v2\/product"}],"about":[{"href":"https:\/\/my-french-grocery.com\/fr\/wp-json\/wp\/v2\/types\/product"}],"replies":[{"embeddable":true,"href":"https:\/\/my-french-grocery.com\/fr\/wp-json\/wp\/v2\/comments?post=19923"}],"wp:featuredmedia":[{"embeddable":true,"href":"https:\/\/my-french-grocery.com\/fr\/wp-json\/wp\/v2\/media\/36546"}],"wp:attachment":[{"href":"https:\/\/my-french-grocery.com\/fr\/wp-json\/wp\/v2\/media?parent=19923"}],"wp:term":[{"taxonomy":"pwb-brand","embeddable":true,"href":"https:\/\/my-french-grocery.com\/fr\/wp-json\/wp\/v2\/pwb-brand?post=19923"},{"taxonomy":"product_brand","embeddable":true,"href":"https:\/\/my-french-grocery.com\/fr\/wp-json\/wp\/v2\/product_brand?post=19923"},{"taxonomy":"product_cat","embeddable":true,"href":"https:\/\/my-french-grocery.com\/fr\/wp-json\/wp\/v2\/product_cat?post=19923"},{"taxonomy":"product_tag","embeddable":true,"href":"https:\/\/my-french-grocery.com\/fr\/wp-json\/wp\/v2\/product_tag?post=19923"}],"curies":[{"name":"wp","href":"https:\/\/api.w.org\/{rel}","templated":true}]}}