{"id":20144,"date":"2022-01-05T18:59:06","date_gmt":"2022-01-05T16:59:08","guid":{"rendered":"https:\/\/my-french-grocery.com\/?post_type=product&#038;p=20144"},"modified":"2022-01-05T19:08:51","modified_gmt":"2022-01-05T17:08:51","slug":"bonbons-sans-sucre-alpin-fresh-ricola-copy","status":"publish","type":"product","link":"https:\/\/my-french-grocery.com\/fr\/produit\/bonbons-sans-sucre-alpin-fresh-ricola-copy\/","title":{"rendered":"Infusion \u00ab\u00a0Bonne Nuit\u00a0\u00bb Ricola"},"content":{"rendered":"<p>Infusion \u00ab\u00a0Bonne Nuit\u00a0\u00bb Ricola<\/p>\n<p>boite de 200 g<\/p>\n<div class=\"regulated-name\">\n<p class=\"paragraph\">Ricola Bonne Nuit est compos\u00e9e d\u2019un m\u00e9lange de plantes savamment choisies, dont la fleur d\u2019oranger, la rose et la lavande, qui, associ\u00e9es \u00e0 une touche de miel, vous apportent un pur moment de d\u00e9tente et de plaisir.<\/p>\n<\/div>\n","protected":false},"excerpt":{"rendered":"<p>Infusion \u00ab\u00a0Bonne Nuit\u00a0\u00bb Ricola<\/p>\n<p>boite de 200 g<\/p>\n","protected":false},"featured_media":20147,"comment_status":"open","ping_status":"closed","template":"","meta":[],"pwb-brand":[2748],"product_brand":[],"product_cat":[1051],"product_tag":[2520],"class_list":{"0":"post-20144","1":"product","2":"type-product","3":"status-publish","4":"has-post-thumbnail","6":"pwb-brand-ricola-fr","7":"product_cat-the","8":"product_tag-ricola-fr","9":"product_shipping_class-expedition-dans-le-monde-entier","11":"first","12":"instock","13":"taxable","14":"shipping-taxable","15":"purchasable","16":"product-type-simple"},"yoast_head":"<!-- This site is optimized with the Yoast SEO plugin v27.4 - https:\/\/yoast.com\/product\/yoast-seo-wordpress\/ -->\n<title>Infusion &quot;Bonne Nuit&quot; Ricola | Acheter En Ligne | My French Grocery<\/title>\n<meta name=\"description\" content=\"Infusion &quot;Bonne Nuit&quot; Ricola boite de 200 g Ricola Bonne Nuit est compos\u00e9e d\u2019un m\u00e9lange de plantes savamment choisies\" \/>\n<meta name=\"robots\" content=\"index, follow, max-snippet:-1, max-image-preview:large, max-video-preview:-1\" \/>\n<link rel=\"canonical\" href=\"https:\/\/my-french-grocery.com\/fr\/produit\/bonbons-sans-sucre-alpin-fresh-ricola-copy\/\" \/>\n<meta property=\"og:locale\" content=\"fr_FR\" \/>\n<meta property=\"og:type\" content=\"article\" \/>\n<meta property=\"og:title\" content=\"Infusion &quot;Bonne Nuit&quot; Ricola | Acheter En Ligne | My French Grocery\" \/>\n<meta property=\"og:description\" content=\"Infusion &quot;Bonne Nuit&quot; Ricola boite de 200 g Ricola Bonne Nuit est compos\u00e9e d\u2019un m\u00e9lange de plantes savamment choisies\" \/>\n<meta property=\"og:url\" content=\"https:\/\/my-french-grocery.com\/fr\/produit\/bonbons-sans-sucre-alpin-fresh-ricola-copy\/\" \/>\n<meta property=\"og:site_name\" content=\"My French Grocery\" \/>\n<meta property=\"article:publisher\" content=\"https:\/\/www.facebook.com\/myfrenchgrocery\/\" \/>\n<meta property=\"article:modified_time\" content=\"2022-01-05T17:08:51+00:00\" \/>\n<meta property=\"og:image\" content=\"https:\/\/my-french-grocery.com\/wp-content\/uploads\/2022\/01\/RICOLA-BONNE-NUIT.jpg\" \/>\n\t<meta property=\"og:image:width\" content=\"1500\" \/>\n\t<meta property=\"og:image:height\" content=\"1500\" \/>\n\t<meta property=\"og:image:type\" content=\"image\/jpeg\" \/>\n<meta name=\"twitter:card\" content=\"summary_large_image\" \/>\n<script type=\"application\/ld+json\" class=\"yoast-schema-graph\">{\"@context\":\"https:\\\/\\\/schema.org\",\"@graph\":[{\"@type\":\"WebPage\",\"@id\":\"https:\\\/\\\/my-french-grocery.com\\\/fr\\\/produit\\\/bonbons-sans-sucre-alpin-fresh-ricola-copy\\\/\",\"url\":\"https:\\\/\\\/my-french-grocery.com\\\/fr\\\/produit\\\/bonbons-sans-sucre-alpin-fresh-ricola-copy\\\/\",\"name\":\"Infusion \\\"Bonne Nuit\\\" Ricola | Acheter En Ligne | My French Grocery\",\"isPartOf\":{\"@id\":\"https:\\\/\\\/my-french-grocery.com\\\/fr\\\/#website\"},\"primaryImageOfPage\":{\"@id\":\"https:\\\/\\\/my-french-grocery.com\\\/fr\\\/produit\\\/bonbons-sans-sucre-alpin-fresh-ricola-copy\\\/#primaryimage\"},\"image\":{\"@id\":\"https:\\\/\\\/my-french-grocery.com\\\/fr\\\/produit\\\/bonbons-sans-sucre-alpin-fresh-ricola-copy\\\/#primaryimage\"},\"thumbnailUrl\":\"https:\\\/\\\/my-french-grocery.com\\\/wp-content\\\/uploads\\\/2022\\\/01\\\/RICOLA-BONNE-NUIT.jpg\",\"datePublished\":\"2022-01-05T16:59:08+00:00\",\"dateModified\":\"2022-01-05T17:08:51+00:00\",\"description\":\"Infusion \\\"Bonne Nuit\\\" Ricola boite de 200 g Ricola Bonne Nuit est compos\u00e9e d\u2019un m\u00e9lange de plantes savamment choisies\",\"breadcrumb\":{\"@id\":\"https:\\\/\\\/my-french-grocery.com\\\/fr\\\/produit\\\/bonbons-sans-sucre-alpin-fresh-ricola-copy\\\/#breadcrumb\"},\"inLanguage\":\"fr-FR\",\"potentialAction\":[{\"@type\":\"ReadAction\",\"target\":[\"https:\\\/\\\/my-french-grocery.com\\\/fr\\\/produit\\\/bonbons-sans-sucre-alpin-fresh-ricola-copy\\\/\"]}]},{\"@type\":\"ImageObject\",\"inLanguage\":\"fr-FR\",\"@id\":\"https:\\\/\\\/my-french-grocery.com\\\/fr\\\/produit\\\/bonbons-sans-sucre-alpin-fresh-ricola-copy\\\/#primaryimage\",\"url\":\"https:\\\/\\\/my-french-grocery.com\\\/wp-content\\\/uploads\\\/2022\\\/01\\\/RICOLA-BONNE-NUIT.jpg\",\"contentUrl\":\"https:\\\/\\\/my-french-grocery.com\\\/wp-content\\\/uploads\\\/2022\\\/01\\\/RICOLA-BONNE-NUIT.jpg\",\"width\":1500,\"height\":1500,\"caption\":\"Infusion \\\"Bonne Nuit\\\" Ricola\"},{\"@type\":\"BreadcrumbList\",\"@id\":\"https:\\\/\\\/my-french-grocery.com\\\/fr\\\/produit\\\/bonbons-sans-sucre-alpin-fresh-ricola-copy\\\/#breadcrumb\",\"itemListElement\":[{\"@type\":\"ListItem\",\"position\":1,\"name\":\"Home\",\"item\":\"https:\\\/\\\/my-french-grocery.com\\\/fr\\\/\"},{\"@type\":\"ListItem\",\"position\":2,\"name\":\"Shop\",\"item\":\"https:\\\/\\\/my-french-grocery.com\\\/shop\\\/\"},{\"@type\":\"ListItem\",\"position\":3,\"name\":\"Alimentation\",\"item\":\"https:\\\/\\\/my-french-grocery.com\\\/fr\\\/categorie-produit\\\/alimentation\\\/\"},{\"@type\":\"ListItem\",\"position\":4,\"name\":\"Th\u00e9s, Caf\u00e9s, Chocolat En Poudre\",\"item\":\"https:\\\/\\\/my-french-grocery.com\\\/fr\\\/categorie-produit\\\/alimentation\\\/thes-cafes-chocolat-en-poudre\\\/\"},{\"@type\":\"ListItem\",\"position\":5,\"name\":\"Th\u00e9\",\"item\":\"https:\\\/\\\/my-french-grocery.com\\\/fr\\\/categorie-produit\\\/alimentation\\\/thes-cafes-chocolat-en-poudre\\\/the\\\/\"},{\"@type\":\"ListItem\",\"position\":6,\"name\":\"Infusion &#8220;Bonne Nuit&#8221; Ricola\"}]},{\"@type\":\"WebSite\",\"@id\":\"https:\\\/\\\/my-french-grocery.com\\\/fr\\\/#website\",\"url\":\"https:\\\/\\\/my-french-grocery.com\\\/fr\\\/\",\"name\":\"My French Grocery\",\"description\":\"Your Online French Grocery  !\",\"publisher\":{\"@id\":\"https:\\\/\\\/my-french-grocery.com\\\/fr\\\/#organization\"},\"potentialAction\":[{\"@type\":\"SearchAction\",\"target\":{\"@type\":\"EntryPoint\",\"urlTemplate\":\"https:\\\/\\\/my-french-grocery.com\\\/fr\\\/?s={search_term_string}\"},\"query-input\":{\"@type\":\"PropertyValueSpecification\",\"valueRequired\":true,\"valueName\":\"search_term_string\"}}],\"inLanguage\":\"fr-FR\"},{\"@type\":\"Organization\",\"@id\":\"https:\\\/\\\/my-french-grocery.com\\\/fr\\\/#organization\",\"name\":\"MY FRENCH GROCERY\",\"url\":\"https:\\\/\\\/my-french-grocery.com\\\/fr\\\/\",\"logo\":{\"@type\":\"ImageObject\",\"inLanguage\":\"fr-FR\",\"@id\":\"https:\\\/\\\/my-french-grocery.com\\\/fr\\\/#\\\/schema\\\/logo\\\/image\\\/\",\"url\":\"https:\\\/\\\/my-french-grocery.com\\\/wp-content\\\/uploads\\\/2021\\\/11\\\/My-French-Grocery-Online-French-Grocery.png\",\"contentUrl\":\"https:\\\/\\\/my-french-grocery.com\\\/wp-content\\\/uploads\\\/2021\\\/11\\\/My-French-Grocery-Online-French-Grocery.png\",\"width\":100,\"height\":100,\"caption\":\"MY FRENCH GROCERY\"},\"image\":{\"@id\":\"https:\\\/\\\/my-french-grocery.com\\\/fr\\\/#\\\/schema\\\/logo\\\/image\\\/\"},\"sameAs\":[\"https:\\\/\\\/www.facebook.com\\\/myfrenchgrocery\\\/\"]}]}<\/script>\n<!-- \/ Yoast SEO plugin. -->","yoast_head_json":{"title":"Infusion \"Bonne Nuit\" Ricola | Acheter En Ligne | My French Grocery","description":"Infusion \"Bonne Nuit\" Ricola boite de 200 g Ricola Bonne Nuit est compos\u00e9e d\u2019un m\u00e9lange de plantes savamment choisies","robots":{"index":"index","follow":"follow","max-snippet":"max-snippet:-1","max-image-preview":"max-image-preview:large","max-video-preview":"max-video-preview:-1"},"canonical":"https:\/\/my-french-grocery.com\/fr\/produit\/bonbons-sans-sucre-alpin-fresh-ricola-copy\/","og_locale":"fr_FR","og_type":"article","og_title":"Infusion \"Bonne Nuit\" Ricola | Acheter En Ligne | My French Grocery","og_description":"Infusion \"Bonne Nuit\" Ricola boite de 200 g Ricola Bonne Nuit est compos\u00e9e d\u2019un m\u00e9lange de plantes savamment choisies","og_url":"https:\/\/my-french-grocery.com\/fr\/produit\/bonbons-sans-sucre-alpin-fresh-ricola-copy\/","og_site_name":"My French Grocery","article_publisher":"https:\/\/www.facebook.com\/myfrenchgrocery\/","article_modified_time":"2022-01-05T17:08:51+00:00","og_image":[{"width":1500,"height":1500,"url":"https:\/\/my-french-grocery.com\/wp-content\/uploads\/2022\/01\/RICOLA-BONNE-NUIT.jpg","type":"image\/jpeg"}],"twitter_card":"summary_large_image","schema":{"@context":"https:\/\/schema.org","@graph":[{"@type":"WebPage","@id":"https:\/\/my-french-grocery.com\/fr\/produit\/bonbons-sans-sucre-alpin-fresh-ricola-copy\/","url":"https:\/\/my-french-grocery.com\/fr\/produit\/bonbons-sans-sucre-alpin-fresh-ricola-copy\/","name":"Infusion \"Bonne Nuit\" Ricola | Acheter En Ligne | My French Grocery","isPartOf":{"@id":"https:\/\/my-french-grocery.com\/fr\/#website"},"primaryImageOfPage":{"@id":"https:\/\/my-french-grocery.com\/fr\/produit\/bonbons-sans-sucre-alpin-fresh-ricola-copy\/#primaryimage"},"image":{"@id":"https:\/\/my-french-grocery.com\/fr\/produit\/bonbons-sans-sucre-alpin-fresh-ricola-copy\/#primaryimage"},"thumbnailUrl":"https:\/\/my-french-grocery.com\/wp-content\/uploads\/2022\/01\/RICOLA-BONNE-NUIT.jpg","datePublished":"2022-01-05T16:59:08+00:00","dateModified":"2022-01-05T17:08:51+00:00","description":"Infusion \"Bonne Nuit\" Ricola boite de 200 g Ricola Bonne Nuit est compos\u00e9e d\u2019un m\u00e9lange de plantes savamment choisies","breadcrumb":{"@id":"https:\/\/my-french-grocery.com\/fr\/produit\/bonbons-sans-sucre-alpin-fresh-ricola-copy\/#breadcrumb"},"inLanguage":"fr-FR","potentialAction":[{"@type":"ReadAction","target":["https:\/\/my-french-grocery.com\/fr\/produit\/bonbons-sans-sucre-alpin-fresh-ricola-copy\/"]}]},{"@type":"ImageObject","inLanguage":"fr-FR","@id":"https:\/\/my-french-grocery.com\/fr\/produit\/bonbons-sans-sucre-alpin-fresh-ricola-copy\/#primaryimage","url":"https:\/\/my-french-grocery.com\/wp-content\/uploads\/2022\/01\/RICOLA-BONNE-NUIT.jpg","contentUrl":"https:\/\/my-french-grocery.com\/wp-content\/uploads\/2022\/01\/RICOLA-BONNE-NUIT.jpg","width":1500,"height":1500,"caption":"Infusion \"Bonne Nuit\" Ricola"},{"@type":"BreadcrumbList","@id":"https:\/\/my-french-grocery.com\/fr\/produit\/bonbons-sans-sucre-alpin-fresh-ricola-copy\/#breadcrumb","itemListElement":[{"@type":"ListItem","position":1,"name":"Home","item":"https:\/\/my-french-grocery.com\/fr\/"},{"@type":"ListItem","position":2,"name":"Shop","item":"https:\/\/my-french-grocery.com\/shop\/"},{"@type":"ListItem","position":3,"name":"Alimentation","item":"https:\/\/my-french-grocery.com\/fr\/categorie-produit\/alimentation\/"},{"@type":"ListItem","position":4,"name":"Th\u00e9s, Caf\u00e9s, Chocolat En Poudre","item":"https:\/\/my-french-grocery.com\/fr\/categorie-produit\/alimentation\/thes-cafes-chocolat-en-poudre\/"},{"@type":"ListItem","position":5,"name":"Th\u00e9","item":"https:\/\/my-french-grocery.com\/fr\/categorie-produit\/alimentation\/thes-cafes-chocolat-en-poudre\/the\/"},{"@type":"ListItem","position":6,"name":"Infusion &#8220;Bonne Nuit&#8221; Ricola"}]},{"@type":"WebSite","@id":"https:\/\/my-french-grocery.com\/fr\/#website","url":"https:\/\/my-french-grocery.com\/fr\/","name":"My French Grocery","description":"Your Online French Grocery  !","publisher":{"@id":"https:\/\/my-french-grocery.com\/fr\/#organization"},"potentialAction":[{"@type":"SearchAction","target":{"@type":"EntryPoint","urlTemplate":"https:\/\/my-french-grocery.com\/fr\/?s={search_term_string}"},"query-input":{"@type":"PropertyValueSpecification","valueRequired":true,"valueName":"search_term_string"}}],"inLanguage":"fr-FR"},{"@type":"Organization","@id":"https:\/\/my-french-grocery.com\/fr\/#organization","name":"MY FRENCH GROCERY","url":"https:\/\/my-french-grocery.com\/fr\/","logo":{"@type":"ImageObject","inLanguage":"fr-FR","@id":"https:\/\/my-french-grocery.com\/fr\/#\/schema\/logo\/image\/","url":"https:\/\/my-french-grocery.com\/wp-content\/uploads\/2021\/11\/My-French-Grocery-Online-French-Grocery.png","contentUrl":"https:\/\/my-french-grocery.com\/wp-content\/uploads\/2021\/11\/My-French-Grocery-Online-French-Grocery.png","width":100,"height":100,"caption":"MY FRENCH GROCERY"},"image":{"@id":"https:\/\/my-french-grocery.com\/fr\/#\/schema\/logo\/image\/"},"sameAs":["https:\/\/www.facebook.com\/myfrenchgrocery\/"]}]}},"brands":[{"id":2748,"name":"Ricola","slug":"ricola-fr"}],"_links":{"self":[{"href":"https:\/\/my-french-grocery.com\/fr\/wp-json\/wp\/v2\/product\/20144","targetHints":{"allow":["GET"]}}],"collection":[{"href":"https:\/\/my-french-grocery.com\/fr\/wp-json\/wp\/v2\/product"}],"about":[{"href":"https:\/\/my-french-grocery.com\/fr\/wp-json\/wp\/v2\/types\/product"}],"replies":[{"embeddable":true,"href":"https:\/\/my-french-grocery.com\/fr\/wp-json\/wp\/v2\/comments?post=20144"}],"wp:featuredmedia":[{"embeddable":true,"href":"https:\/\/my-french-grocery.com\/fr\/wp-json\/wp\/v2\/media\/20147"}],"wp:attachment":[{"href":"https:\/\/my-french-grocery.com\/fr\/wp-json\/wp\/v2\/media?parent=20144"}],"wp:term":[{"taxonomy":"pwb-brand","embeddable":true,"href":"https:\/\/my-french-grocery.com\/fr\/wp-json\/wp\/v2\/pwb-brand?post=20144"},{"taxonomy":"product_brand","embeddable":true,"href":"https:\/\/my-french-grocery.com\/fr\/wp-json\/wp\/v2\/product_brand?post=20144"},{"taxonomy":"product_cat","embeddable":true,"href":"https:\/\/my-french-grocery.com\/fr\/wp-json\/wp\/v2\/product_cat?post=20144"},{"taxonomy":"product_tag","embeddable":true,"href":"https:\/\/my-french-grocery.com\/fr\/wp-json\/wp\/v2\/product_tag?post=20144"}],"curies":[{"name":"wp","href":"https:\/\/api.w.org\/{rel}","templated":true}]}}