{"id":20246,"date":"2022-01-12T16:36:55","date_gmt":"2022-01-12T14:36:56","guid":{"rendered":"https:\/\/my-french-grocery.com\/?post_type=product&#038;p=20246"},"modified":"2022-01-12T16:46:52","modified_gmt":"2022-01-12T14:46:52","slug":"biscuits-tronches-de-cake-saint-michel","status":"publish","type":"product","link":"https:\/\/my-french-grocery.com\/fr\/produit\/biscuits-tronches-de-cake-saint-michel\/","title":{"rendered":"Biscuits \u00ab\u00a0Tronches De Cake\u00a0\u00bb Saint Michel"},"content":{"rendered":"<p>Biscuits \u00ab\u00a0Tronches De Cake\u00a0\u00bb Saint Michel<\/p>\n<p>boite de 6 &#8211; 175 g<\/p>\n<div class=\"secondary-details__description\">\n<p class=\"paragraph\">Pour le go\u00fbter des enfants choisissez nos Tronches de cake, des bicuits moelleux fourr\u00e9s au bon chocolat et d\u00e9cor\u00e9s de visages rigolos. Une forme in\u00e9dite pour un go\u00fbter gourmand et amusant. Retrouvez les Tronches de cake en sachets individuels pratiques pour les emporter partout au go\u00fbter.<\/p>\n<\/div>\n","protected":false},"excerpt":{"rendered":"<p>Biscuits \u00ab\u00a0Tronches De Cake\u00a0\u00bb Saint Michel<\/p>\n<p>boite de 6 &#8211; 175 g<\/p>\n","protected":false},"featured_media":20249,"comment_status":"open","ping_status":"closed","template":"","meta":[],"pwb-brand":[920],"product_brand":[],"product_cat":[1025],"product_tag":[],"class_list":{"0":"post-20246","1":"product","2":"type-product","3":"status-publish","4":"has-post-thumbnail","6":"pwb-brand-saint-michel-fr-2","7":"product_cat-gateaux-biscuits","8":"product_shipping_class-expedition-dans-le-monde-entier","10":"first","11":"instock","12":"taxable","13":"shipping-taxable","14":"purchasable","15":"product-type-simple"},"yoast_head":"<!-- This site is optimized with the Yoast SEO plugin v27.4 - https:\/\/yoast.com\/product\/yoast-seo-wordpress\/ -->\n<title>Biscuits &quot;Tronches De Cake&quot; Saint Michel | Acheter En Ligne | My French Grocery<\/title>\n<meta name=\"description\" content=\"Biscuits &quot;Tronches De Cake&quot; Saint Michel - boite de 6 - 175 g - Pour le go\u00fbter des enfants choisissez nos Tronches de cake, des bicuits moelleux fourr\u00e9s au bon chocolat\" \/>\n<meta name=\"robots\" content=\"index, follow, max-snippet:-1, max-image-preview:large, max-video-preview:-1\" \/>\n<link rel=\"canonical\" href=\"https:\/\/my-french-grocery.com\/fr\/produit\/biscuits-tronches-de-cake-saint-michel\/\" \/>\n<meta property=\"og:locale\" content=\"fr_FR\" \/>\n<meta property=\"og:type\" content=\"article\" \/>\n<meta property=\"og:title\" content=\"Biscuits &quot;Tronches De Cake&quot; Saint Michel | Acheter En Ligne | My French Grocery\" \/>\n<meta property=\"og:description\" content=\"Biscuits &quot;Tronches De Cake&quot; Saint Michel - boite de 6 - 175 g - Pour le go\u00fbter des enfants choisissez nos Tronches de cake, des bicuits moelleux fourr\u00e9s au bon chocolat\" \/>\n<meta property=\"og:url\" content=\"https:\/\/my-french-grocery.com\/fr\/produit\/biscuits-tronches-de-cake-saint-michel\/\" \/>\n<meta property=\"og:site_name\" content=\"My French Grocery\" \/>\n<meta property=\"article:publisher\" content=\"https:\/\/www.facebook.com\/myfrenchgrocery\/\" \/>\n<meta property=\"article:modified_time\" content=\"2022-01-12T14:46:52+00:00\" \/>\n<meta property=\"og:image\" content=\"https:\/\/my-french-grocery.com\/wp-content\/uploads\/2022\/01\/TRONCHES-DE-CAKE-SAINT-MICHEL.jpg\" \/>\n\t<meta property=\"og:image:width\" content=\"1500\" \/>\n\t<meta property=\"og:image:height\" content=\"1500\" \/>\n\t<meta property=\"og:image:type\" content=\"image\/jpeg\" \/>\n<meta name=\"twitter:card\" content=\"summary_large_image\" \/>\n<script type=\"application\/ld+json\" class=\"yoast-schema-graph\">{\"@context\":\"https:\\\/\\\/schema.org\",\"@graph\":[{\"@type\":\"WebPage\",\"@id\":\"https:\\\/\\\/my-french-grocery.com\\\/fr\\\/produit\\\/biscuits-tronches-de-cake-saint-michel\\\/\",\"url\":\"https:\\\/\\\/my-french-grocery.com\\\/fr\\\/produit\\\/biscuits-tronches-de-cake-saint-michel\\\/\",\"name\":\"Biscuits \\\"Tronches De Cake\\\" Saint Michel | Acheter En Ligne | My French Grocery\",\"isPartOf\":{\"@id\":\"https:\\\/\\\/my-french-grocery.com\\\/fr\\\/#website\"},\"primaryImageOfPage\":{\"@id\":\"https:\\\/\\\/my-french-grocery.com\\\/fr\\\/produit\\\/biscuits-tronches-de-cake-saint-michel\\\/#primaryimage\"},\"image\":{\"@id\":\"https:\\\/\\\/my-french-grocery.com\\\/fr\\\/produit\\\/biscuits-tronches-de-cake-saint-michel\\\/#primaryimage\"},\"thumbnailUrl\":\"https:\\\/\\\/my-french-grocery.com\\\/wp-content\\\/uploads\\\/2022\\\/01\\\/TRONCHES-DE-CAKE-SAINT-MICHEL.jpg\",\"datePublished\":\"2022-01-12T14:36:56+00:00\",\"dateModified\":\"2022-01-12T14:46:52+00:00\",\"description\":\"Biscuits \\\"Tronches De Cake\\\" Saint Michel - boite de 6 - 175 g - Pour le go\u00fbter des enfants choisissez nos Tronches de cake, des bicuits moelleux fourr\u00e9s au bon chocolat\",\"breadcrumb\":{\"@id\":\"https:\\\/\\\/my-french-grocery.com\\\/fr\\\/produit\\\/biscuits-tronches-de-cake-saint-michel\\\/#breadcrumb\"},\"inLanguage\":\"fr-FR\",\"potentialAction\":[{\"@type\":\"ReadAction\",\"target\":[\"https:\\\/\\\/my-french-grocery.com\\\/fr\\\/produit\\\/biscuits-tronches-de-cake-saint-michel\\\/\"]}]},{\"@type\":\"ImageObject\",\"inLanguage\":\"fr-FR\",\"@id\":\"https:\\\/\\\/my-french-grocery.com\\\/fr\\\/produit\\\/biscuits-tronches-de-cake-saint-michel\\\/#primaryimage\",\"url\":\"https:\\\/\\\/my-french-grocery.com\\\/wp-content\\\/uploads\\\/2022\\\/01\\\/TRONCHES-DE-CAKE-SAINT-MICHEL.jpg\",\"contentUrl\":\"https:\\\/\\\/my-french-grocery.com\\\/wp-content\\\/uploads\\\/2022\\\/01\\\/TRONCHES-DE-CAKE-SAINT-MICHEL.jpg\",\"width\":1500,\"height\":1500,\"caption\":\"Biscuits \\\"Tronches De Cake\\\" Saint Michel\"},{\"@type\":\"BreadcrumbList\",\"@id\":\"https:\\\/\\\/my-french-grocery.com\\\/fr\\\/produit\\\/biscuits-tronches-de-cake-saint-michel\\\/#breadcrumb\",\"itemListElement\":[{\"@type\":\"ListItem\",\"position\":1,\"name\":\"Home\",\"item\":\"https:\\\/\\\/my-french-grocery.com\\\/fr\\\/\"},{\"@type\":\"ListItem\",\"position\":2,\"name\":\"Shop\",\"item\":\"https:\\\/\\\/my-french-grocery.com\\\/shop\\\/\"},{\"@type\":\"ListItem\",\"position\":3,\"name\":\"Alimentation\",\"item\":\"https:\\\/\\\/my-french-grocery.com\\\/fr\\\/categorie-produit\\\/alimentation\\\/\"},{\"@type\":\"ListItem\",\"position\":4,\"name\":\"G\u00e2teaux &amp; Biscuits\",\"item\":\"https:\\\/\\\/my-french-grocery.com\\\/fr\\\/categorie-produit\\\/alimentation\\\/gateaux-biscuits\\\/\"},{\"@type\":\"ListItem\",\"position\":5,\"name\":\"Biscuits &#8220;Tronches De Cake&#8221; Saint Michel\"}]},{\"@type\":\"WebSite\",\"@id\":\"https:\\\/\\\/my-french-grocery.com\\\/fr\\\/#website\",\"url\":\"https:\\\/\\\/my-french-grocery.com\\\/fr\\\/\",\"name\":\"My French Grocery\",\"description\":\"Your Online French Grocery  !\",\"publisher\":{\"@id\":\"https:\\\/\\\/my-french-grocery.com\\\/fr\\\/#organization\"},\"potentialAction\":[{\"@type\":\"SearchAction\",\"target\":{\"@type\":\"EntryPoint\",\"urlTemplate\":\"https:\\\/\\\/my-french-grocery.com\\\/fr\\\/?s={search_term_string}\"},\"query-input\":{\"@type\":\"PropertyValueSpecification\",\"valueRequired\":true,\"valueName\":\"search_term_string\"}}],\"inLanguage\":\"fr-FR\"},{\"@type\":\"Organization\",\"@id\":\"https:\\\/\\\/my-french-grocery.com\\\/fr\\\/#organization\",\"name\":\"MY FRENCH GROCERY\",\"url\":\"https:\\\/\\\/my-french-grocery.com\\\/fr\\\/\",\"logo\":{\"@type\":\"ImageObject\",\"inLanguage\":\"fr-FR\",\"@id\":\"https:\\\/\\\/my-french-grocery.com\\\/fr\\\/#\\\/schema\\\/logo\\\/image\\\/\",\"url\":\"https:\\\/\\\/my-french-grocery.com\\\/wp-content\\\/uploads\\\/2021\\\/11\\\/My-French-Grocery-Online-French-Grocery.png\",\"contentUrl\":\"https:\\\/\\\/my-french-grocery.com\\\/wp-content\\\/uploads\\\/2021\\\/11\\\/My-French-Grocery-Online-French-Grocery.png\",\"width\":100,\"height\":100,\"caption\":\"MY FRENCH GROCERY\"},\"image\":{\"@id\":\"https:\\\/\\\/my-french-grocery.com\\\/fr\\\/#\\\/schema\\\/logo\\\/image\\\/\"},\"sameAs\":[\"https:\\\/\\\/www.facebook.com\\\/myfrenchgrocery\\\/\"]}]}<\/script>\n<!-- \/ Yoast SEO plugin. -->","yoast_head_json":{"title":"Biscuits \"Tronches De Cake\" Saint Michel | Acheter En Ligne | My French Grocery","description":"Biscuits \"Tronches De Cake\" Saint Michel - boite de 6 - 175 g - Pour le go\u00fbter des enfants choisissez nos Tronches de cake, des bicuits moelleux fourr\u00e9s au bon chocolat","robots":{"index":"index","follow":"follow","max-snippet":"max-snippet:-1","max-image-preview":"max-image-preview:large","max-video-preview":"max-video-preview:-1"},"canonical":"https:\/\/my-french-grocery.com\/fr\/produit\/biscuits-tronches-de-cake-saint-michel\/","og_locale":"fr_FR","og_type":"article","og_title":"Biscuits \"Tronches De Cake\" Saint Michel | Acheter En Ligne | My French Grocery","og_description":"Biscuits \"Tronches De Cake\" Saint Michel - boite de 6 - 175 g - Pour le go\u00fbter des enfants choisissez nos Tronches de cake, des bicuits moelleux fourr\u00e9s au bon chocolat","og_url":"https:\/\/my-french-grocery.com\/fr\/produit\/biscuits-tronches-de-cake-saint-michel\/","og_site_name":"My French Grocery","article_publisher":"https:\/\/www.facebook.com\/myfrenchgrocery\/","article_modified_time":"2022-01-12T14:46:52+00:00","og_image":[{"width":1500,"height":1500,"url":"https:\/\/my-french-grocery.com\/wp-content\/uploads\/2022\/01\/TRONCHES-DE-CAKE-SAINT-MICHEL.jpg","type":"image\/jpeg"}],"twitter_card":"summary_large_image","schema":{"@context":"https:\/\/schema.org","@graph":[{"@type":"WebPage","@id":"https:\/\/my-french-grocery.com\/fr\/produit\/biscuits-tronches-de-cake-saint-michel\/","url":"https:\/\/my-french-grocery.com\/fr\/produit\/biscuits-tronches-de-cake-saint-michel\/","name":"Biscuits \"Tronches De Cake\" Saint Michel | Acheter En Ligne | My French Grocery","isPartOf":{"@id":"https:\/\/my-french-grocery.com\/fr\/#website"},"primaryImageOfPage":{"@id":"https:\/\/my-french-grocery.com\/fr\/produit\/biscuits-tronches-de-cake-saint-michel\/#primaryimage"},"image":{"@id":"https:\/\/my-french-grocery.com\/fr\/produit\/biscuits-tronches-de-cake-saint-michel\/#primaryimage"},"thumbnailUrl":"https:\/\/my-french-grocery.com\/wp-content\/uploads\/2022\/01\/TRONCHES-DE-CAKE-SAINT-MICHEL.jpg","datePublished":"2022-01-12T14:36:56+00:00","dateModified":"2022-01-12T14:46:52+00:00","description":"Biscuits \"Tronches De Cake\" Saint Michel - boite de 6 - 175 g - Pour le go\u00fbter des enfants choisissez nos Tronches de cake, des bicuits moelleux fourr\u00e9s au bon chocolat","breadcrumb":{"@id":"https:\/\/my-french-grocery.com\/fr\/produit\/biscuits-tronches-de-cake-saint-michel\/#breadcrumb"},"inLanguage":"fr-FR","potentialAction":[{"@type":"ReadAction","target":["https:\/\/my-french-grocery.com\/fr\/produit\/biscuits-tronches-de-cake-saint-michel\/"]}]},{"@type":"ImageObject","inLanguage":"fr-FR","@id":"https:\/\/my-french-grocery.com\/fr\/produit\/biscuits-tronches-de-cake-saint-michel\/#primaryimage","url":"https:\/\/my-french-grocery.com\/wp-content\/uploads\/2022\/01\/TRONCHES-DE-CAKE-SAINT-MICHEL.jpg","contentUrl":"https:\/\/my-french-grocery.com\/wp-content\/uploads\/2022\/01\/TRONCHES-DE-CAKE-SAINT-MICHEL.jpg","width":1500,"height":1500,"caption":"Biscuits \"Tronches De Cake\" Saint Michel"},{"@type":"BreadcrumbList","@id":"https:\/\/my-french-grocery.com\/fr\/produit\/biscuits-tronches-de-cake-saint-michel\/#breadcrumb","itemListElement":[{"@type":"ListItem","position":1,"name":"Home","item":"https:\/\/my-french-grocery.com\/fr\/"},{"@type":"ListItem","position":2,"name":"Shop","item":"https:\/\/my-french-grocery.com\/shop\/"},{"@type":"ListItem","position":3,"name":"Alimentation","item":"https:\/\/my-french-grocery.com\/fr\/categorie-produit\/alimentation\/"},{"@type":"ListItem","position":4,"name":"G\u00e2teaux &amp; Biscuits","item":"https:\/\/my-french-grocery.com\/fr\/categorie-produit\/alimentation\/gateaux-biscuits\/"},{"@type":"ListItem","position":5,"name":"Biscuits &#8220;Tronches De Cake&#8221; Saint Michel"}]},{"@type":"WebSite","@id":"https:\/\/my-french-grocery.com\/fr\/#website","url":"https:\/\/my-french-grocery.com\/fr\/","name":"My French Grocery","description":"Your Online French Grocery  !","publisher":{"@id":"https:\/\/my-french-grocery.com\/fr\/#organization"},"potentialAction":[{"@type":"SearchAction","target":{"@type":"EntryPoint","urlTemplate":"https:\/\/my-french-grocery.com\/fr\/?s={search_term_string}"},"query-input":{"@type":"PropertyValueSpecification","valueRequired":true,"valueName":"search_term_string"}}],"inLanguage":"fr-FR"},{"@type":"Organization","@id":"https:\/\/my-french-grocery.com\/fr\/#organization","name":"MY FRENCH GROCERY","url":"https:\/\/my-french-grocery.com\/fr\/","logo":{"@type":"ImageObject","inLanguage":"fr-FR","@id":"https:\/\/my-french-grocery.com\/fr\/#\/schema\/logo\/image\/","url":"https:\/\/my-french-grocery.com\/wp-content\/uploads\/2021\/11\/My-French-Grocery-Online-French-Grocery.png","contentUrl":"https:\/\/my-french-grocery.com\/wp-content\/uploads\/2021\/11\/My-French-Grocery-Online-French-Grocery.png","width":100,"height":100,"caption":"MY FRENCH GROCERY"},"image":{"@id":"https:\/\/my-french-grocery.com\/fr\/#\/schema\/logo\/image\/"},"sameAs":["https:\/\/www.facebook.com\/myfrenchgrocery\/"]}]}},"brands":[{"id":920,"name":"Saint-Michel","slug":"saint-michel-fr-2"}],"_links":{"self":[{"href":"https:\/\/my-french-grocery.com\/fr\/wp-json\/wp\/v2\/product\/20246","targetHints":{"allow":["GET"]}}],"collection":[{"href":"https:\/\/my-french-grocery.com\/fr\/wp-json\/wp\/v2\/product"}],"about":[{"href":"https:\/\/my-french-grocery.com\/fr\/wp-json\/wp\/v2\/types\/product"}],"replies":[{"embeddable":true,"href":"https:\/\/my-french-grocery.com\/fr\/wp-json\/wp\/v2\/comments?post=20246"}],"wp:featuredmedia":[{"embeddable":true,"href":"https:\/\/my-french-grocery.com\/fr\/wp-json\/wp\/v2\/media\/20249"}],"wp:attachment":[{"href":"https:\/\/my-french-grocery.com\/fr\/wp-json\/wp\/v2\/media?parent=20246"}],"wp:term":[{"taxonomy":"pwb-brand","embeddable":true,"href":"https:\/\/my-french-grocery.com\/fr\/wp-json\/wp\/v2\/pwb-brand?post=20246"},{"taxonomy":"product_brand","embeddable":true,"href":"https:\/\/my-french-grocery.com\/fr\/wp-json\/wp\/v2\/product_brand?post=20246"},{"taxonomy":"product_cat","embeddable":true,"href":"https:\/\/my-french-grocery.com\/fr\/wp-json\/wp\/v2\/product_cat?post=20246"},{"taxonomy":"product_tag","embeddable":true,"href":"https:\/\/my-french-grocery.com\/fr\/wp-json\/wp\/v2\/product_tag?post=20246"}],"curies":[{"name":"wp","href":"https:\/\/api.w.org\/{rel}","templated":true}]}}