{"id":20296,"date":"2022-01-15T18:07:49","date_gmt":"2022-01-15T16:07:49","guid":{"rendered":"https:\/\/my-french-grocery.com\/?post_type=product&#038;p=20296"},"modified":"2022-01-15T18:17:06","modified_gmt":"2022-01-15T16:17:06","slug":"shampooing-douche-effet-glacant-ushuaia","status":"publish","type":"product","link":"https:\/\/my-french-grocery.com\/fr\/produit\/shampooing-douche-effet-glacant-ushuaia\/","title":{"rendered":"Shampooing Douche Effet Gla\u00e7ant Ushuaia"},"content":{"rendered":"<p>Shampooing Douche Effet Gla\u00e7ant Ushuaia<\/p>\n<p>flacon de 300 ml<\/p>\n<div class=\"secondary-details__description\">\n<p class=\"paragraph\">Ushuaia, engag\u00e9e par nature depuis plus de 25 ans, vous propose un moment d&rsquo;\u00e9vasion et de plaisir avec ses shampooings-douches parfum\u00e9s. Fra\u00eecheur intense &#8211; peau hydrat\u00e9e.<\/p>\n<\/div>\n","protected":false},"excerpt":{"rendered":"<p>Shampooing Douche Effet Gla\u00e7ant Ushuaia<\/p>\n<p>flacon de 300 ml<\/p>\n","protected":false},"featured_media":51069,"comment_status":"open","ping_status":"closed","template":"","meta":[],"pwb-brand":[961],"product_brand":[],"product_cat":[993,2121],"product_tag":[1466],"class_list":{"0":"post-20296","1":"product","2":"type-product","3":"status-publish","4":"has-post-thumbnail","6":"pwb-brand-ushuaia-fr","7":"product_cat-gel-douche","8":"product_cat-shampooing","9":"product_tag-ushuaia-fr","10":"product_shipping_class-expedition-dans-le-monde-entier","12":"first","13":"instock","14":"taxable","15":"shipping-taxable","16":"purchasable","17":"product-type-simple"},"yoast_head":"<!-- This site is optimized with the Yoast SEO plugin v27.3 - https:\/\/yoast.com\/product\/yoast-seo-wordpress\/ -->\n<title>Shampooing Douche Effet Gla\u00e7ant Ushuaia | Acheter En Ligne | My French Grocery<\/title>\n<meta name=\"description\" content=\"Shampooing Douche Effet Gla\u00e7ant Ushuaia - flacon de 300 ml - Ushuaia, engag\u00e9e par nature depuis plus de 25 ans, vous propose un moment d&#039;\u00e9vasion et de plaisir avec ses shampooings-douches parfum\u00e9s.\" \/>\n<meta name=\"robots\" content=\"index, follow, max-snippet:-1, max-image-preview:large, max-video-preview:-1\" \/>\n<link rel=\"canonical\" href=\"https:\/\/my-french-grocery.com\/fr\/produit\/shampooing-douche-effet-glacant-ushuaia\/\" \/>\n<meta property=\"og:locale\" content=\"fr_FR\" \/>\n<meta property=\"og:type\" content=\"article\" \/>\n<meta property=\"og:title\" content=\"Shampooing Douche Effet Gla\u00e7ant Ushuaia | Acheter En Ligne | My French Grocery\" \/>\n<meta property=\"og:description\" content=\"Shampooing Douche Effet Gla\u00e7ant Ushuaia - flacon de 300 ml - Ushuaia, engag\u00e9e par nature depuis plus de 25 ans, vous propose un moment d&#039;\u00e9vasion et de plaisir avec ses shampooings-douches parfum\u00e9s.\" \/>\n<meta property=\"og:url\" content=\"https:\/\/my-french-grocery.com\/fr\/produit\/shampooing-douche-effet-glacant-ushuaia\/\" \/>\n<meta property=\"og:site_name\" content=\"My French Grocery\" \/>\n<meta property=\"article:publisher\" content=\"https:\/\/www.facebook.com\/myfrenchgrocery\/\" \/>\n<meta property=\"article:modified_time\" content=\"2022-01-15T16:17:06+00:00\" \/>\n<meta property=\"og:image\" content=\"https:\/\/my-french-grocery.com\/wp-content\/uploads\/2022\/01\/SHOWER-GEL-USHUAIA-FREEZING-EFFECT.jpg\" \/>\n\t<meta property=\"og:image:width\" content=\"1500\" \/>\n\t<meta property=\"og:image:height\" content=\"1500\" \/>\n\t<meta property=\"og:image:type\" content=\"image\/jpeg\" \/>\n<meta name=\"twitter:card\" content=\"summary_large_image\" \/>\n<script type=\"application\/ld+json\" class=\"yoast-schema-graph\">{\"@context\":\"https:\\\/\\\/schema.org\",\"@graph\":[{\"@type\":\"WebPage\",\"@id\":\"https:\\\/\\\/my-french-grocery.com\\\/fr\\\/produit\\\/shampooing-douche-effet-glacant-ushuaia\\\/\",\"url\":\"https:\\\/\\\/my-french-grocery.com\\\/fr\\\/produit\\\/shampooing-douche-effet-glacant-ushuaia\\\/\",\"name\":\"Shampooing Douche Effet Gla\u00e7ant Ushuaia | Acheter En Ligne | My French Grocery\",\"isPartOf\":{\"@id\":\"https:\\\/\\\/my-french-grocery.com\\\/fr\\\/#website\"},\"primaryImageOfPage\":{\"@id\":\"https:\\\/\\\/my-french-grocery.com\\\/fr\\\/produit\\\/shampooing-douche-effet-glacant-ushuaia\\\/#primaryimage\"},\"image\":{\"@id\":\"https:\\\/\\\/my-french-grocery.com\\\/fr\\\/produit\\\/shampooing-douche-effet-glacant-ushuaia\\\/#primaryimage\"},\"thumbnailUrl\":\"https:\\\/\\\/my-french-grocery.com\\\/wp-content\\\/uploads\\\/2022\\\/01\\\/USHUAIA-Volcanic-Rock-Freezing-Effect-Shower-Gel.webp\",\"datePublished\":\"2022-01-15T16:07:49+00:00\",\"dateModified\":\"2022-01-15T16:17:06+00:00\",\"description\":\"Shampooing Douche Effet Gla\u00e7ant Ushuaia - flacon de 300 ml - Ushuaia, engag\u00e9e par nature depuis plus de 25 ans, vous propose un moment d'\u00e9vasion et de plaisir avec ses shampooings-douches parfum\u00e9s.\",\"breadcrumb\":{\"@id\":\"https:\\\/\\\/my-french-grocery.com\\\/fr\\\/produit\\\/shampooing-douche-effet-glacant-ushuaia\\\/#breadcrumb\"},\"inLanguage\":\"fr-FR\",\"potentialAction\":[{\"@type\":\"ReadAction\",\"target\":[\"https:\\\/\\\/my-french-grocery.com\\\/fr\\\/produit\\\/shampooing-douche-effet-glacant-ushuaia\\\/\"]}]},{\"@type\":\"ImageObject\",\"inLanguage\":\"fr-FR\",\"@id\":\"https:\\\/\\\/my-french-grocery.com\\\/fr\\\/produit\\\/shampooing-douche-effet-glacant-ushuaia\\\/#primaryimage\",\"url\":\"https:\\\/\\\/my-french-grocery.com\\\/wp-content\\\/uploads\\\/2022\\\/01\\\/USHUAIA-Volcanic-Rock-Freezing-Effect-Shower-Gel.webp\",\"contentUrl\":\"https:\\\/\\\/my-french-grocery.com\\\/wp-content\\\/uploads\\\/2022\\\/01\\\/USHUAIA-Volcanic-Rock-Freezing-Effect-Shower-Gel.webp\",\"width\":1500,\"height\":1500},{\"@type\":\"BreadcrumbList\",\"@id\":\"https:\\\/\\\/my-french-grocery.com\\\/fr\\\/produit\\\/shampooing-douche-effet-glacant-ushuaia\\\/#breadcrumb\",\"itemListElement\":[{\"@type\":\"ListItem\",\"position\":1,\"name\":\"Home\",\"item\":\"https:\\\/\\\/my-french-grocery.com\\\/fr\\\/\"},{\"@type\":\"ListItem\",\"position\":2,\"name\":\"Shop\",\"item\":\"https:\\\/\\\/my-french-grocery.com\\\/shop\\\/\"},{\"@type\":\"ListItem\",\"position\":3,\"name\":\"Cosm\u00e9tiques\",\"item\":\"https:\\\/\\\/my-french-grocery.com\\\/fr\\\/categorie-produit\\\/cosmetiques\\\/\"},{\"@type\":\"ListItem\",\"position\":4,\"name\":\"Shampoing, Apr\u00e8s-Shampoing, Soin Des Cheveux\",\"item\":\"https:\\\/\\\/my-french-grocery.com\\\/fr\\\/categorie-produit\\\/cosmetiques\\\/shampoing-apres-shampoing\\\/\"},{\"@type\":\"ListItem\",\"position\":5,\"name\":\"Shampooing\",\"item\":\"https:\\\/\\\/my-french-grocery.com\\\/fr\\\/categorie-produit\\\/cosmetiques\\\/shampoing-apres-shampoing\\\/shampooing\\\/\"},{\"@type\":\"ListItem\",\"position\":6,\"name\":\"Shampooing Douche Effet Gla\u00e7ant Ushuaia\"}]},{\"@type\":\"WebSite\",\"@id\":\"https:\\\/\\\/my-french-grocery.com\\\/fr\\\/#website\",\"url\":\"https:\\\/\\\/my-french-grocery.com\\\/fr\\\/\",\"name\":\"My French Grocery\",\"description\":\"Your Online French Grocery  !\",\"publisher\":{\"@id\":\"https:\\\/\\\/my-french-grocery.com\\\/fr\\\/#organization\"},\"potentialAction\":[{\"@type\":\"SearchAction\",\"target\":{\"@type\":\"EntryPoint\",\"urlTemplate\":\"https:\\\/\\\/my-french-grocery.com\\\/fr\\\/?s={search_term_string}\"},\"query-input\":{\"@type\":\"PropertyValueSpecification\",\"valueRequired\":true,\"valueName\":\"search_term_string\"}}],\"inLanguage\":\"fr-FR\"},{\"@type\":\"Organization\",\"@id\":\"https:\\\/\\\/my-french-grocery.com\\\/fr\\\/#organization\",\"name\":\"MY FRENCH GROCERY\",\"url\":\"https:\\\/\\\/my-french-grocery.com\\\/fr\\\/\",\"logo\":{\"@type\":\"ImageObject\",\"inLanguage\":\"fr-FR\",\"@id\":\"https:\\\/\\\/my-french-grocery.com\\\/fr\\\/#\\\/schema\\\/logo\\\/image\\\/\",\"url\":\"https:\\\/\\\/my-french-grocery.com\\\/wp-content\\\/uploads\\\/2021\\\/11\\\/My-French-Grocery-Online-French-Grocery.png\",\"contentUrl\":\"https:\\\/\\\/my-french-grocery.com\\\/wp-content\\\/uploads\\\/2021\\\/11\\\/My-French-Grocery-Online-French-Grocery.png\",\"width\":100,\"height\":100,\"caption\":\"MY FRENCH GROCERY\"},\"image\":{\"@id\":\"https:\\\/\\\/my-french-grocery.com\\\/fr\\\/#\\\/schema\\\/logo\\\/image\\\/\"},\"sameAs\":[\"https:\\\/\\\/www.facebook.com\\\/myfrenchgrocery\\\/\"]}]}<\/script>\n<!-- \/ Yoast SEO plugin. -->","yoast_head_json":{"title":"Shampooing Douche Effet Gla\u00e7ant Ushuaia | Acheter En Ligne | My French Grocery","description":"Shampooing Douche Effet Gla\u00e7ant Ushuaia - flacon de 300 ml - Ushuaia, engag\u00e9e par nature depuis plus de 25 ans, vous propose un moment d'\u00e9vasion et de plaisir avec ses shampooings-douches parfum\u00e9s.","robots":{"index":"index","follow":"follow","max-snippet":"max-snippet:-1","max-image-preview":"max-image-preview:large","max-video-preview":"max-video-preview:-1"},"canonical":"https:\/\/my-french-grocery.com\/fr\/produit\/shampooing-douche-effet-glacant-ushuaia\/","og_locale":"fr_FR","og_type":"article","og_title":"Shampooing Douche Effet Gla\u00e7ant Ushuaia | Acheter En Ligne | My French Grocery","og_description":"Shampooing Douche Effet Gla\u00e7ant Ushuaia - flacon de 300 ml - Ushuaia, engag\u00e9e par nature depuis plus de 25 ans, vous propose un moment d'\u00e9vasion et de plaisir avec ses shampooings-douches parfum\u00e9s.","og_url":"https:\/\/my-french-grocery.com\/fr\/produit\/shampooing-douche-effet-glacant-ushuaia\/","og_site_name":"My French Grocery","article_publisher":"https:\/\/www.facebook.com\/myfrenchgrocery\/","article_modified_time":"2022-01-15T16:17:06+00:00","og_image":[{"width":1500,"height":1500,"url":"https:\/\/my-french-grocery.com\/wp-content\/uploads\/2022\/01\/SHOWER-GEL-USHUAIA-FREEZING-EFFECT.jpg","type":"image\/jpeg"}],"twitter_card":"summary_large_image","schema":{"@context":"https:\/\/schema.org","@graph":[{"@type":"WebPage","@id":"https:\/\/my-french-grocery.com\/fr\/produit\/shampooing-douche-effet-glacant-ushuaia\/","url":"https:\/\/my-french-grocery.com\/fr\/produit\/shampooing-douche-effet-glacant-ushuaia\/","name":"Shampooing Douche Effet Gla\u00e7ant Ushuaia | Acheter En Ligne | My French Grocery","isPartOf":{"@id":"https:\/\/my-french-grocery.com\/fr\/#website"},"primaryImageOfPage":{"@id":"https:\/\/my-french-grocery.com\/fr\/produit\/shampooing-douche-effet-glacant-ushuaia\/#primaryimage"},"image":{"@id":"https:\/\/my-french-grocery.com\/fr\/produit\/shampooing-douche-effet-glacant-ushuaia\/#primaryimage"},"thumbnailUrl":"https:\/\/my-french-grocery.com\/wp-content\/uploads\/2022\/01\/USHUAIA-Volcanic-Rock-Freezing-Effect-Shower-Gel.webp","datePublished":"2022-01-15T16:07:49+00:00","dateModified":"2022-01-15T16:17:06+00:00","description":"Shampooing Douche Effet Gla\u00e7ant Ushuaia - flacon de 300 ml - Ushuaia, engag\u00e9e par nature depuis plus de 25 ans, vous propose un moment d'\u00e9vasion et de plaisir avec ses shampooings-douches parfum\u00e9s.","breadcrumb":{"@id":"https:\/\/my-french-grocery.com\/fr\/produit\/shampooing-douche-effet-glacant-ushuaia\/#breadcrumb"},"inLanguage":"fr-FR","potentialAction":[{"@type":"ReadAction","target":["https:\/\/my-french-grocery.com\/fr\/produit\/shampooing-douche-effet-glacant-ushuaia\/"]}]},{"@type":"ImageObject","inLanguage":"fr-FR","@id":"https:\/\/my-french-grocery.com\/fr\/produit\/shampooing-douche-effet-glacant-ushuaia\/#primaryimage","url":"https:\/\/my-french-grocery.com\/wp-content\/uploads\/2022\/01\/USHUAIA-Volcanic-Rock-Freezing-Effect-Shower-Gel.webp","contentUrl":"https:\/\/my-french-grocery.com\/wp-content\/uploads\/2022\/01\/USHUAIA-Volcanic-Rock-Freezing-Effect-Shower-Gel.webp","width":1500,"height":1500},{"@type":"BreadcrumbList","@id":"https:\/\/my-french-grocery.com\/fr\/produit\/shampooing-douche-effet-glacant-ushuaia\/#breadcrumb","itemListElement":[{"@type":"ListItem","position":1,"name":"Home","item":"https:\/\/my-french-grocery.com\/fr\/"},{"@type":"ListItem","position":2,"name":"Shop","item":"https:\/\/my-french-grocery.com\/shop\/"},{"@type":"ListItem","position":3,"name":"Cosm\u00e9tiques","item":"https:\/\/my-french-grocery.com\/fr\/categorie-produit\/cosmetiques\/"},{"@type":"ListItem","position":4,"name":"Shampoing, Apr\u00e8s-Shampoing, Soin Des Cheveux","item":"https:\/\/my-french-grocery.com\/fr\/categorie-produit\/cosmetiques\/shampoing-apres-shampoing\/"},{"@type":"ListItem","position":5,"name":"Shampooing","item":"https:\/\/my-french-grocery.com\/fr\/categorie-produit\/cosmetiques\/shampoing-apres-shampoing\/shampooing\/"},{"@type":"ListItem","position":6,"name":"Shampooing Douche Effet Gla\u00e7ant Ushuaia"}]},{"@type":"WebSite","@id":"https:\/\/my-french-grocery.com\/fr\/#website","url":"https:\/\/my-french-grocery.com\/fr\/","name":"My French Grocery","description":"Your Online French Grocery  !","publisher":{"@id":"https:\/\/my-french-grocery.com\/fr\/#organization"},"potentialAction":[{"@type":"SearchAction","target":{"@type":"EntryPoint","urlTemplate":"https:\/\/my-french-grocery.com\/fr\/?s={search_term_string}"},"query-input":{"@type":"PropertyValueSpecification","valueRequired":true,"valueName":"search_term_string"}}],"inLanguage":"fr-FR"},{"@type":"Organization","@id":"https:\/\/my-french-grocery.com\/fr\/#organization","name":"MY FRENCH GROCERY","url":"https:\/\/my-french-grocery.com\/fr\/","logo":{"@type":"ImageObject","inLanguage":"fr-FR","@id":"https:\/\/my-french-grocery.com\/fr\/#\/schema\/logo\/image\/","url":"https:\/\/my-french-grocery.com\/wp-content\/uploads\/2021\/11\/My-French-Grocery-Online-French-Grocery.png","contentUrl":"https:\/\/my-french-grocery.com\/wp-content\/uploads\/2021\/11\/My-French-Grocery-Online-French-Grocery.png","width":100,"height":100,"caption":"MY FRENCH GROCERY"},"image":{"@id":"https:\/\/my-french-grocery.com\/fr\/#\/schema\/logo\/image\/"},"sameAs":["https:\/\/www.facebook.com\/myfrenchgrocery\/"]}]}},"brands":[{"id":961,"name":"Ushua\u00efa","slug":"ushuaia-fr"}],"_links":{"self":[{"href":"https:\/\/my-french-grocery.com\/fr\/wp-json\/wp\/v2\/product\/20296","targetHints":{"allow":["GET"]}}],"collection":[{"href":"https:\/\/my-french-grocery.com\/fr\/wp-json\/wp\/v2\/product"}],"about":[{"href":"https:\/\/my-french-grocery.com\/fr\/wp-json\/wp\/v2\/types\/product"}],"replies":[{"embeddable":true,"href":"https:\/\/my-french-grocery.com\/fr\/wp-json\/wp\/v2\/comments?post=20296"}],"wp:featuredmedia":[{"embeddable":true,"href":"https:\/\/my-french-grocery.com\/fr\/wp-json\/wp\/v2\/media\/51069"}],"wp:attachment":[{"href":"https:\/\/my-french-grocery.com\/fr\/wp-json\/wp\/v2\/media?parent=20296"}],"wp:term":[{"taxonomy":"pwb-brand","embeddable":true,"href":"https:\/\/my-french-grocery.com\/fr\/wp-json\/wp\/v2\/pwb-brand?post=20296"},{"taxonomy":"product_brand","embeddable":true,"href":"https:\/\/my-french-grocery.com\/fr\/wp-json\/wp\/v2\/product_brand?post=20296"},{"taxonomy":"product_cat","embeddable":true,"href":"https:\/\/my-french-grocery.com\/fr\/wp-json\/wp\/v2\/product_cat?post=20296"},{"taxonomy":"product_tag","embeddable":true,"href":"https:\/\/my-french-grocery.com\/fr\/wp-json\/wp\/v2\/product_tag?post=20296"}],"curies":[{"name":"wp","href":"https:\/\/api.w.org\/{rel}","templated":true}]}}