{"id":20412,"date":"2022-01-20T17:09:53","date_gmt":"2022-01-20T15:09:54","guid":{"rendered":"https:\/\/my-french-grocery.com\/?post_type=product&#038;p=20412"},"modified":"2022-01-20T17:17:36","modified_gmt":"2022-01-20T15:17:36","slug":"crepes-choco-noisette-whaou","status":"publish","type":"product","link":"https:\/\/my-french-grocery.com\/fr\/produit\/crepes-choco-noisette-whaou\/","title":{"rendered":"Cr\u00eapes Choco-Noisette Whaou!"},"content":{"rendered":"<p>Cr\u00eapes Choco-Noisette Whaou!<\/p>\n<p>sachet de 256g<\/p>\n<p>Une d\u00e9licieuse cr\u00eape au bon go\u00fbt Choco-Noisette \u00e9labor\u00e9e sans huile de palme ni conservateur, pr\u00e9par\u00e9e avec du bon lait frais, et des \u0153ufs extra frais.<\/p>\n","protected":false},"excerpt":{"rendered":"<p>Cr\u00eapes Choco-Noisette Whaou!<\/p>\n<p>sachet de 256g<\/p>\n","protected":false},"featured_media":20415,"comment_status":"open","ping_status":"closed","template":"","meta":[],"pwb-brand":[2553],"product_brand":[],"product_cat":[1031],"product_tag":[2551],"class_list":{"0":"post-20412","1":"product","2":"type-product","3":"status-publish","4":"has-post-thumbnail","6":"pwb-brand-whaou-fr","7":"product_cat-cereales-brioches-viennoiseries","8":"product_tag-whaou-fr","10":"first","11":"instock","12":"taxable","13":"shipping-taxable","14":"purchasable","15":"product-type-simple"},"yoast_head":"<!-- This site is optimized with the Yoast SEO plugin v27.3 - https:\/\/yoast.com\/product\/yoast-seo-wordpress\/ -->\n<title>Cr\u00eapes Choco-Noisette Whaou! | Acheter En Ligne | My French Grocery<\/title>\n<meta name=\"description\" content=\"Cr\u00eapes Choco-Noisette Whaou! - sachet de 256g - Une d\u00e9licieuse cr\u00eape au bon go\u00fbt Choco-Noisette \u00e9labor\u00e9e sans huile de palme ni conservateur,\" \/>\n<meta name=\"robots\" content=\"index, follow, max-snippet:-1, max-image-preview:large, max-video-preview:-1\" \/>\n<link rel=\"canonical\" href=\"https:\/\/my-french-grocery.com\/fr\/produit\/crepes-choco-noisette-whaou\/\" \/>\n<meta property=\"og:locale\" content=\"fr_FR\" \/>\n<meta property=\"og:type\" content=\"article\" \/>\n<meta property=\"og:title\" content=\"Cr\u00eapes Choco-Noisette Whaou! | Acheter En Ligne | My French Grocery\" \/>\n<meta property=\"og:description\" content=\"Cr\u00eapes Choco-Noisette Whaou! - sachet de 256g - Une d\u00e9licieuse cr\u00eape au bon go\u00fbt Choco-Noisette \u00e9labor\u00e9e sans huile de palme ni conservateur,\" \/>\n<meta property=\"og:url\" content=\"https:\/\/my-french-grocery.com\/fr\/produit\/crepes-choco-noisette-whaou\/\" \/>\n<meta property=\"og:site_name\" content=\"My French Grocery\" \/>\n<meta property=\"article:publisher\" content=\"https:\/\/www.facebook.com\/myfrenchgrocery\/\" \/>\n<meta property=\"article:modified_time\" content=\"2022-01-20T15:17:36+00:00\" \/>\n<meta property=\"og:image\" content=\"https:\/\/my-french-grocery.com\/wp-content\/uploads\/2022\/01\/Whaou-Chocolat-Noisette.jpg\" \/>\n\t<meta property=\"og:image:width\" content=\"1500\" \/>\n\t<meta property=\"og:image:height\" content=\"1500\" \/>\n\t<meta property=\"og:image:type\" content=\"image\/jpeg\" \/>\n<meta name=\"twitter:card\" content=\"summary_large_image\" \/>\n<script type=\"application\/ld+json\" class=\"yoast-schema-graph\">{\"@context\":\"https:\\\/\\\/schema.org\",\"@graph\":[{\"@type\":\"WebPage\",\"@id\":\"https:\\\/\\\/my-french-grocery.com\\\/fr\\\/produit\\\/crepes-choco-noisette-whaou\\\/\",\"url\":\"https:\\\/\\\/my-french-grocery.com\\\/fr\\\/produit\\\/crepes-choco-noisette-whaou\\\/\",\"name\":\"Cr\u00eapes Choco-Noisette Whaou! | Acheter En Ligne | My French Grocery\",\"isPartOf\":{\"@id\":\"https:\\\/\\\/my-french-grocery.com\\\/fr\\\/#website\"},\"primaryImageOfPage\":{\"@id\":\"https:\\\/\\\/my-french-grocery.com\\\/fr\\\/produit\\\/crepes-choco-noisette-whaou\\\/#primaryimage\"},\"image\":{\"@id\":\"https:\\\/\\\/my-french-grocery.com\\\/fr\\\/produit\\\/crepes-choco-noisette-whaou\\\/#primaryimage\"},\"thumbnailUrl\":\"https:\\\/\\\/my-french-grocery.com\\\/wp-content\\\/uploads\\\/2022\\\/01\\\/Whaou-Chocolat-Noisette.jpg\",\"datePublished\":\"2022-01-20T15:09:54+00:00\",\"dateModified\":\"2022-01-20T15:17:36+00:00\",\"description\":\"Cr\u00eapes Choco-Noisette Whaou! - sachet de 256g - Une d\u00e9licieuse cr\u00eape au bon go\u00fbt Choco-Noisette \u00e9labor\u00e9e sans huile de palme ni conservateur,\",\"breadcrumb\":{\"@id\":\"https:\\\/\\\/my-french-grocery.com\\\/fr\\\/produit\\\/crepes-choco-noisette-whaou\\\/#breadcrumb\"},\"inLanguage\":\"fr-FR\",\"potentialAction\":[{\"@type\":\"ReadAction\",\"target\":[\"https:\\\/\\\/my-french-grocery.com\\\/fr\\\/produit\\\/crepes-choco-noisette-whaou\\\/\"]}]},{\"@type\":\"ImageObject\",\"inLanguage\":\"fr-FR\",\"@id\":\"https:\\\/\\\/my-french-grocery.com\\\/fr\\\/produit\\\/crepes-choco-noisette-whaou\\\/#primaryimage\",\"url\":\"https:\\\/\\\/my-french-grocery.com\\\/wp-content\\\/uploads\\\/2022\\\/01\\\/Whaou-Chocolat-Noisette.jpg\",\"contentUrl\":\"https:\\\/\\\/my-french-grocery.com\\\/wp-content\\\/uploads\\\/2022\\\/01\\\/Whaou-Chocolat-Noisette.jpg\",\"width\":1500,\"height\":1500,\"caption\":\"Cr\u00eapes Choco-Noisette Whaou!\"},{\"@type\":\"BreadcrumbList\",\"@id\":\"https:\\\/\\\/my-french-grocery.com\\\/fr\\\/produit\\\/crepes-choco-noisette-whaou\\\/#breadcrumb\",\"itemListElement\":[{\"@type\":\"ListItem\",\"position\":1,\"name\":\"Home\",\"item\":\"https:\\\/\\\/my-french-grocery.com\\\/fr\\\/\"},{\"@type\":\"ListItem\",\"position\":2,\"name\":\"Shop\",\"item\":\"https:\\\/\\\/my-french-grocery.com\\\/shop\\\/\"},{\"@type\":\"ListItem\",\"position\":3,\"name\":\"Alimentation\",\"item\":\"https:\\\/\\\/my-french-grocery.com\\\/fr\\\/categorie-produit\\\/alimentation\\\/\"},{\"@type\":\"ListItem\",\"position\":4,\"name\":\"C\u00e9r\u00e9ales, Brioches &amp; Viennoiseries\",\"item\":\"https:\\\/\\\/my-french-grocery.com\\\/fr\\\/categorie-produit\\\/alimentation\\\/cereales-brioches-viennoiseries\\\/\"},{\"@type\":\"ListItem\",\"position\":5,\"name\":\"Cr\u00eapes Choco-Noisette Whaou!\"}]},{\"@type\":\"WebSite\",\"@id\":\"https:\\\/\\\/my-french-grocery.com\\\/fr\\\/#website\",\"url\":\"https:\\\/\\\/my-french-grocery.com\\\/fr\\\/\",\"name\":\"My French Grocery\",\"description\":\"Your Online French Grocery  !\",\"publisher\":{\"@id\":\"https:\\\/\\\/my-french-grocery.com\\\/fr\\\/#organization\"},\"potentialAction\":[{\"@type\":\"SearchAction\",\"target\":{\"@type\":\"EntryPoint\",\"urlTemplate\":\"https:\\\/\\\/my-french-grocery.com\\\/fr\\\/?s={search_term_string}\"},\"query-input\":{\"@type\":\"PropertyValueSpecification\",\"valueRequired\":true,\"valueName\":\"search_term_string\"}}],\"inLanguage\":\"fr-FR\"},{\"@type\":\"Organization\",\"@id\":\"https:\\\/\\\/my-french-grocery.com\\\/fr\\\/#organization\",\"name\":\"MY FRENCH GROCERY\",\"url\":\"https:\\\/\\\/my-french-grocery.com\\\/fr\\\/\",\"logo\":{\"@type\":\"ImageObject\",\"inLanguage\":\"fr-FR\",\"@id\":\"https:\\\/\\\/my-french-grocery.com\\\/fr\\\/#\\\/schema\\\/logo\\\/image\\\/\",\"url\":\"https:\\\/\\\/my-french-grocery.com\\\/wp-content\\\/uploads\\\/2021\\\/11\\\/My-French-Grocery-Online-French-Grocery.png\",\"contentUrl\":\"https:\\\/\\\/my-french-grocery.com\\\/wp-content\\\/uploads\\\/2021\\\/11\\\/My-French-Grocery-Online-French-Grocery.png\",\"width\":100,\"height\":100,\"caption\":\"MY FRENCH GROCERY\"},\"image\":{\"@id\":\"https:\\\/\\\/my-french-grocery.com\\\/fr\\\/#\\\/schema\\\/logo\\\/image\\\/\"},\"sameAs\":[\"https:\\\/\\\/www.facebook.com\\\/myfrenchgrocery\\\/\"]}]}<\/script>\n<!-- \/ Yoast SEO plugin. -->","yoast_head_json":{"title":"Cr\u00eapes Choco-Noisette Whaou! | Acheter En Ligne | My French Grocery","description":"Cr\u00eapes Choco-Noisette Whaou! - sachet de 256g - Une d\u00e9licieuse cr\u00eape au bon go\u00fbt Choco-Noisette \u00e9labor\u00e9e sans huile de palme ni conservateur,","robots":{"index":"index","follow":"follow","max-snippet":"max-snippet:-1","max-image-preview":"max-image-preview:large","max-video-preview":"max-video-preview:-1"},"canonical":"https:\/\/my-french-grocery.com\/fr\/produit\/crepes-choco-noisette-whaou\/","og_locale":"fr_FR","og_type":"article","og_title":"Cr\u00eapes Choco-Noisette Whaou! | Acheter En Ligne | My French Grocery","og_description":"Cr\u00eapes Choco-Noisette Whaou! - sachet de 256g - Une d\u00e9licieuse cr\u00eape au bon go\u00fbt Choco-Noisette \u00e9labor\u00e9e sans huile de palme ni conservateur,","og_url":"https:\/\/my-french-grocery.com\/fr\/produit\/crepes-choco-noisette-whaou\/","og_site_name":"My French Grocery","article_publisher":"https:\/\/www.facebook.com\/myfrenchgrocery\/","article_modified_time":"2022-01-20T15:17:36+00:00","og_image":[{"width":1500,"height":1500,"url":"https:\/\/my-french-grocery.com\/wp-content\/uploads\/2022\/01\/Whaou-Chocolat-Noisette.jpg","type":"image\/jpeg"}],"twitter_card":"summary_large_image","schema":{"@context":"https:\/\/schema.org","@graph":[{"@type":"WebPage","@id":"https:\/\/my-french-grocery.com\/fr\/produit\/crepes-choco-noisette-whaou\/","url":"https:\/\/my-french-grocery.com\/fr\/produit\/crepes-choco-noisette-whaou\/","name":"Cr\u00eapes Choco-Noisette Whaou! | Acheter En Ligne | My French Grocery","isPartOf":{"@id":"https:\/\/my-french-grocery.com\/fr\/#website"},"primaryImageOfPage":{"@id":"https:\/\/my-french-grocery.com\/fr\/produit\/crepes-choco-noisette-whaou\/#primaryimage"},"image":{"@id":"https:\/\/my-french-grocery.com\/fr\/produit\/crepes-choco-noisette-whaou\/#primaryimage"},"thumbnailUrl":"https:\/\/my-french-grocery.com\/wp-content\/uploads\/2022\/01\/Whaou-Chocolat-Noisette.jpg","datePublished":"2022-01-20T15:09:54+00:00","dateModified":"2022-01-20T15:17:36+00:00","description":"Cr\u00eapes Choco-Noisette Whaou! - sachet de 256g - Une d\u00e9licieuse cr\u00eape au bon go\u00fbt Choco-Noisette \u00e9labor\u00e9e sans huile de palme ni conservateur,","breadcrumb":{"@id":"https:\/\/my-french-grocery.com\/fr\/produit\/crepes-choco-noisette-whaou\/#breadcrumb"},"inLanguage":"fr-FR","potentialAction":[{"@type":"ReadAction","target":["https:\/\/my-french-grocery.com\/fr\/produit\/crepes-choco-noisette-whaou\/"]}]},{"@type":"ImageObject","inLanguage":"fr-FR","@id":"https:\/\/my-french-grocery.com\/fr\/produit\/crepes-choco-noisette-whaou\/#primaryimage","url":"https:\/\/my-french-grocery.com\/wp-content\/uploads\/2022\/01\/Whaou-Chocolat-Noisette.jpg","contentUrl":"https:\/\/my-french-grocery.com\/wp-content\/uploads\/2022\/01\/Whaou-Chocolat-Noisette.jpg","width":1500,"height":1500,"caption":"Cr\u00eapes Choco-Noisette Whaou!"},{"@type":"BreadcrumbList","@id":"https:\/\/my-french-grocery.com\/fr\/produit\/crepes-choco-noisette-whaou\/#breadcrumb","itemListElement":[{"@type":"ListItem","position":1,"name":"Home","item":"https:\/\/my-french-grocery.com\/fr\/"},{"@type":"ListItem","position":2,"name":"Shop","item":"https:\/\/my-french-grocery.com\/shop\/"},{"@type":"ListItem","position":3,"name":"Alimentation","item":"https:\/\/my-french-grocery.com\/fr\/categorie-produit\/alimentation\/"},{"@type":"ListItem","position":4,"name":"C\u00e9r\u00e9ales, Brioches &amp; Viennoiseries","item":"https:\/\/my-french-grocery.com\/fr\/categorie-produit\/alimentation\/cereales-brioches-viennoiseries\/"},{"@type":"ListItem","position":5,"name":"Cr\u00eapes Choco-Noisette Whaou!"}]},{"@type":"WebSite","@id":"https:\/\/my-french-grocery.com\/fr\/#website","url":"https:\/\/my-french-grocery.com\/fr\/","name":"My French Grocery","description":"Your Online French Grocery  !","publisher":{"@id":"https:\/\/my-french-grocery.com\/fr\/#organization"},"potentialAction":[{"@type":"SearchAction","target":{"@type":"EntryPoint","urlTemplate":"https:\/\/my-french-grocery.com\/fr\/?s={search_term_string}"},"query-input":{"@type":"PropertyValueSpecification","valueRequired":true,"valueName":"search_term_string"}}],"inLanguage":"fr-FR"},{"@type":"Organization","@id":"https:\/\/my-french-grocery.com\/fr\/#organization","name":"MY FRENCH GROCERY","url":"https:\/\/my-french-grocery.com\/fr\/","logo":{"@type":"ImageObject","inLanguage":"fr-FR","@id":"https:\/\/my-french-grocery.com\/fr\/#\/schema\/logo\/image\/","url":"https:\/\/my-french-grocery.com\/wp-content\/uploads\/2021\/11\/My-French-Grocery-Online-French-Grocery.png","contentUrl":"https:\/\/my-french-grocery.com\/wp-content\/uploads\/2021\/11\/My-French-Grocery-Online-French-Grocery.png","width":100,"height":100,"caption":"MY FRENCH GROCERY"},"image":{"@id":"https:\/\/my-french-grocery.com\/fr\/#\/schema\/logo\/image\/"},"sameAs":["https:\/\/www.facebook.com\/myfrenchgrocery\/"]}]}},"brands":[{"id":2553,"name":"Whaou","slug":"whaou-fr"}],"_links":{"self":[{"href":"https:\/\/my-french-grocery.com\/fr\/wp-json\/wp\/v2\/product\/20412","targetHints":{"allow":["GET"]}}],"collection":[{"href":"https:\/\/my-french-grocery.com\/fr\/wp-json\/wp\/v2\/product"}],"about":[{"href":"https:\/\/my-french-grocery.com\/fr\/wp-json\/wp\/v2\/types\/product"}],"replies":[{"embeddable":true,"href":"https:\/\/my-french-grocery.com\/fr\/wp-json\/wp\/v2\/comments?post=20412"}],"wp:featuredmedia":[{"embeddable":true,"href":"https:\/\/my-french-grocery.com\/fr\/wp-json\/wp\/v2\/media\/20415"}],"wp:attachment":[{"href":"https:\/\/my-french-grocery.com\/fr\/wp-json\/wp\/v2\/media?parent=20412"}],"wp:term":[{"taxonomy":"pwb-brand","embeddable":true,"href":"https:\/\/my-french-grocery.com\/fr\/wp-json\/wp\/v2\/pwb-brand?post=20412"},{"taxonomy":"product_brand","embeddable":true,"href":"https:\/\/my-french-grocery.com\/fr\/wp-json\/wp\/v2\/product_brand?post=20412"},{"taxonomy":"product_cat","embeddable":true,"href":"https:\/\/my-french-grocery.com\/fr\/wp-json\/wp\/v2\/product_cat?post=20412"},{"taxonomy":"product_tag","embeddable":true,"href":"https:\/\/my-french-grocery.com\/fr\/wp-json\/wp\/v2\/product_tag?post=20412"}],"curies":[{"name":"wp","href":"https:\/\/api.w.org\/{rel}","templated":true}]}}