{"id":21442,"date":"2022-03-15T17:09:55","date_gmt":"2022-03-15T15:09:57","guid":{"rendered":"https:\/\/my-french-grocery.com\/?post_type=product&#038;p=21442"},"modified":"2022-03-16T14:48:29","modified_gmt":"2022-03-16T12:48:29","slug":"oeufs-de-paques-lait-cacao-kinder","status":"publish","type":"product","link":"https:\/\/my-french-grocery.com\/fr\/produit\/oeufs-de-paques-lait-cacao-kinder\/","title":{"rendered":"Oeufs De P\u00e2ques Lait \/ Cacao Kinder"},"content":{"rendered":"<p>Oeufs De P\u00e2ques Lait \/ Cacao Kinder<\/p>\n<p>Sachet de 120g<\/p>\n<p>Gr\u00e2ce \u00e0 son trio de sensations, ces petits \u0153ufs s\u00e9duiront les plus gourmands : un d\u00e9licieux fourrage lait et cacao fondant \u00e0 souhait, recouvert d\u2019une gaufrette croustillante enrob\u00e9e d\u2019une fine couche de tendre chocolat au lait. Un m\u00e9lange de go\u00fbt et de texture pour une explosion de gourmandise en bouche !<\/p>\n","protected":false},"excerpt":{"rendered":"<p>Oeufs De P\u00e2ques Lait \/ Cacao Kinder<\/p>\n<p>Sachet de 120g<\/p>\n","protected":false},"featured_media":21445,"comment_status":"open","ping_status":"closed","template":"","meta":[],"pwb-brand":[614],"product_brand":[],"product_cat":[449,455,2636],"product_tag":[456,1260,2638],"class_list":{"0":"post-21442","1":"product","2":"type-product","3":"status-publish","4":"has-post-thumbnail","6":"pwb-brand-ferrero-fr","7":"product_cat-bonbons","8":"product_cat-chocolat","9":"product_cat-produits-de-paques","10":"product_tag-chocolat","11":"product_tag-kinder-fr","12":"product_tag-paques","13":"product_shipping_class-expedition-dans-le-monde-entier","15":"first","16":"outofstock","17":"taxable","18":"shipping-taxable","19":"purchasable","20":"product-type-simple"},"yoast_head":"<!-- This site is optimized with the Yoast SEO plugin v27.3 - https:\/\/yoast.com\/product\/yoast-seo-wordpress\/ -->\n<title>Oeufs De P\u00e2ques Lait \/ Cacao Kinder | Acheter En Ligne | My French Grocery<\/title>\n<meta name=\"description\" content=\"Oeufs De P\u00e2ques Lait \/ Cacao Kinder - Sachet de 120g - Gr\u00e2ce \u00e0 son trio de sensations, ces petits \u0153ufs s\u00e9duiront les plus gourmands\" \/>\n<meta name=\"robots\" content=\"index, follow, max-snippet:-1, max-image-preview:large, max-video-preview:-1\" \/>\n<link rel=\"canonical\" href=\"https:\/\/my-french-grocery.com\/fr\/produit\/oeufs-de-paques-lait-cacao-kinder\/\" \/>\n<meta property=\"og:locale\" content=\"fr_FR\" \/>\n<meta property=\"og:type\" content=\"article\" \/>\n<meta property=\"og:title\" content=\"Oeufs De P\u00e2ques Lait \/ Cacao Kinder | Acheter En Ligne | My French Grocery\" \/>\n<meta property=\"og:description\" content=\"Oeufs De P\u00e2ques Lait \/ Cacao Kinder - Sachet de 120g - Gr\u00e2ce \u00e0 son trio de sensations, ces petits \u0153ufs s\u00e9duiront les plus gourmands\" \/>\n<meta property=\"og:url\" content=\"https:\/\/my-french-grocery.com\/fr\/produit\/oeufs-de-paques-lait-cacao-kinder\/\" \/>\n<meta property=\"og:site_name\" content=\"My French Grocery\" \/>\n<meta property=\"article:publisher\" content=\"https:\/\/www.facebook.com\/myfrenchgrocery\/\" \/>\n<meta property=\"article:modified_time\" content=\"2022-03-16T12:48:29+00:00\" \/>\n<meta property=\"og:image\" content=\"https:\/\/my-french-grocery.com\/wp-content\/uploads\/2022\/03\/SMALL-EGGS-KINDER-HAZELNUT.jpg\" \/>\n\t<meta property=\"og:image:width\" content=\"225\" \/>\n\t<meta property=\"og:image:height\" content=\"225\" \/>\n\t<meta property=\"og:image:type\" content=\"image\/jpeg\" \/>\n<meta name=\"twitter:card\" content=\"summary_large_image\" \/>\n<script type=\"application\/ld+json\" class=\"yoast-schema-graph\">{\"@context\":\"https:\\\/\\\/schema.org\",\"@graph\":[{\"@type\":\"WebPage\",\"@id\":\"https:\\\/\\\/my-french-grocery.com\\\/fr\\\/produit\\\/oeufs-de-paques-lait-cacao-kinder\\\/\",\"url\":\"https:\\\/\\\/my-french-grocery.com\\\/fr\\\/produit\\\/oeufs-de-paques-lait-cacao-kinder\\\/\",\"name\":\"Oeufs De P\u00e2ques Lait \\\/ Cacao Kinder | Acheter En Ligne | My French Grocery\",\"isPartOf\":{\"@id\":\"https:\\\/\\\/my-french-grocery.com\\\/fr\\\/#website\"},\"primaryImageOfPage\":{\"@id\":\"https:\\\/\\\/my-french-grocery.com\\\/fr\\\/produit\\\/oeufs-de-paques-lait-cacao-kinder\\\/#primaryimage\"},\"image\":{\"@id\":\"https:\\\/\\\/my-french-grocery.com\\\/fr\\\/produit\\\/oeufs-de-paques-lait-cacao-kinder\\\/#primaryimage\"},\"thumbnailUrl\":\"https:\\\/\\\/my-french-grocery.com\\\/wp-content\\\/uploads\\\/2022\\\/03\\\/SMALL-EGGS-KINDER-HAZELNUT.jpg\",\"datePublished\":\"2022-03-15T15:09:57+00:00\",\"dateModified\":\"2022-03-16T12:48:29+00:00\",\"description\":\"Oeufs De P\u00e2ques Lait \\\/ Cacao Kinder - Sachet de 120g - Gr\u00e2ce \u00e0 son trio de sensations, ces petits \u0153ufs s\u00e9duiront les plus gourmands\",\"breadcrumb\":{\"@id\":\"https:\\\/\\\/my-french-grocery.com\\\/fr\\\/produit\\\/oeufs-de-paques-lait-cacao-kinder\\\/#breadcrumb\"},\"inLanguage\":\"fr-FR\",\"potentialAction\":[{\"@type\":\"ReadAction\",\"target\":[\"https:\\\/\\\/my-french-grocery.com\\\/fr\\\/produit\\\/oeufs-de-paques-lait-cacao-kinder\\\/\"]}]},{\"@type\":\"ImageObject\",\"inLanguage\":\"fr-FR\",\"@id\":\"https:\\\/\\\/my-french-grocery.com\\\/fr\\\/produit\\\/oeufs-de-paques-lait-cacao-kinder\\\/#primaryimage\",\"url\":\"https:\\\/\\\/my-french-grocery.com\\\/wp-content\\\/uploads\\\/2022\\\/03\\\/SMALL-EGGS-KINDER-HAZELNUT.jpg\",\"contentUrl\":\"https:\\\/\\\/my-french-grocery.com\\\/wp-content\\\/uploads\\\/2022\\\/03\\\/SMALL-EGGS-KINDER-HAZELNUT.jpg\",\"width\":225,\"height\":225,\"caption\":\"Oeufs De P\u00e2ques Lait \\\/ Cacao Kinder\"},{\"@type\":\"BreadcrumbList\",\"@id\":\"https:\\\/\\\/my-french-grocery.com\\\/fr\\\/produit\\\/oeufs-de-paques-lait-cacao-kinder\\\/#breadcrumb\",\"itemListElement\":[{\"@type\":\"ListItem\",\"position\":1,\"name\":\"Home\",\"item\":\"https:\\\/\\\/my-french-grocery.com\\\/fr\\\/\"},{\"@type\":\"ListItem\",\"position\":2,\"name\":\"Shop\",\"item\":\"https:\\\/\\\/my-french-grocery.com\\\/shop\\\/\"},{\"@type\":\"ListItem\",\"position\":3,\"name\":\"Produits De P\u00e2ques\",\"item\":\"https:\\\/\\\/my-french-grocery.com\\\/fr\\\/categorie-produit\\\/produits-de-paques\\\/\"},{\"@type\":\"ListItem\",\"position\":4,\"name\":\"Oeufs De P\u00e2ques Lait \\\/ Cacao Kinder\"}]},{\"@type\":\"WebSite\",\"@id\":\"https:\\\/\\\/my-french-grocery.com\\\/fr\\\/#website\",\"url\":\"https:\\\/\\\/my-french-grocery.com\\\/fr\\\/\",\"name\":\"My French Grocery\",\"description\":\"Your Online French Grocery  !\",\"publisher\":{\"@id\":\"https:\\\/\\\/my-french-grocery.com\\\/fr\\\/#organization\"},\"potentialAction\":[{\"@type\":\"SearchAction\",\"target\":{\"@type\":\"EntryPoint\",\"urlTemplate\":\"https:\\\/\\\/my-french-grocery.com\\\/fr\\\/?s={search_term_string}\"},\"query-input\":{\"@type\":\"PropertyValueSpecification\",\"valueRequired\":true,\"valueName\":\"search_term_string\"}}],\"inLanguage\":\"fr-FR\"},{\"@type\":\"Organization\",\"@id\":\"https:\\\/\\\/my-french-grocery.com\\\/fr\\\/#organization\",\"name\":\"MY FRENCH GROCERY\",\"url\":\"https:\\\/\\\/my-french-grocery.com\\\/fr\\\/\",\"logo\":{\"@type\":\"ImageObject\",\"inLanguage\":\"fr-FR\",\"@id\":\"https:\\\/\\\/my-french-grocery.com\\\/fr\\\/#\\\/schema\\\/logo\\\/image\\\/\",\"url\":\"https:\\\/\\\/my-french-grocery.com\\\/wp-content\\\/uploads\\\/2021\\\/11\\\/My-French-Grocery-Online-French-Grocery.png\",\"contentUrl\":\"https:\\\/\\\/my-french-grocery.com\\\/wp-content\\\/uploads\\\/2021\\\/11\\\/My-French-Grocery-Online-French-Grocery.png\",\"width\":100,\"height\":100,\"caption\":\"MY FRENCH GROCERY\"},\"image\":{\"@id\":\"https:\\\/\\\/my-french-grocery.com\\\/fr\\\/#\\\/schema\\\/logo\\\/image\\\/\"},\"sameAs\":[\"https:\\\/\\\/www.facebook.com\\\/myfrenchgrocery\\\/\"]}]}<\/script>\n<!-- \/ Yoast SEO plugin. -->","yoast_head_json":{"title":"Oeufs De P\u00e2ques Lait \/ Cacao Kinder | Acheter En Ligne | My French Grocery","description":"Oeufs De P\u00e2ques Lait \/ Cacao Kinder - Sachet de 120g - Gr\u00e2ce \u00e0 son trio de sensations, ces petits \u0153ufs s\u00e9duiront les plus gourmands","robots":{"index":"index","follow":"follow","max-snippet":"max-snippet:-1","max-image-preview":"max-image-preview:large","max-video-preview":"max-video-preview:-1"},"canonical":"https:\/\/my-french-grocery.com\/fr\/produit\/oeufs-de-paques-lait-cacao-kinder\/","og_locale":"fr_FR","og_type":"article","og_title":"Oeufs De P\u00e2ques Lait \/ Cacao Kinder | Acheter En Ligne | My French Grocery","og_description":"Oeufs De P\u00e2ques Lait \/ Cacao Kinder - Sachet de 120g - Gr\u00e2ce \u00e0 son trio de sensations, ces petits \u0153ufs s\u00e9duiront les plus gourmands","og_url":"https:\/\/my-french-grocery.com\/fr\/produit\/oeufs-de-paques-lait-cacao-kinder\/","og_site_name":"My French Grocery","article_publisher":"https:\/\/www.facebook.com\/myfrenchgrocery\/","article_modified_time":"2022-03-16T12:48:29+00:00","og_image":[{"width":225,"height":225,"url":"https:\/\/my-french-grocery.com\/wp-content\/uploads\/2022\/03\/SMALL-EGGS-KINDER-HAZELNUT.jpg","type":"image\/jpeg"}],"twitter_card":"summary_large_image","schema":{"@context":"https:\/\/schema.org","@graph":[{"@type":"WebPage","@id":"https:\/\/my-french-grocery.com\/fr\/produit\/oeufs-de-paques-lait-cacao-kinder\/","url":"https:\/\/my-french-grocery.com\/fr\/produit\/oeufs-de-paques-lait-cacao-kinder\/","name":"Oeufs De P\u00e2ques Lait \/ Cacao Kinder | Acheter En Ligne | My French Grocery","isPartOf":{"@id":"https:\/\/my-french-grocery.com\/fr\/#website"},"primaryImageOfPage":{"@id":"https:\/\/my-french-grocery.com\/fr\/produit\/oeufs-de-paques-lait-cacao-kinder\/#primaryimage"},"image":{"@id":"https:\/\/my-french-grocery.com\/fr\/produit\/oeufs-de-paques-lait-cacao-kinder\/#primaryimage"},"thumbnailUrl":"https:\/\/my-french-grocery.com\/wp-content\/uploads\/2022\/03\/SMALL-EGGS-KINDER-HAZELNUT.jpg","datePublished":"2022-03-15T15:09:57+00:00","dateModified":"2022-03-16T12:48:29+00:00","description":"Oeufs De P\u00e2ques Lait \/ Cacao Kinder - Sachet de 120g - Gr\u00e2ce \u00e0 son trio de sensations, ces petits \u0153ufs s\u00e9duiront les plus gourmands","breadcrumb":{"@id":"https:\/\/my-french-grocery.com\/fr\/produit\/oeufs-de-paques-lait-cacao-kinder\/#breadcrumb"},"inLanguage":"fr-FR","potentialAction":[{"@type":"ReadAction","target":["https:\/\/my-french-grocery.com\/fr\/produit\/oeufs-de-paques-lait-cacao-kinder\/"]}]},{"@type":"ImageObject","inLanguage":"fr-FR","@id":"https:\/\/my-french-grocery.com\/fr\/produit\/oeufs-de-paques-lait-cacao-kinder\/#primaryimage","url":"https:\/\/my-french-grocery.com\/wp-content\/uploads\/2022\/03\/SMALL-EGGS-KINDER-HAZELNUT.jpg","contentUrl":"https:\/\/my-french-grocery.com\/wp-content\/uploads\/2022\/03\/SMALL-EGGS-KINDER-HAZELNUT.jpg","width":225,"height":225,"caption":"Oeufs De P\u00e2ques Lait \/ Cacao Kinder"},{"@type":"BreadcrumbList","@id":"https:\/\/my-french-grocery.com\/fr\/produit\/oeufs-de-paques-lait-cacao-kinder\/#breadcrumb","itemListElement":[{"@type":"ListItem","position":1,"name":"Home","item":"https:\/\/my-french-grocery.com\/fr\/"},{"@type":"ListItem","position":2,"name":"Shop","item":"https:\/\/my-french-grocery.com\/shop\/"},{"@type":"ListItem","position":3,"name":"Produits De P\u00e2ques","item":"https:\/\/my-french-grocery.com\/fr\/categorie-produit\/produits-de-paques\/"},{"@type":"ListItem","position":4,"name":"Oeufs De P\u00e2ques Lait \/ Cacao Kinder"}]},{"@type":"WebSite","@id":"https:\/\/my-french-grocery.com\/fr\/#website","url":"https:\/\/my-french-grocery.com\/fr\/","name":"My French Grocery","description":"Your Online French Grocery  !","publisher":{"@id":"https:\/\/my-french-grocery.com\/fr\/#organization"},"potentialAction":[{"@type":"SearchAction","target":{"@type":"EntryPoint","urlTemplate":"https:\/\/my-french-grocery.com\/fr\/?s={search_term_string}"},"query-input":{"@type":"PropertyValueSpecification","valueRequired":true,"valueName":"search_term_string"}}],"inLanguage":"fr-FR"},{"@type":"Organization","@id":"https:\/\/my-french-grocery.com\/fr\/#organization","name":"MY FRENCH GROCERY","url":"https:\/\/my-french-grocery.com\/fr\/","logo":{"@type":"ImageObject","inLanguage":"fr-FR","@id":"https:\/\/my-french-grocery.com\/fr\/#\/schema\/logo\/image\/","url":"https:\/\/my-french-grocery.com\/wp-content\/uploads\/2021\/11\/My-French-Grocery-Online-French-Grocery.png","contentUrl":"https:\/\/my-french-grocery.com\/wp-content\/uploads\/2021\/11\/My-French-Grocery-Online-French-Grocery.png","width":100,"height":100,"caption":"MY FRENCH GROCERY"},"image":{"@id":"https:\/\/my-french-grocery.com\/fr\/#\/schema\/logo\/image\/"},"sameAs":["https:\/\/www.facebook.com\/myfrenchgrocery\/"]}]}},"brands":[{"id":614,"name":"Ferrero","slug":"ferrero-fr"}],"_links":{"self":[{"href":"https:\/\/my-french-grocery.com\/fr\/wp-json\/wp\/v2\/product\/21442","targetHints":{"allow":["GET"]}}],"collection":[{"href":"https:\/\/my-french-grocery.com\/fr\/wp-json\/wp\/v2\/product"}],"about":[{"href":"https:\/\/my-french-grocery.com\/fr\/wp-json\/wp\/v2\/types\/product"}],"replies":[{"embeddable":true,"href":"https:\/\/my-french-grocery.com\/fr\/wp-json\/wp\/v2\/comments?post=21442"}],"wp:featuredmedia":[{"embeddable":true,"href":"https:\/\/my-french-grocery.com\/fr\/wp-json\/wp\/v2\/media\/21445"}],"wp:attachment":[{"href":"https:\/\/my-french-grocery.com\/fr\/wp-json\/wp\/v2\/media?parent=21442"}],"wp:term":[{"taxonomy":"pwb-brand","embeddable":true,"href":"https:\/\/my-french-grocery.com\/fr\/wp-json\/wp\/v2\/pwb-brand?post=21442"},{"taxonomy":"product_brand","embeddable":true,"href":"https:\/\/my-french-grocery.com\/fr\/wp-json\/wp\/v2\/product_brand?post=21442"},{"taxonomy":"product_cat","embeddable":true,"href":"https:\/\/my-french-grocery.com\/fr\/wp-json\/wp\/v2\/product_cat?post=21442"},{"taxonomy":"product_tag","embeddable":true,"href":"https:\/\/my-french-grocery.com\/fr\/wp-json\/wp\/v2\/product_tag?post=21442"}],"curies":[{"name":"wp","href":"https:\/\/api.w.org\/{rel}","templated":true}]}}