{"id":21451,"date":"2022-03-15T17:17:38","date_gmt":"2022-03-15T15:17:38","guid":{"rendered":"https:\/\/my-french-grocery.com\/?post_type=product&#038;p=21451"},"modified":"2022-03-16T14:41:41","modified_gmt":"2022-03-16T12:41:41","slug":"chocolat-mini-oeufs-praline-lindt","status":"publish","type":"product","link":"https:\/\/my-french-grocery.com\/fr\/produit\/chocolat-mini-oeufs-praline-lindt\/","title":{"rendered":"Chocolat Mini Oeufs Pralin\u00e9 Lindt"},"content":{"rendered":"<p>Chocolat Mini Oeufs Pralin\u00e9 Lindt<\/p>\n<p>Sachet de 180g<\/p>\n<div class=\"secondary-details__description\">\n<p class=\"paragraph\">Confectionn\u00e9s avec soin par les Ma\u00eetres Chocolatiers Lindt, les nouvelles recettes des Mini \u0152ufs Lapin Or au d\u00e9licieux chocolat feront le plaisir des petits et des grands pour des moments magiques \u00e0 P\u00e2ques !<\/p>\n<\/div>\n<div class=\"secondary-details-blocks\"><\/div>\n","protected":false},"excerpt":{"rendered":"<p>Chocolat Mini Oeufs Pralin\u00e9 Lindt<\/p>\n<p>Sachet de 180g<\/p>\n","protected":false},"featured_media":21454,"comment_status":"open","ping_status":"closed","template":"","meta":[],"pwb-brand":[457],"product_brand":[],"product_cat":[455,2636],"product_tag":[456,1954,458],"class_list":{"0":"post-21451","1":"product","2":"type-product","3":"status-publish","4":"has-post-thumbnail","6":"pwb-brand-lindt-fr-2","7":"product_cat-chocolat","8":"product_cat-produits-de-paques","9":"product_tag-chocolat","10":"product_tag-lapin-fr","11":"product_tag-lindt-fr","12":"product_shipping_class-expedition-dans-le-monde-entier","14":"first","15":"outofstock","16":"taxable","17":"shipping-taxable","18":"purchasable","19":"product-type-simple"},"yoast_head":"<!-- This site is optimized with the Yoast SEO plugin v27.3 - https:\/\/yoast.com\/product\/yoast-seo-wordpress\/ -->\n<title>Chocolat Mini Oeufs Pralin\u00e9 Lindt | Acheter En Ligne | My French Grocery<\/title>\n<meta name=\"description\" content=\"Chocolat Mini Oeufs Pralin\u00e9 Lindt - Sachet de 180g - Confectionn\u00e9s avec soin par les Ma\u00eetres Chocolatiers Lindt,\" \/>\n<meta name=\"robots\" content=\"index, follow, max-snippet:-1, max-image-preview:large, max-video-preview:-1\" \/>\n<link rel=\"canonical\" href=\"https:\/\/my-french-grocery.com\/fr\/produit\/chocolat-mini-oeufs-praline-lindt\/\" \/>\n<meta property=\"og:locale\" content=\"fr_FR\" \/>\n<meta property=\"og:type\" content=\"article\" \/>\n<meta property=\"og:title\" content=\"Chocolat Mini Oeufs Pralin\u00e9 Lindt | Acheter En Ligne | My French Grocery\" \/>\n<meta property=\"og:description\" content=\"Chocolat Mini Oeufs Pralin\u00e9 Lindt - Sachet de 180g - Confectionn\u00e9s avec soin par les Ma\u00eetres Chocolatiers Lindt,\" \/>\n<meta property=\"og:url\" content=\"https:\/\/my-french-grocery.com\/fr\/produit\/chocolat-mini-oeufs-praline-lindt\/\" \/>\n<meta property=\"og:site_name\" content=\"My French Grocery\" \/>\n<meta property=\"article:publisher\" content=\"https:\/\/www.facebook.com\/myfrenchgrocery\/\" \/>\n<meta property=\"article:modified_time\" content=\"2022-03-16T12:41:41+00:00\" \/>\n<meta property=\"og:image\" content=\"https:\/\/my-french-grocery.com\/wp-content\/uploads\/2022\/03\/SMALL-EGGS-KINDER-PRALINE.jpg\" \/>\n\t<meta property=\"og:image:width\" content=\"512\" \/>\n\t<meta property=\"og:image:height\" content=\"512\" \/>\n\t<meta property=\"og:image:type\" content=\"image\/jpeg\" \/>\n<meta name=\"twitter:card\" content=\"summary_large_image\" \/>\n<script type=\"application\/ld+json\" class=\"yoast-schema-graph\">{\"@context\":\"https:\\\/\\\/schema.org\",\"@graph\":[{\"@type\":\"WebPage\",\"@id\":\"https:\\\/\\\/my-french-grocery.com\\\/fr\\\/produit\\\/chocolat-mini-oeufs-praline-lindt\\\/\",\"url\":\"https:\\\/\\\/my-french-grocery.com\\\/fr\\\/produit\\\/chocolat-mini-oeufs-praline-lindt\\\/\",\"name\":\"Chocolat Mini Oeufs Pralin\u00e9 Lindt | Acheter En Ligne | My French Grocery\",\"isPartOf\":{\"@id\":\"https:\\\/\\\/my-french-grocery.com\\\/fr\\\/#website\"},\"primaryImageOfPage\":{\"@id\":\"https:\\\/\\\/my-french-grocery.com\\\/fr\\\/produit\\\/chocolat-mini-oeufs-praline-lindt\\\/#primaryimage\"},\"image\":{\"@id\":\"https:\\\/\\\/my-french-grocery.com\\\/fr\\\/produit\\\/chocolat-mini-oeufs-praline-lindt\\\/#primaryimage\"},\"thumbnailUrl\":\"https:\\\/\\\/my-french-grocery.com\\\/wp-content\\\/uploads\\\/2022\\\/03\\\/SMALL-EGGS-KINDER-PRALINE.jpg\",\"datePublished\":\"2022-03-15T15:17:38+00:00\",\"dateModified\":\"2022-03-16T12:41:41+00:00\",\"description\":\"Chocolat Mini Oeufs Pralin\u00e9 Lindt - Sachet de 180g - Confectionn\u00e9s avec soin par les Ma\u00eetres Chocolatiers Lindt,\",\"breadcrumb\":{\"@id\":\"https:\\\/\\\/my-french-grocery.com\\\/fr\\\/produit\\\/chocolat-mini-oeufs-praline-lindt\\\/#breadcrumb\"},\"inLanguage\":\"fr-FR\",\"potentialAction\":[{\"@type\":\"ReadAction\",\"target\":[\"https:\\\/\\\/my-french-grocery.com\\\/fr\\\/produit\\\/chocolat-mini-oeufs-praline-lindt\\\/\"]}]},{\"@type\":\"ImageObject\",\"inLanguage\":\"fr-FR\",\"@id\":\"https:\\\/\\\/my-french-grocery.com\\\/fr\\\/produit\\\/chocolat-mini-oeufs-praline-lindt\\\/#primaryimage\",\"url\":\"https:\\\/\\\/my-french-grocery.com\\\/wp-content\\\/uploads\\\/2022\\\/03\\\/SMALL-EGGS-KINDER-PRALINE.jpg\",\"contentUrl\":\"https:\\\/\\\/my-french-grocery.com\\\/wp-content\\\/uploads\\\/2022\\\/03\\\/SMALL-EGGS-KINDER-PRALINE.jpg\",\"width\":512,\"height\":512,\"caption\":\"Chocolat Mini Oeufs Pralin\u00e9 Lindt\"},{\"@type\":\"BreadcrumbList\",\"@id\":\"https:\\\/\\\/my-french-grocery.com\\\/fr\\\/produit\\\/chocolat-mini-oeufs-praline-lindt\\\/#breadcrumb\",\"itemListElement\":[{\"@type\":\"ListItem\",\"position\":1,\"name\":\"Home\",\"item\":\"https:\\\/\\\/my-french-grocery.com\\\/fr\\\/\"},{\"@type\":\"ListItem\",\"position\":2,\"name\":\"Shop\",\"item\":\"https:\\\/\\\/my-french-grocery.com\\\/shop\\\/\"},{\"@type\":\"ListItem\",\"position\":3,\"name\":\"Alimentation\",\"item\":\"https:\\\/\\\/my-french-grocery.com\\\/fr\\\/categorie-produit\\\/alimentation\\\/\"},{\"@type\":\"ListItem\",\"position\":4,\"name\":\"Bonbons &amp; Chocolats\",\"item\":\"https:\\\/\\\/my-french-grocery.com\\\/fr\\\/categorie-produit\\\/alimentation\\\/bonbons-chocolats\\\/\"},{\"@type\":\"ListItem\",\"position\":5,\"name\":\"Chocolat\",\"item\":\"https:\\\/\\\/my-french-grocery.com\\\/fr\\\/categorie-produit\\\/alimentation\\\/bonbons-chocolats\\\/chocolat\\\/\"},{\"@type\":\"ListItem\",\"position\":6,\"name\":\"Chocolat Mini Oeufs Pralin\u00e9 Lindt\"}]},{\"@type\":\"WebSite\",\"@id\":\"https:\\\/\\\/my-french-grocery.com\\\/fr\\\/#website\",\"url\":\"https:\\\/\\\/my-french-grocery.com\\\/fr\\\/\",\"name\":\"My French Grocery\",\"description\":\"Your Online French Grocery  !\",\"publisher\":{\"@id\":\"https:\\\/\\\/my-french-grocery.com\\\/fr\\\/#organization\"},\"potentialAction\":[{\"@type\":\"SearchAction\",\"target\":{\"@type\":\"EntryPoint\",\"urlTemplate\":\"https:\\\/\\\/my-french-grocery.com\\\/fr\\\/?s={search_term_string}\"},\"query-input\":{\"@type\":\"PropertyValueSpecification\",\"valueRequired\":true,\"valueName\":\"search_term_string\"}}],\"inLanguage\":\"fr-FR\"},{\"@type\":\"Organization\",\"@id\":\"https:\\\/\\\/my-french-grocery.com\\\/fr\\\/#organization\",\"name\":\"MY FRENCH GROCERY\",\"url\":\"https:\\\/\\\/my-french-grocery.com\\\/fr\\\/\",\"logo\":{\"@type\":\"ImageObject\",\"inLanguage\":\"fr-FR\",\"@id\":\"https:\\\/\\\/my-french-grocery.com\\\/fr\\\/#\\\/schema\\\/logo\\\/image\\\/\",\"url\":\"https:\\\/\\\/my-french-grocery.com\\\/wp-content\\\/uploads\\\/2021\\\/11\\\/My-French-Grocery-Online-French-Grocery.png\",\"contentUrl\":\"https:\\\/\\\/my-french-grocery.com\\\/wp-content\\\/uploads\\\/2021\\\/11\\\/My-French-Grocery-Online-French-Grocery.png\",\"width\":100,\"height\":100,\"caption\":\"MY FRENCH GROCERY\"},\"image\":{\"@id\":\"https:\\\/\\\/my-french-grocery.com\\\/fr\\\/#\\\/schema\\\/logo\\\/image\\\/\"},\"sameAs\":[\"https:\\\/\\\/www.facebook.com\\\/myfrenchgrocery\\\/\"]}]}<\/script>\n<!-- \/ Yoast SEO plugin. -->","yoast_head_json":{"title":"Chocolat Mini Oeufs Pralin\u00e9 Lindt | Acheter En Ligne | My French Grocery","description":"Chocolat Mini Oeufs Pralin\u00e9 Lindt - Sachet de 180g - Confectionn\u00e9s avec soin par les Ma\u00eetres Chocolatiers Lindt,","robots":{"index":"index","follow":"follow","max-snippet":"max-snippet:-1","max-image-preview":"max-image-preview:large","max-video-preview":"max-video-preview:-1"},"canonical":"https:\/\/my-french-grocery.com\/fr\/produit\/chocolat-mini-oeufs-praline-lindt\/","og_locale":"fr_FR","og_type":"article","og_title":"Chocolat Mini Oeufs Pralin\u00e9 Lindt | Acheter En Ligne | My French Grocery","og_description":"Chocolat Mini Oeufs Pralin\u00e9 Lindt - Sachet de 180g - Confectionn\u00e9s avec soin par les Ma\u00eetres Chocolatiers Lindt,","og_url":"https:\/\/my-french-grocery.com\/fr\/produit\/chocolat-mini-oeufs-praline-lindt\/","og_site_name":"My French Grocery","article_publisher":"https:\/\/www.facebook.com\/myfrenchgrocery\/","article_modified_time":"2022-03-16T12:41:41+00:00","og_image":[{"width":512,"height":512,"url":"https:\/\/my-french-grocery.com\/wp-content\/uploads\/2022\/03\/SMALL-EGGS-KINDER-PRALINE.jpg","type":"image\/jpeg"}],"twitter_card":"summary_large_image","schema":{"@context":"https:\/\/schema.org","@graph":[{"@type":"WebPage","@id":"https:\/\/my-french-grocery.com\/fr\/produit\/chocolat-mini-oeufs-praline-lindt\/","url":"https:\/\/my-french-grocery.com\/fr\/produit\/chocolat-mini-oeufs-praline-lindt\/","name":"Chocolat Mini Oeufs Pralin\u00e9 Lindt | Acheter En Ligne | My French Grocery","isPartOf":{"@id":"https:\/\/my-french-grocery.com\/fr\/#website"},"primaryImageOfPage":{"@id":"https:\/\/my-french-grocery.com\/fr\/produit\/chocolat-mini-oeufs-praline-lindt\/#primaryimage"},"image":{"@id":"https:\/\/my-french-grocery.com\/fr\/produit\/chocolat-mini-oeufs-praline-lindt\/#primaryimage"},"thumbnailUrl":"https:\/\/my-french-grocery.com\/wp-content\/uploads\/2022\/03\/SMALL-EGGS-KINDER-PRALINE.jpg","datePublished":"2022-03-15T15:17:38+00:00","dateModified":"2022-03-16T12:41:41+00:00","description":"Chocolat Mini Oeufs Pralin\u00e9 Lindt - Sachet de 180g - Confectionn\u00e9s avec soin par les Ma\u00eetres Chocolatiers Lindt,","breadcrumb":{"@id":"https:\/\/my-french-grocery.com\/fr\/produit\/chocolat-mini-oeufs-praline-lindt\/#breadcrumb"},"inLanguage":"fr-FR","potentialAction":[{"@type":"ReadAction","target":["https:\/\/my-french-grocery.com\/fr\/produit\/chocolat-mini-oeufs-praline-lindt\/"]}]},{"@type":"ImageObject","inLanguage":"fr-FR","@id":"https:\/\/my-french-grocery.com\/fr\/produit\/chocolat-mini-oeufs-praline-lindt\/#primaryimage","url":"https:\/\/my-french-grocery.com\/wp-content\/uploads\/2022\/03\/SMALL-EGGS-KINDER-PRALINE.jpg","contentUrl":"https:\/\/my-french-grocery.com\/wp-content\/uploads\/2022\/03\/SMALL-EGGS-KINDER-PRALINE.jpg","width":512,"height":512,"caption":"Chocolat Mini Oeufs Pralin\u00e9 Lindt"},{"@type":"BreadcrumbList","@id":"https:\/\/my-french-grocery.com\/fr\/produit\/chocolat-mini-oeufs-praline-lindt\/#breadcrumb","itemListElement":[{"@type":"ListItem","position":1,"name":"Home","item":"https:\/\/my-french-grocery.com\/fr\/"},{"@type":"ListItem","position":2,"name":"Shop","item":"https:\/\/my-french-grocery.com\/shop\/"},{"@type":"ListItem","position":3,"name":"Alimentation","item":"https:\/\/my-french-grocery.com\/fr\/categorie-produit\/alimentation\/"},{"@type":"ListItem","position":4,"name":"Bonbons &amp; Chocolats","item":"https:\/\/my-french-grocery.com\/fr\/categorie-produit\/alimentation\/bonbons-chocolats\/"},{"@type":"ListItem","position":5,"name":"Chocolat","item":"https:\/\/my-french-grocery.com\/fr\/categorie-produit\/alimentation\/bonbons-chocolats\/chocolat\/"},{"@type":"ListItem","position":6,"name":"Chocolat Mini Oeufs Pralin\u00e9 Lindt"}]},{"@type":"WebSite","@id":"https:\/\/my-french-grocery.com\/fr\/#website","url":"https:\/\/my-french-grocery.com\/fr\/","name":"My French Grocery","description":"Your Online French Grocery  !","publisher":{"@id":"https:\/\/my-french-grocery.com\/fr\/#organization"},"potentialAction":[{"@type":"SearchAction","target":{"@type":"EntryPoint","urlTemplate":"https:\/\/my-french-grocery.com\/fr\/?s={search_term_string}"},"query-input":{"@type":"PropertyValueSpecification","valueRequired":true,"valueName":"search_term_string"}}],"inLanguage":"fr-FR"},{"@type":"Organization","@id":"https:\/\/my-french-grocery.com\/fr\/#organization","name":"MY FRENCH GROCERY","url":"https:\/\/my-french-grocery.com\/fr\/","logo":{"@type":"ImageObject","inLanguage":"fr-FR","@id":"https:\/\/my-french-grocery.com\/fr\/#\/schema\/logo\/image\/","url":"https:\/\/my-french-grocery.com\/wp-content\/uploads\/2021\/11\/My-French-Grocery-Online-French-Grocery.png","contentUrl":"https:\/\/my-french-grocery.com\/wp-content\/uploads\/2021\/11\/My-French-Grocery-Online-French-Grocery.png","width":100,"height":100,"caption":"MY FRENCH GROCERY"},"image":{"@id":"https:\/\/my-french-grocery.com\/fr\/#\/schema\/logo\/image\/"},"sameAs":["https:\/\/www.facebook.com\/myfrenchgrocery\/"]}]}},"brands":[{"id":457,"name":"Lindt","slug":"lindt-fr-2"}],"_links":{"self":[{"href":"https:\/\/my-french-grocery.com\/fr\/wp-json\/wp\/v2\/product\/21451","targetHints":{"allow":["GET"]}}],"collection":[{"href":"https:\/\/my-french-grocery.com\/fr\/wp-json\/wp\/v2\/product"}],"about":[{"href":"https:\/\/my-french-grocery.com\/fr\/wp-json\/wp\/v2\/types\/product"}],"replies":[{"embeddable":true,"href":"https:\/\/my-french-grocery.com\/fr\/wp-json\/wp\/v2\/comments?post=21451"}],"wp:featuredmedia":[{"embeddable":true,"href":"https:\/\/my-french-grocery.com\/fr\/wp-json\/wp\/v2\/media\/21454"}],"wp:attachment":[{"href":"https:\/\/my-french-grocery.com\/fr\/wp-json\/wp\/v2\/media?parent=21451"}],"wp:term":[{"taxonomy":"pwb-brand","embeddable":true,"href":"https:\/\/my-french-grocery.com\/fr\/wp-json\/wp\/v2\/pwb-brand?post=21451"},{"taxonomy":"product_brand","embeddable":true,"href":"https:\/\/my-french-grocery.com\/fr\/wp-json\/wp\/v2\/product_brand?post=21451"},{"taxonomy":"product_cat","embeddable":true,"href":"https:\/\/my-french-grocery.com\/fr\/wp-json\/wp\/v2\/product_cat?post=21451"},{"taxonomy":"product_tag","embeddable":true,"href":"https:\/\/my-french-grocery.com\/fr\/wp-json\/wp\/v2\/product_tag?post=21451"}],"curies":[{"name":"wp","href":"https:\/\/api.w.org\/{rel}","templated":true}]}}