{"id":21541,"date":"2020-06-27T11:53:15","date_gmt":"2020-06-27T09:53:15","guid":{"rendered":"https:\/\/my-french-grocery.com\/product\/pommes-de-terre-entieres\/"},"modified":"2025-04-18T12:08:47","modified_gmt":"2025-04-18T10:08:47","slug":"pommes-de-terre-entieres","status":"publish","type":"product","link":"https:\/\/my-french-grocery.com\/fr\/produit\/pommes-de-terre-entieres\/","title":{"rendered":"Pommes de terre enti\u00e8res"},"content":{"rendered":"<p class=\"ds-title pdp-card__title ds-title--light ds-title--l\">Pommes de terre enti\u00e8res<\/p>\n<p>sachet de 500g<\/p>\n<p>La cuisson sous vide permet de restituer parfaitement les qualit\u00e9s nutritionnelles des l\u00e9gumes. Ils conservent texture, go\u00fbt et couleur.<br \/>\nLes l\u00e9gumes sont \u00e9pluch\u00e9s, lav\u00e9s, emball\u00e9s et cuits sous vide \u00e0 la vapeur. Ils sont donc pr\u00eats \u00e0 l\u2019emploi, ce qui favorise un gain de temps.<\/p>\n","protected":false},"excerpt":{"rendered":"<p class=\"ds-title pdp-card__title ds-title--light ds-title--l\">Pommes de terre enti\u00e8res<\/p>\n<p>sachet de 500g<\/p>\n","protected":false},"featured_media":47997,"comment_status":"open","ping_status":"closed","template":"","meta":[],"pwb-brand":[1648],"product_brand":[],"product_cat":[1054,1044],"product_tag":[],"class_list":{"0":"post-21541","1":"product","2":"type-product","3":"status-publish","4":"has-post-thumbnail","6":"pwb-brand-lunor-fr-2","7":"product_cat-legumes-en-conserve","8":"product_cat-pates-riz","9":"product_shipping_class-expedition-dans-le-monde-entier","11":"first","12":"instock","13":"taxable","14":"shipping-taxable","15":"purchasable","16":"product-type-simple"},"brands":[{"id":1648,"name":"Lunor","slug":"lunor-fr-2"}],"_links":{"self":[{"href":"https:\/\/my-french-grocery.com\/fr\/wp-json\/wp\/v2\/product\/21541","targetHints":{"allow":["GET"]}}],"collection":[{"href":"https:\/\/my-french-grocery.com\/fr\/wp-json\/wp\/v2\/product"}],"about":[{"href":"https:\/\/my-french-grocery.com\/fr\/wp-json\/wp\/v2\/types\/product"}],"replies":[{"embeddable":true,"href":"https:\/\/my-french-grocery.com\/fr\/wp-json\/wp\/v2\/comments?post=21541"}],"wp:featuredmedia":[{"embeddable":true,"href":"https:\/\/my-french-grocery.com\/fr\/wp-json\/wp\/v2\/media\/47997"}],"wp:attachment":[{"href":"https:\/\/my-french-grocery.com\/fr\/wp-json\/wp\/v2\/media?parent=21541"}],"wp:term":[{"taxonomy":"pwb-brand","embeddable":true,"href":"https:\/\/my-french-grocery.com\/fr\/wp-json\/wp\/v2\/pwb-brand?post=21541"},{"taxonomy":"product_brand","embeddable":true,"href":"https:\/\/my-french-grocery.com\/fr\/wp-json\/wp\/v2\/product_brand?post=21541"},{"taxonomy":"product_cat","embeddable":true,"href":"https:\/\/my-french-grocery.com\/fr\/wp-json\/wp\/v2\/product_cat?post=21541"},{"taxonomy":"product_tag","embeddable":true,"href":"https:\/\/my-french-grocery.com\/fr\/wp-json\/wp\/v2\/product_tag?post=21541"}],"curies":[{"name":"wp","href":"https:\/\/api.w.org\/{rel}","templated":true}]}}