{"id":22070,"date":"2022-04-15T16:52:10","date_gmt":"2022-04-15T14:52:11","guid":{"rendered":"https:\/\/my-french-grocery.com\/?post_type=product&#038;p=22070"},"modified":"2022-04-15T16:58:49","modified_gmt":"2022-04-15T14:58:49","slug":"gel-douche-rose-exotique-relaxante-tahiti","status":"publish","type":"product","link":"https:\/\/my-french-grocery.com\/fr\/produit\/gel-douche-rose-exotique-relaxante-tahiti\/","title":{"rendered":"Gel Douche Rose Exotique Relaxante Tahiti"},"content":{"rendered":"<p>Gel Douche Rose Exotique Relaxante Tahiti<\/p>\n<p>flacon de 250 ml<\/p>\n<div class=\"secondary-details__description\">\n<p class=\"paragraph\">Eveillez vos sens gr\u00e2ce au gel douche Tahiti Rose Exotique Relaxante avec une touche authentique de Mono\u00ef de Tahiti 100% naturel. Une sensation de peau douce et parfum\u00e9e.<\/p>\n<\/div>\n","protected":false},"excerpt":{"rendered":"<p>Gel Douche Rose Exotique Relaxante Tahiti<\/p>\n<p>flacon de 250 ml<\/p>\n","protected":false},"featured_media":22073,"comment_status":"open","ping_status":"closed","template":"","meta":[],"pwb-brand":[2722],"product_brand":[],"product_cat":[993],"product_tag":[2721],"class_list":{"0":"post-22070","1":"product","2":"type-product","3":"status-publish","4":"has-post-thumbnail","6":"pwb-brand-tahiti-fr","7":"product_cat-gel-douche","8":"product_tag-tahiti-fr","10":"first","11":"outofstock","12":"taxable","13":"shipping-taxable","14":"purchasable","15":"product-type-simple"},"yoast_head":"<!-- This site is optimized with the Yoast SEO plugin v27.3 - https:\/\/yoast.com\/product\/yoast-seo-wordpress\/ -->\n<title>Gel Douche Rose Exotique Relaxante Tahiti | Acheter En Ligne | My French Grocery<\/title>\n<meta name=\"description\" content=\"Gel Douche Rose Exotique Relaxante Tahiti - flacon de 250 ml - Eveillez vos sens gr\u00e2ce au gel douche Tahiti Rose Exotique Relaxante avec une touche authentique de Mono\u00ef de Tahiti\" \/>\n<meta name=\"robots\" content=\"index, follow, max-snippet:-1, max-image-preview:large, max-video-preview:-1\" \/>\n<link rel=\"canonical\" href=\"https:\/\/my-french-grocery.com\/fr\/produit\/gel-douche-rose-exotique-relaxante-tahiti\/\" \/>\n<meta property=\"og:locale\" content=\"fr_FR\" \/>\n<meta property=\"og:type\" content=\"article\" \/>\n<meta property=\"og:title\" content=\"Gel Douche Rose Exotique Relaxante Tahiti | Acheter En Ligne | My French Grocery\" \/>\n<meta property=\"og:description\" content=\"Gel Douche Rose Exotique Relaxante Tahiti - flacon de 250 ml - Eveillez vos sens gr\u00e2ce au gel douche Tahiti Rose Exotique Relaxante avec une touche authentique de Mono\u00ef de Tahiti\" \/>\n<meta property=\"og:url\" content=\"https:\/\/my-french-grocery.com\/fr\/produit\/gel-douche-rose-exotique-relaxante-tahiti\/\" \/>\n<meta property=\"og:site_name\" content=\"My French Grocery\" \/>\n<meta property=\"article:publisher\" content=\"https:\/\/www.facebook.com\/myfrenchgrocery\/\" \/>\n<meta property=\"article:modified_time\" content=\"2022-04-15T14:58:49+00:00\" \/>\n<meta property=\"og:image\" content=\"https:\/\/my-french-grocery.com\/wp-content\/uploads\/2022\/04\/Tahiti-Rose.jpeg\" \/>\n\t<meta property=\"og:image:width\" content=\"540\" \/>\n\t<meta property=\"og:image:height\" content=\"540\" \/>\n\t<meta property=\"og:image:type\" content=\"image\/jpeg\" \/>\n<meta name=\"twitter:card\" content=\"summary_large_image\" \/>\n<script type=\"application\/ld+json\" class=\"yoast-schema-graph\">{\"@context\":\"https:\\\/\\\/schema.org\",\"@graph\":[{\"@type\":\"WebPage\",\"@id\":\"https:\\\/\\\/my-french-grocery.com\\\/fr\\\/produit\\\/gel-douche-rose-exotique-relaxante-tahiti\\\/\",\"url\":\"https:\\\/\\\/my-french-grocery.com\\\/fr\\\/produit\\\/gel-douche-rose-exotique-relaxante-tahiti\\\/\",\"name\":\"Gel Douche Rose Exotique Relaxante Tahiti | Acheter En Ligne | My French Grocery\",\"isPartOf\":{\"@id\":\"https:\\\/\\\/my-french-grocery.com\\\/fr\\\/#website\"},\"primaryImageOfPage\":{\"@id\":\"https:\\\/\\\/my-french-grocery.com\\\/fr\\\/produit\\\/gel-douche-rose-exotique-relaxante-tahiti\\\/#primaryimage\"},\"image\":{\"@id\":\"https:\\\/\\\/my-french-grocery.com\\\/fr\\\/produit\\\/gel-douche-rose-exotique-relaxante-tahiti\\\/#primaryimage\"},\"thumbnailUrl\":\"https:\\\/\\\/my-french-grocery.com\\\/wp-content\\\/uploads\\\/2022\\\/04\\\/Tahiti-Rose.jpeg\",\"datePublished\":\"2022-04-15T14:52:11+00:00\",\"dateModified\":\"2022-04-15T14:58:49+00:00\",\"description\":\"Gel Douche Rose Exotique Relaxante Tahiti - flacon de 250 ml - Eveillez vos sens gr\u00e2ce au gel douche Tahiti Rose Exotique Relaxante avec une touche authentique de Mono\u00ef de Tahiti\",\"breadcrumb\":{\"@id\":\"https:\\\/\\\/my-french-grocery.com\\\/fr\\\/produit\\\/gel-douche-rose-exotique-relaxante-tahiti\\\/#breadcrumb\"},\"inLanguage\":\"fr-FR\",\"potentialAction\":[{\"@type\":\"ReadAction\",\"target\":[\"https:\\\/\\\/my-french-grocery.com\\\/fr\\\/produit\\\/gel-douche-rose-exotique-relaxante-tahiti\\\/\"]}]},{\"@type\":\"ImageObject\",\"inLanguage\":\"fr-FR\",\"@id\":\"https:\\\/\\\/my-french-grocery.com\\\/fr\\\/produit\\\/gel-douche-rose-exotique-relaxante-tahiti\\\/#primaryimage\",\"url\":\"https:\\\/\\\/my-french-grocery.com\\\/wp-content\\\/uploads\\\/2022\\\/04\\\/Tahiti-Rose.jpeg\",\"contentUrl\":\"https:\\\/\\\/my-french-grocery.com\\\/wp-content\\\/uploads\\\/2022\\\/04\\\/Tahiti-Rose.jpeg\",\"width\":540,\"height\":540,\"caption\":\"Gel Douche Rose Exotique Relaxante Tahiti\"},{\"@type\":\"BreadcrumbList\",\"@id\":\"https:\\\/\\\/my-french-grocery.com\\\/fr\\\/produit\\\/gel-douche-rose-exotique-relaxante-tahiti\\\/#breadcrumb\",\"itemListElement\":[{\"@type\":\"ListItem\",\"position\":1,\"name\":\"Home\",\"item\":\"https:\\\/\\\/my-french-grocery.com\\\/fr\\\/\"},{\"@type\":\"ListItem\",\"position\":2,\"name\":\"Shop\",\"item\":\"https:\\\/\\\/my-french-grocery.com\\\/shop\\\/\"},{\"@type\":\"ListItem\",\"position\":3,\"name\":\"Cosm\u00e9tiques\",\"item\":\"https:\\\/\\\/my-french-grocery.com\\\/fr\\\/categorie-produit\\\/cosmetiques\\\/\"},{\"@type\":\"ListItem\",\"position\":4,\"name\":\"Savon &amp; Gel Douche\",\"item\":\"https:\\\/\\\/my-french-grocery.com\\\/fr\\\/categorie-produit\\\/cosmetiques\\\/savon-gel-douche\\\/\"},{\"@type\":\"ListItem\",\"position\":5,\"name\":\"Gel Douche\",\"item\":\"https:\\\/\\\/my-french-grocery.com\\\/fr\\\/categorie-produit\\\/cosmetiques\\\/savon-gel-douche\\\/gel-douche\\\/\"},{\"@type\":\"ListItem\",\"position\":6,\"name\":\"Gel Douche Rose Exotique Relaxante Tahiti\"}]},{\"@type\":\"WebSite\",\"@id\":\"https:\\\/\\\/my-french-grocery.com\\\/fr\\\/#website\",\"url\":\"https:\\\/\\\/my-french-grocery.com\\\/fr\\\/\",\"name\":\"My French Grocery\",\"description\":\"Your Online French Grocery  !\",\"publisher\":{\"@id\":\"https:\\\/\\\/my-french-grocery.com\\\/fr\\\/#organization\"},\"potentialAction\":[{\"@type\":\"SearchAction\",\"target\":{\"@type\":\"EntryPoint\",\"urlTemplate\":\"https:\\\/\\\/my-french-grocery.com\\\/fr\\\/?s={search_term_string}\"},\"query-input\":{\"@type\":\"PropertyValueSpecification\",\"valueRequired\":true,\"valueName\":\"search_term_string\"}}],\"inLanguage\":\"fr-FR\"},{\"@type\":\"Organization\",\"@id\":\"https:\\\/\\\/my-french-grocery.com\\\/fr\\\/#organization\",\"name\":\"MY FRENCH GROCERY\",\"url\":\"https:\\\/\\\/my-french-grocery.com\\\/fr\\\/\",\"logo\":{\"@type\":\"ImageObject\",\"inLanguage\":\"fr-FR\",\"@id\":\"https:\\\/\\\/my-french-grocery.com\\\/fr\\\/#\\\/schema\\\/logo\\\/image\\\/\",\"url\":\"https:\\\/\\\/my-french-grocery.com\\\/wp-content\\\/uploads\\\/2021\\\/11\\\/My-French-Grocery-Online-French-Grocery.png\",\"contentUrl\":\"https:\\\/\\\/my-french-grocery.com\\\/wp-content\\\/uploads\\\/2021\\\/11\\\/My-French-Grocery-Online-French-Grocery.png\",\"width\":100,\"height\":100,\"caption\":\"MY FRENCH GROCERY\"},\"image\":{\"@id\":\"https:\\\/\\\/my-french-grocery.com\\\/fr\\\/#\\\/schema\\\/logo\\\/image\\\/\"},\"sameAs\":[\"https:\\\/\\\/www.facebook.com\\\/myfrenchgrocery\\\/\"]}]}<\/script>\n<!-- \/ Yoast SEO plugin. -->","yoast_head_json":{"title":"Gel Douche Rose Exotique Relaxante Tahiti | Acheter En Ligne | My French Grocery","description":"Gel Douche Rose Exotique Relaxante Tahiti - flacon de 250 ml - Eveillez vos sens gr\u00e2ce au gel douche Tahiti Rose Exotique Relaxante avec une touche authentique de Mono\u00ef de Tahiti","robots":{"index":"index","follow":"follow","max-snippet":"max-snippet:-1","max-image-preview":"max-image-preview:large","max-video-preview":"max-video-preview:-1"},"canonical":"https:\/\/my-french-grocery.com\/fr\/produit\/gel-douche-rose-exotique-relaxante-tahiti\/","og_locale":"fr_FR","og_type":"article","og_title":"Gel Douche Rose Exotique Relaxante Tahiti | Acheter En Ligne | My French Grocery","og_description":"Gel Douche Rose Exotique Relaxante Tahiti - flacon de 250 ml - Eveillez vos sens gr\u00e2ce au gel douche Tahiti Rose Exotique Relaxante avec une touche authentique de Mono\u00ef de Tahiti","og_url":"https:\/\/my-french-grocery.com\/fr\/produit\/gel-douche-rose-exotique-relaxante-tahiti\/","og_site_name":"My French Grocery","article_publisher":"https:\/\/www.facebook.com\/myfrenchgrocery\/","article_modified_time":"2022-04-15T14:58:49+00:00","og_image":[{"width":540,"height":540,"url":"https:\/\/my-french-grocery.com\/wp-content\/uploads\/2022\/04\/Tahiti-Rose.jpeg","type":"image\/jpeg"}],"twitter_card":"summary_large_image","schema":{"@context":"https:\/\/schema.org","@graph":[{"@type":"WebPage","@id":"https:\/\/my-french-grocery.com\/fr\/produit\/gel-douche-rose-exotique-relaxante-tahiti\/","url":"https:\/\/my-french-grocery.com\/fr\/produit\/gel-douche-rose-exotique-relaxante-tahiti\/","name":"Gel Douche Rose Exotique Relaxante Tahiti | Acheter En Ligne | My French Grocery","isPartOf":{"@id":"https:\/\/my-french-grocery.com\/fr\/#website"},"primaryImageOfPage":{"@id":"https:\/\/my-french-grocery.com\/fr\/produit\/gel-douche-rose-exotique-relaxante-tahiti\/#primaryimage"},"image":{"@id":"https:\/\/my-french-grocery.com\/fr\/produit\/gel-douche-rose-exotique-relaxante-tahiti\/#primaryimage"},"thumbnailUrl":"https:\/\/my-french-grocery.com\/wp-content\/uploads\/2022\/04\/Tahiti-Rose.jpeg","datePublished":"2022-04-15T14:52:11+00:00","dateModified":"2022-04-15T14:58:49+00:00","description":"Gel Douche Rose Exotique Relaxante Tahiti - flacon de 250 ml - Eveillez vos sens gr\u00e2ce au gel douche Tahiti Rose Exotique Relaxante avec une touche authentique de Mono\u00ef de Tahiti","breadcrumb":{"@id":"https:\/\/my-french-grocery.com\/fr\/produit\/gel-douche-rose-exotique-relaxante-tahiti\/#breadcrumb"},"inLanguage":"fr-FR","potentialAction":[{"@type":"ReadAction","target":["https:\/\/my-french-grocery.com\/fr\/produit\/gel-douche-rose-exotique-relaxante-tahiti\/"]}]},{"@type":"ImageObject","inLanguage":"fr-FR","@id":"https:\/\/my-french-grocery.com\/fr\/produit\/gel-douche-rose-exotique-relaxante-tahiti\/#primaryimage","url":"https:\/\/my-french-grocery.com\/wp-content\/uploads\/2022\/04\/Tahiti-Rose.jpeg","contentUrl":"https:\/\/my-french-grocery.com\/wp-content\/uploads\/2022\/04\/Tahiti-Rose.jpeg","width":540,"height":540,"caption":"Gel Douche Rose Exotique Relaxante Tahiti"},{"@type":"BreadcrumbList","@id":"https:\/\/my-french-grocery.com\/fr\/produit\/gel-douche-rose-exotique-relaxante-tahiti\/#breadcrumb","itemListElement":[{"@type":"ListItem","position":1,"name":"Home","item":"https:\/\/my-french-grocery.com\/fr\/"},{"@type":"ListItem","position":2,"name":"Shop","item":"https:\/\/my-french-grocery.com\/shop\/"},{"@type":"ListItem","position":3,"name":"Cosm\u00e9tiques","item":"https:\/\/my-french-grocery.com\/fr\/categorie-produit\/cosmetiques\/"},{"@type":"ListItem","position":4,"name":"Savon &amp; Gel Douche","item":"https:\/\/my-french-grocery.com\/fr\/categorie-produit\/cosmetiques\/savon-gel-douche\/"},{"@type":"ListItem","position":5,"name":"Gel Douche","item":"https:\/\/my-french-grocery.com\/fr\/categorie-produit\/cosmetiques\/savon-gel-douche\/gel-douche\/"},{"@type":"ListItem","position":6,"name":"Gel Douche Rose Exotique Relaxante Tahiti"}]},{"@type":"WebSite","@id":"https:\/\/my-french-grocery.com\/fr\/#website","url":"https:\/\/my-french-grocery.com\/fr\/","name":"My French Grocery","description":"Your Online French Grocery  !","publisher":{"@id":"https:\/\/my-french-grocery.com\/fr\/#organization"},"potentialAction":[{"@type":"SearchAction","target":{"@type":"EntryPoint","urlTemplate":"https:\/\/my-french-grocery.com\/fr\/?s={search_term_string}"},"query-input":{"@type":"PropertyValueSpecification","valueRequired":true,"valueName":"search_term_string"}}],"inLanguage":"fr-FR"},{"@type":"Organization","@id":"https:\/\/my-french-grocery.com\/fr\/#organization","name":"MY FRENCH GROCERY","url":"https:\/\/my-french-grocery.com\/fr\/","logo":{"@type":"ImageObject","inLanguage":"fr-FR","@id":"https:\/\/my-french-grocery.com\/fr\/#\/schema\/logo\/image\/","url":"https:\/\/my-french-grocery.com\/wp-content\/uploads\/2021\/11\/My-French-Grocery-Online-French-Grocery.png","contentUrl":"https:\/\/my-french-grocery.com\/wp-content\/uploads\/2021\/11\/My-French-Grocery-Online-French-Grocery.png","width":100,"height":100,"caption":"MY FRENCH GROCERY"},"image":{"@id":"https:\/\/my-french-grocery.com\/fr\/#\/schema\/logo\/image\/"},"sameAs":["https:\/\/www.facebook.com\/myfrenchgrocery\/"]}]}},"brands":[{"id":2722,"name":"Tahiti","slug":"tahiti-fr"}],"_links":{"self":[{"href":"https:\/\/my-french-grocery.com\/fr\/wp-json\/wp\/v2\/product\/22070","targetHints":{"allow":["GET"]}}],"collection":[{"href":"https:\/\/my-french-grocery.com\/fr\/wp-json\/wp\/v2\/product"}],"about":[{"href":"https:\/\/my-french-grocery.com\/fr\/wp-json\/wp\/v2\/types\/product"}],"replies":[{"embeddable":true,"href":"https:\/\/my-french-grocery.com\/fr\/wp-json\/wp\/v2\/comments?post=22070"}],"wp:featuredmedia":[{"embeddable":true,"href":"https:\/\/my-french-grocery.com\/fr\/wp-json\/wp\/v2\/media\/22073"}],"wp:attachment":[{"href":"https:\/\/my-french-grocery.com\/fr\/wp-json\/wp\/v2\/media?parent=22070"}],"wp:term":[{"taxonomy":"pwb-brand","embeddable":true,"href":"https:\/\/my-french-grocery.com\/fr\/wp-json\/wp\/v2\/pwb-brand?post=22070"},{"taxonomy":"product_brand","embeddable":true,"href":"https:\/\/my-french-grocery.com\/fr\/wp-json\/wp\/v2\/product_brand?post=22070"},{"taxonomy":"product_cat","embeddable":true,"href":"https:\/\/my-french-grocery.com\/fr\/wp-json\/wp\/v2\/product_cat?post=22070"},{"taxonomy":"product_tag","embeddable":true,"href":"https:\/\/my-french-grocery.com\/fr\/wp-json\/wp\/v2\/product_tag?post=22070"}],"curies":[{"name":"wp","href":"https:\/\/api.w.org\/{rel}","templated":true}]}}