{"id":22191,"date":"2022-05-06T15:04:50","date_gmt":"2022-05-06T13:04:51","guid":{"rendered":"https:\/\/my-french-grocery.com\/?post_type=product&#038;p=22191"},"modified":"2022-05-06T15:12:38","modified_gmt":"2022-05-06T13:12:38","slug":"soupe-chinoise-deshydratee-royco","status":"publish","type":"product","link":"https:\/\/my-french-grocery.com\/fr\/produit\/soupe-chinoise-deshydratee-royco\/","title":{"rendered":"Soupe Chinoise D\u00e9shydrat\u00e9e Royco"},"content":{"rendered":"<div class=\"secondary-details__description\">\n<p>Soupe Chinoise D\u00e9shydrat\u00e9e Royco<\/p>\n<p>3 sachets de 20 cl<\/p>\n<div class=\"secondary-details-intro\">\n<div class=\"regulated-name\">\n<p class=\"paragraph\">Soupe Chinoise D\u00e9shydrat\u00e9e Royco\n<\/p>\n<\/div>\n<\/div>\n<div class=\"secondary-details__description\">\n<p class=\"paragraph\">D\u00e9couvrez notre savoureux Bouillon \u00e0 la Chinoise alliant douceur et \u00e9pices gr\u00e2ce \u00e0 une association d&rsquo;ingr\u00e9dients comme le poivron, le poireau, l&rsquo;oignon, l&rsquo;ail et le curcuma qui vous fera voyager le temps d&rsquo;une pause ! Cette d\u00e9licieuse soupe, fabriqu\u00e9e en France pr\u00e8s d&rsquo;Avignon, vous apportera plaisir et r\u00e9confort \u00e0 tout moment de la journ\u00e9e. \/p><\/p>\n<\/div>\n<\/div>\n<p>&nbsp;<\/p>\n","protected":false},"excerpt":{"rendered":"<p>Soupe Chinoise D\u00e9shydrat\u00e9e Royco<\/p>\n<p>3 sachets de 20 cl<\/p>\n<div class=\"cd-ProductDescription\"><\/div>\n<p>&nbsp;<\/p>\n","protected":false},"featured_media":22194,"comment_status":"open","ping_status":"closed","template":"","meta":[],"pwb-brand":[2730],"product_brand":[],"product_cat":[1047],"product_tag":[2729,1434],"class_list":{"0":"post-22191","1":"product","2":"type-product","3":"status-publish","4":"has-post-thumbnail","6":"pwb-brand-royco-fr","7":"product_cat-soupes-croutons","8":"product_tag-royco-fr","9":"product_tag-soupe","11":"first","12":"instock","13":"taxable","14":"shipping-taxable","15":"purchasable","16":"product-type-simple"},"yoast_head":"<!-- This site is optimized with the Yoast SEO plugin v27.3 - https:\/\/yoast.com\/product\/yoast-seo-wordpress\/ -->\n<title>Soupe Chinoise D\u00e9shydrat\u00e9e Royco | Acheter En Ligne | My French Grocery<\/title>\n<meta name=\"description\" content=\"Soupe Chinoise D\u00e9shydrat\u00e9e Royco - 3 sachets de 20 cl - D\u00e9couvrez notre savoureux Bouillon \u00e0 la Chinoise alliant douceur et \u00e9pices gr\u00e2ce \u00e0 une association d&#039;ingr\u00e9dients\" \/>\n<meta name=\"robots\" content=\"index, follow, max-snippet:-1, max-image-preview:large, max-video-preview:-1\" \/>\n<link rel=\"canonical\" href=\"https:\/\/my-french-grocery.com\/fr\/produit\/soupe-chinoise-deshydratee-royco\/\" \/>\n<meta property=\"og:locale\" content=\"fr_FR\" \/>\n<meta property=\"og:type\" content=\"article\" \/>\n<meta property=\"og:title\" content=\"Soupe Chinoise D\u00e9shydrat\u00e9e Royco | Acheter En Ligne | My French Grocery\" \/>\n<meta property=\"og:description\" content=\"Soupe Chinoise D\u00e9shydrat\u00e9e Royco - 3 sachets de 20 cl - D\u00e9couvrez notre savoureux Bouillon \u00e0 la Chinoise alliant douceur et \u00e9pices gr\u00e2ce \u00e0 une association d&#039;ingr\u00e9dients\" \/>\n<meta property=\"og:url\" content=\"https:\/\/my-french-grocery.com\/fr\/produit\/soupe-chinoise-deshydratee-royco\/\" \/>\n<meta property=\"og:site_name\" content=\"My French Grocery\" \/>\n<meta property=\"article:publisher\" content=\"https:\/\/www.facebook.com\/myfrenchgrocery\/\" \/>\n<meta property=\"article:modified_time\" content=\"2022-05-06T13:12:38+00:00\" \/>\n<meta property=\"og:image\" content=\"https:\/\/my-french-grocery.com\/wp-content\/uploads\/2022\/05\/Royco-Chinese.jpg\" \/>\n\t<meta property=\"og:image:width\" content=\"540\" \/>\n\t<meta property=\"og:image:height\" content=\"540\" \/>\n\t<meta property=\"og:image:type\" content=\"image\/jpeg\" \/>\n<meta name=\"twitter:card\" content=\"summary_large_image\" \/>\n<script type=\"application\/ld+json\" class=\"yoast-schema-graph\">{\"@context\":\"https:\\\/\\\/schema.org\",\"@graph\":[{\"@type\":\"WebPage\",\"@id\":\"https:\\\/\\\/my-french-grocery.com\\\/fr\\\/produit\\\/soupe-chinoise-deshydratee-royco\\\/\",\"url\":\"https:\\\/\\\/my-french-grocery.com\\\/fr\\\/produit\\\/soupe-chinoise-deshydratee-royco\\\/\",\"name\":\"Soupe Chinoise D\u00e9shydrat\u00e9e Royco | Acheter En Ligne | My French Grocery\",\"isPartOf\":{\"@id\":\"https:\\\/\\\/my-french-grocery.com\\\/fr\\\/#website\"},\"primaryImageOfPage\":{\"@id\":\"https:\\\/\\\/my-french-grocery.com\\\/fr\\\/produit\\\/soupe-chinoise-deshydratee-royco\\\/#primaryimage\"},\"image\":{\"@id\":\"https:\\\/\\\/my-french-grocery.com\\\/fr\\\/produit\\\/soupe-chinoise-deshydratee-royco\\\/#primaryimage\"},\"thumbnailUrl\":\"https:\\\/\\\/my-french-grocery.com\\\/wp-content\\\/uploads\\\/2022\\\/05\\\/Royco-Chinese.jpg\",\"datePublished\":\"2022-05-06T13:04:51+00:00\",\"dateModified\":\"2022-05-06T13:12:38+00:00\",\"description\":\"Soupe Chinoise D\u00e9shydrat\u00e9e Royco - 3 sachets de 20 cl - D\u00e9couvrez notre savoureux Bouillon \u00e0 la Chinoise alliant douceur et \u00e9pices gr\u00e2ce \u00e0 une association d'ingr\u00e9dients\",\"breadcrumb\":{\"@id\":\"https:\\\/\\\/my-french-grocery.com\\\/fr\\\/produit\\\/soupe-chinoise-deshydratee-royco\\\/#breadcrumb\"},\"inLanguage\":\"fr-FR\",\"potentialAction\":[{\"@type\":\"ReadAction\",\"target\":[\"https:\\\/\\\/my-french-grocery.com\\\/fr\\\/produit\\\/soupe-chinoise-deshydratee-royco\\\/\"]}]},{\"@type\":\"ImageObject\",\"inLanguage\":\"fr-FR\",\"@id\":\"https:\\\/\\\/my-french-grocery.com\\\/fr\\\/produit\\\/soupe-chinoise-deshydratee-royco\\\/#primaryimage\",\"url\":\"https:\\\/\\\/my-french-grocery.com\\\/wp-content\\\/uploads\\\/2022\\\/05\\\/Royco-Chinese.jpg\",\"contentUrl\":\"https:\\\/\\\/my-french-grocery.com\\\/wp-content\\\/uploads\\\/2022\\\/05\\\/Royco-Chinese.jpg\",\"width\":540,\"height\":540,\"caption\":\"Soupe Chinoise D\u00e9shydrat\u00e9e Royco\"},{\"@type\":\"BreadcrumbList\",\"@id\":\"https:\\\/\\\/my-french-grocery.com\\\/fr\\\/produit\\\/soupe-chinoise-deshydratee-royco\\\/#breadcrumb\",\"itemListElement\":[{\"@type\":\"ListItem\",\"position\":1,\"name\":\"Home\",\"item\":\"https:\\\/\\\/my-french-grocery.com\\\/fr\\\/\"},{\"@type\":\"ListItem\",\"position\":2,\"name\":\"Shop\",\"item\":\"https:\\\/\\\/my-french-grocery.com\\\/shop\\\/\"},{\"@type\":\"ListItem\",\"position\":3,\"name\":\"Alimentation\",\"item\":\"https:\\\/\\\/my-french-grocery.com\\\/fr\\\/categorie-produit\\\/alimentation\\\/\"},{\"@type\":\"ListItem\",\"position\":4,\"name\":\"Soupes &amp; Cro\u00fbtons\",\"item\":\"https:\\\/\\\/my-french-grocery.com\\\/fr\\\/categorie-produit\\\/alimentation\\\/soupes-croutons\\\/\"},{\"@type\":\"ListItem\",\"position\":5,\"name\":\"Soupe Chinoise D\u00e9shydrat\u00e9e Royco\"}]},{\"@type\":\"WebSite\",\"@id\":\"https:\\\/\\\/my-french-grocery.com\\\/fr\\\/#website\",\"url\":\"https:\\\/\\\/my-french-grocery.com\\\/fr\\\/\",\"name\":\"My French Grocery\",\"description\":\"Your Online French Grocery  !\",\"publisher\":{\"@id\":\"https:\\\/\\\/my-french-grocery.com\\\/fr\\\/#organization\"},\"potentialAction\":[{\"@type\":\"SearchAction\",\"target\":{\"@type\":\"EntryPoint\",\"urlTemplate\":\"https:\\\/\\\/my-french-grocery.com\\\/fr\\\/?s={search_term_string}\"},\"query-input\":{\"@type\":\"PropertyValueSpecification\",\"valueRequired\":true,\"valueName\":\"search_term_string\"}}],\"inLanguage\":\"fr-FR\"},{\"@type\":\"Organization\",\"@id\":\"https:\\\/\\\/my-french-grocery.com\\\/fr\\\/#organization\",\"name\":\"MY FRENCH GROCERY\",\"url\":\"https:\\\/\\\/my-french-grocery.com\\\/fr\\\/\",\"logo\":{\"@type\":\"ImageObject\",\"inLanguage\":\"fr-FR\",\"@id\":\"https:\\\/\\\/my-french-grocery.com\\\/fr\\\/#\\\/schema\\\/logo\\\/image\\\/\",\"url\":\"https:\\\/\\\/my-french-grocery.com\\\/wp-content\\\/uploads\\\/2021\\\/11\\\/My-French-Grocery-Online-French-Grocery.png\",\"contentUrl\":\"https:\\\/\\\/my-french-grocery.com\\\/wp-content\\\/uploads\\\/2021\\\/11\\\/My-French-Grocery-Online-French-Grocery.png\",\"width\":100,\"height\":100,\"caption\":\"MY FRENCH GROCERY\"},\"image\":{\"@id\":\"https:\\\/\\\/my-french-grocery.com\\\/fr\\\/#\\\/schema\\\/logo\\\/image\\\/\"},\"sameAs\":[\"https:\\\/\\\/www.facebook.com\\\/myfrenchgrocery\\\/\"]}]}<\/script>\n<!-- \/ Yoast SEO plugin. -->","yoast_head_json":{"title":"Soupe Chinoise D\u00e9shydrat\u00e9e Royco | Acheter En Ligne | My French Grocery","description":"Soupe Chinoise D\u00e9shydrat\u00e9e Royco - 3 sachets de 20 cl - D\u00e9couvrez notre savoureux Bouillon \u00e0 la Chinoise alliant douceur et \u00e9pices gr\u00e2ce \u00e0 une association d'ingr\u00e9dients","robots":{"index":"index","follow":"follow","max-snippet":"max-snippet:-1","max-image-preview":"max-image-preview:large","max-video-preview":"max-video-preview:-1"},"canonical":"https:\/\/my-french-grocery.com\/fr\/produit\/soupe-chinoise-deshydratee-royco\/","og_locale":"fr_FR","og_type":"article","og_title":"Soupe Chinoise D\u00e9shydrat\u00e9e Royco | Acheter En Ligne | My French Grocery","og_description":"Soupe Chinoise D\u00e9shydrat\u00e9e Royco - 3 sachets de 20 cl - D\u00e9couvrez notre savoureux Bouillon \u00e0 la Chinoise alliant douceur et \u00e9pices gr\u00e2ce \u00e0 une association d'ingr\u00e9dients","og_url":"https:\/\/my-french-grocery.com\/fr\/produit\/soupe-chinoise-deshydratee-royco\/","og_site_name":"My French Grocery","article_publisher":"https:\/\/www.facebook.com\/myfrenchgrocery\/","article_modified_time":"2022-05-06T13:12:38+00:00","og_image":[{"width":540,"height":540,"url":"https:\/\/my-french-grocery.com\/wp-content\/uploads\/2022\/05\/Royco-Chinese.jpg","type":"image\/jpeg"}],"twitter_card":"summary_large_image","schema":{"@context":"https:\/\/schema.org","@graph":[{"@type":"WebPage","@id":"https:\/\/my-french-grocery.com\/fr\/produit\/soupe-chinoise-deshydratee-royco\/","url":"https:\/\/my-french-grocery.com\/fr\/produit\/soupe-chinoise-deshydratee-royco\/","name":"Soupe Chinoise D\u00e9shydrat\u00e9e Royco | Acheter En Ligne | My French Grocery","isPartOf":{"@id":"https:\/\/my-french-grocery.com\/fr\/#website"},"primaryImageOfPage":{"@id":"https:\/\/my-french-grocery.com\/fr\/produit\/soupe-chinoise-deshydratee-royco\/#primaryimage"},"image":{"@id":"https:\/\/my-french-grocery.com\/fr\/produit\/soupe-chinoise-deshydratee-royco\/#primaryimage"},"thumbnailUrl":"https:\/\/my-french-grocery.com\/wp-content\/uploads\/2022\/05\/Royco-Chinese.jpg","datePublished":"2022-05-06T13:04:51+00:00","dateModified":"2022-05-06T13:12:38+00:00","description":"Soupe Chinoise D\u00e9shydrat\u00e9e Royco - 3 sachets de 20 cl - D\u00e9couvrez notre savoureux Bouillon \u00e0 la Chinoise alliant douceur et \u00e9pices gr\u00e2ce \u00e0 une association d'ingr\u00e9dients","breadcrumb":{"@id":"https:\/\/my-french-grocery.com\/fr\/produit\/soupe-chinoise-deshydratee-royco\/#breadcrumb"},"inLanguage":"fr-FR","potentialAction":[{"@type":"ReadAction","target":["https:\/\/my-french-grocery.com\/fr\/produit\/soupe-chinoise-deshydratee-royco\/"]}]},{"@type":"ImageObject","inLanguage":"fr-FR","@id":"https:\/\/my-french-grocery.com\/fr\/produit\/soupe-chinoise-deshydratee-royco\/#primaryimage","url":"https:\/\/my-french-grocery.com\/wp-content\/uploads\/2022\/05\/Royco-Chinese.jpg","contentUrl":"https:\/\/my-french-grocery.com\/wp-content\/uploads\/2022\/05\/Royco-Chinese.jpg","width":540,"height":540,"caption":"Soupe Chinoise D\u00e9shydrat\u00e9e Royco"},{"@type":"BreadcrumbList","@id":"https:\/\/my-french-grocery.com\/fr\/produit\/soupe-chinoise-deshydratee-royco\/#breadcrumb","itemListElement":[{"@type":"ListItem","position":1,"name":"Home","item":"https:\/\/my-french-grocery.com\/fr\/"},{"@type":"ListItem","position":2,"name":"Shop","item":"https:\/\/my-french-grocery.com\/shop\/"},{"@type":"ListItem","position":3,"name":"Alimentation","item":"https:\/\/my-french-grocery.com\/fr\/categorie-produit\/alimentation\/"},{"@type":"ListItem","position":4,"name":"Soupes &amp; Cro\u00fbtons","item":"https:\/\/my-french-grocery.com\/fr\/categorie-produit\/alimentation\/soupes-croutons\/"},{"@type":"ListItem","position":5,"name":"Soupe Chinoise D\u00e9shydrat\u00e9e Royco"}]},{"@type":"WebSite","@id":"https:\/\/my-french-grocery.com\/fr\/#website","url":"https:\/\/my-french-grocery.com\/fr\/","name":"My French Grocery","description":"Your Online French Grocery  !","publisher":{"@id":"https:\/\/my-french-grocery.com\/fr\/#organization"},"potentialAction":[{"@type":"SearchAction","target":{"@type":"EntryPoint","urlTemplate":"https:\/\/my-french-grocery.com\/fr\/?s={search_term_string}"},"query-input":{"@type":"PropertyValueSpecification","valueRequired":true,"valueName":"search_term_string"}}],"inLanguage":"fr-FR"},{"@type":"Organization","@id":"https:\/\/my-french-grocery.com\/fr\/#organization","name":"MY FRENCH GROCERY","url":"https:\/\/my-french-grocery.com\/fr\/","logo":{"@type":"ImageObject","inLanguage":"fr-FR","@id":"https:\/\/my-french-grocery.com\/fr\/#\/schema\/logo\/image\/","url":"https:\/\/my-french-grocery.com\/wp-content\/uploads\/2021\/11\/My-French-Grocery-Online-French-Grocery.png","contentUrl":"https:\/\/my-french-grocery.com\/wp-content\/uploads\/2021\/11\/My-French-Grocery-Online-French-Grocery.png","width":100,"height":100,"caption":"MY FRENCH GROCERY"},"image":{"@id":"https:\/\/my-french-grocery.com\/fr\/#\/schema\/logo\/image\/"},"sameAs":["https:\/\/www.facebook.com\/myfrenchgrocery\/"]}]}},"brands":[{"id":2730,"name":"Royco","slug":"royco-fr"}],"_links":{"self":[{"href":"https:\/\/my-french-grocery.com\/fr\/wp-json\/wp\/v2\/product\/22191","targetHints":{"allow":["GET"]}}],"collection":[{"href":"https:\/\/my-french-grocery.com\/fr\/wp-json\/wp\/v2\/product"}],"about":[{"href":"https:\/\/my-french-grocery.com\/fr\/wp-json\/wp\/v2\/types\/product"}],"replies":[{"embeddable":true,"href":"https:\/\/my-french-grocery.com\/fr\/wp-json\/wp\/v2\/comments?post=22191"}],"wp:featuredmedia":[{"embeddable":true,"href":"https:\/\/my-french-grocery.com\/fr\/wp-json\/wp\/v2\/media\/22194"}],"wp:attachment":[{"href":"https:\/\/my-french-grocery.com\/fr\/wp-json\/wp\/v2\/media?parent=22191"}],"wp:term":[{"taxonomy":"pwb-brand","embeddable":true,"href":"https:\/\/my-french-grocery.com\/fr\/wp-json\/wp\/v2\/pwb-brand?post=22191"},{"taxonomy":"product_brand","embeddable":true,"href":"https:\/\/my-french-grocery.com\/fr\/wp-json\/wp\/v2\/product_brand?post=22191"},{"taxonomy":"product_cat","embeddable":true,"href":"https:\/\/my-french-grocery.com\/fr\/wp-json\/wp\/v2\/product_cat?post=22191"},{"taxonomy":"product_tag","embeddable":true,"href":"https:\/\/my-french-grocery.com\/fr\/wp-json\/wp\/v2\/product_tag?post=22191"}],"curies":[{"name":"wp","href":"https:\/\/api.w.org\/{rel}","templated":true}]}}