{"id":22369,"date":"2022-05-10T15:19:33","date_gmt":"2022-05-10T13:19:34","guid":{"rendered":"https:\/\/my-french-grocery.com\/?post_type=product&#038;p=22369"},"modified":"2025-12-11T20:26:27","modified_gmt":"2025-12-11T18:26:27","slug":"deodorant-tolerance-optimale-mixa","status":"publish","type":"product","link":"https:\/\/my-french-grocery.com\/fr\/produit\/deodorant-tolerance-optimale-mixa\/","title":{"rendered":"D\u00e9odorant \u00ab\u00a0Tol\u00e9rance Optimale\u00a0\u00bb Mixa"},"content":{"rendered":"<p>D\u00e9odorant \u00ab\u00a0Tol\u00e9rance Optimale\u00a0\u00bb Mixa<\/p>\n<p>Roll-on de 50 ml<\/p>\n<div class=\"secondary-details__description\">\n<p class=\"paragraph\">Anti-Transpirant Bille Tol\u00e9rance Optimale 48h Mixa pour les peaux sensibles ou \u00e9pil\u00e9es. D\u00e8s la premi\u00e8re application, la peau des aisselles est apais\u00e9e et prot\u00e9g\u00e9e durablement.<\/p>\n<\/div>\n<div class=\"secondary-details-blocks\"><\/div>\n","protected":false},"excerpt":{"rendered":"<p>D\u00e9odorant \u00ab\u00a0Tol\u00e9rance Optimale\u00a0\u00bb Mixa<\/p>\n<p>Roll-on de 50 ml<\/p>\n","protected":false},"featured_media":22372,"comment_status":"open","ping_status":"closed","template":"","meta":[],"pwb-brand":[2758],"product_brand":[],"product_cat":[1651],"product_tag":[1661,2757],"class_list":{"0":"post-22369","1":"product","2":"type-product","3":"status-publish","4":"has-post-thumbnail","6":"pwb-brand-mixa-fr","7":"product_cat-deodorants-anti-transpirants","8":"product_tag-deodorant-fr","9":"product_tag-mixa-fr","10":"product_shipping_class-expedition-dans-le-monde-entier","12":"first","13":"instock","14":"taxable","15":"shipping-taxable","16":"purchasable","17":"product-type-simple"},"yoast_head":"<!-- This site is optimized with the Yoast SEO plugin v27.3 - https:\/\/yoast.com\/product\/yoast-seo-wordpress\/ -->\n<title>D\u00e9odorant &quot;Tol\u00e9rance Optimale&quot; Mixa | Acheter En Ligne | My French Grocery<\/title>\n<meta name=\"description\" content=\"D\u00e9odorant &quot;Tol\u00e9rance Optimale&quot; Mixa Roll-on de 50 ml - Sa formule anti-transpirante 48h sans alcool et hypoallerg\u00e9nique pour soulager instantan\u00e9ment les aiselles sensibles\" \/>\n<meta name=\"robots\" content=\"index, follow, max-snippet:-1, max-image-preview:large, max-video-preview:-1\" \/>\n<link rel=\"canonical\" href=\"https:\/\/my-french-grocery.com\/fr\/produit\/deodorant-tolerance-optimale-mixa\/\" \/>\n<meta property=\"og:locale\" content=\"fr_FR\" \/>\n<meta property=\"og:type\" content=\"article\" \/>\n<meta property=\"og:title\" content=\"D\u00e9odorant &quot;Tol\u00e9rance Optimale&quot; Mixa | Acheter En Ligne | My French Grocery\" \/>\n<meta property=\"og:description\" content=\"D\u00e9odorant &quot;Tol\u00e9rance Optimale&quot; Mixa Roll-on de 50 ml - Sa formule anti-transpirante 48h sans alcool et hypoallerg\u00e9nique pour soulager instantan\u00e9ment les aiselles sensibles\" \/>\n<meta property=\"og:url\" content=\"https:\/\/my-french-grocery.com\/fr\/produit\/deodorant-tolerance-optimale-mixa\/\" \/>\n<meta property=\"og:site_name\" content=\"My French Grocery\" \/>\n<meta property=\"article:publisher\" content=\"https:\/\/www.facebook.com\/myfrenchgrocery\/\" \/>\n<meta property=\"article:modified_time\" content=\"2025-12-11T18:26:27+00:00\" \/>\n<meta property=\"og:image\" content=\"https:\/\/my-french-grocery.com\/wp-content\/uploads\/2022\/05\/DEO-TOLERANCE-MIXA.jpeg\" \/>\n\t<meta property=\"og:image:width\" content=\"540\" \/>\n\t<meta property=\"og:image:height\" content=\"540\" \/>\n\t<meta property=\"og:image:type\" content=\"image\/jpeg\" \/>\n<meta name=\"twitter:card\" content=\"summary_large_image\" \/>\n<script type=\"application\/ld+json\" class=\"yoast-schema-graph\">{\"@context\":\"https:\\\/\\\/schema.org\",\"@graph\":[{\"@type\":\"WebPage\",\"@id\":\"https:\\\/\\\/my-french-grocery.com\\\/fr\\\/produit\\\/deodorant-tolerance-optimale-mixa\\\/\",\"url\":\"https:\\\/\\\/my-french-grocery.com\\\/fr\\\/produit\\\/deodorant-tolerance-optimale-mixa\\\/\",\"name\":\"D\u00e9odorant \\\"Tol\u00e9rance Optimale\\\" Mixa | Acheter En Ligne | My French Grocery\",\"isPartOf\":{\"@id\":\"https:\\\/\\\/my-french-grocery.com\\\/fr\\\/#website\"},\"primaryImageOfPage\":{\"@id\":\"https:\\\/\\\/my-french-grocery.com\\\/fr\\\/produit\\\/deodorant-tolerance-optimale-mixa\\\/#primaryimage\"},\"image\":{\"@id\":\"https:\\\/\\\/my-french-grocery.com\\\/fr\\\/produit\\\/deodorant-tolerance-optimale-mixa\\\/#primaryimage\"},\"thumbnailUrl\":\"https:\\\/\\\/my-french-grocery.com\\\/wp-content\\\/uploads\\\/2022\\\/05\\\/DEO-TOLERANCE-MIXA.jpeg\",\"datePublished\":\"2022-05-10T13:19:34+00:00\",\"dateModified\":\"2025-12-11T18:26:27+00:00\",\"description\":\"D\u00e9odorant \\\"Tol\u00e9rance Optimale\\\" Mixa Roll-on de 50 ml - Sa formule anti-transpirante 48h sans alcool et hypoallerg\u00e9nique pour soulager instantan\u00e9ment les aiselles sensibles\",\"breadcrumb\":{\"@id\":\"https:\\\/\\\/my-french-grocery.com\\\/fr\\\/produit\\\/deodorant-tolerance-optimale-mixa\\\/#breadcrumb\"},\"inLanguage\":\"fr-FR\",\"potentialAction\":[{\"@type\":\"ReadAction\",\"target\":[\"https:\\\/\\\/my-french-grocery.com\\\/fr\\\/produit\\\/deodorant-tolerance-optimale-mixa\\\/\"]}]},{\"@type\":\"ImageObject\",\"inLanguage\":\"fr-FR\",\"@id\":\"https:\\\/\\\/my-french-grocery.com\\\/fr\\\/produit\\\/deodorant-tolerance-optimale-mixa\\\/#primaryimage\",\"url\":\"https:\\\/\\\/my-french-grocery.com\\\/wp-content\\\/uploads\\\/2022\\\/05\\\/DEO-TOLERANCE-MIXA.jpeg\",\"contentUrl\":\"https:\\\/\\\/my-french-grocery.com\\\/wp-content\\\/uploads\\\/2022\\\/05\\\/DEO-TOLERANCE-MIXA.jpeg\",\"width\":540,\"height\":540,\"caption\":\"D\u00e9odorant \\\"Tol\u00e9rance Optimale\\\" Mixa\"},{\"@type\":\"BreadcrumbList\",\"@id\":\"https:\\\/\\\/my-french-grocery.com\\\/fr\\\/produit\\\/deodorant-tolerance-optimale-mixa\\\/#breadcrumb\",\"itemListElement\":[{\"@type\":\"ListItem\",\"position\":1,\"name\":\"Home\",\"item\":\"https:\\\/\\\/my-french-grocery.com\\\/fr\\\/\"},{\"@type\":\"ListItem\",\"position\":2,\"name\":\"Shop\",\"item\":\"https:\\\/\\\/my-french-grocery.com\\\/shop\\\/\"},{\"@type\":\"ListItem\",\"position\":3,\"name\":\"Cosm\u00e9tiques\",\"item\":\"https:\\\/\\\/my-french-grocery.com\\\/fr\\\/categorie-produit\\\/cosmetiques\\\/\"},{\"@type\":\"ListItem\",\"position\":4,\"name\":\"D\u00e9odorants &amp; Anti-Transpirants\",\"item\":\"https:\\\/\\\/my-french-grocery.com\\\/fr\\\/categorie-produit\\\/cosmetiques\\\/deodorants-anti-transpirants\\\/\"},{\"@type\":\"ListItem\",\"position\":5,\"name\":\"D\u00e9odorant &#8220;Tol\u00e9rance Optimale&#8221; Mixa\"}]},{\"@type\":\"WebSite\",\"@id\":\"https:\\\/\\\/my-french-grocery.com\\\/fr\\\/#website\",\"url\":\"https:\\\/\\\/my-french-grocery.com\\\/fr\\\/\",\"name\":\"My French Grocery\",\"description\":\"Your Online French Grocery  !\",\"publisher\":{\"@id\":\"https:\\\/\\\/my-french-grocery.com\\\/fr\\\/#organization\"},\"potentialAction\":[{\"@type\":\"SearchAction\",\"target\":{\"@type\":\"EntryPoint\",\"urlTemplate\":\"https:\\\/\\\/my-french-grocery.com\\\/fr\\\/?s={search_term_string}\"},\"query-input\":{\"@type\":\"PropertyValueSpecification\",\"valueRequired\":true,\"valueName\":\"search_term_string\"}}],\"inLanguage\":\"fr-FR\"},{\"@type\":\"Organization\",\"@id\":\"https:\\\/\\\/my-french-grocery.com\\\/fr\\\/#organization\",\"name\":\"MY FRENCH GROCERY\",\"url\":\"https:\\\/\\\/my-french-grocery.com\\\/fr\\\/\",\"logo\":{\"@type\":\"ImageObject\",\"inLanguage\":\"fr-FR\",\"@id\":\"https:\\\/\\\/my-french-grocery.com\\\/fr\\\/#\\\/schema\\\/logo\\\/image\\\/\",\"url\":\"https:\\\/\\\/my-french-grocery.com\\\/wp-content\\\/uploads\\\/2021\\\/11\\\/My-French-Grocery-Online-French-Grocery.png\",\"contentUrl\":\"https:\\\/\\\/my-french-grocery.com\\\/wp-content\\\/uploads\\\/2021\\\/11\\\/My-French-Grocery-Online-French-Grocery.png\",\"width\":100,\"height\":100,\"caption\":\"MY FRENCH GROCERY\"},\"image\":{\"@id\":\"https:\\\/\\\/my-french-grocery.com\\\/fr\\\/#\\\/schema\\\/logo\\\/image\\\/\"},\"sameAs\":[\"https:\\\/\\\/www.facebook.com\\\/myfrenchgrocery\\\/\"]}]}<\/script>\n<!-- \/ Yoast SEO plugin. -->","yoast_head_json":{"title":"D\u00e9odorant \"Tol\u00e9rance Optimale\" Mixa | Acheter En Ligne | My French Grocery","description":"D\u00e9odorant \"Tol\u00e9rance Optimale\" Mixa Roll-on de 50 ml - Sa formule anti-transpirante 48h sans alcool et hypoallerg\u00e9nique pour soulager instantan\u00e9ment les aiselles sensibles","robots":{"index":"index","follow":"follow","max-snippet":"max-snippet:-1","max-image-preview":"max-image-preview:large","max-video-preview":"max-video-preview:-1"},"canonical":"https:\/\/my-french-grocery.com\/fr\/produit\/deodorant-tolerance-optimale-mixa\/","og_locale":"fr_FR","og_type":"article","og_title":"D\u00e9odorant \"Tol\u00e9rance Optimale\" Mixa | Acheter En Ligne | My French Grocery","og_description":"D\u00e9odorant \"Tol\u00e9rance Optimale\" Mixa Roll-on de 50 ml - Sa formule anti-transpirante 48h sans alcool et hypoallerg\u00e9nique pour soulager instantan\u00e9ment les aiselles sensibles","og_url":"https:\/\/my-french-grocery.com\/fr\/produit\/deodorant-tolerance-optimale-mixa\/","og_site_name":"My French Grocery","article_publisher":"https:\/\/www.facebook.com\/myfrenchgrocery\/","article_modified_time":"2025-12-11T18:26:27+00:00","og_image":[{"width":540,"height":540,"url":"https:\/\/my-french-grocery.com\/wp-content\/uploads\/2022\/05\/DEO-TOLERANCE-MIXA.jpeg","type":"image\/jpeg"}],"twitter_card":"summary_large_image","schema":{"@context":"https:\/\/schema.org","@graph":[{"@type":"WebPage","@id":"https:\/\/my-french-grocery.com\/fr\/produit\/deodorant-tolerance-optimale-mixa\/","url":"https:\/\/my-french-grocery.com\/fr\/produit\/deodorant-tolerance-optimale-mixa\/","name":"D\u00e9odorant \"Tol\u00e9rance Optimale\" Mixa | Acheter En Ligne | My French Grocery","isPartOf":{"@id":"https:\/\/my-french-grocery.com\/fr\/#website"},"primaryImageOfPage":{"@id":"https:\/\/my-french-grocery.com\/fr\/produit\/deodorant-tolerance-optimale-mixa\/#primaryimage"},"image":{"@id":"https:\/\/my-french-grocery.com\/fr\/produit\/deodorant-tolerance-optimale-mixa\/#primaryimage"},"thumbnailUrl":"https:\/\/my-french-grocery.com\/wp-content\/uploads\/2022\/05\/DEO-TOLERANCE-MIXA.jpeg","datePublished":"2022-05-10T13:19:34+00:00","dateModified":"2025-12-11T18:26:27+00:00","description":"D\u00e9odorant \"Tol\u00e9rance Optimale\" Mixa Roll-on de 50 ml - Sa formule anti-transpirante 48h sans alcool et hypoallerg\u00e9nique pour soulager instantan\u00e9ment les aiselles sensibles","breadcrumb":{"@id":"https:\/\/my-french-grocery.com\/fr\/produit\/deodorant-tolerance-optimale-mixa\/#breadcrumb"},"inLanguage":"fr-FR","potentialAction":[{"@type":"ReadAction","target":["https:\/\/my-french-grocery.com\/fr\/produit\/deodorant-tolerance-optimale-mixa\/"]}]},{"@type":"ImageObject","inLanguage":"fr-FR","@id":"https:\/\/my-french-grocery.com\/fr\/produit\/deodorant-tolerance-optimale-mixa\/#primaryimage","url":"https:\/\/my-french-grocery.com\/wp-content\/uploads\/2022\/05\/DEO-TOLERANCE-MIXA.jpeg","contentUrl":"https:\/\/my-french-grocery.com\/wp-content\/uploads\/2022\/05\/DEO-TOLERANCE-MIXA.jpeg","width":540,"height":540,"caption":"D\u00e9odorant \"Tol\u00e9rance Optimale\" Mixa"},{"@type":"BreadcrumbList","@id":"https:\/\/my-french-grocery.com\/fr\/produit\/deodorant-tolerance-optimale-mixa\/#breadcrumb","itemListElement":[{"@type":"ListItem","position":1,"name":"Home","item":"https:\/\/my-french-grocery.com\/fr\/"},{"@type":"ListItem","position":2,"name":"Shop","item":"https:\/\/my-french-grocery.com\/shop\/"},{"@type":"ListItem","position":3,"name":"Cosm\u00e9tiques","item":"https:\/\/my-french-grocery.com\/fr\/categorie-produit\/cosmetiques\/"},{"@type":"ListItem","position":4,"name":"D\u00e9odorants &amp; Anti-Transpirants","item":"https:\/\/my-french-grocery.com\/fr\/categorie-produit\/cosmetiques\/deodorants-anti-transpirants\/"},{"@type":"ListItem","position":5,"name":"D\u00e9odorant &#8220;Tol\u00e9rance Optimale&#8221; Mixa"}]},{"@type":"WebSite","@id":"https:\/\/my-french-grocery.com\/fr\/#website","url":"https:\/\/my-french-grocery.com\/fr\/","name":"My French Grocery","description":"Your Online French Grocery  !","publisher":{"@id":"https:\/\/my-french-grocery.com\/fr\/#organization"},"potentialAction":[{"@type":"SearchAction","target":{"@type":"EntryPoint","urlTemplate":"https:\/\/my-french-grocery.com\/fr\/?s={search_term_string}"},"query-input":{"@type":"PropertyValueSpecification","valueRequired":true,"valueName":"search_term_string"}}],"inLanguage":"fr-FR"},{"@type":"Organization","@id":"https:\/\/my-french-grocery.com\/fr\/#organization","name":"MY FRENCH GROCERY","url":"https:\/\/my-french-grocery.com\/fr\/","logo":{"@type":"ImageObject","inLanguage":"fr-FR","@id":"https:\/\/my-french-grocery.com\/fr\/#\/schema\/logo\/image\/","url":"https:\/\/my-french-grocery.com\/wp-content\/uploads\/2021\/11\/My-French-Grocery-Online-French-Grocery.png","contentUrl":"https:\/\/my-french-grocery.com\/wp-content\/uploads\/2021\/11\/My-French-Grocery-Online-French-Grocery.png","width":100,"height":100,"caption":"MY FRENCH GROCERY"},"image":{"@id":"https:\/\/my-french-grocery.com\/fr\/#\/schema\/logo\/image\/"},"sameAs":["https:\/\/www.facebook.com\/myfrenchgrocery\/"]}]}},"brands":[{"id":2758,"name":"Mixa","slug":"mixa-fr"}],"_links":{"self":[{"href":"https:\/\/my-french-grocery.com\/fr\/wp-json\/wp\/v2\/product\/22369","targetHints":{"allow":["GET"]}}],"collection":[{"href":"https:\/\/my-french-grocery.com\/fr\/wp-json\/wp\/v2\/product"}],"about":[{"href":"https:\/\/my-french-grocery.com\/fr\/wp-json\/wp\/v2\/types\/product"}],"replies":[{"embeddable":true,"href":"https:\/\/my-french-grocery.com\/fr\/wp-json\/wp\/v2\/comments?post=22369"}],"wp:featuredmedia":[{"embeddable":true,"href":"https:\/\/my-french-grocery.com\/fr\/wp-json\/wp\/v2\/media\/22372"}],"wp:attachment":[{"href":"https:\/\/my-french-grocery.com\/fr\/wp-json\/wp\/v2\/media?parent=22369"}],"wp:term":[{"taxonomy":"pwb-brand","embeddable":true,"href":"https:\/\/my-french-grocery.com\/fr\/wp-json\/wp\/v2\/pwb-brand?post=22369"},{"taxonomy":"product_brand","embeddable":true,"href":"https:\/\/my-french-grocery.com\/fr\/wp-json\/wp\/v2\/product_brand?post=22369"},{"taxonomy":"product_cat","embeddable":true,"href":"https:\/\/my-french-grocery.com\/fr\/wp-json\/wp\/v2\/product_cat?post=22369"},{"taxonomy":"product_tag","embeddable":true,"href":"https:\/\/my-french-grocery.com\/fr\/wp-json\/wp\/v2\/product_tag?post=22369"}],"curies":[{"name":"wp","href":"https:\/\/api.w.org\/{rel}","templated":true}]}}